{"id":20473,"date":"2024-04-15T18:36:43","date_gmt":"2024-04-15T18:36:43","guid":{"rendered":"https:\/\/ztsports.com\/?post_type=product&#038;p=20473"},"modified":"2026-04-17T20:30:33","modified_gmt":"2026-04-17T20:30:33","slug":"combinaison-staybent-resistante","status":"publish","type":"product","link":"https:\/\/ztsports.com\/fr\/store\/combinaison-staybent-resistante\/","title":{"rendered":"Nouvelle Combinaison StayBent R\u00e9sistante Aux Coupures"},"content":{"rendered":"<p>Voici la <strong>nouvelle combinaison StayBent r\u00e9sistante aux coupures<\/strong>, sp\u00e9cialement con\u00e7ue pour le patinage de vitesse sur piste courte.<\/p>\n<p>Un excellent compl\u00e9ment \u00e0 la famille de produits <a href=\"https:\/\/ztsports.com\/product-category\/ehs-stay-bent-blades\/\">StayBent<\/a>, qui ne cesse de s&#8217;agrandir :<\/p>\n<p>Compos\u00e9e \u00e0 95 % de Dyneema et \u00e0 5 % de Lycra, et class\u00e9e EN388 niveau 5 pour la r\u00e9sistance aux coupures, la combinaison StayBent Cut Resistant vous offre le nec plus ultra en mati\u00e8re de confort et de s\u00e9curit\u00e9.<\/p>\n<p>En outre, cette combinaison propose des tailles sp\u00e9cialement con\u00e7ues pour les femmes.<\/p>\n<p>Cette combinaison est livr\u00e9e en noir de comp\u00e9tition, de sorte qu&#8217;elle restera toujours belle apr\u00e8s de nombreuses ann\u00e9es de patinage et de lavages.<\/p>\n<p>Elle est consid\u00e9r\u00e9e comme la combinaison de protection la plus confortable du march\u00e9.<\/p>\n<h4>Nouvelle Combinaison StayBent R\u00e9sistante Aux Coupures<\/h4>\n<p>Du tissu \u00e0 la finition, la combinaison StayBent Cut Resistant est enti\u00e8rement fabriqu\u00e9e dans l&#8217;Union europ\u00e9enne.<a href=\"https:\/\/european-union.europa.eu\/index_en\" target=\"_blank\" rel=\"noopener\"><strong> l&#8217;Union europ\u00e9enne<\/strong><\/a>.<\/p>\n<p>Disponible dans toutes les tailles unisexes, et actuellement Sm, Med, et Lg, dans les tailles f\u00e9minines.<\/p>\n<p>Tailles unisexes : XXS-XXL<\/p>\n<p>Tailles d&#8217;ajustement pour les femmes : Sm, Med, et Lg<\/p>\n<p>Retrouvez tous nos produits <a href=\"https:\/\/ztsports.com\/product-category\/speed-skating-protection-equipment\/cut-resistant-suits\/\"><strong>produits Cut Restant ici. <\/strong><\/a><\/p>\n","protected":false},"excerpt":{"rendered":"<p>Voici la nouvelle combinaison StayBent r\u00e9sistante aux coupures, sp\u00e9cialement con\u00e7ue pour le patinage de vitesse sur piste courte. Un excellent compl\u00e9ment \u00e0 la famille de produits StayBent, qui ne cesse de s&#8217;agrandir : Compos\u00e9e \u00e0 95 % de Dyneema et \u00e0 5 % de Lycra, et class\u00e9e EN388 niveau 5 pour la r\u00e9sistance aux coupures, [&hellip;]<\/p>\n","protected":false},"featured_media":20475,"comment_status":"open","ping_status":"closed","template":"","meta":{"_acf_changed":false,"_monsterinsights_skip_tracking":false,"_monsterinsights_sitenote_active":false,"_monsterinsights_sitenote_note":"","_monsterinsights_sitenote_category":0,"_uf_show_specific_survey":0,"_uf_disable_surveys":false,"site-sidebar-layout":"default","site-content-layout":"","ast-site-content-layout":"default","site-content-style":"default","site-sidebar-style":"default","ast-global-header-display":"","ast-banner-title-visibility":"","ast-main-header-display":"","ast-hfb-above-header-display":"","ast-hfb-below-header-display":"","ast-hfb-mobile-header-display":"","site-post-title":"","ast-breadcrumbs-content":"","ast-featured-img":"","footer-sml-layout":"","ast-disable-related-posts":"","theme-transparent-header-meta":"default","adv-header-id-meta":"","stick-header-meta":"","header-above-stick-meta":"","header-main-stick-meta":"","header-below-stick-meta":"","astra-migrate-meta-layouts":"set","ast-page-background-enabled":"default","ast-page-background-meta":{"desktop":{"background-color":"","background-image":"","background-repeat":"repeat","background-position":"center center","background-size":"auto","background-attachment":"scroll","background-type":"","background-media":"","overlay-type":"","overlay-color":"","overlay-opacity":"","overlay-gradient":""},"tablet":{"background-color":"","background-image":"","background-repeat":"repeat","background-position":"center center","background-size":"auto","background-attachment":"scroll","background-type":"","background-media":"","overlay-type":"","overlay-color":"","overlay-opacity":"","overlay-gradient":""},"mobile":{"background-color":"","background-image":"","background-repeat":"repeat","background-position":"center center","background-size":"auto","background-attachment":"scroll","background-type":"","background-media":"","overlay-type":"","overlay-color":"","overlay-opacity":"","overlay-gradient":""}},"ast-content-background-meta":{"desktop":{"background-color":"var(--ast-global-color-5)","background-image":"","background-repeat":"repeat","background-position":"center center","background-size":"auto","background-attachment":"scroll","background-type":"","background-media":"","overlay-type":"","overlay-color":"","overlay-opacity":"","overlay-gradient":""},"tablet":{"background-color":"var(--ast-global-color-5)","background-image":"","background-repeat":"repeat","background-position":"center center","background-size":"auto","background-attachment":"scroll","background-type":"","background-media":"","overlay-type":"","overlay-color":"","overlay-opacity":"","overlay-gradient":""},"mobile":{"background-color":"var(--ast-global-color-5)","background-image":"","background-repeat":"repeat","background-position":"center center","background-size":"auto","background-attachment":"scroll","background-type":"","background-media":"","overlay-type":"","overlay-color":"","overlay-opacity":"","overlay-gradient":""}}},"product_brand":[3344,3346],"product_cat":[3396,3596,3395,3750,3467,3645,3482],"product_tag":[4285,4286,3673,2156,3579,1752],"class_list":{"0":"post-20473","1":"product","2":"type-product","3":"status-publish","4":"has-post-thumbnail","6":"product_brand-stay-bent","7":"product_brand-staybent-by-ehs","8":"product_cat-accessories","9":"product_cat-costumes-resistants-aux-coupures","10":"product_cat-courte-piste","11":"product_cat-equipement-de-protection-pour-le-patinage-de-vitesse","12":"product_cat-patinage-de-vitesse","13":"product_cat-protection","14":"product_cat-protection-contre-les-coupures","15":"product_tag-combinaison-anti-coupure-stay-bent","16":"product_tag-combinaison-resistante-aux-coupures","17":"product_tag-equipement-de-protection","18":"product_tag-protection","19":"product_tag-restez-plie","20":"product_tag-speed-skating-equipment","21":"desktop-align-left","22":"tablet-align-left","23":"mobile-align-left","25":"first","26":"outofstock","27":"taxable","28":"shipping-taxable","29":"purchasable","30":"product-type-simple"},"acf":[],"_links":{"self":[{"href":"https:\/\/ztsports.com\/fr\/wp-json\/wp\/v2\/product\/20473","targetHints":{"allow":["GET"]}}],"collection":[{"href":"https:\/\/ztsports.com\/fr\/wp-json\/wp\/v2\/product"}],"about":[{"href":"https:\/\/ztsports.com\/fr\/wp-json\/wp\/v2\/types\/product"}],"replies":[{"embeddable":true,"href":"https:\/\/ztsports.com\/fr\/wp-json\/wp\/v2\/comments?post=20473"}],"version-history":[{"count":1,"href":"https:\/\/ztsports.com\/fr\/wp-json\/wp\/v2\/product\/20473\/revisions"}],"predecessor-version":[{"id":20474,"href":"https:\/\/ztsports.com\/fr\/wp-json\/wp\/v2\/product\/20473\/revisions\/20474"}],"wp:featuredmedia":[{"embeddable":true,"href":"https:\/\/ztsports.com\/fr\/wp-json\/wp\/v2\/media\/20475"}],"wp:attachment":[{"href":"https:\/\/ztsports.com\/fr\/wp-json\/wp\/v2\/media?parent=20473"}],"wp:term":[{"taxonomy":"product_brand","embeddable":true,"href":"https:\/\/ztsports.com\/fr\/wp-json\/wp\/v2\/product_brand?post=20473"},{"taxonomy":"product_cat","embeddable":true,"href":"https:\/\/ztsports.com\/fr\/wp-json\/wp\/v2\/product_cat?post=20473"},{"taxonomy":"product_tag","embeddable":true,"href":"https:\/\/ztsports.com\/fr\/wp-json\/wp\/v2\/product_tag?post=20473"}],"curies":[{"name":"wp","href":"https:\/\/api.w.org\/{rel}","templated":true}]}}