{"id":20464,"date":"2024-04-15T16:35:42","date_gmt":"2024-04-15T16:35:42","guid":{"rendered":"https:\/\/ztsports.com\/?post_type=product&#038;p=20464"},"modified":"2026-04-14T21:35:46","modified_gmt":"2026-04-14T21:35:46","slug":"casque-staybent-st-nouveau","status":"publish","type":"product","link":"https:\/\/ztsports.com\/fr\/store\/casque-staybent-st-nouveau\/","title":{"rendered":"Casque StayBent ST NOUVEAU"},"content":{"rendered":"<h1 class=\"product-single__title\">CASQUE STAYBENT SHORT TRACK<\/h1>\n<p>Le casque StayBent ST vous permet de b\u00e9n\u00e9ficier d&#8217;un confort et d&#8217;une protection ultimes sans sacrifier le style. Enfin, ce casque est con\u00e7u de mani\u00e8re \u00e0 ce que vous puissiez b\u00e9n\u00e9ficier d&#8217;un ajustement total, ce casque peut s&#8217;ajuster \u00e0 votre taille exacte.<\/p>\n<p>Un casque Short Track pour tous les niveaux de patinage, offrant le summum du confort et de la protection.<\/p>\n<p><strong>Disponible en deux tailles S\/M et M\/L<\/strong><\/p>\n<p>Pour un ajustement sup\u00e9rieur et une sensation de s\u00e9curit\u00e9. Profitez d&#8217;une balade comme vous ne l&#8217;avez jamais fait ! Le casque StayBent ST vous permet de b\u00e9n\u00e9ficier d&#8217;un confort et d&#8217;une protection ultimes sans sacrifier le style.<\/p>\n<p>Approuv\u00e9 par l&#8217;ASTM.<br \/>\nConvient pour le patinage, le patinage en ligne et le cyclisme.<br \/>\nPoids 290 grammes.<\/p>\n<p>Enfin, beaucoup d&#8217;autres <a href=\"https:\/\/ztsports.com\/product-category\/protection\/helmets\/\"><strong>Casques Short Track ici<\/strong><\/a>.<\/p>\n","protected":false},"excerpt":{"rendered":"<p>CASQUE STAYBENT SHORT TRACK Le casque StayBent ST vous permet de b\u00e9n\u00e9ficier d&#8217;un confort et d&#8217;une protection ultimes sans sacrifier le style. Enfin, ce casque est con\u00e7u de mani\u00e8re \u00e0 ce que vous puissiez b\u00e9n\u00e9ficier d&#8217;un ajustement total, ce casque peut s&#8217;ajuster \u00e0 votre taille exacte. Un casque Short Track pour tous les niveaux de [&hellip;]<\/p>\n","protected":false},"featured_media":20466,"comment_status":"open","ping_status":"closed","template":"","meta":{"_acf_changed":false,"_monsterinsights_skip_tracking":false,"_monsterinsights_sitenote_active":false,"_monsterinsights_sitenote_note":"","_monsterinsights_sitenote_category":0,"_uf_show_specific_survey":0,"_uf_disable_surveys":false,"site-sidebar-layout":"default","site-content-layout":"","ast-site-content-layout":"default","site-content-style":"default","site-sidebar-style":"default","ast-global-header-display":"","ast-banner-title-visibility":"","ast-main-header-display":"","ast-hfb-above-header-display":"","ast-hfb-below-header-display":"","ast-hfb-mobile-header-display":"","site-post-title":"","ast-breadcrumbs-content":"","ast-featured-img":"","footer-sml-layout":"","ast-disable-related-posts":"","theme-transparent-header-meta":"default","adv-header-id-meta":"","stick-header-meta":"","header-above-stick-meta":"","header-main-stick-meta":"","header-below-stick-meta":"","astra-migrate-meta-layouts":"set","ast-page-background-enabled":"default","ast-page-background-meta":{"desktop":{"background-color":"","background-image":"","background-repeat":"repeat","background-position":"center center","background-size":"auto","background-attachment":"scroll","background-type":"","background-media":"","overlay-type":"","overlay-color":"","overlay-opacity":"","overlay-gradient":""},"tablet":{"background-color":"","background-image":"","background-repeat":"repeat","background-position":"center center","background-size":"auto","background-attachment":"scroll","background-type":"","background-media":"","overlay-type":"","overlay-color":"","overlay-opacity":"","overlay-gradient":""},"mobile":{"background-color":"","background-image":"","background-repeat":"repeat","background-position":"center center","background-size":"auto","background-attachment":"scroll","background-type":"","background-media":"","overlay-type":"","overlay-color":"","overlay-opacity":"","overlay-gradient":""}},"ast-content-background-meta":{"desktop":{"background-color":"var(--ast-global-color-5)","background-image":"","background-repeat":"repeat","background-position":"center center","background-size":"auto","background-attachment":"scroll","background-type":"","background-media":"","overlay-type":"","overlay-color":"","overlay-opacity":"","overlay-gradient":""},"tablet":{"background-color":"var(--ast-global-color-5)","background-image":"","background-repeat":"repeat","background-position":"center center","background-size":"auto","background-attachment":"scroll","background-type":"","background-media":"","overlay-type":"","overlay-color":"","overlay-opacity":"","overlay-gradient":""},"mobile":{"background-color":"var(--ast-global-color-5)","background-image":"","background-repeat":"repeat","background-position":"center center","background-size":"auto","background-attachment":"scroll","background-type":"","background-media":"","overlay-type":"","overlay-color":"","overlay-opacity":"","overlay-gradient":""}}},"product_brand":[3344,3346],"product_cat":[3479,3392,3396,3643,3644,3589,3395,3750,3690,3467],"product_tag":[3593,4084,4284,2156,1752],"class_list":{"0":"post-20464","1":"product","2":"type-product","3":"status-publish","4":"has-post-thumbnail","6":"product_brand-stay-bent","7":"product_brand-staybent-by-ehs","8":"product_cat-accessoires-pour-le-short-track","9":"product_cat-accessoires-short-track","10":"product_cat-accessories","11":"product_cat-casque-long-track","12":"product_cat-casque-short-track","13":"product_cat-casques","14":"product_cat-courte-piste","15":"product_cat-equipement-de-protection-pour-le-patinage-de-vitesse","16":"product_cat-helmets","17":"product_cat-patinage-de-vitesse","18":"product_tag-casque-short-track","19":"product_tag-casque-st","20":"product_tag-casque-staybent-st","21":"product_tag-protection","22":"product_tag-speed-skating-equipment","23":"desktop-align-left","24":"tablet-align-left","25":"mobile-align-left","27":"first","28":"instock","29":"taxable","30":"shipping-taxable","31":"purchasable","32":"product-type-simple"},"acf":[],"_links":{"self":[{"href":"https:\/\/ztsports.com\/fr\/wp-json\/wp\/v2\/product\/20464","targetHints":{"allow":["GET"]}}],"collection":[{"href":"https:\/\/ztsports.com\/fr\/wp-json\/wp\/v2\/product"}],"about":[{"href":"https:\/\/ztsports.com\/fr\/wp-json\/wp\/v2\/types\/product"}],"replies":[{"embeddable":true,"href":"https:\/\/ztsports.com\/fr\/wp-json\/wp\/v2\/comments?post=20464"}],"version-history":[{"count":1,"href":"https:\/\/ztsports.com\/fr\/wp-json\/wp\/v2\/product\/20464\/revisions"}],"predecessor-version":[{"id":20465,"href":"https:\/\/ztsports.com\/fr\/wp-json\/wp\/v2\/product\/20464\/revisions\/20465"}],"wp:featuredmedia":[{"embeddable":true,"href":"https:\/\/ztsports.com\/fr\/wp-json\/wp\/v2\/media\/20466"}],"wp:attachment":[{"href":"https:\/\/ztsports.com\/fr\/wp-json\/wp\/v2\/media?parent=20464"}],"wp:term":[{"taxonomy":"product_brand","embeddable":true,"href":"https:\/\/ztsports.com\/fr\/wp-json\/wp\/v2\/product_brand?post=20464"},{"taxonomy":"product_cat","embeddable":true,"href":"https:\/\/ztsports.com\/fr\/wp-json\/wp\/v2\/product_cat?post=20464"},{"taxonomy":"product_tag","embeddable":true,"href":"https:\/\/ztsports.com\/fr\/wp-json\/wp\/v2\/product_tag?post=20464"}],"curies":[{"name":"wp","href":"https:\/\/api.w.org\/{rel}","templated":true}]}}