{"id":20460,"date":"2024-04-14T17:34:22","date_gmt":"2024-04-14T17:34:22","guid":{"rendered":"https:\/\/ztsports.com\/?post_type=product&#038;p=20460"},"modified":"2026-04-14T21:32:27","modified_gmt":"2026-04-14T21:32:27","slug":"guardian-sport-protege-oeil","status":"publish","type":"product","link":"https:\/\/ztsports.com\/fr\/store\/guardian-sport-protege-oeil\/","title":{"rendered":"Guardian Sport Prot\u00e8ge-\u0153il Nouveau"},"content":{"rendered":"<h1>Guardian Sport Prot\u00e8ge-\u0153il<\/h1>\n<p>Guardian Sport Prot\u00e8ge-\u0153il de Black Knight offre le meilleur ajustement et le meilleur style possible, avec des bras r\u00e9glables qui s&#8217;adaptent parfaitement \u00e0 votre visage, des lentilles trait\u00e9es anti-bu\u00e9e et un embout nasal rembourr\u00e9 super confortable.<\/p>\n<p>Ces protections oculaires sont \u00e9galement approuv\u00e9es par l&#8217;ASTM 803 pour une utilisation en short track, long track et tous les sports de raquette comme le squash, le pickleball et le badminton, vous pouvez donc avoir l&#8217;esprit tranquille en sachant que vous avez le plus haut niveau de protection. Avec un design \u00e9l\u00e9gant, des bras \u00e0 ba\u00efonnette moul\u00e9s par injection et des angles r\u00e9glables, ces protections oculaires ont tout pour plaire.<\/p>\n<p>Les lunettes de sport protectrices conviennent \u00e0 divers sports de glace et de route. avec un \u00e9tui rigide<strong> et une pochette de protection souple <\/strong>pour prot\u00e9ger les lunettes et les lentilles.<br \/>\nNos verres en nylon Grilamid TR-90 sont l\u00e9gers et comp\u00e9titifs. Il n&#8217;y a pas mieux en termes de qualit\u00e9.<\/p>\n<p>Prot\u00e8ge-yeux Black Knight Guardian Sport Prot\u00e8ge-\u0153il Specs :<\/p>\n<ul>\n<li>Verres r\u00e9sistants aux rayures en polycarbonate \u00e0 haute r\u00e9sistance aux chocs<\/li>\n<li>Lentilles optiquement correctes sans distorsion<\/li>\n<li>Branches \u00e0 ba\u00efonnette pour un ajustement confortable<\/li>\n<li>Rev\u00eatement antibu\u00e9e et ventilation pour \u00e9viter la formation de bu\u00e9e<\/li>\n<li>Conforme aux normes d&#8217;impact ASTM F803 pour les sports de raquette (squash, badminton, racquetball, paddleball, tennis).<\/li>\n<li>Couleur : Noir \/ Jaune<\/li>\n<\/ul>\n<p dir=\"ltr\" data-placeholder=\"Translation\"><strong><span class=\"Y2IQFc\" lang=\"en\">FPVQ ET <a href=\"https:\/\/www.ontariospeedskating.ca\/safety-equipment\" target=\"_blank\" rel=\"noopener\">OSSA : Accessoire obligatoire<\/a> en comp\u00e9tition.<\/span><\/strong><\/p>\n<p dir=\"ltr\" data-placeholder=\"Translation\">Enfin, veuillez consulter toutes nos lunettes de protection pour le patinage de vitesse. <a href=\"https:\/\/ztsports.ca\/product-category\/speed-skating-protection-equipment\/glasses\/\" target=\"_blank\" rel=\"noopener\"><strong>lunettes de protection pour le patinage de vitesse<\/strong><\/a> ici.<\/p>\n","protected":false},"excerpt":{"rendered":"<p>Guardian Sport Prot\u00e8ge-\u0153il Guardian Sport Prot\u00e8ge-\u0153il de Black Knight offre le meilleur ajustement et le meilleur style possible, avec des bras r\u00e9glables qui s&#8217;adaptent parfaitement \u00e0 votre visage, des lentilles trait\u00e9es anti-bu\u00e9e et un embout nasal rembourr\u00e9 super confortable. Ces protections oculaires sont \u00e9galement approuv\u00e9es par l&#8217;ASTM 803 pour une utilisation en short track, long [&hellip;]<\/p>\n","protected":false},"featured_media":20462,"comment_status":"open","ping_status":"closed","template":"","meta":{"_acf_changed":false,"_monsterinsights_skip_tracking":false,"_monsterinsights_sitenote_active":false,"_monsterinsights_sitenote_note":"","_monsterinsights_sitenote_category":0,"_uf_show_specific_survey":0,"_uf_disable_surveys":false,"site-sidebar-layout":"default","site-content-layout":"","ast-site-content-layout":"default","site-content-style":"default","site-sidebar-style":"default","ast-global-header-display":"","ast-banner-title-visibility":"","ast-main-header-display":"","ast-hfb-above-header-display":"","ast-hfb-below-header-display":"","ast-hfb-mobile-header-display":"","site-post-title":"","ast-breadcrumbs-content":"","ast-featured-img":"","footer-sml-layout":"","ast-disable-related-posts":"","theme-transparent-header-meta":"default","adv-header-id-meta":"","stick-header-meta":"","header-above-stick-meta":"","header-main-stick-meta":"","header-below-stick-meta":"","astra-migrate-meta-layouts":"set","ast-page-background-enabled":"default","ast-page-background-meta":{"desktop":{"background-color":"","background-image":"","background-repeat":"repeat","background-position":"center center","background-size":"auto","background-attachment":"scroll","background-type":"","background-media":"","overlay-type":"","overlay-color":"","overlay-opacity":"","overlay-gradient":""},"tablet":{"background-color":"","background-image":"","background-repeat":"repeat","background-position":"center center","background-size":"auto","background-attachment":"scroll","background-type":"","background-media":"","overlay-type":"","overlay-color":"","overlay-opacity":"","overlay-gradient":""},"mobile":{"background-color":"","background-image":"","background-repeat":"repeat","background-position":"center center","background-size":"auto","background-attachment":"scroll","background-type":"","background-media":"","overlay-type":"","overlay-color":"","overlay-opacity":"","overlay-gradient":""}},"ast-content-background-meta":{"desktop":{"background-color":"var(--ast-global-color-5)","background-image":"","background-repeat":"repeat","background-position":"center center","background-size":"auto","background-attachment":"scroll","background-type":"","background-media":"","overlay-type":"","overlay-color":"","overlay-opacity":"","overlay-gradient":""},"tablet":{"background-color":"var(--ast-global-color-5)","background-image":"","background-repeat":"repeat","background-position":"center center","background-size":"auto","background-attachment":"scroll","background-type":"","background-media":"","overlay-type":"","overlay-color":"","overlay-opacity":"","overlay-gradient":""},"mobile":{"background-color":"var(--ast-global-color-5)","background-image":"","background-repeat":"repeat","background-position":"center center","background-size":"auto","background-attachment":"scroll","background-type":"","background-media":"","overlay-type":"","overlay-color":"","overlay-opacity":"","overlay-gradient":""}}},"product_brand":[3281],"product_cat":[3396,3395,3750,3587,4279,4155],"product_tag":[4171,4280,4281,4282,3979,2156,4163,1752,2835,4283],"class_list":{"0":"post-20460","1":"product","2":"type-product","3":"status-publish","4":"has-post-thumbnail","6":"product_brand-black-knight","7":"product_cat-accessories","8":"product_cat-courte-piste","9":"product_cat-equipement-de-protection-pour-le-patinage-de-vitesse","10":"product_cat-lunettes","11":"product_cat-lunettes-de-sport","12":"product_cat-lunettes-short-track","13":"product_tag-equipement-de-protection-pour-le-patinage-de-vitesse","14":"product_tag-gardien-de-la-paix","15":"product_tag-guardian-sport-protege-oeil","16":"product_tag-lunettes-de-protection-pour-le-patinage-de-vitesse","17":"product_tag-lunettes-short-track","18":"product_tag-protection","19":"product_tag-protege-oeil-sport","20":"product_tag-speed-skating-equipment","21":"product_tag-sport-glasses","22":"product_tag-verres-a-courge","23":"desktop-align-left","24":"tablet-align-left","25":"mobile-align-left","27":"first","28":"instock","29":"featured","30":"taxable","31":"shipping-taxable","32":"purchasable","33":"product-type-simple"},"acf":[],"_links":{"self":[{"href":"https:\/\/ztsports.com\/fr\/wp-json\/wp\/v2\/product\/20460","targetHints":{"allow":["GET"]}}],"collection":[{"href":"https:\/\/ztsports.com\/fr\/wp-json\/wp\/v2\/product"}],"about":[{"href":"https:\/\/ztsports.com\/fr\/wp-json\/wp\/v2\/types\/product"}],"replies":[{"embeddable":true,"href":"https:\/\/ztsports.com\/fr\/wp-json\/wp\/v2\/comments?post=20460"}],"version-history":[{"count":1,"href":"https:\/\/ztsports.com\/fr\/wp-json\/wp\/v2\/product\/20460\/revisions"}],"predecessor-version":[{"id":20461,"href":"https:\/\/ztsports.com\/fr\/wp-json\/wp\/v2\/product\/20460\/revisions\/20461"}],"wp:featuredmedia":[{"embeddable":true,"href":"https:\/\/ztsports.com\/fr\/wp-json\/wp\/v2\/media\/20462"}],"wp:attachment":[{"href":"https:\/\/ztsports.com\/fr\/wp-json\/wp\/v2\/media?parent=20460"}],"wp:term":[{"taxonomy":"product_brand","embeddable":true,"href":"https:\/\/ztsports.com\/fr\/wp-json\/wp\/v2\/product_brand?post=20460"},{"taxonomy":"product_cat","embeddable":true,"href":"https:\/\/ztsports.com\/fr\/wp-json\/wp\/v2\/product_cat?post=20460"},{"taxonomy":"product_tag","embeddable":true,"href":"https:\/\/ztsports.com\/fr\/wp-json\/wp\/v2\/product_tag?post=20460"}],"curies":[{"name":"wp","href":"https:\/\/api.w.org\/{rel}","templated":true}]}}