{"id":20454,"date":"2024-04-13T11:13:59","date_gmt":"2024-04-13T11:13:59","guid":{"rendered":"https:\/\/ztsports.com\/?post_type=product&#038;p=20454"},"modified":"2026-01-23T16:53:08","modified_gmt":"2026-01-23T16:53:08","slug":"casque-de-patinage-cadomotus-alpha-2","status":"publish","type":"product","link":"https:\/\/ztsports.com\/fr\/store\/casque-de-patinage-cadomotus-alpha-2\/","title":{"rendered":"Casque de patinage sur glace Cadomotus Alpha-2 aero"},"content":{"rendered":"<h1>Casque de patinage sur glace Cadomotus Alpha-2 aero<\/h1>\n<p>Avec le <em>Cadomotus Alpha-2<\/em> Aerospeed, nous pr\u00e9sentons le successeur du tout premier casque de patinage sp\u00e9cifique pour les longues distances au monde, le Cadomotus Alpha. L&#8217;Alpha-2 est encore plus s\u00fbr, s&#8217;ajuste encore mieux et reste le casque de patinage qui \u00e9tablit la norme.<\/p>\n<p>L&#8217;introduction du Cadomotus Alpha-2 en 2015 a co\u00efncid\u00e9 avec l&#8217;appel \u00e0 plus de s\u00e9curit\u00e9 dans le marathon de patinage et dans le d\u00e9part en masse en patinage de longue piste, et a marqu\u00e9 le d\u00e9but d&#8217;une r\u00e9volution. Il est impossible d&#8217;imaginer la patinoire sans le casque de patinage et de nombreux amateurs de glace naturelle et de loisirs l&#8217;utilisent. Tout comme pour le cyclisme et le patinage \u00e0 roues align\u00e9es, nous en sommes venus \u00e0 consid\u00e9rer le port du casque comme normal pour le patinage. Et c&#8217;est tout.<\/p>\n<h3>Quelles sont les nouveaut\u00e9s du Cadomotus Alpha-2 ?<\/h3>\n<p>Le casque de patinage Cadomotus Alpha-2 a \u00e9t\u00e9 perfectionn\u00e9. Nous avons con\u00e7u un casque plus arrondi \u00e0 l&#8217;arri\u00e8re, ce qui est plus a\u00e9rodynamique et plus \u00e0 la mode.<br \/>\nLa forme plus arrondie offre une meilleure protection de l&#8217;arri\u00e8re de la t\u00eate.<\/p>\n<p>Il suffit de cliquer une visi\u00e8re sur le casque \u00e0 l&#8217;aide d&#8217;aimants, comme sur notre mod\u00e8le haut de gamme, l&#8217;Omega.<br \/>\nSi vous ne souhaitez pas avoir de visi\u00e8re devant les yeux pendant un certain temps, vous pouvez simplement cliquer la visi\u00e8re dans l&#8217;autre sens sur votre casque.<br \/>\nLes grandes ouvertures de ventilation \u00e0 l&#8217;arri\u00e8re du casque ont \u00e9t\u00e9 remplac\u00e9es par plusieurs petites fentes d&#8217;a\u00e9ration. Cela offre une meilleure protection en cas de chute lors du patinage.<\/p>\n<p>Pas de changement : toujours tr\u00e8s l\u00e9ger et confortable en termes d&#8217;ajustement.<\/p>\n<p>Personnalisez le casque avec un \u00e9cran a\u00e9rodynamique.<br \/>\nVous pouvez personnaliser ce casque de patinage en y ajoutant un \u00e9cran a\u00e9rodynamique de votre couleur pr\u00e9f\u00e9r\u00e9e. Vous pouvez facilement l&#8217;attacher au sommet de votre casque. Avec les boucliers color\u00e9s, vous pouvez \u00e9galement faire de votre casque une extension des v\u00eatements de votre club ou de votre \u00e9quipe. Quel match ! Les boucliers Sonic Aero de Cadomotus pr\u00e9sentent \u00e9galement un avantage a\u00e9rodynamique.<\/p>\n<p>Casque officiellement approuv\u00e9.<br \/>\nIl s&#8217;agit toujours de l&#8217;un des rares casques de patinage officiellement approuv\u00e9s par l&#8217;ISU. Selon les r\u00e8gles, le casque doit \u00e9pouser la forme de la t\u00eate et ne doit pr\u00e9senter aucune protub\u00e9rance. Un test d&#8217;impact \u00e9labor\u00e9 pour les casques de piste courte doit \u00e9galement \u00eatre respect\u00e9. Pratiquement tous les casques de v\u00e9lo ne conviennent donc pas au patinage de marathon. Le casque de patinage Alpha-2 convient donc \u00e9galement comme casque de piste.<\/p>\n<p>Cette version actualis\u00e9e du casque de patinage cadomotus Alpha-2 pr\u00e9sente un certain nombre de caract\u00e9ristiques am\u00e9lior\u00e9es. Nous examinons ci-dessous les plus importants d&#8217;entre eux.<\/p>\n<p>Tout d&#8217;abord, l&#8217;arri\u00e8re du casque est plus rond, ce qui permet de mieux prot\u00e9ger l&#8217;arri\u00e8re de la t\u00eate. Les grands trous d&#8217;a\u00e9ration \u00e0 l&#8217;arri\u00e8re ont \u00e9t\u00e9 remplac\u00e9s par plusieurs petits trous pour plus de s\u00e9curit\u00e9.<\/p>\n<p>Outre l&#8217;am\u00e9lioration de l&#8217;arri\u00e8re, l&#8217;a\u00e9rodynamisme du casque a \u00e9t\u00e9 globalement am\u00e9lior\u00e9 par rapport \u00e0 l&#8217;ancienne version.<\/p>\n<p>Enfin, la fixation de la visi\u00e8re a \u00e9t\u00e9 am\u00e9lior\u00e9e. Il est maintenant fix\u00e9 par des aimants. Cela permet de monter et de d\u00e9monter facilement la visi\u00e8re pendant la conduite. Ce syst\u00e8me est comparable \u00e0 celui du casque de patinage Omega.<\/p>\n<p>En bref, le casque a \u00e9t\u00e9 consid\u00e9rablement am\u00e9lior\u00e9 par rapport \u00e0 l&#8217;ancien casque Alpha. Le casque est disponible en taille S\/M (54cm-57cm) et se r\u00e8gle \u00e0 l&#8217;aide d&#8217;une molette \u00e0 l&#8217;arri\u00e8re.<\/p>\n<div class=\"row\">\n<div class=\"col-12 col-lg-6 \">\n<div class=\"mb-4\">\n<div>\n<p>Avec le Cadomotus Alpha-2 Aerospeed, nous pr\u00e9sentons le successeur du tout premier casque de patinage sp\u00e9cifique pour les longues distances au monde, le Cadomotus Alpha. L&#8217;Alpha-2 est encore plus s\u00fbr, s&#8217;ajuste encore mieux et reste le casque de patinage qui \u00e9tablit la norme.<\/p>\n<p>L&#8217;introduction de l&#8217;Alpha en 2015 a co\u00efncid\u00e9 avec l&#8217;appel \u00e0 plus de s\u00e9curit\u00e9 dans le marathon et dans le d\u00e9part en masse en patinage de fond, et a marqu\u00e9 le d\u00e9but d&#8217;une r\u00e9volution. Il est impossible d&#8217;imaginer la patinoire sans le casque de patinage et de nombreux amateurs de glace naturelle et de loisirs l&#8217;utilisent. Tout comme pour le cyclisme et le patinage \u00e0 roues align\u00e9es, nous en sommes venus \u00e0 consid\u00e9rer le port du casque comme normal pour le patinage. Et c&#8217;est tout.<\/p>\n<p>Quoi de neuf avec le cadomotus Alpha-2 ?<br \/>\nLe casque de patinage Alpha-2 a \u00e9t\u00e9 perfectionn\u00e9.<\/p>\n<p>Nous avons con\u00e7u le casque de mani\u00e8re plus arrondie \u00e0 l&#8217;arri\u00e8re, ce qui est plus a\u00e9rodynamique et plus tendance.<br \/>\nLa forme plus arrondie offre une meilleure protection \u00e0 l&#8217;arri\u00e8re de la t\u00eate.<\/p>\n<p>Il suffit de cliquer une visi\u00e8re sur le casque \u00e0 l&#8217;aide d&#8217;aimants, comme sur notre mod\u00e8le haut de gamme, l&#8217;Omega.<br \/>\nSi vous ne souhaitez pas avoir de visi\u00e8re devant les yeux pendant un certain temps, vous pouvez simplement cliquer la visi\u00e8re dans l&#8217;autre sens sur votre casque.<br \/>\nLes grandes ouvertures d&#8217;a\u00e9ration \u00e0 l&#8217;arri\u00e8re du casque ont \u00e9t\u00e9 remplac\u00e9es par plusieurs petites fentes d&#8217;a\u00e9ration. Cela offre une meilleure protection en cas de chute lors du patinage.<\/p>\n<p>Pas de changement : toujours tr\u00e8s l\u00e9ger et confortable en termes d&#8217;ajustement.<\/p>\n<p>Faites votre propre casque avec un <strong>bouclier a\u00e9rodynamique<\/strong>. Vous pouvez faire de ce casque de patinage un casque tout \u00e0 fait personnel en y ajoutant une visi\u00e8re a\u00e9rodynamique dans votre couleur pr\u00e9f\u00e9r\u00e9e. Vous pouvez facilement l&#8217;attacher au sommet de votre casque. Avec les boucliers color\u00e9s, vous pouvez \u00e9galement faire de votre casque une extension des v\u00eatements de votre club ou de votre \u00e9quipe. Quel match ! Les boucliers Sonic Aero de Cadomotus pr\u00e9sentent \u00e9galement un avantage a\u00e9rodynamique.<\/p>\n<p>Casque officiellement approuv\u00e9.<br \/>\nIl s&#8217;agit toujours de l&#8217;un des rares casques de patinage officiellement approuv\u00e9s par l&#8217;ISU. Selon les r\u00e8gles, le casque doit \u00e9pouser la forme de la t\u00eate et ne doit pr\u00e9senter aucune protub\u00e9rance. Un test d&#8217;impact \u00e9labor\u00e9 pour les casques de piste courte doit \u00e9galement \u00eatre respect\u00e9. Pratiquement tous les casques de v\u00e9lo ne conviennent donc pas au patinage de marathon. Le casque de patinage Alpha-2 convient donc \u00e9galement comme casque de piste.<\/p>\n<\/div>\n<\/div>\n<\/div>\n<\/div>\n<div class=\"my-4\">\n<h4>Tailles des casques<\/h4>\n<h4><strong>S\/M (54-58 cm)<\/strong><\/h4>\n<\/div>\n<p><strong>Vid\u00e9o de <a href=\"https:\/\/www.youtube.com\/watch?v=7XZzirH3PzI\" target=\"_blank\" rel=\"noopener\">tests de casques par Cadomotus<\/a>.<\/strong><\/p>\n<p>Lastly check out all our <a href=\"https:\/\/ztsports.com\/categorie-produit\/protection\/casques\/?lang=fr\"><strong>Short Track Helmets here<\/strong><\/a>.<\/p>\n","protected":false},"excerpt":{"rendered":"<p>Casque de patinage sur glace Cadomotus Alpha-2 aero Avec le Cadomotus Alpha-2 Aerospeed, nous pr\u00e9sentons le successeur du tout premier casque de patinage sp\u00e9cifique pour les longues distances au monde, le Cadomotus Alpha. L&#8217;Alpha-2 est encore plus s\u00fbr, s&#8217;ajuste encore mieux et reste le casque de patinage qui \u00e9tablit la norme. L&#8217;introduction du Cadomotus Alpha-2 [&hellip;]<\/p>\n","protected":false},"featured_media":20456,"comment_status":"open","ping_status":"closed","template":"","meta":{"_acf_changed":false,"_monsterinsights_skip_tracking":false,"_monsterinsights_sitenote_active":false,"_monsterinsights_sitenote_note":"","_monsterinsights_sitenote_category":0,"_uf_show_specific_survey":0,"_uf_disable_surveys":false,"site-sidebar-layout":"default","site-content-layout":"","ast-site-content-layout":"default","site-content-style":"default","site-sidebar-style":"default","ast-global-header-display":"","ast-banner-title-visibility":"","ast-main-header-display":"","ast-hfb-above-header-display":"","ast-hfb-below-header-display":"","ast-hfb-mobile-header-display":"","site-post-title":"","ast-breadcrumbs-content":"","ast-featured-img":"","footer-sml-layout":"","ast-disable-related-posts":"","theme-transparent-header-meta":"","adv-header-id-meta":"","stick-header-meta":"","header-above-stick-meta":"","header-main-stick-meta":"","header-below-stick-meta":"","astra-migrate-meta-layouts":"default","ast-page-background-enabled":"default","ast-page-background-meta":{"desktop":{"background-color":"","background-image":"","background-repeat":"repeat","background-position":"center center","background-size":"auto","background-attachment":"scroll","background-type":"","background-media":"","overlay-type":"","overlay-color":"","overlay-opacity":"","overlay-gradient":""},"tablet":{"background-color":"","background-image":"","background-repeat":"repeat","background-position":"center center","background-size":"auto","background-attachment":"scroll","background-type":"","background-media":"","overlay-type":"","overlay-color":"","overlay-opacity":"","overlay-gradient":""},"mobile":{"background-color":"","background-image":"","background-repeat":"repeat","background-position":"center center","background-size":"auto","background-attachment":"scroll","background-type":"","background-media":"","overlay-type":"","overlay-color":"","overlay-opacity":"","overlay-gradient":""}},"ast-content-background-meta":{"desktop":{"background-color":"var(--ast-global-color-5)","background-image":"","background-repeat":"repeat","background-position":"center center","background-size":"auto","background-attachment":"scroll","background-type":"","background-media":"","overlay-type":"","overlay-color":"","overlay-opacity":"","overlay-gradient":""},"tablet":{"background-color":"var(--ast-global-color-5)","background-image":"","background-repeat":"repeat","background-position":"center center","background-size":"auto","background-attachment":"scroll","background-type":"","background-media":"","overlay-type":"","overlay-color":"","overlay-opacity":"","overlay-gradient":""},"mobile":{"background-color":"var(--ast-global-color-5)","background-image":"","background-repeat":"repeat","background-position":"center center","background-size":"auto","background-attachment":"scroll","background-type":"","background-media":"","overlay-type":"","overlay-color":"","overlay-opacity":"","overlay-gradient":""}}},"product_brand":[3289],"product_cat":[3396,3644,3589,3395,3750,3467],"product_tag":[2029,3000,4278,4057,3593,3673,1752],"class_list":{"0":"post-20454","1":"product","2":"type-product","3":"status-publish","4":"has-post-thumbnail","6":"product_brand-cadomotus","7":"product_cat-accessories","8":"product_cat-casque-short-track","9":"product_cat-casques","10":"product_cat-courte-piste","11":"product_cat-equipement-de-protection-pour-le-patinage-de-vitesse","12":"product_cat-patinage-de-vitesse","13":"product_tag-cadomotus","14":"product_tag-cadomotus-alpha-2","15":"product_tag-casque-alpha-2","16":"product_tag-casque-de-patinage-de-vitesse","17":"product_tag-casque-short-track","18":"product_tag-equipement-de-protection","19":"product_tag-speed-skating-equipment","20":"desktop-align-left","21":"tablet-align-left","22":"mobile-align-left","24":"first","25":"outofstock","26":"sale","27":"taxable","28":"shipping-taxable","29":"purchasable","30":"product-type-simple"},"acf":[],"_links":{"self":[{"href":"https:\/\/ztsports.com\/fr\/wp-json\/wp\/v2\/product\/20454","targetHints":{"allow":["GET"]}}],"collection":[{"href":"https:\/\/ztsports.com\/fr\/wp-json\/wp\/v2\/product"}],"about":[{"href":"https:\/\/ztsports.com\/fr\/wp-json\/wp\/v2\/types\/product"}],"replies":[{"embeddable":true,"href":"https:\/\/ztsports.com\/fr\/wp-json\/wp\/v2\/comments?post=20454"}],"version-history":[{"count":1,"href":"https:\/\/ztsports.com\/fr\/wp-json\/wp\/v2\/product\/20454\/revisions"}],"predecessor-version":[{"id":20455,"href":"https:\/\/ztsports.com\/fr\/wp-json\/wp\/v2\/product\/20454\/revisions\/20455"}],"wp:featuredmedia":[{"embeddable":true,"href":"https:\/\/ztsports.com\/fr\/wp-json\/wp\/v2\/media\/20456"}],"wp:attachment":[{"href":"https:\/\/ztsports.com\/fr\/wp-json\/wp\/v2\/media?parent=20454"}],"wp:term":[{"taxonomy":"product_brand","embeddable":true,"href":"https:\/\/ztsports.com\/fr\/wp-json\/wp\/v2\/product_brand?post=20454"},{"taxonomy":"product_cat","embeddable":true,"href":"https:\/\/ztsports.com\/fr\/wp-json\/wp\/v2\/product_cat?post=20454"},{"taxonomy":"product_tag","embeddable":true,"href":"https:\/\/ztsports.com\/fr\/wp-json\/wp\/v2\/product_tag?post=20454"}],"curies":[{"name":"wp","href":"https:\/\/api.w.org\/{rel}","templated":true}]}}