{"id":20442,"date":"2024-04-10T18:46:54","date_gmt":"2024-04-10T18:46:54","guid":{"rendered":"https:\/\/ztsports.com\/?post_type=product&#038;p=20442"},"modified":"2026-04-14T21:28:06","modified_gmt":"2026-04-14T21:28:06","slug":"bont-skate-velcro-straps","status":"publish","type":"product","link":"https:\/\/ztsports.com\/fr\/store\/bont-skate-velcro-straps\/","title":{"rendered":"Bont Skate Velcro Straps"},"content":{"rendered":"<h1 class=\"h2 product-single__title\">Bont Skate Velcro Straps<\/h1>\n<p class=\"h2 product-single__title\">Bont Skate Velcro Straps. Faites votre <a href=\"https:\/\/ztsports.com\/product\/bont-patriot-short-track-boot-version-2\/\"><strong>Patins Patriot<\/strong><\/a> doivent \u00eatre remplac\u00e9es en raison de l&#8217;usure ou parce que votre chien les a mang\u00e9es ? Ne vous inqui\u00e9tez pas <a href=\"https:\/\/ztsports.com\/\"><strong>Zt Sports<\/strong><\/a>vous couvre. Cet article est la sangle de remplacement standard Bont Patriot Skate en noir avec un logo Bont blanc. Cet article est vendu par lot de 4.<\/p>\n<p>La Bont Patriot Skate brise le moule des mat\u00e9riaux utilis\u00e9s pour la fabrication d&#8217;un skate de milieu de gamme et offre des performances sup\u00e9rieures \u00e0 celles des chaussures haut de gamme de la plupart des marques. Il comprend \u00e9galement une sangle r\u00e9glable en velcro, fabriqu\u00e9e \u00e0 100 % en microfibre.<\/p>\n<p>Le look fait ressortir votre Patriot Skates de la foule. Pour un suppl\u00e9ment de 15 dollars, vous pouvez commander une sangle brod\u00e9e personnalis\u00e9e, ce qui prend environ 4 \u00e0 5 semaines pour la production et l&#8217;exp\u00e9dition. Pour commander des sangles personnalis\u00e9es, envoyez un courriel. <a href=\"info@ztsports.com\"><strong>ici<\/strong><\/a>.<\/p>\n","protected":false},"excerpt":{"rendered":"<p>Bont Skate Velcro Straps Bont Skate Velcro Straps. Faites votre Patins Patriot doivent \u00eatre remplac\u00e9es en raison de l&#8217;usure ou parce que votre chien les a mang\u00e9es ? Ne vous inqui\u00e9tez pas Zt Sportsvous couvre. Cet article est la sangle de remplacement standard Bont Patriot Skate en noir avec un logo Bont blanc. Cet article [&hellip;]<\/p>\n","protected":false},"featured_media":20444,"comment_status":"open","ping_status":"closed","template":"","meta":{"_acf_changed":false,"_monsterinsights_skip_tracking":false,"_monsterinsights_sitenote_active":false,"_monsterinsights_sitenote_note":"","_monsterinsights_sitenote_category":0,"_uf_show_specific_survey":0,"_uf_disable_surveys":false,"site-sidebar-layout":"default","site-content-layout":"","ast-site-content-layout":"default","site-content-style":"default","site-sidebar-style":"default","ast-global-header-display":"","ast-banner-title-visibility":"","ast-main-header-display":"","ast-hfb-above-header-display":"","ast-hfb-below-header-display":"","ast-hfb-mobile-header-display":"","site-post-title":"","ast-breadcrumbs-content":"","ast-featured-img":"","footer-sml-layout":"","ast-disable-related-posts":"","theme-transparent-header-meta":"default","adv-header-id-meta":"","stick-header-meta":"","header-above-stick-meta":"","header-main-stick-meta":"","header-below-stick-meta":"","astra-migrate-meta-layouts":"set","ast-page-background-enabled":"default","ast-page-background-meta":{"desktop":{"background-color":"","background-image":"","background-repeat":"repeat","background-position":"center center","background-size":"auto","background-attachment":"scroll","background-type":"","background-media":"","overlay-type":"","overlay-color":"","overlay-opacity":"","overlay-gradient":""},"tablet":{"background-color":"","background-image":"","background-repeat":"repeat","background-position":"center center","background-size":"auto","background-attachment":"scroll","background-type":"","background-media":"","overlay-type":"","overlay-color":"","overlay-opacity":"","overlay-gradient":""},"mobile":{"background-color":"","background-image":"","background-repeat":"repeat","background-position":"center center","background-size":"auto","background-attachment":"scroll","background-type":"","background-media":"","overlay-type":"","overlay-color":"","overlay-opacity":"","overlay-gradient":""}},"ast-content-background-meta":{"desktop":{"background-color":"var(--ast-global-color-5)","background-image":"","background-repeat":"repeat","background-position":"center center","background-size":"auto","background-attachment":"scroll","background-type":"","background-media":"","overlay-type":"","overlay-color":"","overlay-opacity":"","overlay-gradient":""},"tablet":{"background-color":"var(--ast-global-color-5)","background-image":"","background-repeat":"repeat","background-position":"center center","background-size":"auto","background-attachment":"scroll","background-type":"","background-media":"","overlay-type":"","overlay-color":"","overlay-opacity":"","overlay-gradient":""},"mobile":{"background-color":"var(--ast-global-color-5)","background-image":"","background-repeat":"repeat","background-position":"center center","background-size":"auto","background-attachment":"scroll","background-type":"","background-media":"","overlay-type":"","overlay-color":"","overlay-opacity":"","overlay-gradient":""}}},"product_brand":[3285],"product_cat":[3422,3479,3392,3396,3395,3489],"product_tag":[2993,4276,4277,2996],"class_list":{"0":"post-20442","1":"product","2":"type-product","3":"status-publish","4":"has-post-thumbnail","6":"product_brand-bont","7":"product_cat-accessoires","8":"product_cat-accessoires-pour-le-short-track","9":"product_cat-accessoires-short-track","10":"product_cat-accessories","11":"product_cat-courte-piste","12":"product_cat-offres-de-club","13":"product_tag-bont-skate-velcro-straps","14":"product_tag-sangles-velcro-de-remplacement","15":"product_tag-sangles-velcro-patriot","16":"product_tag-skate-velcro-straps","17":"desktop-align-left","18":"tablet-align-left","19":"mobile-align-left","21":"first","22":"instock","23":"taxable","24":"shipping-taxable","25":"purchasable","26":"product-type-simple"},"acf":[],"_links":{"self":[{"href":"https:\/\/ztsports.com\/fr\/wp-json\/wp\/v2\/product\/20442","targetHints":{"allow":["GET"]}}],"collection":[{"href":"https:\/\/ztsports.com\/fr\/wp-json\/wp\/v2\/product"}],"about":[{"href":"https:\/\/ztsports.com\/fr\/wp-json\/wp\/v2\/types\/product"}],"replies":[{"embeddable":true,"href":"https:\/\/ztsports.com\/fr\/wp-json\/wp\/v2\/comments?post=20442"}],"version-history":[{"count":1,"href":"https:\/\/ztsports.com\/fr\/wp-json\/wp\/v2\/product\/20442\/revisions"}],"predecessor-version":[{"id":20443,"href":"https:\/\/ztsports.com\/fr\/wp-json\/wp\/v2\/product\/20442\/revisions\/20443"}],"wp:featuredmedia":[{"embeddable":true,"href":"https:\/\/ztsports.com\/fr\/wp-json\/wp\/v2\/media\/20444"}],"wp:attachment":[{"href":"https:\/\/ztsports.com\/fr\/wp-json\/wp\/v2\/media?parent=20442"}],"wp:term":[{"taxonomy":"product_brand","embeddable":true,"href":"https:\/\/ztsports.com\/fr\/wp-json\/wp\/v2\/product_brand?post=20442"},{"taxonomy":"product_cat","embeddable":true,"href":"https:\/\/ztsports.com\/fr\/wp-json\/wp\/v2\/product_cat?post=20442"},{"taxonomy":"product_tag","embeddable":true,"href":"https:\/\/ztsports.com\/fr\/wp-json\/wp\/v2\/product_tag?post=20442"}],"curies":[{"name":"wp","href":"https:\/\/api.w.org\/{rel}","templated":true}]}}