{"id":20438,"date":"2021-09-23T02:06:49","date_gmt":"2021-09-23T02:06:49","guid":{"rendered":"https:\/\/ztsports.com\/?post_type=product&#038;p=20438"},"modified":"2026-02-02T20:53:02","modified_gmt":"2026-02-02T20:53:02","slug":"d-gel-knee-elbow-pad","status":"publish","type":"product","link":"https:\/\/ztsports.com\/fr\/store\/d-gel-knee-elbow-pad\/","title":{"rendered":"D-GEL KNEE ELBOW PAD Short Track Protection"},"content":{"rendered":"<h1 id=\"tw-target-text\" class=\"tw-data-text tw-text-large tw-ta\" dir=\"ltr\" data-placeholder=\"Translation\"><span class=\"Y2IQFc\" lang=\"en\">GENOUILL\u00c8RE-COUDE D-GEL<\/span><\/h1>\n<p>D-GEL KNEE ELBOW PAD <span class=\"Y2IQFc\" lang=\"en\">Il s&#8217;agit de notre protection en mousse haute densit\u00e9 pour les genoux et les coudes. Il est recouvert d&#8217;un nylon extensible, ce qui lui conf\u00e8re une grande l\u00e9g\u00e8ret\u00e9. Int\u00e9rieur en mousse de polyur\u00e9thane pour une protection compl\u00e8te des genoux et des coudes Les genouill\u00e8res et les coudi\u00e8res <b>prot\u00e8gent les extr\u00e9mit\u00e9s osseuses des articulations des bras et des jambes<\/b>. Ces deux types de coussinets offrent une protection contre les chocs susceptibles de briser les os, <\/span><\/p>\n<p class=\"tw-data-text tw-text-large tw-ta\" dir=\"ltr\" data-placeholder=\"Translation\"><span class=\"Y2IQFc\" lang=\"en\">En outre, une ouverture au dos garantit le confort. En outre, ils sont <\/span>Lavable en machine (cycle d\u00e9licat).<\/p>\n<p><strong>ivraison<\/strong><br \/>\nVeuillez pr\u00e9voir de 3\u00a0\u00e0 5\u00a0jours ouvrables pour la livraison de votre commande.<\/p>\n<p dir=\"ltr\" data-placeholder=\"Translation\"><a href=\"https:\/\/ztsports.com\/product-category\/protection\/\"><strong>Protection du patinage de vitesse<\/strong><\/a> ici.<\/p>\n","protected":false},"excerpt":{"rendered":"<p>GENOUILL\u00c8RE-COUDE D-GEL D-GEL KNEE ELBOW PAD Il s&#8217;agit de notre protection en mousse haute densit\u00e9 pour les genoux et les coudes. Il est recouvert d&#8217;un nylon extensible, ce qui lui conf\u00e8re une grande l\u00e9g\u00e8ret\u00e9. Int\u00e9rieur en mousse de polyur\u00e9thane pour une protection compl\u00e8te des genoux et des coudes Les genouill\u00e8res et les coudi\u00e8res prot\u00e8gent les [&hellip;]<\/p>\n","protected":false},"featured_media":20440,"comment_status":"open","ping_status":"closed","template":"","meta":{"_acf_changed":false,"_monsterinsights_skip_tracking":false,"_monsterinsights_sitenote_active":false,"_monsterinsights_sitenote_note":"","_monsterinsights_sitenote_category":0,"_uf_show_specific_survey":0,"_uf_disable_surveys":false,"site-sidebar-layout":"default","site-content-layout":"","ast-site-content-layout":"default","site-content-style":"default","site-sidebar-style":"default","ast-global-header-display":"","ast-banner-title-visibility":"","ast-main-header-display":"","ast-hfb-above-header-display":"","ast-hfb-below-header-display":"","ast-hfb-mobile-header-display":"","site-post-title":"","ast-breadcrumbs-content":"","ast-featured-img":"","footer-sml-layout":"","ast-disable-related-posts":"","theme-transparent-header-meta":"default","adv-header-id-meta":"","stick-header-meta":"","header-above-stick-meta":"","header-main-stick-meta":"","header-below-stick-meta":"","astra-migrate-meta-layouts":"set","ast-page-background-enabled":"default","ast-page-background-meta":{"desktop":{"background-color":"","background-image":"","background-repeat":"repeat","background-position":"center center","background-size":"auto","background-attachment":"scroll","background-type":"","background-media":"","overlay-type":"","overlay-color":"","overlay-opacity":"","overlay-gradient":""},"tablet":{"background-color":"","background-image":"","background-repeat":"repeat","background-position":"center center","background-size":"auto","background-attachment":"scroll","background-type":"","background-media":"","overlay-type":"","overlay-color":"","overlay-opacity":"","overlay-gradient":""},"mobile":{"background-color":"","background-image":"","background-repeat":"repeat","background-position":"center center","background-size":"auto","background-attachment":"scroll","background-type":"","background-media":"","overlay-type":"","overlay-color":"","overlay-opacity":"","overlay-gradient":""}},"ast-content-background-meta":{"desktop":{"background-color":"var(--ast-global-color-5)","background-image":"","background-repeat":"repeat","background-position":"center center","background-size":"auto","background-attachment":"scroll","background-type":"","background-media":"","overlay-type":"","overlay-color":"","overlay-opacity":"","overlay-gradient":""},"tablet":{"background-color":"var(--ast-global-color-5)","background-image":"","background-repeat":"repeat","background-position":"center center","background-size":"auto","background-attachment":"scroll","background-type":"","background-media":"","overlay-type":"","overlay-color":"","overlay-opacity":"","overlay-gradient":""},"mobile":{"background-color":"var(--ast-global-color-5)","background-image":"","background-repeat":"repeat","background-position":"center center","background-size":"auto","background-attachment":"scroll","background-type":"","background-media":"","overlay-type":"","overlay-color":"","overlay-opacity":"","overlay-gradient":""}}},"product_brand":[3294],"product_cat":[3396,3395,3637,3645,3421],"product_tag":[4273,4274,1847,4275],"class_list":{"0":"post-20438","1":"product","2":"type-product","3":"status-publish","4":"has-post-thumbnail","6":"product_brand-d-gel","7":"product_cat-accessories","8":"product_cat-courte-piste","9":"product_cat-protection","11":"product_cat-protection-bebe-inferieure","12":"product_tag-coussin-de-genou","13":"product_tag-coussinet-darceau","14":"product_tag-d-gel","15":"product_tag-genouillere-coude-d-gel","16":"desktop-align-left","17":"tablet-align-left","18":"mobile-align-left","20":"first","21":"instock","22":"taxable","23":"shipping-taxable","24":"purchasable","25":"product-type-simple"},"acf":[],"_links":{"self":[{"href":"https:\/\/ztsports.com\/fr\/wp-json\/wp\/v2\/product\/20438","targetHints":{"allow":["GET"]}}],"collection":[{"href":"https:\/\/ztsports.com\/fr\/wp-json\/wp\/v2\/product"}],"about":[{"href":"https:\/\/ztsports.com\/fr\/wp-json\/wp\/v2\/types\/product"}],"replies":[{"embeddable":true,"href":"https:\/\/ztsports.com\/fr\/wp-json\/wp\/v2\/comments?post=20438"}],"version-history":[{"count":1,"href":"https:\/\/ztsports.com\/fr\/wp-json\/wp\/v2\/product\/20438\/revisions"}],"predecessor-version":[{"id":20439,"href":"https:\/\/ztsports.com\/fr\/wp-json\/wp\/v2\/product\/20438\/revisions\/20439"}],"wp:featuredmedia":[{"embeddable":true,"href":"https:\/\/ztsports.com\/fr\/wp-json\/wp\/v2\/media\/20440"}],"wp:attachment":[{"href":"https:\/\/ztsports.com\/fr\/wp-json\/wp\/v2\/media?parent=20438"}],"wp:term":[{"taxonomy":"product_brand","embeddable":true,"href":"https:\/\/ztsports.com\/fr\/wp-json\/wp\/v2\/product_brand?post=20438"},{"taxonomy":"product_cat","embeddable":true,"href":"https:\/\/ztsports.com\/fr\/wp-json\/wp\/v2\/product_cat?post=20438"},{"taxonomy":"product_tag","embeddable":true,"href":"https:\/\/ztsports.com\/fr\/wp-json\/wp\/v2\/product_tag?post=20438"}],"curies":[{"name":"wp","href":"https:\/\/api.w.org\/{rel}","templated":true}]}}