{"id":20433,"date":"2024-04-03T11:13:01","date_gmt":"2024-04-03T11:13:01","guid":{"rendered":"https:\/\/ztsports.com\/?post_type=product&#038;p=20433"},"modified":"2026-04-14T21:26:27","modified_gmt":"2026-04-14T21:26:27","slug":"bont-patriot-krypton-package","status":"publish","type":"product","link":"https:\/\/ztsports.com\/fr\/store\/bont-patriot-krypton-package\/","title":{"rendered":"Ensemble Bont Patriot Krypton Package"},"content":{"rendered":"<h1><span data-sheets-value=\"{\" data-sheets-userformat=\"{\"> Ensemble Bont Patriot Krypton package<\/span><\/h1>\n<p>Le Bont <span class=\"Y2IQFc\" lang=\"en\">La partie sup\u00e9rieure des bottes PATRIOT est compos\u00e9e de mat\u00e9riaux composites. avec une coque en fibre de verre. Excellent pour les d\u00e9butants ou les chaussures de club. Indice de rigidit\u00e9 : moyen. Thermo-moulable.<\/span><\/p>\n<h3>Bont Patriot Krypton Package<\/h3>\n<p>D\u00e9couvrez les caract\u00e9ristiques avanc\u00e9es de la Patriot pour le short track &#8211; une botte de performance moyenne con\u00e7ue avec des mat\u00e9riaux composites. Thermo-moulable pour un ajustement parfait, avec un lacet de recouvrement et une bande velcro pour un soutien suppl\u00e9mentaire. Un choix \u00e9tonnant pour une botte de d\u00e9butant &#8211; de plus, vous pouvez b\u00e9n\u00e9ficier d&#8217;\u00e9conomies encore plus importantes gr\u00e2ce aux prix du club !<\/p>\n<p>&nbsp;<\/p>\n<h3>Lames de Krypton 15&#8243;-17&#8243;<\/h3>\n<p>Con\u00e7ue comme une lame agile, r\u00e9active et durable<\/p>\n<p>Un produit de grande valeur offrant une excellente qualit\u00e9 \u00e0 un prix plus abordable<\/p>\n<p>Technologie du tube Krypton int\u00e9gr\u00e9e au mod\u00e8le 12C27<\/p>\n<p>The 12C27 is durable steel, which maintains excellent edge quality and sharpness.<\/p>\n<p>Le 12C27 est fabriqu\u00e9 selon les m\u00eames sp\u00e9cifications et tol\u00e9rances que nos patins PM et bi-m\u00e9tal.<\/p>\n<p>Designed in Canada and engineered in Holland<\/p>\n<p>Aluminium et acier 12C27 de premi\u00e8re qualit\u00e9 d&#8217;origine n\u00e9erlandaise<\/p>\n<p>Pr\u00e9-coude<\/p>\n<p>Le syst\u00e8me de coupelles innovant d&#8217;Evo offre une interface de montage solide avec une mise en place et un r\u00e9glage simples et efficaces.<\/p>\n<p><strong>Maintenant \u00e0 un prix r\u00e9duit sur les tailles 40, 41.5, 42, 43, et 45 en stock.<\/strong><\/p>\n<h5 class=\"tw-data-text tw-text-large tw-ta\" dir=\"ltr\" data-placeholder=\"Translation\">Maintenant une vid\u00e9o sur <a href=\"https:\/\/www.youtube.com\/watch?v=2AfKfzVSCWk\" target=\"_blank\" rel=\"noopener\"><strong>Le moulage \u00e0 chaud des bottes Bont. <\/strong><\/a><\/h5>\n<p>Enfin, consultez tous nos <a href=\"https:\/\/ztsports.com\/product-category\/short-track\/packages\/\"><strong>Short Track ici.<\/strong><\/a><\/p>\n<p>&nbsp;<\/p>\n","protected":false},"excerpt":{"rendered":"<p>Ensemble Bont Patriot Krypton package Le Bont La partie sup\u00e9rieure des bottes PATRIOT est compos\u00e9e de mat\u00e9riaux composites. avec une coque en fibre de verre. Excellent pour les d\u00e9butants ou les chaussures de club. Indice de rigidit\u00e9 : moyen. Thermo-moulable. Bont Patriot Krypton Package D\u00e9couvrez les caract\u00e9ristiques avanc\u00e9es de la Patriot pour le short track [&hellip;]<\/p>\n","protected":false},"featured_media":20435,"comment_status":"open","ping_status":"closed","template":"","meta":{"_acf_changed":false,"_monsterinsights_skip_tracking":false,"_monsterinsights_sitenote_active":false,"_monsterinsights_sitenote_note":"","_monsterinsights_sitenote_category":0,"_uf_show_specific_survey":0,"_uf_disable_surveys":false,"site-sidebar-layout":"default","site-content-layout":"","ast-site-content-layout":"default","site-content-style":"default","site-sidebar-style":"default","ast-global-header-display":"","ast-banner-title-visibility":"","ast-main-header-display":"","ast-hfb-above-header-display":"","ast-hfb-below-header-display":"","ast-hfb-mobile-header-display":"","site-post-title":"","ast-breadcrumbs-content":"","ast-featured-img":"","footer-sml-layout":"","ast-disable-related-posts":"","theme-transparent-header-meta":"default","adv-header-id-meta":"","stick-header-meta":"","header-above-stick-meta":"","header-main-stick-meta":"","header-below-stick-meta":"","astra-migrate-meta-layouts":"set","ast-page-background-enabled":"default","ast-page-background-meta":{"desktop":{"background-color":"","background-image":"","background-repeat":"repeat","background-position":"center center","background-size":"auto","background-attachment":"scroll","background-type":"","background-media":"","overlay-type":"","overlay-color":"","overlay-opacity":"","overlay-gradient":""},"tablet":{"background-color":"","background-image":"","background-repeat":"repeat","background-position":"center center","background-size":"auto","background-attachment":"scroll","background-type":"","background-media":"","overlay-type":"","overlay-color":"","overlay-opacity":"","overlay-gradient":""},"mobile":{"background-color":"","background-image":"","background-repeat":"repeat","background-position":"center center","background-size":"auto","background-attachment":"scroll","background-type":"","background-media":"","overlay-type":"","overlay-color":"","overlay-opacity":"","overlay-gradient":""}},"ast-content-background-meta":{"desktop":{"background-color":"var(--ast-global-color-5)","background-image":"","background-repeat":"repeat","background-position":"center center","background-size":"auto","background-attachment":"scroll","background-type":"","background-media":"","overlay-type":"","overlay-color":"","overlay-opacity":"","overlay-gradient":""},"tablet":{"background-color":"var(--ast-global-color-5)","background-image":"","background-repeat":"repeat","background-position":"center center","background-size":"auto","background-attachment":"scroll","background-type":"","background-media":"","overlay-type":"","overlay-color":"","overlay-opacity":"","overlay-gradient":""},"mobile":{"background-color":"var(--ast-global-color-5)","background-image":"","background-repeat":"repeat","background-position":"center center","background-size":"auto","background-attachment":"scroll","background-type":"","background-media":"","overlay-type":"","overlay-color":"","overlay-opacity":"","overlay-gradient":""}}},"product_brand":[3285],"product_cat":[3395,3624,3838,3489,3627],"product_tag":[1765,4269,2989,1882,3630,4270,4271,4272],"class_list":{"0":"post-20433","1":"product","2":"type-product","3":"status-publish","4":"has-post-thumbnail","6":"product_brand-bont","7":"product_cat-courte-piste","8":"product_cat-forfait-courte-piste","9":"product_cat-offres-de-club","11":"product_cat-packages","12":"product_tag-bont-patriot","13":"product_tag-bont-patriot-et-krypton-blade","14":"product_tag-bont-skate-package","15":"product_tag-evo-krypton","16":"product_tag-forfait-courte-piste","17":"product_tag-kit-pour-circuit-court","18":"product_tag-prix-special","19":"product_tag-vente-paquet-de-patins","20":"desktop-align-left","21":"tablet-align-left","22":"mobile-align-left","24":"first","25":"instock","26":"sale","27":"taxable","28":"shipping-taxable","29":"purchasable","30":"product-type-simple"},"acf":[],"_links":{"self":[{"href":"https:\/\/ztsports.com\/fr\/wp-json\/wp\/v2\/product\/20433","targetHints":{"allow":["GET"]}}],"collection":[{"href":"https:\/\/ztsports.com\/fr\/wp-json\/wp\/v2\/product"}],"about":[{"href":"https:\/\/ztsports.com\/fr\/wp-json\/wp\/v2\/types\/product"}],"replies":[{"embeddable":true,"href":"https:\/\/ztsports.com\/fr\/wp-json\/wp\/v2\/comments?post=20433"}],"version-history":[{"count":1,"href":"https:\/\/ztsports.com\/fr\/wp-json\/wp\/v2\/product\/20433\/revisions"}],"predecessor-version":[{"id":20434,"href":"https:\/\/ztsports.com\/fr\/wp-json\/wp\/v2\/product\/20433\/revisions\/20434"}],"wp:featuredmedia":[{"embeddable":true,"href":"https:\/\/ztsports.com\/fr\/wp-json\/wp\/v2\/media\/20435"}],"wp:attachment":[{"href":"https:\/\/ztsports.com\/fr\/wp-json\/wp\/v2\/media?parent=20433"}],"wp:term":[{"taxonomy":"product_brand","embeddable":true,"href":"https:\/\/ztsports.com\/fr\/wp-json\/wp\/v2\/product_brand?post=20433"},{"taxonomy":"product_cat","embeddable":true,"href":"https:\/\/ztsports.com\/fr\/wp-json\/wp\/v2\/product_cat?post=20433"},{"taxonomy":"product_tag","embeddable":true,"href":"https:\/\/ztsports.com\/fr\/wp-json\/wp\/v2\/product_tag?post=20433"}],"curies":[{"name":"wp","href":"https:\/\/api.w.org\/{rel}","templated":true}]}}