{"id":20427,"date":"2024-03-31T14:05:00","date_gmt":"2024-03-31T14:05:00","guid":{"rendered":"https:\/\/ztsports.com\/?post_type=product&#038;p=20427"},"modified":"2026-04-14T21:24:58","modified_gmt":"2026-04-14T21:24:58","slug":"cadomotus-argon","status":"publish","type":"product","link":"https:\/\/ztsports.com\/fr\/store\/cadomotus-argon\/","title":{"rendered":"CADOMOTUS ARGON"},"content":{"rendered":"<h1 class=\"product_title entry-title\">CADOMOTUS ARGON 84mm 90mm 100mm 110mm 125mm Roue de patin \u00e0 roues align\u00e9es<\/h1>\n<p class=\"price\"><span class=\"woocommerce-Price-amount amount\"><bdi>$<span class=\"woocommerce-Price-currencySymbol\">14<\/span>.99<\/bdi><\/span> &#8211; <span class=\"woocommerce-Price-amount amount\"><bdi>$<span class=\"woocommerce-Price-currencySymbol\">21<\/span>.99<\/bdi><\/span><\/p>\n<div class=\"woocommerce-product-details__short-description\">\n<p>Ces roues de patinage de vitesse en ligne C\u00e1domotus, durables et \u00e0 bon roulement, sont parfaites pour un entra\u00eenement complet.<\/p>\n<p>Le meilleur rapport qualit\u00e9-prix en 84 et 90 mm pour les cadets et les juniors &#8211; durabilit\u00e9, roulis et rebond \u00e0 la port\u00e9e de toutes les bourses.<\/p>\n<\/div>\n","protected":false},"excerpt":{"rendered":"<p>CADOMOTUS ARGON 84mm 90mm 100mm 110mm 125mm Roue de patin \u00e0 roues align\u00e9es $14.99 &#8211; $21.99 Ces roues de patinage de vitesse en ligne C\u00e1domotus, durables et \u00e0 bon roulement, sont parfaites pour un entra\u00eenement complet. Le meilleur rapport qualit\u00e9-prix en 84 et 90 mm pour les cadets et les juniors &#8211; durabilit\u00e9, roulis et [&hellip;]<\/p>\n","protected":false},"featured_media":20429,"comment_status":"open","ping_status":"closed","template":"","meta":{"_acf_changed":false,"_monsterinsights_skip_tracking":false,"_monsterinsights_sitenote_active":false,"_monsterinsights_sitenote_note":"","_monsterinsights_sitenote_category":0,"_uf_show_specific_survey":0,"_uf_disable_surveys":false,"site-sidebar-layout":"default","site-content-layout":"","ast-site-content-layout":"default","site-content-style":"default","site-sidebar-style":"default","ast-global-header-display":"","ast-banner-title-visibility":"","ast-main-header-display":"","ast-hfb-above-header-display":"","ast-hfb-below-header-display":"","ast-hfb-mobile-header-display":"","site-post-title":"","ast-breadcrumbs-content":"","ast-featured-img":"","footer-sml-layout":"","ast-disable-related-posts":"","theme-transparent-header-meta":"default","adv-header-id-meta":"","stick-header-meta":"","header-above-stick-meta":"","header-main-stick-meta":"","header-below-stick-meta":"","astra-migrate-meta-layouts":"set","ast-page-background-enabled":"default","ast-page-background-meta":{"desktop":{"background-color":"","background-image":"","background-repeat":"repeat","background-position":"center center","background-size":"auto","background-attachment":"scroll","background-type":"","background-media":"","overlay-type":"","overlay-color":"","overlay-opacity":"","overlay-gradient":""},"tablet":{"background-color":"","background-image":"","background-repeat":"repeat","background-position":"center center","background-size":"auto","background-attachment":"scroll","background-type":"","background-media":"","overlay-type":"","overlay-color":"","overlay-opacity":"","overlay-gradient":""},"mobile":{"background-color":"","background-image":"","background-repeat":"repeat","background-position":"center center","background-size":"auto","background-attachment":"scroll","background-type":"","background-media":"","overlay-type":"","overlay-color":"","overlay-opacity":"","overlay-gradient":""}},"ast-content-background-meta":{"desktop":{"background-color":"var(--ast-global-color-5)","background-image":"","background-repeat":"repeat","background-position":"center center","background-size":"auto","background-attachment":"scroll","background-type":"","background-media":"","overlay-type":"","overlay-color":"","overlay-opacity":"","overlay-gradient":""},"tablet":{"background-color":"var(--ast-global-color-5)","background-image":"","background-repeat":"repeat","background-position":"center center","background-size":"auto","background-attachment":"scroll","background-type":"","background-media":"","overlay-type":"","overlay-color":"","overlay-opacity":"","overlay-gradient":""},"mobile":{"background-color":"var(--ast-global-color-5)","background-image":"","background-repeat":"repeat","background-position":"center center","background-size":"auto","background-attachment":"scroll","background-type":"","background-media":"","overlay-type":"","overlay-color":"","overlay-opacity":"","overlay-gradient":""}}},"product_brand":[3289],"product_cat":[3402,3381,3382,3403],"product_tag":[2986,4268,3406],"class_list":{"0":"post-20427","1":"product","2":"type-product","3":"status-publish","4":"has-post-thumbnail","6":"product_brand-cadomotus","7":"product_cat-en-ligne","8":"product_cat-patinage-de-vitesse-en-ligne","9":"product_cat-roues","10":"product_cat-wheels","11":"product_tag-cadomotus-argon","12":"product_tag-cadomotus-roue-de-patinage-de-vitesse-en-ligne-s","13":"product_tag-volant-de-course-en-ligne","14":"desktop-align-left","15":"tablet-align-left","16":"mobile-align-left","18":"first","19":"instock","20":"taxable","21":"shipping-taxable","22":"purchasable","23":"product-type-simple"},"acf":[],"_links":{"self":[{"href":"https:\/\/ztsports.com\/fr\/wp-json\/wp\/v2\/product\/20427","targetHints":{"allow":["GET"]}}],"collection":[{"href":"https:\/\/ztsports.com\/fr\/wp-json\/wp\/v2\/product"}],"about":[{"href":"https:\/\/ztsports.com\/fr\/wp-json\/wp\/v2\/types\/product"}],"replies":[{"embeddable":true,"href":"https:\/\/ztsports.com\/fr\/wp-json\/wp\/v2\/comments?post=20427"}],"version-history":[{"count":1,"href":"https:\/\/ztsports.com\/fr\/wp-json\/wp\/v2\/product\/20427\/revisions"}],"predecessor-version":[{"id":20428,"href":"https:\/\/ztsports.com\/fr\/wp-json\/wp\/v2\/product\/20427\/revisions\/20428"}],"wp:featuredmedia":[{"embeddable":true,"href":"https:\/\/ztsports.com\/fr\/wp-json\/wp\/v2\/media\/20429"}],"wp:attachment":[{"href":"https:\/\/ztsports.com\/fr\/wp-json\/wp\/v2\/media?parent=20427"}],"wp:term":[{"taxonomy":"product_brand","embeddable":true,"href":"https:\/\/ztsports.com\/fr\/wp-json\/wp\/v2\/product_brand?post=20427"},{"taxonomy":"product_cat","embeddable":true,"href":"https:\/\/ztsports.com\/fr\/wp-json\/wp\/v2\/product_cat?post=20427"},{"taxonomy":"product_tag","embeddable":true,"href":"https:\/\/ztsports.com\/fr\/wp-json\/wp\/v2\/product_tag?post=20427"}],"curies":[{"name":"wp","href":"https:\/\/api.w.org\/{rel}","templated":true}]}}