{"id":20423,"date":"2024-03-25T10:12:40","date_gmt":"2024-03-25T10:12:40","guid":{"rendered":"https:\/\/ztsports.com\/?post_type=product&#038;p=20423"},"modified":"2026-01-23T16:56:37","modified_gmt":"2026-01-23T16:56:37","slug":"nagano-skate-buff","status":"publish","type":"product","link":"https:\/\/ztsports.com\/fr\/store\/nagano-skate-buff\/","title":{"rendered":"Nagano Skate Buff"},"content":{"rendered":"<p>Ce <strong>tampon multifonctionnel Nagano Skate est fabriqu\u00e9 en 100% polyester.<\/strong> Il est juste assez \u00e9pais pour permettre de respirer pendant l&#8217;entra\u00eenement sur la glace. Il peut \u00e9galement \u00eatre utilis\u00e9 de plusieurs autres mani\u00e8res, par exemple :<\/p>\n<ul>\n<li>Bandana<\/li>\n<li>Do-rag<\/li>\n<li>Bandeau<\/li>\n<li>Bracelet<\/li>\n<li>Dans les cheveux<\/li>\n<li>Et plus encore<\/li>\n<\/ul>\n<p>Les buffs peuvent \u00eatre personnalis\u00e9s \u00e0 100 % \u00e0 l&#8217;achat d&#8217;une quantit\u00e9 minimale. Envoyez un courriel \u00e0 Info@ztsports.com pour obtenir un devis.<\/p>\n<p><strong>Profitez pleinement de ce que votre Nagano Skate Buff peut faire.<\/strong><\/p>\n<p>Le Bont ou le Nagano Skate Buff s&#8217;adapteront \u00e0 toutes vos aventures, que ce soit en hiver ou en \u00e9t\u00e9. Vous pouvez les \u00e9tirer, les plier et profiter d&#8217;un confort ultime, que vous portiez des lunettes, des cagoules ou des cheveux longs. Vous choisissez la position dont vous avez besoin, du masque de protection \u00e0 la cagoule. D\u00e9couvrez ci-dessous comment les porter et profiter pleinement de votre Nagano Skate Buff.<\/p>\n<p><strong>Cou Buff<\/strong><\/p>\n<p>Etirez-le, passez votre t\u00eate par l&#8217;une des ouvertures et mettez-le autour de votre cou. Il est facile \u00e0 mettre, \u00e0 porter et \u00e0 utiliser pour toutes les occasions ext\u00e9rieures. Vous serez d\u00e9licatement envelopp\u00e9 par votre prot\u00e8ge-cou multifonctionnel pour le patinage, qui vous \u00e9treindra en douceur.<\/p>\n<p><strong>DEMI-COUVERTURE<\/strong><\/p>\n<p>Placez le Nagano Skate Buff autour de votre cou et remontez-le sur votre bouche et votre nez, comme un masque. Dans les environnements chauds, l&#8217;utilisation d&#8217;un demi-masque vous prot\u00e8ge du soleil. Et lorsque les temp\u00e9ratures chutent, vous pouvez vous couvrir avec votre Skate Buff.<\/p>\n<p><strong>COUVERTURE INT\u00c9GRALE DU VISAGE<\/strong><\/p>\n<p>Placez-la autour de votre cou et tirez-la vers le haut jusqu&#8217;\u00e0 ce qu&#8217;elle couvre vos oreilles, votre nez et plus de la moiti\u00e9 de l&#8217;arri\u00e8re de votre t\u00eate. Vous b\u00e9n\u00e9ficierez ainsi d&#8217;une protection optimale contre le soleil, le froid, la poussi\u00e8re et le vent.<\/p>\n<p><strong>BALACLAVA<\/strong><\/p>\n<p>Prenez le Nagano Skate Buff et \u00e9tirez-le pour couvrir toute votre t\u00eate. Ensuite, tirez la gu\u00eatre sous votre menton, \u00e9tirez la deuxi\u00e8me couche et placez-la sous vos yeux. Utilisez-le comme couche suppl\u00e9mentaire entre vous et votre casque, pour contr\u00f4ler vos cheveux et les \u00e9loigner de vos yeux, et pour vous sentir au chaud et au sec lorsque vous \u00eates sur la glace.<\/p>\n<p><strong>COUVERTURE<\/strong><\/p>\n<p>Placez le Nagano Skate Buff autour de votre cou. Tirez-la pour qu&#8217;elle couvre la moiti\u00e9 ou la totalit\u00e9 de votre t\u00eate, comme une cagoule. Ainsi, vous pouvez \u00e9viter les coups de chaleur ou les gel\u00e9es c\u00e9r\u00e9brales et profiter de votre activit\u00e9 tout en gardant vos lunettes et vos cheveux bien en place.<\/p>\n<p><strong>SAHARIANE<\/strong><\/p>\n<p>Placez le d\u00e9but de la gu\u00eatre sur la racine de vos cheveux, en laissant le reste pendre et s&#8217;\u00e9tirer compl\u00e8tement sur l&#8217;arri\u00e8re de votre t\u00eate. Cette position prot\u00e8ge la t\u00eate et les cheveux tout en offrant une meilleure respirabilit\u00e9, gr\u00e2ce \u00e0 la partie ouverte reposant sur le cou. Il est id\u00e9al pour les environnements chauds ou froids et les longs patins.<\/p>\n<p><strong>PIRATE<\/strong><\/p>\n<p>Enroulez le Nagano Skate Buff dans un n\u0153ud, puis \u00e9tirez une partie du cou Buff pour couvrir le sommet de votre t\u00eate. Cela permet un ajustement s\u00fbr et serr\u00e9, emp\u00eachant la sueur d&#8217;irriter vos yeux et gardant votre t\u00eate au frais. Profitez de tous les sports de glace et en ligne ou de l&#8217;entra\u00eenement \u00e0 sec pendant votre saison morte avec ce style pirate.<\/p>\n<p><strong>BEANIE<\/strong><\/p>\n<p>Retournez le Nagano Skate Buff \u00e0 l&#8217;envers, tordez-le au milieu, puis retournez la deuxi\u00e8me couche sur la premi\u00e8re. Une fois les deux couches assembl\u00e9es, placez-les sur votre t\u00eate comme un bonnet ! En couvrant vos oreilles et votre t\u00eate, vous pouvez \u00e9viter de perdre de la chaleur en hiver si vous avez oubli\u00e9 de porter une toque, ou vous pouvez porter ce style tr\u00e8s cool avec des cheveux longs ou mi-longs.<\/p>\n<p><strong>BANDANA<\/strong><\/p>\n<p>Couvrez votre front avec le Nagano Skate Buff, puis \u00e9tirez-le \u00e0 moiti\u00e9 pour pouvoir le placer sur vos cheveux. Il filtre les rayons UV sur votre t\u00eate en \u00e9t\u00e9, vous prot\u00e9geant ainsi des climats extr\u00eames. En outre, vous pouvez transpirer pendant vos s\u00e9ances d&#8217;entra\u00eenement sans craindre que des gouttes ind\u00e9sirables ne tombent dans vos yeux.<\/p>\n<p><strong>BANDE \u00c9LASTIQUE<\/strong><\/p>\n<p>Pliez le Nagano Skate Buff en deux, le motif principal vers l&#8217;ext\u00e9rieur, puis placez-le sur votre front. Vous ne pourrez plus vous en passer gr\u00e2ce \u00e0 son tissu respirant qui vous \u00e9vite de transpirer, ce qui vous permet de vous concentrer sur vos objectifs de patinage.<\/p>\n<p><strong>BANDEAU<\/strong><\/p>\n<p>Froissez le Nagano Skate Buff et placez-le sur votre front. Il maintiendra vos cheveux en arri\u00e8re et emp\u00eachera la sueur de vous g\u00eaner les yeux pendant votre entra\u00eenement. Ces \u00e9charpes sont id\u00e9ales pour les environnements chauds ou froids et pour vos s\u00e9ances de patinage.<\/p>\n<p><strong>DURAG<\/strong><\/p>\n<p>Portez l&#8217;un de nos Nagano Skate Buffs avec le style le plus embl\u00e9matique. Mettez la gu\u00eatre \u00e0 l&#8217;envers, faites passer un tiers du tube par-dessus le sommet de votre t\u00eate, tout en laissant l&#8217;autre extr\u00e9mit\u00e9 pendre librement \u00e0 l&#8217;arri\u00e8re.<\/p>\n<p><strong>D\u00e9couvrez comment r\u00e9aliser ces positions agr\u00e9ables et faciles et portez-les en toute occasion. <a href=\"https:\/\/www.youtube.com\/watch?v=1KNb3vxdOug&amp;t=2s\" target=\"_blank\" rel=\"noopener\">Vid\u00e9o Par les fabricants originaux de Buff<\/a><\/strong><\/p>\n<p>D\u00e9couvrez \u00e9galement tous nos <a href=\"https:\/\/ztsports.com\/product-category\/accessories\/apparel\/\"><strong>v\u00eatements ici.<\/strong><\/a><\/p>\n","protected":false},"excerpt":{"rendered":"<p>Ce tampon multifonctionnel Nagano Skate est fabriqu\u00e9 en 100% polyester. Il est juste assez \u00e9pais pour permettre de respirer pendant l&#8217;entra\u00eenement sur la glace. Il peut \u00e9galement \u00eatre utilis\u00e9 de plusieurs autres mani\u00e8res, par exemple : Bandana Do-rag Bandeau Bracelet Dans les cheveux Et plus encore Les buffs peuvent \u00eatre personnalis\u00e9s \u00e0 100 % \u00e0 [&hellip;]<\/p>\n","protected":false},"featured_media":20425,"comment_status":"open","ping_status":"closed","template":"","meta":{"_acf_changed":false,"_monsterinsights_skip_tracking":false,"_monsterinsights_sitenote_active":false,"_monsterinsights_sitenote_note":"","_monsterinsights_sitenote_category":0,"_uf_show_specific_survey":0,"_uf_disable_surveys":false,"site-sidebar-layout":"default","site-content-layout":"","ast-site-content-layout":"default","site-content-style":"default","site-sidebar-style":"default","ast-global-header-display":"","ast-banner-title-visibility":"","ast-main-header-display":"","ast-hfb-above-header-display":"","ast-hfb-below-header-display":"","ast-hfb-mobile-header-display":"","site-post-title":"","ast-breadcrumbs-content":"","ast-featured-img":"","footer-sml-layout":"","ast-disable-related-posts":"","theme-transparent-header-meta":"","adv-header-id-meta":"","stick-header-meta":"","header-above-stick-meta":"","header-main-stick-meta":"","header-below-stick-meta":"","astra-migrate-meta-layouts":"default","ast-page-background-enabled":"default","ast-page-background-meta":{"desktop":{"background-color":"","background-image":"","background-repeat":"repeat","background-position":"center center","background-size":"auto","background-attachment":"scroll","background-type":"","background-media":"","overlay-type":"","overlay-color":"","overlay-opacity":"","overlay-gradient":""},"tablet":{"background-color":"","background-image":"","background-repeat":"repeat","background-position":"center center","background-size":"auto","background-attachment":"scroll","background-type":"","background-media":"","overlay-type":"","overlay-color":"","overlay-opacity":"","overlay-gradient":""},"mobile":{"background-color":"","background-image":"","background-repeat":"repeat","background-position":"center center","background-size":"auto","background-attachment":"scroll","background-type":"","background-media":"","overlay-type":"","overlay-color":"","overlay-opacity":"","overlay-gradient":""}},"ast-content-background-meta":{"desktop":{"background-color":"var(--ast-global-color-5)","background-image":"","background-repeat":"repeat","background-position":"center center","background-size":"auto","background-attachment":"scroll","background-type":"","background-media":"","overlay-type":"","overlay-color":"","overlay-opacity":"","overlay-gradient":""},"tablet":{"background-color":"var(--ast-global-color-5)","background-image":"","background-repeat":"repeat","background-position":"center center","background-size":"auto","background-attachment":"scroll","background-type":"","background-media":"","overlay-type":"","overlay-color":"","overlay-opacity":"","overlay-gradient":""},"mobile":{"background-color":"var(--ast-global-color-5)","background-image":"","background-repeat":"repeat","background-position":"center center","background-size":"auto","background-attachment":"scroll","background-type":"","background-media":"","overlay-type":"","overlay-color":"","overlay-opacity":"","overlay-gradient":""}}},"product_brand":[3326],"product_cat":[3422,3389,3391,3392,3433,3396,3572,3402,4226],"product_tag":[2972,2973,4267],"class_list":{"0":"post-20423","1":"product","2":"type-product","3":"status-publish","4":"has-post-thumbnail","6":"product_brand-nagano","7":"product_cat-accessoires","8":"product_cat-accessoires-longue-piste","9":"product_cat-accessoires-pour-la-longue-piste","10":"product_cat-accessoires-short-track","11":"product_cat-accessories","13":"product_cat-cadeaux-pour-patineurs","14":"product_cat-en-ligne","15":"product_cat-vetements","16":"product_tag-buff","17":"product_tag-nagano-skate-buff","18":"product_tag-patin-a-glace","19":"desktop-align-left","20":"tablet-align-left","21":"mobile-align-left","23":"first","24":"instock","25":"sale","26":"taxable","27":"shipping-taxable","28":"purchasable","29":"product-type-simple"},"acf":[],"_links":{"self":[{"href":"https:\/\/ztsports.com\/fr\/wp-json\/wp\/v2\/product\/20423","targetHints":{"allow":["GET"]}}],"collection":[{"href":"https:\/\/ztsports.com\/fr\/wp-json\/wp\/v2\/product"}],"about":[{"href":"https:\/\/ztsports.com\/fr\/wp-json\/wp\/v2\/types\/product"}],"replies":[{"embeddable":true,"href":"https:\/\/ztsports.com\/fr\/wp-json\/wp\/v2\/comments?post=20423"}],"version-history":[{"count":1,"href":"https:\/\/ztsports.com\/fr\/wp-json\/wp\/v2\/product\/20423\/revisions"}],"predecessor-version":[{"id":20424,"href":"https:\/\/ztsports.com\/fr\/wp-json\/wp\/v2\/product\/20423\/revisions\/20424"}],"wp:featuredmedia":[{"embeddable":true,"href":"https:\/\/ztsports.com\/fr\/wp-json\/wp\/v2\/media\/20425"}],"wp:attachment":[{"href":"https:\/\/ztsports.com\/fr\/wp-json\/wp\/v2\/media?parent=20423"}],"wp:term":[{"taxonomy":"product_brand","embeddable":true,"href":"https:\/\/ztsports.com\/fr\/wp-json\/wp\/v2\/product_brand?post=20423"},{"taxonomy":"product_cat","embeddable":true,"href":"https:\/\/ztsports.com\/fr\/wp-json\/wp\/v2\/product_cat?post=20423"},{"taxonomy":"product_tag","embeddable":true,"href":"https:\/\/ztsports.com\/fr\/wp-json\/wp\/v2\/product_tag?post=20423"}],"curies":[{"name":"wp","href":"https:\/\/api.w.org\/{rel}","templated":true}]}}