{"id":20415,"date":"2024-03-25T18:13:19","date_gmt":"2024-03-25T18:13:19","guid":{"rendered":"https:\/\/ztsports.com\/?post_type=product&#038;p=20415"},"modified":"2026-04-14T21:25:18","modified_gmt":"2026-04-14T21:25:18","slug":"pantalon-de-survetement-entierement-zippe-maplez","status":"publish","type":"product","link":"https:\/\/ztsports.com\/fr\/store\/pantalon-de-survetement-entierement-zippe-maplez\/","title":{"rendered":"Pantalon de surv\u00eatement enti\u00e8rement zipp\u00e9 MapleZ"},"content":{"rendered":"<h1>Pantalon de surv\u00eatement enti\u00e8rement zipp\u00e9 MapleZ<\/h1>\n<p>D\u00e9couvrez le pantalon \u00e0 fermeture \u00e9clair Maple qui rend la pr\u00e9paration des courses plus facile que jamais ! Restez bien au chaud jusqu&#8217;\u00e0 ce qu&#8217;il soit temps d&#8217;aller sur la glace &#8211; vous pouvez enfiler et retirer ce pantalon confortable en quelques secondes, sans avoir besoin d&#8217;enlever vos patins ! La fermeture \u00e0 glissi\u00e8re sur toute la longueur du pantalon assure un bon maintien.<\/p>\n<p>Le pantalon Classic Zipper, fabriqu\u00e9 avec le tissu extensible Temp Control, offre une isolation sup\u00e9rieure et une respirabilit\u00e9 vitale. Tr\u00e8s \u00e9lastiques et bien ajust\u00e9s, ces pantalons \u00e0 fermeture \u00e9clair s&#8217;enfilent et s&#8217;enl\u00e8vent facilement sans avoir \u00e0 retirer les patins. Disponible en noir classique.<\/p>\n<p>Un compl\u00e9ment parfait \u00e0 votre \u00e9quipement de patinage de vitesse.<\/p>\n<h4>Description<\/h4>\n<div>\n<p>Pantalon d&#8217;\u00e9chauffement confortable avec une fermeture \u00e9clair compl\u00e8te et une doublure douce.<\/p>\n<p>Fabriqu\u00e9 \u00e0 l&#8217;origine par Hunter.<\/p>\n<\/div>\n<div><\/div>\n","protected":false},"excerpt":{"rendered":"<p>Pantalon de surv\u00eatement enti\u00e8rement zipp\u00e9 MapleZ D\u00e9couvrez le pantalon \u00e0 fermeture \u00e9clair Maple qui rend la pr\u00e9paration des courses plus facile que jamais ! Restez bien au chaud jusqu&#8217;\u00e0 ce qu&#8217;il soit temps d&#8217;aller sur la glace &#8211; vous pouvez enfiler et retirer ce pantalon confortable en quelques secondes, sans avoir besoin d&#8217;enlever vos patins [&hellip;]<\/p>\n","protected":false},"featured_media":20417,"comment_status":"open","ping_status":"closed","template":"","meta":{"_acf_changed":false,"_monsterinsights_skip_tracking":false,"_monsterinsights_sitenote_active":false,"_monsterinsights_sitenote_note":"","_monsterinsights_sitenote_category":0,"_uf_show_specific_survey":0,"_uf_disable_surveys":false,"site-sidebar-layout":"default","site-content-layout":"","ast-site-content-layout":"default","site-content-style":"default","site-sidebar-style":"default","ast-global-header-display":"","ast-banner-title-visibility":"","ast-main-header-display":"","ast-hfb-above-header-display":"","ast-hfb-below-header-display":"","ast-hfb-mobile-header-display":"","site-post-title":"","ast-breadcrumbs-content":"","ast-featured-img":"","footer-sml-layout":"","ast-disable-related-posts":"","theme-transparent-header-meta":"default","adv-header-id-meta":"","stick-header-meta":"","header-above-stick-meta":"","header-main-stick-meta":"","header-below-stick-meta":"","astra-migrate-meta-layouts":"set","ast-page-background-enabled":"default","ast-page-background-meta":{"desktop":{"background-color":"","background-image":"","background-repeat":"repeat","background-position":"center center","background-size":"auto","background-attachment":"scroll","background-type":"","background-media":"","overlay-type":"","overlay-color":"","overlay-opacity":"","overlay-gradient":""},"tablet":{"background-color":"","background-image":"","background-repeat":"repeat","background-position":"center center","background-size":"auto","background-attachment":"scroll","background-type":"","background-media":"","overlay-type":"","overlay-color":"","overlay-opacity":"","overlay-gradient":""},"mobile":{"background-color":"","background-image":"","background-repeat":"repeat","background-position":"center center","background-size":"auto","background-attachment":"scroll","background-type":"","background-media":"","overlay-type":"","overlay-color":"","overlay-opacity":"","overlay-gradient":""}},"ast-content-background-meta":{"desktop":{"background-color":"var(--ast-global-color-5)","background-image":"","background-repeat":"repeat","background-position":"center center","background-size":"auto","background-attachment":"scroll","background-type":"","background-media":"","overlay-type":"","overlay-color":"","overlay-opacity":"","overlay-gradient":""},"tablet":{"background-color":"var(--ast-global-color-5)","background-image":"","background-repeat":"repeat","background-position":"center center","background-size":"auto","background-attachment":"scroll","background-type":"","background-media":"","overlay-type":"","overlay-color":"","overlay-opacity":"","overlay-gradient":""},"mobile":{"background-color":"var(--ast-global-color-5)","background-image":"","background-repeat":"repeat","background-position":"center center","background-size":"auto","background-attachment":"scroll","background-type":"","background-media":"","overlay-type":"","overlay-color":"","overlay-opacity":"","overlay-gradient":""}}},"product_brand":[3318,3319],"product_cat":[3389,3391,3392,3396,3433,3390,3467,3381,4226],"product_tag":[2268,4257,4258,4259,4260,4261,4262,4263,4264,4265,4266],"class_list":{"0":"post-20415","1":"product","2":"type-product","3":"status-publish","4":"has-post-thumbnail","6":"product_brand-maple","7":"product_brand-maplez","8":"product_cat-accessoires-longue-piste","9":"product_cat-accessoires-pour-la-longue-piste","10":"product_cat-accessoires-short-track","11":"product_cat-accessories","13":"product_cat-longue-piste","14":"product_cat-patinage-de-vitesse","15":"product_cat-patinage-de-vitesse-en-ligne","16":"product_cat-vetements","17":"product_tag-apogee","18":"product_tag-chaud","19":"product_tag-fermeture-a-glissiere-complete","20":"product_tag-panta-a-fermeture-eclair-en-erable","21":"product_tag-pantalon-a-fermeture-eclair","22":"product_tag-pantalon-a-fermeture-eclair-mapleafull","23":"product_tag-pantalon-dechauffement","24":"product_tag-pantalon-de-patinage-de-vitesse","25":"product_tag-pantalon-de-survetement-entierement-zippe-maplez","26":"product_tag-patinage-en-plein-air","27":"product_tag-qualite","28":"desktop-align-left","29":"tablet-align-left","30":"mobile-align-left","32":"first","33":"instock","34":"sale","35":"taxable","36":"shipping-taxable","37":"purchasable","38":"product-type-simple"},"acf":[],"_links":{"self":[{"href":"https:\/\/ztsports.com\/fr\/wp-json\/wp\/v2\/product\/20415","targetHints":{"allow":["GET"]}}],"collection":[{"href":"https:\/\/ztsports.com\/fr\/wp-json\/wp\/v2\/product"}],"about":[{"href":"https:\/\/ztsports.com\/fr\/wp-json\/wp\/v2\/types\/product"}],"replies":[{"embeddable":true,"href":"https:\/\/ztsports.com\/fr\/wp-json\/wp\/v2\/comments?post=20415"}],"version-history":[{"count":2,"href":"https:\/\/ztsports.com\/fr\/wp-json\/wp\/v2\/product\/20415\/revisions"}],"predecessor-version":[{"id":25476,"href":"https:\/\/ztsports.com\/fr\/wp-json\/wp\/v2\/product\/20415\/revisions\/25476"}],"wp:featuredmedia":[{"embeddable":true,"href":"https:\/\/ztsports.com\/fr\/wp-json\/wp\/v2\/media\/20417"}],"wp:attachment":[{"href":"https:\/\/ztsports.com\/fr\/wp-json\/wp\/v2\/media?parent=20415"}],"wp:term":[{"taxonomy":"product_brand","embeddable":true,"href":"https:\/\/ztsports.com\/fr\/wp-json\/wp\/v2\/product_brand?post=20415"},{"taxonomy":"product_cat","embeddable":true,"href":"https:\/\/ztsports.com\/fr\/wp-json\/wp\/v2\/product_cat?post=20415"},{"taxonomy":"product_tag","embeddable":true,"href":"https:\/\/ztsports.com\/fr\/wp-json\/wp\/v2\/product_tag?post=20415"}],"curies":[{"name":"wp","href":"https:\/\/api.w.org\/{rel}","templated":true}]}}