{"id":20411,"date":"2024-03-24T11:09:37","date_gmt":"2024-03-24T11:09:37","guid":{"rendered":"https:\/\/ztsports.com\/?post_type=product&#038;p=20411"},"modified":"2026-04-14T21:19:26","modified_gmt":"2026-04-14T21:19:26","slug":"cbc-glove-armor","status":"publish","type":"product","link":"https:\/\/ztsports.com\/fr\/store\/cbc-glove-armor\/","title":{"rendered":"CBC Glove Armor ST Carbon Fiber Tips Nouveau"},"content":{"rendered":"<h2 class=\"product_title entry-title show-product-nav\">CBC Glove Armor ST Carbon Fiber Tips<\/h2>\n<div class=\"rte small-body-text\">Les gants CBC Glove Armor et CBC Glove Armor sont des gants de protection en fibre de carbone int\u00e9grale de 3 mm lamin\u00e9s au bout des doigts dans le moule exclusif de CBC. Il est impr\u00e9gn\u00e9 de r\u00e9sine \u00e9poxy \u00e0 haute r\u00e9sistance aux chocs pour une exp\u00e9rience l\u00e9g\u00e8re comme une plume, avec une long\u00e9vit\u00e9 et des performances in\u00e9gal\u00e9es. Votre kit Glove Armor contient un grand, trois moyens et un petit bout de doigt en fibre de carbone.<\/div>\n<div id=\"Share-template--21167602073889__main\" class=\"main-product__block-share\">\n<div class=\"main-product__block-share__input input-group\">\n<p class=\"tw-data-text tw-text-large tw-ta\" dir=\"ltr\" data-placeholder=\"Translation\"><span class=\"Y2IQFc\" lang=\"en\">Ils sont extr\u00eamement l\u00e9gers et r\u00e9sistants \u00e0 la rupture. Jeu de 5 pointes en carbone CBC pour vous aider \u00e0 pivoter autour de l&#8217;Apex sans tra\u00een\u00e9e.<\/span><\/p>\n<p class=\"tw-data-text tw-text-large tw-ta\" dir=\"ltr\" data-placeholder=\"Translation\"><span class=\"Y2IQFc\" lang=\"en\"><strong>De plus, tous nos embouts Short Track sont vendus avec la colle incluse.<\/strong><\/span><\/p>\n<p dir=\"ltr\" data-placeholder=\"Translation\">Comment mettre des pointes sur des gants de patinage de vitesse ?<\/p>\n<p dir=\"ltr\" data-placeholder=\"Translation\"><strong>Glove Armor \/ &#8220;Be the Technician&#8221; (Soyez le technicien)<\/strong><\/p>\n<div id=\"_t6-uZKD1JPeAqtsPyd6pyAo_33\" class=\"bCOlv\" data-ved=\"2ahUKEwjgrO2FqImAAxV3gGoFHUlvCqkQ7NUEegQIORAE\">\n<div class=\"IZE3Td\">\n<div class=\"t0bRye r2fjmd\" data-hveid=\"CDkQBQ\" data-ved=\"2ahUKEwjgrO2FqImAAxV3gGoFHUlvCqkQu04oAHoECDkQBQ\">\n<div id=\"t6-uZKD1JPeAqtsPyd6pyAo__50\">\n<div class=\"wDYxhc\" data-md=\"83\">\n<div class=\"di3YZe\">\n<div class=\"co8aDb\" role=\"heading\" aria-level=\"3\"><b>Instructions de collage<\/b><\/div>\n<div class=\"RqBzHd\">\n<ol class=\"X5LH0c\">\n<li>Commencez par des <strong>gants propres et secs<\/strong><\/li>\n<li class=\"TrT0Xe\">Le paquet contient 5 ou 7 pointes de diff\u00e9rentes tailles. Choisissez les cinq pointes qui correspondent le mieux \u00e0 la taille de vos doigts. Adaptez les embouts de protection \u00e0 votre gant.<\/li>\n<li class=\"TrT0Xe\">Appliquez de la colle sur le bord, puis un petit point au centre de la pointe. Appliquer sur des gants propres et secs. Appuyer fermement sur le gant avec la main dans le gant.<\/li>\n<li class=\"TrT0Xe\">Attendre au moins 30 minutes avant de l&#8217;utiliser.<\/li>\n<\/ol>\n<h4>Consultez notre s\u00e9lection de gants <a href=\"https:\/\/ztsports.com\/product-category\/speed-skating-protection-equipment\/gloves\/\">ici.<\/a><\/h4>\n<p>Finley un clip de <a href=\"https:\/\/olympics.com\/en\/video\/special-skates-and-gloves-for-short-track-speed-skaters\" target=\"_blank\" rel=\"noopener\"><strong>Olympian Skates Pivotant en utilisant leurs Quick Tips<\/strong><\/a>.<\/p>\n<\/div>\n<\/div>\n<\/div>\n<\/div>\n<\/div>\n<\/div>\n<\/div>\n<pre id=\"tw-target-text\" class=\"tw-data-text tw-text-large tw-ta\" dir=\"ltr\" data-placeholder=\"Translation\"><span class=\"Y2IQFc\" lang=\"en\"><strong>Lastly check out the many different colors and types of <a href=\"https:\/\/ztsports.com\/product-category\/short-track\/quick-tips\/\">Quick Tips<\/a> here.<\/strong><\/span><\/pre>\n<\/div>\n<\/div>\n","protected":false},"excerpt":{"rendered":"<p>CBC Glove Armor ST Carbon Fiber Tips Les gants CBC Glove Armor et CBC Glove Armor sont des gants de protection en fibre de carbone int\u00e9grale de 3 mm lamin\u00e9s au bout des doigts dans le moule exclusif de CBC. Il est impr\u00e9gn\u00e9 de r\u00e9sine \u00e9poxy \u00e0 haute r\u00e9sistance aux chocs pour une exp\u00e9rience l\u00e9g\u00e8re [&hellip;]<\/p>\n","protected":false},"featured_media":20413,"comment_status":"open","ping_status":"closed","template":"","meta":{"_acf_changed":false,"_monsterinsights_skip_tracking":false,"_monsterinsights_sitenote_active":false,"_monsterinsights_sitenote_note":"","_monsterinsights_sitenote_category":0,"_uf_show_specific_survey":0,"_uf_disable_surveys":false,"site-sidebar-layout":"default","site-content-layout":"","ast-site-content-layout":"default","site-content-style":"default","site-sidebar-style":"default","ast-global-header-display":"","ast-banner-title-visibility":"","ast-main-header-display":"","ast-hfb-above-header-display":"","ast-hfb-below-header-display":"","ast-hfb-mobile-header-display":"","site-post-title":"","ast-breadcrumbs-content":"","ast-featured-img":"","footer-sml-layout":"","ast-disable-related-posts":"","theme-transparent-header-meta":"default","adv-header-id-meta":"","stick-header-meta":"","header-above-stick-meta":"","header-main-stick-meta":"","header-below-stick-meta":"","astra-migrate-meta-layouts":"set","ast-page-background-enabled":"default","ast-page-background-meta":{"desktop":{"background-color":"","background-image":"","background-repeat":"repeat","background-position":"center center","background-size":"auto","background-attachment":"scroll","background-type":"","background-media":"","overlay-type":"","overlay-color":"","overlay-opacity":"","overlay-gradient":""},"tablet":{"background-color":"","background-image":"","background-repeat":"repeat","background-position":"center center","background-size":"auto","background-attachment":"scroll","background-type":"","background-media":"","overlay-type":"","overlay-color":"","overlay-opacity":"","overlay-gradient":""},"mobile":{"background-color":"","background-image":"","background-repeat":"repeat","background-position":"center center","background-size":"auto","background-attachment":"scroll","background-type":"","background-media":"","overlay-type":"","overlay-color":"","overlay-opacity":"","overlay-gradient":""}},"ast-content-background-meta":{"desktop":{"background-color":"var(--ast-global-color-5)","background-image":"","background-repeat":"repeat","background-position":"center center","background-size":"auto","background-attachment":"scroll","background-type":"","background-media":"","overlay-type":"","overlay-color":"","overlay-opacity":"","overlay-gradient":""},"tablet":{"background-color":"var(--ast-global-color-5)","background-image":"","background-repeat":"repeat","background-position":"center center","background-size":"auto","background-attachment":"scroll","background-type":"","background-media":"","overlay-type":"","overlay-color":"","overlay-opacity":"","overlay-gradient":""},"mobile":{"background-color":"var(--ast-global-color-5)","background-image":"","background-repeat":"repeat","background-position":"center center","background-size":"auto","background-attachment":"scroll","background-type":"","background-media":"","overlay-type":"","overlay-color":"","overlay-opacity":"","overlay-gradient":""}}},"product_brand":[3290],"product_cat":[3392,4005,4003,4004,3395,3483,3480,3481,3467],"product_tag":[2124,4006,4033,4008,4009,3533,4126,4256,4014,2785],"class_list":{"0":"post-20411","1":"product","2":"type-product","3":"status-publish","4":"has-post-thumbnail","6":"product_brand-cbc","7":"product_cat-accessoires-short-track","8":"product_cat-conseils-rapides","11":"product_cat-courte-piste","12":"product_cat-gants","13":"product_cat-gants-blancs","14":"product_cat-gants-pour-short-track","15":"product_cat-patinage-de-vitesse","16":"product_tag-cbc","17":"product_tag-conseils-de-vitesse","18":"product_tag-conseils-en-matiere-de-carbone","19":"product_tag-conseils-pour-les-gants-de-patinage-de-vitesse","20":"product_tag-conseils-rapides","21":"product_tag-gant-de-short-track","22":"product_tag-gants-darmure","23":"product_tag-gants-darmure-cbc","24":"product_tag-pointes-en-fibre-de-carbone","25":"product_tag-quicktips","26":"desktop-align-left","27":"tablet-align-left","28":"mobile-align-left","30":"first","31":"instock","32":"taxable","33":"shipping-taxable","34":"purchasable","35":"product-type-simple"},"acf":[],"_links":{"self":[{"href":"https:\/\/ztsports.com\/fr\/wp-json\/wp\/v2\/product\/20411","targetHints":{"allow":["GET"]}}],"collection":[{"href":"https:\/\/ztsports.com\/fr\/wp-json\/wp\/v2\/product"}],"about":[{"href":"https:\/\/ztsports.com\/fr\/wp-json\/wp\/v2\/types\/product"}],"replies":[{"embeddable":true,"href":"https:\/\/ztsports.com\/fr\/wp-json\/wp\/v2\/comments?post=20411"}],"version-history":[{"count":2,"href":"https:\/\/ztsports.com\/fr\/wp-json\/wp\/v2\/product\/20411\/revisions"}],"predecessor-version":[{"id":25475,"href":"https:\/\/ztsports.com\/fr\/wp-json\/wp\/v2\/product\/20411\/revisions\/25475"}],"wp:featuredmedia":[{"embeddable":true,"href":"https:\/\/ztsports.com\/fr\/wp-json\/wp\/v2\/media\/20413"}],"wp:attachment":[{"href":"https:\/\/ztsports.com\/fr\/wp-json\/wp\/v2\/media?parent=20411"}],"wp:term":[{"taxonomy":"product_brand","embeddable":true,"href":"https:\/\/ztsports.com\/fr\/wp-json\/wp\/v2\/product_brand?post=20411"},{"taxonomy":"product_cat","embeddable":true,"href":"https:\/\/ztsports.com\/fr\/wp-json\/wp\/v2\/product_cat?post=20411"},{"taxonomy":"product_tag","embeddable":true,"href":"https:\/\/ztsports.com\/fr\/wp-json\/wp\/v2\/product_tag?post=20411"}],"curies":[{"name":"wp","href":"https:\/\/api.w.org\/{rel}","templated":true}]}}