{"id":20405,"date":"2024-03-22T13:50:59","date_gmt":"2024-03-22T13:50:59","guid":{"rendered":"https:\/\/ztsports.com\/?post_type=product&#038;p=20405"},"modified":"2026-01-23T16:59:08","modified_gmt":"2026-01-23T16:59:08","slug":"gants-nagano-premium","status":"publish","type":"product","link":"https:\/\/ztsports.com\/fr\/store\/gants-nagano-premium\/","title":{"rendered":"Gants Nagano Premium"},"content":{"rendered":"<h1>Gants Nagano Premium<\/h1>\n<p>Gants blancs Premium de Nagano Skate con\u00e7us pour les patineurs de vitesse. avec des graphiques lumineux pour repr\u00e9senter votre vitesse sur la glace.<\/p>\n<p>Fabriqu\u00e9 \u00e0 partir d&#8217;une combinaison d&#8217;Imperium, de cuir et d&#8217;\u00e9lasthanne, le mod\u00e8le Premium est plus chaud et plus \u00e9pais que le mod\u00e8le standard. En revanche, il est l\u00e9g\u00e8rement moins &#8220;Sleek&#8221; (&#8220;racing&#8221;) que les gants Nagano 2.0 standard.<\/p>\n<p>Certification EN388 : Niveau 4+<\/p>\n<p>Tailles disponibles :<\/p>\n<ul>\n<li>XXS<\/li>\n<li>XS<\/li>\n<li>S<\/li>\n<li>M<\/li>\n<li>L<\/li>\n<li>XL<\/li>\n<\/ul>\n<p>D\u00e9couvrez tous nos produits <a href=\"https:\/\/ztsports.com\/brand\/nagano\/\"><strong>Nagano ici.<\/strong><\/a><\/p>\n<p>Enfin voir tous les gants <a href=\"https:\/\/ztsports.com\/product-category\/protection\/gloves\/\"><strong>gants de piste<\/strong><\/a> ici.<\/p>\n","protected":false},"excerpt":{"rendered":"<p>Gants Nagano Premium Gants blancs Premium de Nagano Skate con\u00e7us pour les patineurs de vitesse. avec des graphiques lumineux pour repr\u00e9senter votre vitesse sur la glace. Fabriqu\u00e9 \u00e0 partir d&#8217;une combinaison d&#8217;Imperium, de cuir et d&#8217;\u00e9lasthanne, le mod\u00e8le Premium est plus chaud et plus \u00e9pais que le mod\u00e8le standard. En revanche, il est l\u00e9g\u00e8rement moins [&hellip;]<\/p>\n","protected":false},"featured_media":20407,"comment_status":"open","ping_status":"closed","template":"","meta":{"_acf_changed":false,"_monsterinsights_skip_tracking":false,"_monsterinsights_sitenote_active":false,"_monsterinsights_sitenote_note":"","_monsterinsights_sitenote_category":0,"_uf_show_specific_survey":0,"_uf_disable_surveys":false,"site-sidebar-layout":"default","site-content-layout":"","ast-site-content-layout":"default","site-content-style":"default","site-sidebar-style":"default","ast-global-header-display":"","ast-banner-title-visibility":"","ast-main-header-display":"","ast-hfb-above-header-display":"","ast-hfb-below-header-display":"","ast-hfb-mobile-header-display":"","site-post-title":"","ast-breadcrumbs-content":"","ast-featured-img":"","footer-sml-layout":"","ast-disable-related-posts":"","theme-transparent-header-meta":"","adv-header-id-meta":"","stick-header-meta":"","header-above-stick-meta":"","header-main-stick-meta":"","header-below-stick-meta":"","astra-migrate-meta-layouts":"default","ast-page-background-enabled":"default","ast-page-background-meta":{"desktop":{"background-color":"","background-image":"","background-repeat":"repeat","background-position":"center center","background-size":"auto","background-attachment":"scroll","background-type":"","background-media":"","overlay-type":"","overlay-color":"","overlay-opacity":"","overlay-gradient":""},"tablet":{"background-color":"","background-image":"","background-repeat":"repeat","background-position":"center center","background-size":"auto","background-attachment":"scroll","background-type":"","background-media":"","overlay-type":"","overlay-color":"","overlay-opacity":"","overlay-gradient":""},"mobile":{"background-color":"","background-image":"","background-repeat":"repeat","background-position":"center center","background-size":"auto","background-attachment":"scroll","background-type":"","background-media":"","overlay-type":"","overlay-color":"","overlay-opacity":"","overlay-gradient":""}},"ast-content-background-meta":{"desktop":{"background-color":"var(--ast-global-color-5)","background-image":"","background-repeat":"repeat","background-position":"center center","background-size":"auto","background-attachment":"scroll","background-type":"","background-media":"","overlay-type":"","overlay-color":"","overlay-opacity":"","overlay-gradient":""},"tablet":{"background-color":"var(--ast-global-color-5)","background-image":"","background-repeat":"repeat","background-position":"center center","background-size":"auto","background-attachment":"scroll","background-type":"","background-media":"","overlay-type":"","overlay-color":"","overlay-opacity":"","overlay-gradient":""},"mobile":{"background-color":"var(--ast-global-color-5)","background-image":"","background-repeat":"repeat","background-position":"center center","background-size":"auto","background-attachment":"scroll","background-type":"","background-media":"","overlay-type":"","overlay-color":"","overlay-opacity":"","overlay-gradient":""}}},"product_brand":[3285,3326,3358,3361,3360],"product_cat":[3392,3396,3395,3750,3483,3480,3536,3481,3467,3482],"product_tag":[4106,3749,3485,3533,4254,4255,2071,3961,1794],"class_list":{"0":"post-20405","1":"product","2":"type-product","3":"status-publish","4":"has-post-thumbnail","6":"product_brand-bont","7":"product_brand-nagano","8":"product_brand-x-series","9":"product_brand-x-series-xact","10":"product_brand-xact","11":"product_cat-accessoires-short-track","12":"product_cat-accessories","13":"product_cat-courte-piste","14":"product_cat-equipement-de-protection-pour-le-patinage-de-vitesse","15":"product_cat-gants","16":"product_cat-gants-blancs","17":"product_cat-gants-de-patinage-de-vitesse","18":"product_cat-gants-pour-short-track","19":"product_cat-patinage-de-vitesse","20":"product_cat-protection-contre-les-coupures","21":"product_tag-cadeaux-pour-patineurs","22":"product_tag-gant-de-patinage-chaud","23":"product_tag-gant-de-patinage-de-vitesse","24":"product_tag-gant-de-short-track","25":"product_tag-gants-de-qualite-superieure","26":"product_tag-gants-nagano-premium","27":"product_tag-nagano","28":"product_tag-patinage-de-vitesse-gant-blanc","29":"product_tag-speed-skating","30":"desktop-align-left","31":"tablet-align-left","32":"mobile-align-left","34":"first","35":"instock","36":"sale","37":"taxable","38":"shipping-taxable","39":"purchasable","40":"product-type-simple"},"acf":[],"_links":{"self":[{"href":"https:\/\/ztsports.com\/fr\/wp-json\/wp\/v2\/product\/20405","targetHints":{"allow":["GET"]}}],"collection":[{"href":"https:\/\/ztsports.com\/fr\/wp-json\/wp\/v2\/product"}],"about":[{"href":"https:\/\/ztsports.com\/fr\/wp-json\/wp\/v2\/types\/product"}],"replies":[{"embeddable":true,"href":"https:\/\/ztsports.com\/fr\/wp-json\/wp\/v2\/comments?post=20405"}],"version-history":[{"count":1,"href":"https:\/\/ztsports.com\/fr\/wp-json\/wp\/v2\/product\/20405\/revisions"}],"predecessor-version":[{"id":20406,"href":"https:\/\/ztsports.com\/fr\/wp-json\/wp\/v2\/product\/20405\/revisions\/20406"}],"wp:featuredmedia":[{"embeddable":true,"href":"https:\/\/ztsports.com\/fr\/wp-json\/wp\/v2\/media\/20407"}],"wp:attachment":[{"href":"https:\/\/ztsports.com\/fr\/wp-json\/wp\/v2\/media?parent=20405"}],"wp:term":[{"taxonomy":"product_brand","embeddable":true,"href":"https:\/\/ztsports.com\/fr\/wp-json\/wp\/v2\/product_brand?post=20405"},{"taxonomy":"product_cat","embeddable":true,"href":"https:\/\/ztsports.com\/fr\/wp-json\/wp\/v2\/product_cat?post=20405"},{"taxonomy":"product_tag","embeddable":true,"href":"https:\/\/ztsports.com\/fr\/wp-json\/wp\/v2\/product_tag?post=20405"}],"curies":[{"name":"wp","href":"https:\/\/api.w.org\/{rel}","templated":true}]}}