{"id":20399,"date":"2024-03-21T17:12:45","date_gmt":"2024-03-21T17:12:45","guid":{"rendered":"https:\/\/ztsports.com\/?post_type=product&#038;p=20399"},"modified":"2026-04-14T21:15:47","modified_gmt":"2026-04-14T21:15:47","slug":"gant-de-patinage-en-cuir-xact","status":"publish","type":"product","link":"https:\/\/ztsports.com\/fr\/store\/gant-de-patinage-en-cuir-xact\/","title":{"rendered":"Gant de patinage en cuir XACT avec bouts de doigts renforc\u00e9s"},"content":{"rendered":"<p>Le gant de patinage en cuir Xact, maintenant avec des bouts de doigts renforc\u00e9s.<\/p>\n<p>Le gant parfait pour le d\u00e9butant. Tr\u00e8s bonne tenue, cuir de ch\u00e8vre de haute qualit\u00e9.<\/p>\n<p>Ce gant de patinage en cuir est devenu le gant le plus vendu pour les patineurs d\u00e9butants et interm\u00e9diaires.<\/p>\n<p>Le cuir de ch\u00e8vre de haute qualit\u00e9 offre une excellente tenue.<\/p>\n<p>&#8211; Syst\u00e8me de fermeture par velcro<\/p>\n<p>&#8211; Disponible en taille 0-10 (nouveau 0,1,2)<\/p>\n<p>&#8211; Doublure confortable pour la chaleur<\/p>\n<p>-Cuir de ch\u00e8vre de haute qualit\u00e9<\/p>\n<p>&#8211; Un mat\u00e9riau noir brillant a \u00e9t\u00e9 ajout\u00e9 au bout des doigts pour une meilleure protection.<\/p>\n<p><strong><span class=\"Y2IQFc\" lang=\"en\">FPVQ ET <a href=\"https:\/\/www.ontariospeedskating.ca\/safety-equipment\" target=\"_blank\" rel=\"noopener\">OSSA : Accessoire obligatoire<\/a> en comp\u00e9tition.<\/span><\/strong><\/p>\n<p>Enfin voir tous les gants <a href=\"https:\/\/ztsports.com\/categorie-produit\/protection\/gants\/?lang=fr\"><strong>gants de piste<\/strong><\/a> ici.<\/p>\n","protected":false},"excerpt":{"rendered":"<p>Le gant de patinage en cuir Xact, maintenant avec des bouts de doigts renforc\u00e9s. Le gant parfait pour le d\u00e9butant. Tr\u00e8s bonne tenue, cuir de ch\u00e8vre de haute qualit\u00e9. Ce gant de patinage en cuir est devenu le gant le plus vendu pour les patineurs d\u00e9butants et interm\u00e9diaires. Le cuir de ch\u00e8vre de haute qualit\u00e9 [&hellip;]<\/p>\n","protected":false},"featured_media":20401,"comment_status":"open","ping_status":"closed","template":"","meta":{"_acf_changed":false,"_monsterinsights_skip_tracking":false,"_monsterinsights_sitenote_active":false,"_monsterinsights_sitenote_note":"","_monsterinsights_sitenote_category":0,"_uf_show_specific_survey":0,"_uf_disable_surveys":false,"site-sidebar-layout":"default","site-content-layout":"","ast-site-content-layout":"default","site-content-style":"default","site-sidebar-style":"default","ast-global-header-display":"","ast-banner-title-visibility":"","ast-main-header-display":"","ast-hfb-above-header-display":"","ast-hfb-below-header-display":"","ast-hfb-mobile-header-display":"","site-post-title":"","ast-breadcrumbs-content":"","ast-featured-img":"","footer-sml-layout":"","ast-disable-related-posts":"","theme-transparent-header-meta":"default","adv-header-id-meta":"","stick-header-meta":"","header-above-stick-meta":"","header-main-stick-meta":"","header-below-stick-meta":"","astra-migrate-meta-layouts":"set","ast-page-background-enabled":"default","ast-page-background-meta":{"desktop":{"background-color":"","background-image":"","background-repeat":"repeat","background-position":"center center","background-size":"auto","background-attachment":"scroll","background-type":"","background-media":"","overlay-type":"","overlay-color":"","overlay-opacity":"","overlay-gradient":""},"tablet":{"background-color":"","background-image":"","background-repeat":"repeat","background-position":"center center","background-size":"auto","background-attachment":"scroll","background-type":"","background-media":"","overlay-type":"","overlay-color":"","overlay-opacity":"","overlay-gradient":""},"mobile":{"background-color":"","background-image":"","background-repeat":"repeat","background-position":"center center","background-size":"auto","background-attachment":"scroll","background-type":"","background-media":"","overlay-type":"","overlay-color":"","overlay-opacity":"","overlay-gradient":""}},"ast-content-background-meta":{"desktop":{"background-color":"var(--ast-global-color-5)","background-image":"","background-repeat":"repeat","background-position":"center center","background-size":"auto","background-attachment":"scroll","background-type":"","background-media":"","overlay-type":"","overlay-color":"","overlay-opacity":"","overlay-gradient":""},"tablet":{"background-color":"var(--ast-global-color-5)","background-image":"","background-repeat":"repeat","background-position":"center center","background-size":"auto","background-attachment":"scroll","background-type":"","background-media":"","overlay-type":"","overlay-color":"","overlay-opacity":"","overlay-gradient":""},"mobile":{"background-color":"var(--ast-global-color-5)","background-image":"","background-repeat":"repeat","background-position":"center center","background-size":"auto","background-attachment":"scroll","background-type":"","background-media":"","overlay-type":"","overlay-color":"","overlay-opacity":"","overlay-gradient":""}}},"product_brand":[3358,3361,3360],"product_cat":[3395,3483,3481,3482],"product_tag":[4013,2419,3751,2963,2964,3749,3485,4252,3533,3999,4253,3788,2425,3961],"class_list":{"0":"post-20399","1":"product","2":"type-product","3":"status-publish","4":"has-post-thumbnail","6":"product_brand-x-series","7":"product_brand-x-series-xact","8":"product_brand-xact","9":"product_cat-courte-piste","10":"product_cat-gants","11":"product_cat-gants-pour-short-track","12":"product_cat-protection-contre-les-coupures","13":"product_tag-conseils-sur-les-gants-pour-les-pistes-courtes","14":"product_tag-courte-piste","15":"product_tag-cuir","16":"product_tag-equipement-de-patin","17":"product_tag-gant-de-patin","18":"product_tag-gant-de-patinage-chaud","19":"product_tag-gant-de-patinage-de-vitesse","20":"product_tag-gant-de-patinage-en-cuir-xact","21":"product_tag-gant-de-short-track","22":"product_tag-gants-de-patinage","23":"product_tag-materiel-de-patinage","24":"product_tag-nouveau","25":"product_tag-patin-de-vitesse","26":"product_tag-patinage-de-vitesse-gant-blanc","27":"desktop-align-left","28":"tablet-align-left","29":"mobile-align-left","31":"first","32":"instock","33":"taxable","34":"shipping-taxable","35":"purchasable","36":"product-type-simple"},"acf":[],"_links":{"self":[{"href":"https:\/\/ztsports.com\/fr\/wp-json\/wp\/v2\/product\/20399","targetHints":{"allow":["GET"]}}],"collection":[{"href":"https:\/\/ztsports.com\/fr\/wp-json\/wp\/v2\/product"}],"about":[{"href":"https:\/\/ztsports.com\/fr\/wp-json\/wp\/v2\/types\/product"}],"replies":[{"embeddable":true,"href":"https:\/\/ztsports.com\/fr\/wp-json\/wp\/v2\/comments?post=20399"}],"version-history":[{"count":1,"href":"https:\/\/ztsports.com\/fr\/wp-json\/wp\/v2\/product\/20399\/revisions"}],"predecessor-version":[{"id":20400,"href":"https:\/\/ztsports.com\/fr\/wp-json\/wp\/v2\/product\/20399\/revisions\/20400"}],"wp:featuredmedia":[{"embeddable":true,"href":"https:\/\/ztsports.com\/fr\/wp-json\/wp\/v2\/media\/20401"}],"wp:attachment":[{"href":"https:\/\/ztsports.com\/fr\/wp-json\/wp\/v2\/media?parent=20399"}],"wp:term":[{"taxonomy":"product_brand","embeddable":true,"href":"https:\/\/ztsports.com\/fr\/wp-json\/wp\/v2\/product_brand?post=20399"},{"taxonomy":"product_cat","embeddable":true,"href":"https:\/\/ztsports.com\/fr\/wp-json\/wp\/v2\/product_cat?post=20399"},{"taxonomy":"product_tag","embeddable":true,"href":"https:\/\/ztsports.com\/fr\/wp-json\/wp\/v2\/product_tag?post=20399"}],"curies":[{"name":"wp","href":"https:\/\/api.w.org\/{rel}","templated":true}]}}