{"id":20393,"date":"2024-03-18T12:12:37","date_gmt":"2024-03-18T12:12:37","guid":{"rendered":"https:\/\/ztsports.com\/?post_type=product&#038;p=20393"},"modified":"2026-04-14T21:20:16","modified_gmt":"2026-04-14T21:20:16","slug":"cadre-en-ligne-2pf-6061","status":"publish","type":"product","link":"https:\/\/ztsports.com\/fr\/store\/cadre-en-ligne-2pf-6061\/","title":{"rendered":"Cadre en ligne 2PF 6061 Bont"},"content":{"rendered":"<h1 class=\"h2 product-single__title\">Cadre en ligne 2PF 6061<\/h1>\n<p>Le Cadre en ligne 2PF 6061 Bont pour le patinage de vitesse vous permet d&#8217;acc\u00e9der \u00e0 la derni\u00e8re technologie de Bont \u00e0 un prix abordable. Le cadre 6061 applique les m\u00eames principes que le cadre 7050 avec la m\u00eame esth\u00e9tique.<\/p>\n<p>Ce cadre utilise de l&#8217;aluminium 6061 de qualit\u00e9 a\u00e9ronautique et les simulations de test de stress par ordinateur les plus avanc\u00e9es au monde pour les cadres en ligne. La qualit\u00e9 des cadres de Bont est in\u00e9gal\u00e9e. Bont n&#8217;a pas connu une seule fissure de cadre en plus de 20 ans.<\/p>\n<h3>Cadre en ligne 2PF 6061<\/h3>\n<ul>\n<li><strong>Montage :<\/strong> 2 points 150mm &#8211; 195mm<\/li>\n<li><strong>Longueur et poids :<\/strong> 13.2&#8243;:216g \/ 12.6&#8243;:199g \/ 12&#8243;:188g \/ 11.25&#8243;:191g \/ 10.25&#8243;:186g \/ 9.6&#8243;:177g<\/li>\n<li><strong>Hauteur du plateau (de l&#8217;axe central au sommet du cadre) :<\/strong> 13.2&#8243; : Avant 48,5 Arri\u00e8re 59,5 \/ 12,6&#8243; : Avant 46 Arri\u00e8re 57 \/ 12&#8243; : Avant 43,5 Arri\u00e8re 54,5 \/ 11,25&#8243; : Avant 43.5 Arri\u00e8re 54.5 \/ 10.25&#8243; : Avant 43.5 Arri\u00e8re 54.5 \/ 9.6&#8243; : Avant 43.5 Arri\u00e8re 55.5<\/li>\n<li><strong>Mat\u00e9riau :<\/strong> 6061<\/li>\n<li><strong>Fabriqu\u00e9 \u00e0 :<\/strong> Ta\u00efwan<\/li>\n<li>Remarque : les cadres de 9,6&#8243; 804 (150 mm-165 mm) et de 10,25&#8243; 844 (150 mm-165 mm) ont des supports verticaux.<\/li>\n<\/ul>\n<p>1 paire de cadres avec axes, entretoises et cl\u00e9 Allen.<\/p>\n<h3>Cadre en ligne 2PF 6061<\/h3>\n<p>Les essieux fournis avec ce cadre sont de la s\u00e9rie 7000. Cela permet de s&#8217;assurer qu&#8217;ils ne s&#8217;effritent pas. Ce cadre est parfait pour les enfants et les patineurs adultes. Il convient \u00e9galement aux gar\u00e7ons et aux filles, aux hommes et aux femmes.<\/p>\n<p>Si vous cherchez \u00e0 acheter des cadres de course en ligne, vous pouvez consid\u00e9rer le cadre de course en ligne Bont 6061.<\/p>\n<p><em>Le kit de montage Bont ne sera fourni gratuitement que lors de l&#8217;achat de bottes\/paquets.<\/em><\/p>\n<p>Consultez notre grande vari\u00e9t\u00e9 de cadres pour le patinage de vitesse en ligne <a href=\"https:\/\/ztsports.com\/product-category\/inline-speed-skating\/frames\/\"><strong>cadres de patinage de vitesse en ligne ici<\/strong><\/a>.<\/p>\n","protected":false},"excerpt":{"rendered":"<p>Cadre en ligne 2PF 6061 Le Cadre en ligne 2PF 6061 Bont pour le patinage de vitesse vous permet d&#8217;acc\u00e9der \u00e0 la derni\u00e8re technologie de Bont \u00e0 un prix abordable. Le cadre 6061 applique les m\u00eames principes que le cadre 7050 avec la m\u00eame esth\u00e9tique. Ce cadre utilise de l&#8217;aluminium 6061 de qualit\u00e9 a\u00e9ronautique et [&hellip;]<\/p>\n","protected":false},"featured_media":20395,"comment_status":"open","ping_status":"closed","template":"","meta":{"_acf_changed":false,"_monsterinsights_skip_tracking":false,"_monsterinsights_sitenote_active":false,"_monsterinsights_sitenote_note":"","_monsterinsights_sitenote_category":0,"_uf_show_specific_survey":0,"_uf_disable_surveys":false,"site-sidebar-layout":"default","site-content-layout":"","ast-site-content-layout":"default","site-content-style":"default","site-sidebar-style":"default","ast-global-header-display":"","ast-banner-title-visibility":"","ast-main-header-display":"","ast-hfb-above-header-display":"","ast-hfb-below-header-display":"","ast-hfb-mobile-header-display":"","site-post-title":"","ast-breadcrumbs-content":"","ast-featured-img":"","footer-sml-layout":"","ast-disable-related-posts":"","theme-transparent-header-meta":"default","adv-header-id-meta":"","stick-header-meta":"","header-above-stick-meta":"","header-main-stick-meta":"","header-below-stick-meta":"","astra-migrate-meta-layouts":"set","ast-page-background-enabled":"default","ast-page-background-meta":{"desktop":{"background-color":"","background-image":"","background-repeat":"repeat","background-position":"center center","background-size":"auto","background-attachment":"scroll","background-type":"","background-media":"","overlay-type":"","overlay-color":"","overlay-opacity":"","overlay-gradient":""},"tablet":{"background-color":"","background-image":"","background-repeat":"repeat","background-position":"center center","background-size":"auto","background-attachment":"scroll","background-type":"","background-media":"","overlay-type":"","overlay-color":"","overlay-opacity":"","overlay-gradient":""},"mobile":{"background-color":"","background-image":"","background-repeat":"repeat","background-position":"center center","background-size":"auto","background-attachment":"scroll","background-type":"","background-media":"","overlay-type":"","overlay-color":"","overlay-opacity":"","overlay-gradient":""}},"ast-content-background-meta":{"desktop":{"background-color":"var(--ast-global-color-5)","background-image":"","background-repeat":"repeat","background-position":"center center","background-size":"auto","background-attachment":"scroll","background-type":"","background-media":"","overlay-type":"","overlay-color":"","overlay-opacity":"","overlay-gradient":""},"tablet":{"background-color":"var(--ast-global-color-5)","background-image":"","background-repeat":"repeat","background-position":"center center","background-size":"auto","background-attachment":"scroll","background-type":"","background-media":"","overlay-type":"","overlay-color":"","overlay-opacity":"","overlay-gradient":""},"mobile":{"background-color":"var(--ast-global-color-5)","background-image":"","background-repeat":"repeat","background-position":"center center","background-size":"auto","background-attachment":"scroll","background-type":"","background-media":"","overlay-type":"","overlay-color":"","overlay-opacity":"","overlay-gradient":""}}},"product_brand":[3285],"product_cat":[3434,3402,3381],"product_tag":[2961,2541,4251,3695,3546,2064],"class_list":{"0":"post-20393","1":"product","2":"type-product","3":"status-publish","4":"has-post-thumbnail","6":"product_brand-bont","7":"product_cat-cadres","8":"product_cat-en-ligne","9":"product_cat-patinage-de-vitesse-en-ligne","10":"product_tag-bont-2pf-6061","11":"product_tag-bont-inline","12":"product_tag-cadre-de-vitesse-en-ligne","13":"product_tag-cadre-en-ligne","14":"product_tag-equipement-de-patinage-de-vitesse-en-ligne","15":"product_tag-inline-speed-skating","16":"desktop-align-left","17":"tablet-align-left","18":"mobile-align-left","20":"first","21":"instock","22":"taxable","23":"shipping-taxable","24":"purchasable","25":"product-type-simple"},"acf":[],"_links":{"self":[{"href":"https:\/\/ztsports.com\/fr\/wp-json\/wp\/v2\/product\/20393","targetHints":{"allow":["GET"]}}],"collection":[{"href":"https:\/\/ztsports.com\/fr\/wp-json\/wp\/v2\/product"}],"about":[{"href":"https:\/\/ztsports.com\/fr\/wp-json\/wp\/v2\/types\/product"}],"replies":[{"embeddable":true,"href":"https:\/\/ztsports.com\/fr\/wp-json\/wp\/v2\/comments?post=20393"}],"version-history":[{"count":1,"href":"https:\/\/ztsports.com\/fr\/wp-json\/wp\/v2\/product\/20393\/revisions"}],"predecessor-version":[{"id":20394,"href":"https:\/\/ztsports.com\/fr\/wp-json\/wp\/v2\/product\/20393\/revisions\/20394"}],"wp:featuredmedia":[{"embeddable":true,"href":"https:\/\/ztsports.com\/fr\/wp-json\/wp\/v2\/media\/20395"}],"wp:attachment":[{"href":"https:\/\/ztsports.com\/fr\/wp-json\/wp\/v2\/media?parent=20393"}],"wp:term":[{"taxonomy":"product_brand","embeddable":true,"href":"https:\/\/ztsports.com\/fr\/wp-json\/wp\/v2\/product_brand?post=20393"},{"taxonomy":"product_cat","embeddable":true,"href":"https:\/\/ztsports.com\/fr\/wp-json\/wp\/v2\/product_cat?post=20393"},{"taxonomy":"product_tag","embeddable":true,"href":"https:\/\/ztsports.com\/fr\/wp-json\/wp\/v2\/product_tag?post=20393"}],"curies":[{"name":"wp","href":"https:\/\/api.w.org\/{rel}","templated":true}]}}