{"id":20387,"date":"2024-03-18T10:53:11","date_gmt":"2024-03-18T10:53:11","guid":{"rendered":"https:\/\/ztsports.com\/?post_type=product&#038;p=20387"},"modified":"2026-04-14T21:12:34","modified_gmt":"2026-04-14T21:12:34","slug":"jet-inline-speed-skates","status":"publish","type":"product","link":"https:\/\/ztsports.com\/fr\/store\/jet-inline-speed-skates\/","title":{"rendered":"Jet Inline Speed Skates"},"content":{"rendered":"<h1 class=\"h2 product-single__title\">Jet Inline Speed Skates<\/h1>\n<p>Le Bont Jet Inline Speed Skates est le patin de vitesse en ligne le plus populaire au monde, et ce pour une bonne raison : il offre un excellent rapport qualit\u00e9-prix. Parfaite pour tous les niveaux de patinage de vitesse, la chaussure de course est confortable et soutenue. Elle est fabriqu\u00e9e \u00e0 la main gr\u00e2ce \u00e0 la technique unique de fabrication en une seule pi\u00e8ce de Bont.<\/p>\n<div>\n<h3>Jet Inline Speed Skates<\/h3>\n<div>Le Jet skate est d&#8217;abord construit autour d&#8217;une forme qui a \u00e9t\u00e9 modifi\u00e9e et am\u00e9lior\u00e9e pendant plus de 45 ans par M. Inze Bont. La fibre de carbone et la fibre de verre sont pos\u00e9es \u00e0 la main autour de la mousse \u00e0 m\u00e9moire de forme, ce qui garantit une base tr\u00e8s l\u00e9g\u00e8re et solide.<\/div>\n<div>Notre r\u00e9sine \u00e9poxy est la plus thermoformable de l&#8217;industrie et la botte est munie de rubans anti-\u00e9tirement qui garantissent que la botte ne s&#8217;\u00e9tire pas au fil du temps. Faites passer votre patinage de vitesse au niveau sup\u00e9rieur avec le patin de course en ligne Bont Jet.<\/div>\n<\/div>\n<p><strong>Features<\/strong><\/p>\n<ul class=\"features\">\n<li><strong>Base :<\/strong> Composite de carbone<\/li>\n<li><strong>Rev\u00eatement ext\u00e9rieur :<\/strong> Microfibre<\/li>\n<li><strong>Doublure : Microfibre<\/strong><\/li>\n<li><strong>Pas :<\/strong> 12mm<\/li>\n<li><strong>Ouvertures d&#8217;a\u00e9ration :<\/strong> Dessus des orteils et languette<\/li>\n<li><strong>Semelle int\u00e9rieure :<\/strong> EVA thermo-moulable<\/li>\n<li><strong>Heat moldable:<\/strong> Fully heat moldable base utilizing epoxy thermoset resin<\/li>\n<li>Rembourrage : <strong>Mousse \u00e0 m\u00e9moire de forme <\/strong><\/li>\n<li><strong>Protection : <\/strong>Pare-chocs avant en caoutchouc*<\/li>\n<li><strong>V\u00e9g\u00e9talien : Oui<\/strong><\/li>\n<li><strong>Le paquet comprend :<\/strong> Bottes, cadres, roues, roulements, entretoises, roulements, boulons de montage et lacets.<\/li>\n<\/ul>\n<h3>Jet Inline Speed Skates<\/h3>\n<p>* Le Jet s&#8217;inscrit dans une longue lign\u00e9e de patins de vitesse en ligne Bont. Ce patin a \u00e9volu\u00e9 \u00e0 partir du Bont Sharkie et s&#8217;est vendu \u00e0 plus de 1,4 million de paires depuis son lancement en 1980. La botte a subi de nombreuses am\u00e9liorations depuis lors, car elle a d\u00fb s&#8217;adapter \u00e0 des vitesses plus \u00e9lev\u00e9es et \u00e0 des roues plus grandes.<\/p>\n<p>Le patin de vitesse en ligne Jet est aujourd&#8217;hui environ 40 % plus r\u00e9sistant que lorsqu&#8217;il a \u00e9t\u00e9 fabriqu\u00e9 pour la premi\u00e8re fois, notamment gr\u00e2ce \u00e0 l&#8217;utilisation de la fibre de carbone. M\u00eame si le processus de fabrication d&#8217;une botte en une pi\u00e8ce est plus long et plus co\u00fbteux que celui d&#8217;une botte en deux pi\u00e8ces, nous continuons \u00e0 la fabriquer de la m\u00eame mani\u00e8re que depuis 1980.<\/p>\n<ul>\n<li>Patins \u00e0 4 roues Jet Inline 110mm.<\/li>\n<li>Jet Inline 125mm 3 roues.<\/li>\n<\/ul>\n<p><strong>*Les bottes de 195 mm peuvent \u00eatre command\u00e9es \u00e0 partir de la taille 3,5.<\/strong><\/p>\n","protected":false},"excerpt":{"rendered":"<p>Jet Inline Speed Skates Le Bont Jet Inline Speed Skates est le patin de vitesse en ligne le plus populaire au monde, et ce pour une bonne raison : il offre un excellent rapport qualit\u00e9-prix. Parfaite pour tous les niveaux de patinage de vitesse, la chaussure de course est confortable et soutenue. Elle est fabriqu\u00e9e [&hellip;]<\/p>\n","protected":false},"featured_media":20389,"comment_status":"open","ping_status":"closed","template":"","meta":{"_acf_changed":false,"_monsterinsights_skip_tracking":false,"_monsterinsights_sitenote_active":false,"_monsterinsights_sitenote_note":"","_monsterinsights_sitenote_category":0,"_uf_show_specific_survey":0,"_uf_disable_surveys":false,"site-sidebar-layout":"default","site-content-layout":"","ast-site-content-layout":"default","site-content-style":"default","site-sidebar-style":"default","ast-global-header-display":"","ast-banner-title-visibility":"","ast-main-header-display":"","ast-hfb-above-header-display":"","ast-hfb-below-header-display":"","ast-hfb-mobile-header-display":"","site-post-title":"","ast-breadcrumbs-content":"","ast-featured-img":"","footer-sml-layout":"","ast-disable-related-posts":"","theme-transparent-header-meta":"default","adv-header-id-meta":"","stick-header-meta":"","header-above-stick-meta":"","header-main-stick-meta":"","header-below-stick-meta":"","astra-migrate-meta-layouts":"set","ast-page-background-enabled":"default","ast-page-background-meta":{"desktop":{"background-color":"","background-image":"","background-repeat":"repeat","background-position":"center center","background-size":"auto","background-attachment":"scroll","background-type":"","background-media":"","overlay-type":"","overlay-color":"","overlay-opacity":"","overlay-gradient":""},"tablet":{"background-color":"","background-image":"","background-repeat":"repeat","background-position":"center center","background-size":"auto","background-attachment":"scroll","background-type":"","background-media":"","overlay-type":"","overlay-color":"","overlay-opacity":"","overlay-gradient":""},"mobile":{"background-color":"","background-image":"","background-repeat":"repeat","background-position":"center center","background-size":"auto","background-attachment":"scroll","background-type":"","background-media":"","overlay-type":"","overlay-color":"","overlay-opacity":"","overlay-gradient":""}},"ast-content-background-meta":{"desktop":{"background-color":"var(--ast-global-color-5)","background-image":"","background-repeat":"repeat","background-position":"center center","background-size":"auto","background-attachment":"scroll","background-type":"","background-media":"","overlay-type":"","overlay-color":"","overlay-opacity":"","overlay-gradient":""},"tablet":{"background-color":"var(--ast-global-color-5)","background-image":"","background-repeat":"repeat","background-position":"center center","background-size":"auto","background-attachment":"scroll","background-type":"","background-media":"","overlay-type":"","overlay-color":"","overlay-opacity":"","overlay-gradient":""},"mobile":{"background-color":"var(--ast-global-color-5)","background-image":"","background-repeat":"repeat","background-position":"center center","background-size":"auto","background-attachment":"scroll","background-type":"","background-media":"","overlay-type":"","overlay-color":"","overlay-opacity":"","overlay-gradient":""}}},"product_brand":[3285],"product_cat":[3402,3426,3722,3381],"product_tag":[2058,2957,4247,4248,4249,4250,3428,3632],"class_list":{"0":"post-20387","1":"product","2":"type-product","3":"status-publish","4":"has-post-thumbnail","6":"product_brand-bont","7":"product_cat-en-ligne","8":"product_cat-packages","9":"product_cat-paquet-en-ligne","10":"product_cat-patinage-de-vitesse-en-ligne","11":"product_tag-3x125","12":"product_tag-4x110","13":"product_tag-en-ligne-2-points","14":"product_tag-jet-en-ligne","15":"product_tag-paquet-de-3x125","16":"product_tag-paquet-de-4x110","17":"product_tag-paquet-en-ligne","18":"product_tag-patins-de-vitesse","19":"desktop-align-left","20":"tablet-align-left","21":"mobile-align-left","23":"first","24":"instock","25":"taxable","26":"shipping-taxable","27":"purchasable","28":"product-type-simple"},"acf":[],"_links":{"self":[{"href":"https:\/\/ztsports.com\/fr\/wp-json\/wp\/v2\/product\/20387","targetHints":{"allow":["GET"]}}],"collection":[{"href":"https:\/\/ztsports.com\/fr\/wp-json\/wp\/v2\/product"}],"about":[{"href":"https:\/\/ztsports.com\/fr\/wp-json\/wp\/v2\/types\/product"}],"replies":[{"embeddable":true,"href":"https:\/\/ztsports.com\/fr\/wp-json\/wp\/v2\/comments?post=20387"}],"version-history":[{"count":3,"href":"https:\/\/ztsports.com\/fr\/wp-json\/wp\/v2\/product\/20387\/revisions"}],"predecessor-version":[{"id":25474,"href":"https:\/\/ztsports.com\/fr\/wp-json\/wp\/v2\/product\/20387\/revisions\/25474"}],"wp:featuredmedia":[{"embeddable":true,"href":"https:\/\/ztsports.com\/fr\/wp-json\/wp\/v2\/media\/20389"}],"wp:attachment":[{"href":"https:\/\/ztsports.com\/fr\/wp-json\/wp\/v2\/media?parent=20387"}],"wp:term":[{"taxonomy":"product_brand","embeddable":true,"href":"https:\/\/ztsports.com\/fr\/wp-json\/wp\/v2\/product_brand?post=20387"},{"taxonomy":"product_cat","embeddable":true,"href":"https:\/\/ztsports.com\/fr\/wp-json\/wp\/v2\/product_cat?post=20387"},{"taxonomy":"product_tag","embeddable":true,"href":"https:\/\/ztsports.com\/fr\/wp-json\/wp\/v2\/product_tag?post=20387"}],"curies":[{"name":"wp","href":"https:\/\/api.w.org\/{rel}","templated":true}]}}