{"id":20380,"date":"2024-03-18T10:30:34","date_gmt":"2024-03-18T10:30:34","guid":{"rendered":"https:\/\/ztsports.com\/?post_type=product&#038;p=20380"},"modified":"2026-04-14T21:12:26","modified_gmt":"2026-04-14T21:12:26","slug":"jet-195mm-inline-skate-boots","status":"publish","type":"product","link":"https:\/\/ztsports.com\/fr\/store\/jet-195mm-inline-skate-boots\/","title":{"rendered":"Jet 195mm Inline Skate Boots"},"content":{"rendered":"<h1 class=\"h2 product-single__title\">Jet 195mm Inline Skate Boots<\/h1>\n<div>La chaussure de patin \u00e0 roues align\u00e9es Bont Jet 195 mm est le patin de vitesse \u00e0 roues align\u00e9es le plus populaire au monde, et ce pour une bonne raison : il s&#8217;agit d&#8217;un excellent rapport qualit\u00e9-prix. Parfaite pour tous les niveaux de patinage de vitesse, la chaussure de course est confortable et soutenue. Elle est fabriqu\u00e9e \u00e0 la main gr\u00e2ce \u00e0 la technique unique de fabrication en une seule pi\u00e8ce de Bont.<\/div>\n<div>\n<div><\/div>\n<div>Le Jet skate est d&#8217;abord construit autour d&#8217;une forme qui a \u00e9t\u00e9 modifi\u00e9e et am\u00e9lior\u00e9e pendant plus de 40 ans par M. Inze Bont. La fibre de carbone et la fibre de verre sont pos\u00e9es \u00e0 la main autour de la mousse \u00e0 m\u00e9moire de forme, ce qui garantit une base tr\u00e8s l\u00e9g\u00e8re et solide. Notre r\u00e9sine \u00e9poxy est la plus thermoformable de l&#8217;industrie et la botte est munie de rubans anti-\u00e9tirement qui garantissent que la botte ne s&#8217;\u00e9tire pas au fil du temps. Faites passer votre patinage de vitesse au niveau sup\u00e9rieur avec le patin de course en ligne Bont Jet.<\/div>\n<\/div>\n<div><\/div>\n<p><strong>Features<\/strong><\/p>\n<ul class=\"features\">\n<li><strong>Base :<\/strong> Composite de carbone<\/li>\n<li><strong>Rev\u00eatement ext\u00e9rieur :<\/strong> Microfibre<\/li>\n<li><strong>Doublure : Microfibre<\/strong><\/li>\n<li><strong>Pas :<\/strong> 12mm<\/li>\n<li><strong>Ouvertures d&#8217;a\u00e9ration :<\/strong> Dessus des orteils et languette<\/li>\n<li><strong>Semelle int\u00e9rieure :<\/strong> EVA thermo-moulable<\/li>\n<li><strong>Heat moldable:<\/strong> Fully heat moldable base utilizing epoxy thermoset resin<\/li>\n<li>Rembourrage : <strong>Mousse \u00e0 m\u00e9moire de forme <\/strong><\/li>\n<li><strong>Protection : <\/strong>Pare-chocs avant en caoutchouc*<\/li>\n<li><strong>V\u00e9g\u00e9talien : Oui<\/strong><\/li>\n<\/ul>\n<p>* Les bottes noires et blanches\/argent\u00e9es sont livr\u00e9es avec une protection TPU pour les orteils.<\/p>\n<p>Le Jet a vendu plus de 1,4 million de paires depuis sa cr\u00e9ation. Les entra\u00eeneurs et les parents du monde entier lui font confiance. Ce patin de vitesse est parfait pour les enfants ou les adultes. C&#8217;est un excellent patin pour les hommes, les femmes, les gar\u00e7ons et les filles. Le Bont Jet est le patin de vitesse le plus facile \u00e0 mouler \u00e0 chaud.<\/p>\n<div><\/div>\n","protected":false},"excerpt":{"rendered":"<p>Jet 195mm Inline Skate Boots La chaussure de patin \u00e0 roues align\u00e9es Bont Jet 195 mm est le patin de vitesse \u00e0 roues align\u00e9es le plus populaire au monde, et ce pour une bonne raison : il s&#8217;agit d&#8217;un excellent rapport qualit\u00e9-prix. Parfaite pour tous les niveaux de patinage de vitesse, la chaussure de course [&hellip;]<\/p>\n","protected":false},"featured_media":20382,"comment_status":"open","ping_status":"closed","template":"","meta":{"_acf_changed":false,"_monsterinsights_skip_tracking":false,"_monsterinsights_sitenote_active":false,"_monsterinsights_sitenote_note":"","_monsterinsights_sitenote_category":0,"_uf_show_specific_survey":0,"_uf_disable_surveys":false,"site-sidebar-layout":"default","site-content-layout":"","ast-site-content-layout":"default","site-content-style":"default","site-sidebar-style":"default","ast-global-header-display":"","ast-banner-title-visibility":"","ast-main-header-display":"","ast-hfb-above-header-display":"","ast-hfb-below-header-display":"","ast-hfb-mobile-header-display":"","site-post-title":"","ast-breadcrumbs-content":"","ast-featured-img":"","footer-sml-layout":"","ast-disable-related-posts":"","theme-transparent-header-meta":"default","adv-header-id-meta":"","stick-header-meta":"","header-above-stick-meta":"","header-main-stick-meta":"","header-below-stick-meta":"","astra-migrate-meta-layouts":"set","ast-page-background-enabled":"default","ast-page-background-meta":{"desktop":{"background-color":"","background-image":"","background-repeat":"repeat","background-position":"center center","background-size":"auto","background-attachment":"scroll","background-type":"","background-media":"","overlay-type":"","overlay-color":"","overlay-opacity":"","overlay-gradient":""},"tablet":{"background-color":"","background-image":"","background-repeat":"repeat","background-position":"center center","background-size":"auto","background-attachment":"scroll","background-type":"","background-media":"","overlay-type":"","overlay-color":"","overlay-opacity":"","overlay-gradient":""},"mobile":{"background-color":"","background-image":"","background-repeat":"repeat","background-position":"center center","background-size":"auto","background-attachment":"scroll","background-type":"","background-media":"","overlay-type":"","overlay-color":"","overlay-opacity":"","overlay-gradient":""}},"ast-content-background-meta":{"desktop":{"background-color":"var(--ast-global-color-5)","background-image":"","background-repeat":"repeat","background-position":"center center","background-size":"auto","background-attachment":"scroll","background-type":"","background-media":"","overlay-type":"","overlay-color":"","overlay-opacity":"","overlay-gradient":""},"tablet":{"background-color":"var(--ast-global-color-5)","background-image":"","background-repeat":"repeat","background-position":"center center","background-size":"auto","background-attachment":"scroll","background-type":"","background-media":"","overlay-type":"","overlay-color":"","overlay-opacity":"","overlay-gradient":""},"mobile":{"background-color":"var(--ast-global-color-5)","background-image":"","background-repeat":"repeat","background-position":"center center","background-size":"auto","background-attachment":"scroll","background-type":"","background-media":"","overlay-type":"","overlay-color":"","overlay-opacity":"","overlay-gradient":""}}},"product_brand":[3285],"product_cat":[3425,3402,3381],"product_tag":[2953,4246,3546,2951,2955,3497],"class_list":{"0":"post-20380","1":"product","2":"type-product","3":"status-publish","4":"has-post-thumbnail","6":"product_brand-bont","7":"product_cat-bottes","8":"product_cat-en-ligne","9":"product_cat-patinage-de-vitesse-en-ligne","10":"product_tag-bont-jet","11":"product_tag-bottes-de-patinage-en-ligne","12":"product_tag-equipement-de-patinage-de-vitesse-en-ligne","13":"product_tag-jet-195mm","14":"product_tag-jet-195mm-inline","15":"product_tag-patinage-de-vitesse","16":"desktop-align-left","17":"tablet-align-left","18":"mobile-align-left","20":"first","21":"instock","22":"taxable","23":"shipping-taxable","24":"purchasable","25":"product-type-simple"},"acf":[],"_links":{"self":[{"href":"https:\/\/ztsports.com\/fr\/wp-json\/wp\/v2\/product\/20380","targetHints":{"allow":["GET"]}}],"collection":[{"href":"https:\/\/ztsports.com\/fr\/wp-json\/wp\/v2\/product"}],"about":[{"href":"https:\/\/ztsports.com\/fr\/wp-json\/wp\/v2\/types\/product"}],"replies":[{"embeddable":true,"href":"https:\/\/ztsports.com\/fr\/wp-json\/wp\/v2\/comments?post=20380"}],"version-history":[{"count":1,"href":"https:\/\/ztsports.com\/fr\/wp-json\/wp\/v2\/product\/20380\/revisions"}],"predecessor-version":[{"id":20381,"href":"https:\/\/ztsports.com\/fr\/wp-json\/wp\/v2\/product\/20380\/revisions\/20381"}],"wp:featuredmedia":[{"embeddable":true,"href":"https:\/\/ztsports.com\/fr\/wp-json\/wp\/v2\/media\/20382"}],"wp:attachment":[{"href":"https:\/\/ztsports.com\/fr\/wp-json\/wp\/v2\/media?parent=20380"}],"wp:term":[{"taxonomy":"product_brand","embeddable":true,"href":"https:\/\/ztsports.com\/fr\/wp-json\/wp\/v2\/product_brand?post=20380"},{"taxonomy":"product_cat","embeddable":true,"href":"https:\/\/ztsports.com\/fr\/wp-json\/wp\/v2\/product_cat?post=20380"},{"taxonomy":"product_tag","embeddable":true,"href":"https:\/\/ztsports.com\/fr\/wp-json\/wp\/v2\/product_tag?post=20380"}],"curies":[{"name":"wp","href":"https:\/\/api.w.org\/{rel}","templated":true}]}}