{"id":20372,"date":"2024-03-18T09:51:48","date_gmt":"2024-03-18T09:51:48","guid":{"rendered":"https:\/\/ztsports.com\/?post_type=product&#038;p=20372"},"modified":"2026-04-17T12:45:47","modified_gmt":"2026-04-17T12:45:47","slug":"super-jet-195mm","status":"publish","type":"product","link":"https:\/\/ztsports.com\/fr\/store\/super-jet-195mm\/","title":{"rendered":"Bont Super Jet 195mm Bottes de patinage en ligne"},"content":{"rendered":"<div class=\"product-block product-block--header product-single__header small--hide\">\n<h1 class=\"h2 product-single__title\">Bottes de patinage en ligne Super Jet 195mm<\/h1>\n<p class=\"h2 product-single__title\">Bont Super Jet 195mm &#8211; une version am\u00e9lior\u00e9e du patin de vitesse en ligne le plus populaire au monde<\/p>\n<div class=\"product-block\">\n<div class=\"rte\">\n<h3>Super Jet 195mm<\/h3>\n<ol>\n<li>Nous avons augment\u00e9 la l\u00e9g\u00e8ret\u00e9 de la botte en incorporant plus de carbone et moins de fibre de verre dans la base.<\/li>\n<li>Nous avons remplac\u00e9 le thermoplastique par de la fibre de carbone dans le Super Jet, donc pour ceux qui pr\u00e9f\u00e8rent un ajustement super-moulable, choisissez le Jet standard.<\/li>\n<li>La Super Jet offre un ajustement plus serr\u00e9 autour de l&#8217;os de la cheville gr\u00e2ce \u00e0 une couche suppl\u00e9mentaire de n\u00e9opr\u00e8ne autour de la manchette.<\/li>\n<li>Notre rev\u00eatement ext\u00e9rieur en Durolite am\u00e9lior\u00e9 renforce la durabilit\u00e9 et les performances.<\/li>\n<li>Nous avons abaiss\u00e9 la hauteur de la botte de 1 cm pour une apparence plus \u00e9l\u00e9gante et plus rapide. Toutefois, si vous pr\u00e9f\u00e9rez une coupe plus haute, des commandes personnalis\u00e9es sont disponibles.<\/li>\n<li>Le rembourrage reste le m\u00eame que celui du Jet, ce qui le rend adapt\u00e9 aux nouveaux patineurs.<\/li>\n<li>Le pare-chocs avant a \u00e9t\u00e9 supprim\u00e9 pour lui donner une apparence \u00e9l\u00e9gante et professionnelle.<\/li>\n<li>Nous avons \u00e9galement \u00e9limin\u00e9 le rembourrage en mousse en forme d&#8217;\u0153uf autour du talon d&#8217;Achille que l&#8217;on trouve dans la Jet standard.<\/li>\n<\/ol>\n<p>En r\u00e9sum\u00e9, la Super Jet 195mm offre une alternative plus l\u00e9g\u00e8re et plus rigide \u00e0 la Jet, gr\u00e2ce \u00e0 des mat\u00e9riaux de qualit\u00e9 sup\u00e9rieure, notamment plus de carbone et de Durolite. N&#8217;oubliez pas que ces am\u00e9liorations ont un co\u00fbt l\u00e9g\u00e8rement plus \u00e9lev\u00e9. Disponible en deux couleurs \u00e9tonnantes : Noir et Or brillant.<\/p>\n<p><strong>Super Jet 195mm Features<\/strong><\/p>\n<ul>\n<li><strong>Base :<\/strong> Composite de carbone<\/li>\n<li><strong>Rev\u00eatement ext\u00e9rieur : Durolite <\/strong><\/li>\n<li><strong>Doublure :<\/strong> Daim-L<\/li>\n<li><strong>Pas :<\/strong> 12mm<\/li>\n<li><strong>Ouvertures d&#8217;a\u00e9ration :<\/strong> Dessus des orteils et languette<\/li>\n<li><strong>Semelle int\u00e9rieure :<\/strong> EVA thermo-moulable<\/li>\n<li><strong>Thermoformable :<\/strong> Base enti\u00e8rement thermoformable utilisant une r\u00e9sine \u00e9poxy thermodurcissable, mais moins thermoformable que le Jet standard.<\/li>\n<li>Rembourrage : <strong>Mousse \u00e0 m\u00e9moire de forme <\/strong><\/li>\n<li><strong>V\u00e9g\u00e9talien : Oui<\/strong><\/li>\n<\/ul>\n<\/div>\n<\/div>\n<div class=\"product-block product-block--tab\">\n<div class=\"collapsibles-wrapper product_tech\"><button class=\"label collapsible-trigger collapsible-trigger-btn collapsible-trigger-btn--borders collapsible--auto-height\" type=\"button\" aria-controls=\"Product-content-76042895539\" aria-expanded=\"false\">Anti-\u00e9tirement<\/button><\/div>\n<\/div>\n<\/div>\n<div data-product-blocks=\"\">\n<div class=\"product-block\"><\/div>\n<\/div>\n","protected":false},"excerpt":{"rendered":"<p>Bottes de patinage en ligne Super Jet 195mm Bont Super Jet 195mm &#8211; une version am\u00e9lior\u00e9e du patin de vitesse en ligne le plus populaire au monde Super Jet 195mm Nous avons augment\u00e9 la l\u00e9g\u00e8ret\u00e9 de la botte en incorporant plus de carbone et moins de fibre de verre dans la base. Nous avons remplac\u00e9 [&hellip;]<\/p>\n","protected":false},"featured_media":20374,"comment_status":"open","ping_status":"closed","template":"","meta":{"_acf_changed":false,"_monsterinsights_skip_tracking":false,"_monsterinsights_sitenote_active":false,"_monsterinsights_sitenote_note":"","_monsterinsights_sitenote_category":0,"_uf_show_specific_survey":0,"_uf_disable_surveys":false,"site-sidebar-layout":"default","site-content-layout":"","ast-site-content-layout":"default","site-content-style":"default","site-sidebar-style":"default","ast-global-header-display":"","ast-banner-title-visibility":"","ast-main-header-display":"","ast-hfb-above-header-display":"","ast-hfb-below-header-display":"","ast-hfb-mobile-header-display":"","site-post-title":"","ast-breadcrumbs-content":"","ast-featured-img":"","footer-sml-layout":"","ast-disable-related-posts":"","theme-transparent-header-meta":"default","adv-header-id-meta":"","stick-header-meta":"","header-above-stick-meta":"","header-main-stick-meta":"","header-below-stick-meta":"","astra-migrate-meta-layouts":"set","ast-page-background-enabled":"default","ast-page-background-meta":{"desktop":{"background-color":"","background-image":"","background-repeat":"repeat","background-position":"center center","background-size":"auto","background-attachment":"scroll","background-type":"","background-media":"","overlay-type":"","overlay-color":"","overlay-opacity":"","overlay-gradient":""},"tablet":{"background-color":"","background-image":"","background-repeat":"repeat","background-position":"center center","background-size":"auto","background-attachment":"scroll","background-type":"","background-media":"","overlay-type":"","overlay-color":"","overlay-opacity":"","overlay-gradient":""},"mobile":{"background-color":"","background-image":"","background-repeat":"repeat","background-position":"center center","background-size":"auto","background-attachment":"scroll","background-type":"","background-media":"","overlay-type":"","overlay-color":"","overlay-opacity":"","overlay-gradient":""}},"ast-content-background-meta":{"desktop":{"background-color":"var(--ast-global-color-5)","background-image":"","background-repeat":"repeat","background-position":"center center","background-size":"auto","background-attachment":"scroll","background-type":"","background-media":"","overlay-type":"","overlay-color":"","overlay-opacity":"","overlay-gradient":""},"tablet":{"background-color":"var(--ast-global-color-5)","background-image":"","background-repeat":"repeat","background-position":"center center","background-size":"auto","background-attachment":"scroll","background-type":"","background-media":"","overlay-type":"","overlay-color":"","overlay-opacity":"","overlay-gradient":""},"mobile":{"background-color":"var(--ast-global-color-5)","background-image":"","background-repeat":"repeat","background-position":"center center","background-size":"auto","background-attachment":"scroll","background-type":"","background-media":"","overlay-type":"","overlay-color":"","overlay-opacity":"","overlay-gradient":""}}},"product_brand":[3285],"product_cat":[3425,3381],"product_tag":[2949,4244,4245,2951,3497,2952],"class_list":{"0":"post-20372","1":"product","2":"type-product","3":"status-publish","4":"has-post-thumbnail","6":"product_brand-bont","7":"product_cat-bottes","8":"product_cat-patinage-de-vitesse-en-ligne","9":"product_tag-bont-inline-boot","10":"product_tag-demarrage-rapide-en-ligne","11":"product_tag-espacement-de-195-mm","12":"product_tag-jet-195mm","13":"product_tag-patinage-de-vitesse","14":"product_tag-super-jet-195mm","15":"desktop-align-left","16":"tablet-align-left","17":"mobile-align-left","19":"first","20":"instock","21":"sale","22":"taxable","23":"shipping-taxable","24":"purchasable","25":"product-type-simple"},"acf":[],"_links":{"self":[{"href":"https:\/\/ztsports.com\/fr\/wp-json\/wp\/v2\/product\/20372","targetHints":{"allow":["GET"]}}],"collection":[{"href":"https:\/\/ztsports.com\/fr\/wp-json\/wp\/v2\/product"}],"about":[{"href":"https:\/\/ztsports.com\/fr\/wp-json\/wp\/v2\/types\/product"}],"replies":[{"embeddable":true,"href":"https:\/\/ztsports.com\/fr\/wp-json\/wp\/v2\/comments?post=20372"}],"version-history":[{"count":1,"href":"https:\/\/ztsports.com\/fr\/wp-json\/wp\/v2\/product\/20372\/revisions"}],"predecessor-version":[{"id":20373,"href":"https:\/\/ztsports.com\/fr\/wp-json\/wp\/v2\/product\/20372\/revisions\/20373"}],"wp:featuredmedia":[{"embeddable":true,"href":"https:\/\/ztsports.com\/fr\/wp-json\/wp\/v2\/media\/20374"}],"wp:attachment":[{"href":"https:\/\/ztsports.com\/fr\/wp-json\/wp\/v2\/media?parent=20372"}],"wp:term":[{"taxonomy":"product_brand","embeddable":true,"href":"https:\/\/ztsports.com\/fr\/wp-json\/wp\/v2\/product_brand?post=20372"},{"taxonomy":"product_cat","embeddable":true,"href":"https:\/\/ztsports.com\/fr\/wp-json\/wp\/v2\/product_cat?post=20372"},{"taxonomy":"product_tag","embeddable":true,"href":"https:\/\/ztsports.com\/fr\/wp-json\/wp\/v2\/product_tag?post=20372"}],"curies":[{"name":"wp","href":"https:\/\/api.w.org\/{rel}","templated":true}]}}