{"id":20366,"date":"2024-03-18T09:22:07","date_gmt":"2024-03-18T09:22:07","guid":{"rendered":"https:\/\/ztsports.com\/?post_type=product&#038;p=20366"},"modified":"2026-04-14T21:04:37","modified_gmt":"2026-04-14T21:04:37","slug":"luna-195mm-inline-bottles","status":"publish","type":"product","link":"https:\/\/ztsports.com\/fr\/store\/luna-195mm-inline-bottles\/","title":{"rendered":"Luna 195mm Inline Skate Boots"},"content":{"rendered":"<div class=\"product-block\">\n<div class=\"rte\">\n<p>Les chaussures de patinage en ligne Luna 195 mm sont rapides, \u00e9l\u00e9gantes et con\u00e7ues pour gagner ! Les chaussures de patinage de vitesse en ligne Luna combinent la meilleure construction de patinage de vitesse avec un look minimaliste.<\/p>\n<p>Les chaussures de patinage de vitesse en ligne Luna sont les seules chaussures de patinage de vitesse en ligne d&#8217;entr\u00e9e et de milieu de gamme fabriqu\u00e9es en une seule pi\u00e8ce. La fabrication en une seule pi\u00e8ce, pour clarifier, est une technique que l&#8217;on retrouve sur les bottes personnalis\u00e9es, dont le prix d\u00e9passe g\u00e9n\u00e9ralement 1 000 dollars. La qualit\u00e9 de fabrication du Luna est in\u00e9gal\u00e9e. La botte passe par 16 \u00e9tapes de contr\u00f4le de qualit\u00e9 avant d&#8217;\u00eatre pr\u00eate \u00e0 \u00eatre vendue.<\/p>\n<h3>bottes luna inline 195mm<\/h3>\n<p>La chaussure de patin \u00e0 roues align\u00e9es Luna 195 mm commence sa vie en \u00e9tant construite autour d&#8217;une forme (pied en plastique). Nos formes sont modifi\u00e9es et am\u00e9lior\u00e9es depuis plus de 45 ans par le c\u00e9l\u00e8bre designer de patins M. Inze Bont. Nous avons donc un bon point de d\u00e9part. Nous enroulons \u00e0 la main la fibre de carbone et la fibre de verre autour de la mousse \u00e0 m\u00e9moire de forme pour obtenir une base tr\u00e8s l\u00e9g\u00e8re mais durable. De plus, la r\u00e9sine \u00e9poxy que nous utilisons est la r\u00e9sine la plus thermoformable de l&#8217;industrie ! La botte est \u00e9galement dot\u00e9e de bandes anti-\u00e9tirement qui garantissent que la botte ne s&#8217;\u00e9tire pas au fil du temps.<\/p>\n<p>La chaussure de patinage de vitesse en ligne Luna 195mm diff\u00e8re de la chaussure de patinage de vitesse en ligne Bont Jet dans la mesure o\u00f9 cette chaussure n&#8217;a pas de thermoplastique \u00e0 l&#8217;int\u00e9rieur de la chaussure. Le thermoplastique est id\u00e9al pour mouler votre botte dans le four afin de l&#8217;adapter \u00e0 votre pied. Cependant, si vous n&#8217;avez pas besoin de cette fonction, le patin de vitesse en ligne Luna est un meilleur choix pour vous que le Jet.<\/p>\n<p>Amenez votre patinage de vitesse au niveau sup\u00ef\u00bf\u00bdrieur avec le patin de course en ligne Bont Luna.<\/p>\n<p><strong>Caract\u00e9ristiques des bottes en ligne Luna 195mm :<\/strong><\/p>\n<ul>\n<li><strong>Base :<\/strong> Composite de carbone<\/li>\n<li><strong>Rev\u00eatement ext\u00e9rieur :<\/strong> Microfibre<\/li>\n<li><strong>Doublure : Daim L<\/strong><\/li>\n<li><strong>Pas :<\/strong> 12mm<\/li>\n<li><strong>Bouches d&#8217;a\u00ef\u00bf\u00bdration: langue<\/strong><\/li>\n<li><strong>Semelle int\u00e9rieure :<\/strong> EVA thermo-moulable<\/li>\n<li><strong>Heat moldable:<\/strong> Fully heat moldable base utilizing epoxy thermoset resin<\/li>\n<li>Rembourrage : <strong>Mousse \u00e0 m\u00e9moire de forme <\/strong><\/li>\n<li><strong>Taille : <\/strong>Enfants 11\/29 &#8211; adultes 12.5\/49<\/li>\n<li><strong>Remarque :<\/strong> les enfants de 11\/29 \u00e0 2,5\/34,5 ne sont pas \u00e9quip\u00e9s d&#8217;une sangle frontale.<\/li>\n<\/ul>\n<\/div>\n<\/div>\n<div class=\"product-block product-block--tab\">\n<div class=\"collapsibles-wrapper product_tech\"><button class=\"label collapsible-trigger collapsible-trigger-btn collapsible-trigger-btn--borders collapsible--auto-height\" type=\"button\" aria-controls=\"Product-content-76042895539\" aria-expanded=\"false\">Anti-\u00e9tirement<\/button><\/div>\n<\/div>\n","protected":false},"excerpt":{"rendered":"<h2>Bottes Luna Inline 195mm<\/h2>\n","protected":false},"featured_media":20368,"comment_status":"open","ping_status":"closed","template":"","meta":{"_acf_changed":false,"_monsterinsights_skip_tracking":false,"_monsterinsights_sitenote_active":false,"_monsterinsights_sitenote_note":"","_monsterinsights_sitenote_category":0,"_uf_show_specific_survey":0,"_uf_disable_surveys":false,"site-sidebar-layout":"default","site-content-layout":"","ast-site-content-layout":"default","site-content-style":"default","site-sidebar-style":"default","ast-global-header-display":"","ast-banner-title-visibility":"","ast-main-header-display":"","ast-hfb-above-header-display":"","ast-hfb-below-header-display":"","ast-hfb-mobile-header-display":"","site-post-title":"","ast-breadcrumbs-content":"","ast-featured-img":"","footer-sml-layout":"","ast-disable-related-posts":"","theme-transparent-header-meta":"default","adv-header-id-meta":"","stick-header-meta":"","header-above-stick-meta":"","header-main-stick-meta":"","header-below-stick-meta":"","astra-migrate-meta-layouts":"set","ast-page-background-enabled":"default","ast-page-background-meta":{"desktop":{"background-color":"","background-image":"","background-repeat":"repeat","background-position":"center center","background-size":"auto","background-attachment":"scroll","background-type":"","background-media":"","overlay-type":"","overlay-color":"","overlay-opacity":"","overlay-gradient":""},"tablet":{"background-color":"","background-image":"","background-repeat":"repeat","background-position":"center center","background-size":"auto","background-attachment":"scroll","background-type":"","background-media":"","overlay-type":"","overlay-color":"","overlay-opacity":"","overlay-gradient":""},"mobile":{"background-color":"","background-image":"","background-repeat":"repeat","background-position":"center center","background-size":"auto","background-attachment":"scroll","background-type":"","background-media":"","overlay-type":"","overlay-color":"","overlay-opacity":"","overlay-gradient":""}},"ast-content-background-meta":{"desktop":{"background-color":"var(--ast-global-color-5)","background-image":"","background-repeat":"repeat","background-position":"center center","background-size":"auto","background-attachment":"scroll","background-type":"","background-media":"","overlay-type":"","overlay-color":"","overlay-opacity":"","overlay-gradient":""},"tablet":{"background-color":"var(--ast-global-color-5)","background-image":"","background-repeat":"repeat","background-position":"center center","background-size":"auto","background-attachment":"scroll","background-type":"","background-media":"","overlay-type":"","overlay-color":"","overlay-opacity":"","overlay-gradient":""},"mobile":{"background-color":"var(--ast-global-color-5)","background-image":"","background-repeat":"repeat","background-position":"center center","background-size":"auto","background-attachment":"scroll","background-type":"","background-media":"","overlay-type":"","overlay-color":"","overlay-opacity":"","overlay-gradient":""}}},"product_brand":[3285],"product_cat":[3425,3402,3381],"product_tag":[2945,2669,2563,4243,3546,2947],"class_list":{"0":"post-20366","1":"product","2":"type-product","3":"status-publish","4":"has-post-thumbnail","6":"product_brand-bont","7":"product_cat-bottes","8":"product_cat-en-ligne","9":"product_cat-patinage-de-vitesse-en-ligne","10":"product_tag-195mm-inline-skate-boots","11":"product_tag-3pf-7050-bont","12":"product_tag-bont-luna","13":"product_tag-botte-en-ligne","14":"product_tag-equipement-de-patinage-de-vitesse-en-ligne","15":"product_tag-luna-195mm","16":"desktop-align-left","17":"tablet-align-left","18":"mobile-align-left","20":"first","21":"instock","22":"taxable","23":"shipping-taxable","24":"purchasable","25":"product-type-simple"},"acf":[],"_links":{"self":[{"href":"https:\/\/ztsports.com\/fr\/wp-json\/wp\/v2\/product\/20366","targetHints":{"allow":["GET"]}}],"collection":[{"href":"https:\/\/ztsports.com\/fr\/wp-json\/wp\/v2\/product"}],"about":[{"href":"https:\/\/ztsports.com\/fr\/wp-json\/wp\/v2\/types\/product"}],"replies":[{"embeddable":true,"href":"https:\/\/ztsports.com\/fr\/wp-json\/wp\/v2\/comments?post=20366"}],"version-history":[{"count":1,"href":"https:\/\/ztsports.com\/fr\/wp-json\/wp\/v2\/product\/20366\/revisions"}],"predecessor-version":[{"id":20367,"href":"https:\/\/ztsports.com\/fr\/wp-json\/wp\/v2\/product\/20366\/revisions\/20367"}],"wp:featuredmedia":[{"embeddable":true,"href":"https:\/\/ztsports.com\/fr\/wp-json\/wp\/v2\/media\/20368"}],"wp:attachment":[{"href":"https:\/\/ztsports.com\/fr\/wp-json\/wp\/v2\/media?parent=20366"}],"wp:term":[{"taxonomy":"product_brand","embeddable":true,"href":"https:\/\/ztsports.com\/fr\/wp-json\/wp\/v2\/product_brand?post=20366"},{"taxonomy":"product_cat","embeddable":true,"href":"https:\/\/ztsports.com\/fr\/wp-json\/wp\/v2\/product_cat?post=20366"},{"taxonomy":"product_tag","embeddable":true,"href":"https:\/\/ztsports.com\/fr\/wp-json\/wp\/v2\/product_tag?post=20366"}],"curies":[{"name":"wp","href":"https:\/\/api.w.org\/{rel}","templated":true}]}}