{"id":20361,"date":"2024-03-06T20:57:17","date_gmt":"2024-03-06T20:57:17","guid":{"rendered":"https:\/\/ztsports.com\/?post_type=product&#038;p=20361"},"modified":"2026-04-14T20:42:10","modified_gmt":"2026-04-14T20:42:10","slug":"cadomotus-neo-tr2-2-in1-cadre","status":"publish","type":"product","link":"https:\/\/ztsports.com\/fr\/store\/cadomotus-neo-tr2-2-in1-cadre\/","title":{"rendered":"CADOMOTUS NEO TR2 2-IN1 Cadre"},"content":{"rendered":"<h1>CADOMOTUS NEO TR2 cadre 2-IN-1 11.0\u2033<\/h1>\n<div class=\"title-small title-font\">Le cadre CADOMOTUS NEO TR2 2-IN1 est un cadre en ligne ultra-l\u00e9ger pour les enfants qui accepte les configurations de patins \u00e0 4 roues et \u00e0 3 roues. Le gain de poids sur les patins am\u00e9liore la vitesse du pied et donc l&#8217;acc\u00e9l\u00e9ration ! Ces cadres sont \u00e9quip\u00e9s des nouveaux roulements Bones Reds Big Balls.<\/div>\n<h2>Cadre en ligne ultra-l\u00e9ger pour enfants<\/h2>\n<p>Cadre en ligne ultra-l\u00e9ger pour enfants, compatible avec les patins \u00e0 4 roues et \u00e0 3 roues. Le Neo TR2 Magnesium est le cadre le plus l\u00e9ger du march\u00e9 ; vous pouvez \u00e9conomiser de l&#8217;\u00e9nergie et gagner en vitesse.<\/p>\n<p>Vous pouvez facilement ajuster l&#8217;installation lorsque votre enfant grandit. Trois roues pour un sprint \u00e0 pleine vitesse ou quatre roues pour une grande ma\u00eetrise des virages. Plus c&#8217;est l\u00e9ger, plus c&#8217;est rapide. Vous serez le premier au coin de la rue ! Apprenez la double pouss\u00e9e plus rapidement sur trois roues.<\/p>\n<h2>Devenir plus fort et pousser plus fort sur quatre roues<\/h2>\n<p>Les enfants grandissent vite. Le Neo Transformer grandit avec les ambitions des jeunes patineurs. Utilisez quatre petites roues lorsque vous voulez travailler vos comp\u00e9tences. Et lorsque vous serez plus fort et que vous voudrez \u00eatre plus rapide, utilisez trois roues plus grandes pour vos premiers pas vers le sommet.<\/p>\n<p>M\u00eame les patineurs professionnels exp\u00e9riment\u00e9s et forts font tout pour \u00e9conomiser du poids. Pour les enfants et les jeunes patineurs, le poids a un impact encore plus important sur les comp\u00e9tences et la vitesse.<\/p>\n<p>Un patin \u00e9quip\u00e9 de trois roues de 100 millim\u00e8tres permet de gagner 10 % de poids par rapport \u00e0 un patin \u00e9quip\u00e9 de roues de 90 millim\u00e8tres. Imaginez que vous puissiez \u00e9conomiser 10 % de votre \u00e9nergie \u00e0 chaque coup de p\u00e9dale ! Patiner avec un \u00e9quipement adapt\u00e9 \u00e0 votre poids, votre force, vos comp\u00e9tences et votre flexibilit\u00e9, telle est l&#8217;id\u00e9e qui sous-tend le Neo Transformer.<\/p>\n<h2><strong>Quel est le meilleur choix : 3 ou 4 roues ?<\/strong><\/h2>\n<p>Trois ou quatre roues ? Tout d\u00e9pend de l&#8217;enfant. Outre le choix du nombre de roues, vous pouvez \u00e9galement varier le diam\u00e8tre des roues. Pour prendre la bonne d\u00e9cision, il faut exp\u00e9rimenter. C&#8217;est pourquoi le Neo Transformer est le meilleur choix pour les enfants. Le cadre grandit avec les enfants qui se d\u00e9veloppent rapidement, aussi bien physiquement que techniquement.<\/p>\n<ol>\n<li>Avec le 3\u00d790, vous \u00eates ultra-l\u00e9ger et agile, ce qui est bon pour les comp\u00e9tences de base.<\/li>\n<li>Avec le 4\u00d790, vous \u00eates plus stable et vous apprenez \u00e0 patiner \u00e0 une vitesse plus \u00e9lev\u00e9e.<\/li>\n<li>Avec le 3\u00d7110, vous \u00eates plus souple, vous avez le pied plus l\u00e9ger et vous pouvez travailler votre souplesse \u00e0 une vitesse plus \u00e9lev\u00e9e.<\/li>\n<\/ol>\n<h3>CADOMOTUS NEO TR2<\/h3>\n<p>Nous sommes les inventeurs des ch\u00e2ssis de transformateurs et nous avons des ann\u00e9es de recherche derri\u00e8re nous. C&#8217;est pourquoi C\u00e1domotus est le premier choix des patineurs en ligne du monde entier. Am\u00e9liorez votre patin de vitesse en ligne avec le C\u00e1domotus Neo TR2 Magnesium Le cadre CADOMOTUS NEO TR2 2-IN1 est un <b>cadre en ligne ultra-l\u00e9ger pour les enfants qui convient \u00e0 la fois aux patins \u00e0 4 roues et \u00e0 3 roues<\/b>. Le gain de poids sur les patins am\u00e9liore la vitesse du pied et donc l&#8217;acc\u00e9l\u00e9ration !<\/p>\n<p>Ces cadres sont les meilleurs avec les nouveaux roulements<a href=\"https:\/\/ztsports.com\/product\/bones-big-balls-reds-bearings-8mm-16-pack\/\"><strong> roulements Bones Reds Big Balls.<\/strong><\/a><\/p>\n<p>Voyez notre large s\u00e9lection de <a href=\"https:\/\/ztsports.com\/product-category\/frames\/\"><strong>Cadres de vitesse en ligne ici.<\/strong><\/a><\/p>\n","protected":false},"excerpt":{"rendered":"<p>CADOMOTUS NEO TR2 cadre 2-IN-1 11.0\u2033 Le cadre CADOMOTUS NEO TR2 2-IN1 est un cadre en ligne ultra-l\u00e9ger pour les enfants qui accepte les configurations de patins \u00e0 4 roues et \u00e0 3 roues. Le gain de poids sur les patins am\u00e9liore la vitesse du pied et donc l&#8217;acc\u00e9l\u00e9ration ! Ces cadres sont \u00e9quip\u00e9s des [&hellip;]<\/p>\n","protected":false},"featured_media":20363,"comment_status":"open","ping_status":"closed","template":"","meta":{"_acf_changed":false,"_monsterinsights_skip_tracking":false,"_monsterinsights_sitenote_active":false,"_monsterinsights_sitenote_note":"","_monsterinsights_sitenote_category":0,"_uf_show_specific_survey":0,"_uf_disable_surveys":false,"site-sidebar-layout":"default","site-content-layout":"","ast-site-content-layout":"default","site-content-style":"default","site-sidebar-style":"default","ast-global-header-display":"","ast-banner-title-visibility":"","ast-main-header-display":"","ast-hfb-above-header-display":"","ast-hfb-below-header-display":"","ast-hfb-mobile-header-display":"","site-post-title":"","ast-breadcrumbs-content":"","ast-featured-img":"","footer-sml-layout":"","ast-disable-related-posts":"","theme-transparent-header-meta":"default","adv-header-id-meta":"","stick-header-meta":"","header-above-stick-meta":"","header-main-stick-meta":"","header-below-stick-meta":"","astra-migrate-meta-layouts":"set","ast-page-background-enabled":"default","ast-page-background-meta":{"desktop":{"background-color":"","background-image":"","background-repeat":"repeat","background-position":"center center","background-size":"auto","background-attachment":"scroll","background-type":"","background-media":"","overlay-type":"","overlay-color":"","overlay-opacity":"","overlay-gradient":""},"tablet":{"background-color":"","background-image":"","background-repeat":"repeat","background-position":"center center","background-size":"auto","background-attachment":"scroll","background-type":"","background-media":"","overlay-type":"","overlay-color":"","overlay-opacity":"","overlay-gradient":""},"mobile":{"background-color":"","background-image":"","background-repeat":"repeat","background-position":"center center","background-size":"auto","background-attachment":"scroll","background-type":"","background-media":"","overlay-type":"","overlay-color":"","overlay-opacity":"","overlay-gradient":""}},"ast-content-background-meta":{"desktop":{"background-color":"var(--ast-global-color-5)","background-image":"","background-repeat":"repeat","background-position":"center center","background-size":"auto","background-attachment":"scroll","background-type":"","background-media":"","overlay-type":"","overlay-color":"","overlay-opacity":"","overlay-gradient":""},"tablet":{"background-color":"var(--ast-global-color-5)","background-image":"","background-repeat":"repeat","background-position":"center center","background-size":"auto","background-attachment":"scroll","background-type":"","background-media":"","overlay-type":"","overlay-color":"","overlay-opacity":"","overlay-gradient":""},"mobile":{"background-color":"var(--ast-global-color-5)","background-image":"","background-repeat":"repeat","background-position":"center center","background-size":"auto","background-attachment":"scroll","background-type":"","background-media":"","overlay-type":"","overlay-color":"","overlay-opacity":"","overlay-gradient":""}}},"product_brand":[3289],"product_cat":[3434,3402,3426,3722,3381],"product_tag":[2029,4242,2944],"class_list":{"0":"post-20361","1":"product","2":"type-product","3":"status-publish","4":"has-post-thumbnail","6":"product_brand-cadomotus","7":"product_cat-cadres","8":"product_cat-en-ligne","9":"product_cat-packages","10":"product_cat-paquet-en-ligne","11":"product_cat-patinage-de-vitesse-en-ligne","12":"product_tag-cadomotus","13":"product_tag-cadomotus-neo-tr2-2-in1-cadre","14":"product_tag-neo-tr2","15":"desktop-align-left","16":"tablet-align-left","17":"mobile-align-left","19":"first","20":"instock","21":"sale","22":"taxable","23":"shipping-taxable","24":"purchasable","25":"product-type-simple"},"acf":[],"_links":{"self":[{"href":"https:\/\/ztsports.com\/fr\/wp-json\/wp\/v2\/product\/20361","targetHints":{"allow":["GET"]}}],"collection":[{"href":"https:\/\/ztsports.com\/fr\/wp-json\/wp\/v2\/product"}],"about":[{"href":"https:\/\/ztsports.com\/fr\/wp-json\/wp\/v2\/types\/product"}],"replies":[{"embeddable":true,"href":"https:\/\/ztsports.com\/fr\/wp-json\/wp\/v2\/comments?post=20361"}],"version-history":[{"count":1,"href":"https:\/\/ztsports.com\/fr\/wp-json\/wp\/v2\/product\/20361\/revisions"}],"predecessor-version":[{"id":20362,"href":"https:\/\/ztsports.com\/fr\/wp-json\/wp\/v2\/product\/20361\/revisions\/20362"}],"wp:featuredmedia":[{"embeddable":true,"href":"https:\/\/ztsports.com\/fr\/wp-json\/wp\/v2\/media\/20363"}],"wp:attachment":[{"href":"https:\/\/ztsports.com\/fr\/wp-json\/wp\/v2\/media?parent=20361"}],"wp:term":[{"taxonomy":"product_brand","embeddable":true,"href":"https:\/\/ztsports.com\/fr\/wp-json\/wp\/v2\/product_brand?post=20361"},{"taxonomy":"product_cat","embeddable":true,"href":"https:\/\/ztsports.com\/fr\/wp-json\/wp\/v2\/product_cat?post=20361"},{"taxonomy":"product_tag","embeddable":true,"href":"https:\/\/ztsports.com\/fr\/wp-json\/wp\/v2\/product_tag?post=20361"}],"curies":[{"name":"wp","href":"https:\/\/api.w.org\/{rel}","templated":true}]}}