{"id":20354,"date":"2024-03-06T19:14:52","date_gmt":"2024-03-06T19:14:52","guid":{"rendered":"https:\/\/ztsports.com\/?post_type=product&#038;p=20354"},"modified":"2026-04-14T20:41:52","modified_gmt":"2026-04-14T20:41:52","slug":"cadomotus-neo-4x100mm-package","status":"publish","type":"product","link":"https:\/\/ztsports.com\/fr\/store\/cadomotus-neo-4x100mm-package\/","title":{"rendered":"CADOMOTUS NEO 4x100mm package"},"content":{"rendered":"<h1>CADOMOTUS NEO 4x100mm package<\/h1>\n<p>Le CADOMOTUS Neo 4x100mm est le <strong>cadre de patin de vitesse en ligne<\/strong> le plus avantageux de Zt Sports pour les patineurs en pleine croissance. Vous pouvez obtenir toutes les configurations de roues en ligne dans une paire de cadres en ligne ; <strong>4\u00d790 millim\u00e8tres, 3\u00d7100, 4\u00d7100, ou 3\u00d7110 millim\u00e8tres<\/strong> pour les enfants qui ont les capacit\u00e9s de manipuler des roues en ligne de plus grand diam\u00e8tre.<\/p>\n<p>Les cadres Transformer peuvent \u00eatre mont\u00e9s sur <a href=\"https:\/\/ztsports.com\/product-category\/short-track\/speed-skating-boots\/\"><strong>bottes de short track<\/strong><\/a> ou en ligne et sont un moyen \u00e9conomique de d\u00e9buter le patinage de vitesse en ligne. Ce kit comprend des cadres Cado Motus, des roues Argon de 4 x 100 mm et des roulements Bont Abec 7.<\/p>\n<h3>CADOMOTUS NEO 4x100mm package<\/h3>\n<ul>\n<li>\n<h5><strong><em>CONVIENT \u00c0 TOUTES LES BOTTES DE PISTE COURTES AVEC UN ESPACEMENT DE 165 MM (6,5&#8243;).<\/em> (COMPATIBLE AVEC LES BOTTES DE PISTE)<\/strong><\/h5>\n<\/li>\n<\/ul>\n<p>Cadre en ligne ultra-l\u00e9ger pour enfants, compatible avec les patins \u00e0 4 roues et \u00e0 3 roues. Le Neo TR2 Magnesium est le cadre le plus l\u00e9ger du march\u00e9 ; vous pouvez \u00e9conomiser de l&#8217;\u00e9nergie et gagner en vitesse. Vous pouvez facilement ajuster l&#8217;installation lorsque votre enfant grandit. Trois roues pour un sprint \u00e0 pleine vitesse ou quatre roues pour une grande ma\u00eetrise des virages.<\/p>\n<h3><em>cadomotus neo 4x100mm Paquet \/ CADOMOTUS NEO 4x100mm package<\/em><\/h3>\n<p>Les enfants grandissent vite. Le Transformer grandit avec les ambitions des jeunes patineurs. Utilisez quatre petites roues lorsque vous voulez travailler vos comp\u00e9tences. Et lorsque vous serez plus fort et que vous voudrez \u00eatre plus rapide, utilisez trois roues plus grandes pour vos premiers pas vers le sommet.<\/p>\n<p>M\u00eame les patineurs professionnels exp\u00e9riment\u00e9s et forts font tout pour \u00e9conomiser du poids. Pour les enfants et les jeunes patineurs, le poids a un impact encore plus important sur les comp\u00e9tences et la vitesse.<\/p>\n<p>Un patin \u00e9quip\u00e9 de trois roues de 100 millim\u00e8tres permet de gagner 10 % de poids par rapport \u00e0 un patin \u00e9quip\u00e9 de roues de 90 millim\u00e8tres. Imaginez que vous puissiez \u00e9conomiser 10 % de votre \u00e9nergie \u00e0 chaque coup de p\u00e9dale ! Patiner avec un \u00e9quipement adapt\u00e9 \u00e0 votre poids, \u00e0 votre force, \u00e0 vos comp\u00e9tences et \u00e0 votre flexibilit\u00e9, telle est l&#8217;id\u00e9e qui sous-tend cet incroyable cadre en ligne.<\/p>\n<p>Consultez notre grande vari\u00e9t\u00e9 de cadres pour le patinage de vitesse en ligne <a href=\"https:\/\/ztsports.com\/product-category\/inline-speed-skating\/frames\/\"><strong>cadres de patinage de vitesse en ligne ici<\/strong><\/a>.<\/p>\n","protected":false},"excerpt":{"rendered":"<p>CADOMOTUS NEO 4x100mm package Le CADOMOTUS Neo 4x100mm est le cadre de patin de vitesse en ligne le plus avantageux de Zt Sports pour les patineurs en pleine croissance. Vous pouvez obtenir toutes les configurations de roues en ligne dans une paire de cadres en ligne ; 4\u00d790 millim\u00e8tres, 3\u00d7100, 4\u00d7100, ou 3\u00d7110 millim\u00e8tres pour [&hellip;]<\/p>\n","protected":false},"featured_media":20356,"comment_status":"open","ping_status":"closed","template":"","meta":{"_acf_changed":false,"_monsterinsights_skip_tracking":false,"_monsterinsights_sitenote_active":false,"_monsterinsights_sitenote_note":"","_monsterinsights_sitenote_category":0,"_uf_show_specific_survey":0,"_uf_disable_surveys":false,"site-sidebar-layout":"default","site-content-layout":"","ast-site-content-layout":"default","site-content-style":"default","site-sidebar-style":"default","ast-global-header-display":"","ast-banner-title-visibility":"","ast-main-header-display":"","ast-hfb-above-header-display":"","ast-hfb-below-header-display":"","ast-hfb-mobile-header-display":"","site-post-title":"","ast-breadcrumbs-content":"","ast-featured-img":"","footer-sml-layout":"","ast-disable-related-posts":"","theme-transparent-header-meta":"default","adv-header-id-meta":"","stick-header-meta":"","header-above-stick-meta":"","header-main-stick-meta":"","header-below-stick-meta":"","astra-migrate-meta-layouts":"set","ast-page-background-enabled":"default","ast-page-background-meta":{"desktop":{"background-color":"","background-image":"","background-repeat":"repeat","background-position":"center center","background-size":"auto","background-attachment":"scroll","background-type":"","background-media":"","overlay-type":"","overlay-color":"","overlay-opacity":"","overlay-gradient":""},"tablet":{"background-color":"","background-image":"","background-repeat":"repeat","background-position":"center center","background-size":"auto","background-attachment":"scroll","background-type":"","background-media":"","overlay-type":"","overlay-color":"","overlay-opacity":"","overlay-gradient":""},"mobile":{"background-color":"","background-image":"","background-repeat":"repeat","background-position":"center center","background-size":"auto","background-attachment":"scroll","background-type":"","background-media":"","overlay-type":"","overlay-color":"","overlay-opacity":"","overlay-gradient":""}},"ast-content-background-meta":{"desktop":{"background-color":"var(--ast-global-color-5)","background-image":"","background-repeat":"repeat","background-position":"center center","background-size":"auto","background-attachment":"scroll","background-type":"","background-media":"","overlay-type":"","overlay-color":"","overlay-opacity":"","overlay-gradient":""},"tablet":{"background-color":"var(--ast-global-color-5)","background-image":"","background-repeat":"repeat","background-position":"center center","background-size":"auto","background-attachment":"scroll","background-type":"","background-media":"","overlay-type":"","overlay-color":"","overlay-opacity":"","overlay-gradient":""},"mobile":{"background-color":"var(--ast-global-color-5)","background-image":"","background-repeat":"repeat","background-position":"center center","background-size":"auto","background-attachment":"scroll","background-type":"","background-media":"","overlay-type":"","overlay-color":"","overlay-opacity":"","overlay-gradient":""}}},"product_brand":[3289],"product_cat":[3434,3426,3381],"product_tag":[2940,4239,3427,4240,2064,4241],"class_list":{"0":"post-20354","1":"product","2":"type-product","3":"status-publish","4":"has-post-thumbnail","6":"product_brand-cadomotus","7":"product_cat-cadres","8":"product_cat-packages","9":"product_cat-patinage-de-vitesse-en-ligne","10":"product_tag-cadomotus-neo","11":"product_tag-cadre-neo-4x100","12":"product_tag-equipement-de-patinage-de-vitesse","13":"product_tag-equipement-en-ligne","14":"product_tag-inline-speed-skating","15":"product_tag-paquet-de-4x100mm","16":"desktop-align-left","17":"tablet-align-left","18":"mobile-align-left","20":"first","21":"instock","22":"sale","23":"taxable","24":"shipping-taxable","25":"purchasable","26":"product-type-simple"},"acf":[],"_links":{"self":[{"href":"https:\/\/ztsports.com\/fr\/wp-json\/wp\/v2\/product\/20354","targetHints":{"allow":["GET"]}}],"collection":[{"href":"https:\/\/ztsports.com\/fr\/wp-json\/wp\/v2\/product"}],"about":[{"href":"https:\/\/ztsports.com\/fr\/wp-json\/wp\/v2\/types\/product"}],"replies":[{"embeddable":true,"href":"https:\/\/ztsports.com\/fr\/wp-json\/wp\/v2\/comments?post=20354"}],"version-history":[{"count":2,"href":"https:\/\/ztsports.com\/fr\/wp-json\/wp\/v2\/product\/20354\/revisions"}],"predecessor-version":[{"id":25471,"href":"https:\/\/ztsports.com\/fr\/wp-json\/wp\/v2\/product\/20354\/revisions\/25471"}],"wp:featuredmedia":[{"embeddable":true,"href":"https:\/\/ztsports.com\/fr\/wp-json\/wp\/v2\/media\/20356"}],"wp:attachment":[{"href":"https:\/\/ztsports.com\/fr\/wp-json\/wp\/v2\/media?parent=20354"}],"wp:term":[{"taxonomy":"product_brand","embeddable":true,"href":"https:\/\/ztsports.com\/fr\/wp-json\/wp\/v2\/product_brand?post=20354"},{"taxonomy":"product_cat","embeddable":true,"href":"https:\/\/ztsports.com\/fr\/wp-json\/wp\/v2\/product_cat?post=20354"},{"taxonomy":"product_tag","embeddable":true,"href":"https:\/\/ztsports.com\/fr\/wp-json\/wp\/v2\/product_tag?post=20354"}],"curies":[{"name":"wp","href":"https:\/\/api.w.org\/{rel}","templated":true}]}}