{"id":20344,"date":"2021-12-23T06:33:00","date_gmt":"2021-12-23T06:33:00","guid":{"rendered":"https:\/\/ztsports.com\/?post_type=product&#038;p=20344"},"modified":"2026-02-02T19:24:23","modified_gmt":"2026-02-02T19:24:23","slug":"maplez-sac-a-dos-pour-le-patinage-de-vitesse-noir-rouge","status":"publish","type":"product","link":"https:\/\/ztsports.com\/fr\/store\/maplez-sac-a-dos-pour-le-patinage-de-vitesse-noir-rouge\/","title":{"rendered":"MAPLEZ Sac \u00e0 dos pour le patinage de vitesse Noir\/Rouge"},"content":{"rendered":"<h1 id=\"tw-target-text\" class=\"tw-data-text tw-text-large tw-ta\" dir=\"ltr\" data-placeholder=\"Translation\"><span class=\"Y2IQFc\" lang=\"en\">MAPLEZ Sac \u00e0 dos pour le patinage de vitesse<\/span><\/h1>\n<p class=\"tw-data-text tw-text-large tw-ta\" dir=\"ltr\" data-placeholder=\"Translation\"><span class=\"Y2IQFc\" lang=\"en\">Le sac \u00e0 dos MAPLEZ pour le patinage de vitesse comporte plusieurs compartiments, dont un pour placer vos patins.<\/span><\/p>\n<p dir=\"ltr\" data-placeholder=\"Translation\">En outre, la couleur noire avec un accent rouge. ne laisse pas appara\u00eetre la salet\u00e9 comme certains sacs \u00e0 dos color\u00e9s.<\/p>\n<h4>Description<\/h4>\n<div>\n<p>Un sac pratique pour emporter vos coureurs et\/ou vos patins \u00e0 glace. Il faut \u00e9galement prendre les casques avec soi. Un sac tr\u00e8s spacieux et l\u00e9ger en 100% polyester. Le sac est tr\u00e8s multifonctionnel et poss\u00e8de plusieurs compartiments, parfaits pour la glace et le patinage de vitesse en ligne.<\/p>\n<p>Vous pouvez \u00e9galement y mettre votre casque de patinage.<\/p>\n<\/div>\n<p dir=\"ltr\" data-placeholder=\"Translation\">Enfin, vous pouvez trouver tous nos <a href=\"https:\/\/ztsports.com\/categorie-produit\/accessories\/sacs-a-dos-et-sacs\/?lang=fr\"><strong>sacs \u00e0 dos de patinage de vitesse ici<\/strong><\/a>.<\/p>\n","protected":false},"excerpt":{"rendered":"<p>MAPLEZ Sac \u00e0 dos pour le patinage de vitesse Le sac \u00e0 dos MAPLEZ pour le patinage de vitesse comporte plusieurs compartiments, dont un pour placer vos patins. En outre, la couleur noire avec un accent rouge. ne laisse pas appara\u00eetre la salet\u00e9 comme certains sacs \u00e0 dos color\u00e9s. Description Un sac pratique pour emporter [&hellip;]<\/p>\n","protected":false},"featured_media":20346,"comment_status":"open","ping_status":"closed","template":"","meta":{"_acf_changed":false,"_monsterinsights_skip_tracking":false,"_monsterinsights_sitenote_active":false,"_monsterinsights_sitenote_note":"","_monsterinsights_sitenote_category":0,"_uf_show_specific_survey":0,"_uf_disable_surveys":false,"site-sidebar-layout":"default","site-content-layout":"","ast-site-content-layout":"default","site-content-style":"default","site-sidebar-style":"default","ast-global-header-display":"","ast-banner-title-visibility":"","ast-main-header-display":"","ast-hfb-above-header-display":"","ast-hfb-below-header-display":"","ast-hfb-mobile-header-display":"","site-post-title":"","ast-breadcrumbs-content":"","ast-featured-img":"","footer-sml-layout":"","ast-disable-related-posts":"","theme-transparent-header-meta":"default","adv-header-id-meta":"","stick-header-meta":"","header-above-stick-meta":"","header-main-stick-meta":"","header-below-stick-meta":"","astra-migrate-meta-layouts":"set","ast-page-background-enabled":"default","ast-page-background-meta":{"desktop":{"background-color":"","background-image":"","background-repeat":"repeat","background-position":"center center","background-size":"auto","background-attachment":"scroll","background-type":"","background-media":"","overlay-type":"","overlay-color":"","overlay-opacity":"","overlay-gradient":""},"tablet":{"background-color":"","background-image":"","background-repeat":"repeat","background-position":"center center","background-size":"auto","background-attachment":"scroll","background-type":"","background-media":"","overlay-type":"","overlay-color":"","overlay-opacity":"","overlay-gradient":""},"mobile":{"background-color":"","background-image":"","background-repeat":"repeat","background-position":"center center","background-size":"auto","background-attachment":"scroll","background-type":"","background-media":"","overlay-type":"","overlay-color":"","overlay-opacity":"","overlay-gradient":""}},"ast-content-background-meta":{"desktop":{"background-color":"var(--ast-global-color-5)","background-image":"","background-repeat":"repeat","background-position":"center center","background-size":"auto","background-attachment":"scroll","background-type":"","background-media":"","overlay-type":"","overlay-color":"","overlay-opacity":"","overlay-gradient":""},"tablet":{"background-color":"var(--ast-global-color-5)","background-image":"","background-repeat":"repeat","background-position":"center center","background-size":"auto","background-attachment":"scroll","background-type":"","background-media":"","overlay-type":"","overlay-color":"","overlay-opacity":"","overlay-gradient":""},"mobile":{"background-color":"var(--ast-global-color-5)","background-image":"","background-repeat":"repeat","background-position":"center center","background-size":"auto","background-attachment":"scroll","background-type":"","background-media":"","overlay-type":"","overlay-color":"","overlay-opacity":"","overlay-gradient":""}}},"product_brand":[3318,3319],"product_cat":[3422,3389,3391,3479,3392,3433,3396,3395,3880],"product_tag":[],"class_list":{"0":"post-20344","1":"product","2":"type-product","3":"status-publish","4":"has-post-thumbnail","6":"product_brand-maple","7":"product_brand-maplez","8":"product_cat-accessoires","9":"product_cat-accessoires-longue-piste","10":"product_cat-accessoires-pour-la-longue-piste","11":"product_cat-accessoires-pour-le-short-track","12":"product_cat-accessoires-short-track","13":"product_cat-accessories","15":"product_cat-courte-piste","16":"product_cat-sacs-a-dos-et-sacs","17":"desktop-align-left","18":"tablet-align-left","19":"mobile-align-left","21":"first","22":"instock","23":"sale","24":"taxable","25":"shipping-taxable","26":"purchasable","27":"product-type-simple"},"acf":[],"_links":{"self":[{"href":"https:\/\/ztsports.com\/fr\/wp-json\/wp\/v2\/product\/20344","targetHints":{"allow":["GET"]}}],"collection":[{"href":"https:\/\/ztsports.com\/fr\/wp-json\/wp\/v2\/product"}],"about":[{"href":"https:\/\/ztsports.com\/fr\/wp-json\/wp\/v2\/types\/product"}],"replies":[{"embeddable":true,"href":"https:\/\/ztsports.com\/fr\/wp-json\/wp\/v2\/comments?post=20344"}],"version-history":[{"count":1,"href":"https:\/\/ztsports.com\/fr\/wp-json\/wp\/v2\/product\/20344\/revisions"}],"predecessor-version":[{"id":20345,"href":"https:\/\/ztsports.com\/fr\/wp-json\/wp\/v2\/product\/20344\/revisions\/20345"}],"wp:featuredmedia":[{"embeddable":true,"href":"https:\/\/ztsports.com\/fr\/wp-json\/wp\/v2\/media\/20346"}],"wp:attachment":[{"href":"https:\/\/ztsports.com\/fr\/wp-json\/wp\/v2\/media?parent=20344"}],"wp:term":[{"taxonomy":"product_brand","embeddable":true,"href":"https:\/\/ztsports.com\/fr\/wp-json\/wp\/v2\/product_brand?post=20344"},{"taxonomy":"product_cat","embeddable":true,"href":"https:\/\/ztsports.com\/fr\/wp-json\/wp\/v2\/product_cat?post=20344"},{"taxonomy":"product_tag","embeddable":true,"href":"https:\/\/ztsports.com\/fr\/wp-json\/wp\/v2\/product_tag?post=20344"}],"curies":[{"name":"wp","href":"https:\/\/api.w.org\/{rel}","templated":true}]}}