{"id":20339,"date":"2021-09-23T02:39:35","date_gmt":"2021-09-23T02:39:35","guid":{"rendered":"https:\/\/ztsports.com\/?post_type=product&#038;p=20339"},"modified":"2026-02-02T20:16:07","modified_gmt":"2026-02-02T20:16:07","slug":"skate-tec-m-wave-firm","status":"publish","type":"product","link":"https:\/\/ztsports.com\/fr\/store\/skate-tec-m-wave-firm\/","title":{"rendered":"SKATE-TEC M-WAVE firm"},"content":{"rendered":"<h1>SKATE- TEC M-WAVE Firm<\/h1>\n<p>Skate-tec M-Wave Firm offre une adh\u00e9rence sup\u00e9rieure tout en maintenant un haut niveau de contr\u00f4le et de sensation. De plus, la version Firm est la lame la plus s\u00fbre que nous fabriquons actuellement. Providing the highest amounts of skating pressure, so you can power into the ice with confidence. En outre, la nouvelle technologie M pour le montage des bonnets comporte 3 points de fixation, ce qui offre une plus grande rigidit\u00e9 et une meilleure sensation.<\/p>\n<p>Nom de la lame : Skate-Tec M-Wave Firm<br \/>\nTube: 7000 Aluminum anodized tube<br \/>\nPillar height: 38mm<br \/>\nTube height: middle 25,5mm<br \/>\n1,1mm thick, 62HRC Powder Metal<br \/>\nBlade: 62HRC Powder Metal maintains excellent edge quality and sharpness<br \/>\nType of bent: Pre-bent<br \/>\nStiffness: Hard<\/p>\n<p>Your Choice of Cup Height 0, +3, or +5<\/p>\n<h4>Adh\u00e9rence sup\u00e9rieure<\/h4>\n<p>SKATE-TEC M-WAVE Firm offre une adh\u00e9rence sup\u00e9rieure tout en maintenant des niveaux \u00e9lev\u00e9s de contr\u00f4le et de sensation. La nouvelle technologie de montage &#8220;M&#8221; comporte 3 points de fixation pour une plus grande rigidit\u00e9 et une meilleure sensation. De plus, la version Flex Flat Top est la plus flexible, vous sentirez la lame tourner sur la glace pour vous et g\u00e9n\u00e9rer de la pression. Id\u00e9al pour les patineurs plus l\u00e9gers ou ceux qui aiment sentir la lame travailler pour eux. La lame Flex Flat Top est encore plus flexible que la lame Flex standard. La Firme est le plus ferme des trois mod\u00e8les. Il convient donc aux patineurs les plus lourds.<\/p>\n<ul>\n<li>Nom de la lame : ST M-Wave &#8211; Firm<\/li>\n<li>Mod\u00e8les disponibles : Firm, Flex ou Flex Flat Top<\/li>\n<li>Tube : Tube en aluminium anodis\u00e9 7000<\/li>\n<li>Hauteur : 36mm \/ 38mm<\/li>\n<li>Lame : 1,1 mm d&#8217;\u00e9paisseur, 62-64HRC Bi-Metal pour Flex ou PM pour Firm<\/li>\n<li>Lame : 62-64HRC pour maintenir une excellente qualit\u00e9 de tranchant et une bonne r\u00e9sistance \u00e0 l&#8217;usure.<br \/>\nla nettet\u00e9.<\/li>\n<li>Pr\u00e9-coude<\/li>\n<li>Hauteur de la lame : +1mm pour Flex et +3 pour Firm<\/li>\n<li>Plus d&#8217;informations : <a href=\"https:\/\/www.skate-tec.com\/\" target=\"_blank\" rel=\"noopener\">www.skate-tec.com<\/a><\/li>\n<li>Tailles 16\u2033 \u00e0 18\u2033<\/li>\n<li>Coupes disponibles : -2mm \u00e0 +6mm<\/li>\n<li>Ordre de rigidit\u00e9 :<br \/>\n1. La fermet\u00e9<br \/>\n2. Flexibilit\u00e9<br \/>\n3. Flex Flat Top<\/li>\n<\/ul>\n<p>Finley Pour <a href=\"https:\/\/www.skate-tec.com\/nagano.html\" target=\"_blank\" rel=\"noopener\">plus d&#8217;informations sur la lame Skate-Tec Nagano.<\/a><\/p>\n<p>Enfin, vous trouverez tous les <a href=\"https:\/\/ztsports.com\/product-category\/short-track\/blades\/\"><strong>Lames Short Track<\/strong><\/a> ici.<\/p>\n","protected":false},"excerpt":{"rendered":"<p>SKATE- TEC M-WAVE Firm Skate-tec M-Wave Firm offre une adh\u00e9rence sup\u00e9rieure tout en maintenant un haut niveau de contr\u00f4le et de sensation. De plus, la version Firm est la lame la plus s\u00fbre que nous fabriquons actuellement. Providing the highest amounts of skating pressure, so you can power into the ice with confidence. En outre, [&hellip;]<\/p>\n","protected":false},"featured_media":20341,"comment_status":"open","ping_status":"closed","template":"","meta":{"_acf_changed":false,"_monsterinsights_skip_tracking":false,"_monsterinsights_sitenote_active":false,"_monsterinsights_sitenote_note":"","_monsterinsights_sitenote_category":0,"_uf_show_specific_survey":0,"_uf_disable_surveys":false,"site-sidebar-layout":"default","site-content-layout":"","ast-site-content-layout":"default","site-content-style":"default","site-sidebar-style":"default","ast-global-header-display":"","ast-banner-title-visibility":"","ast-main-header-display":"","ast-hfb-above-header-display":"","ast-hfb-below-header-display":"","ast-hfb-mobile-header-display":"","site-post-title":"","ast-breadcrumbs-content":"","ast-featured-img":"","footer-sml-layout":"","ast-disable-related-posts":"","theme-transparent-header-meta":"default","adv-header-id-meta":"","stick-header-meta":"","header-above-stick-meta":"","header-main-stick-meta":"","header-below-stick-meta":"","astra-migrate-meta-layouts":"set","ast-page-background-enabled":"default","ast-page-background-meta":{"desktop":{"background-color":"","background-image":"","background-repeat":"repeat","background-position":"center center","background-size":"auto","background-attachment":"scroll","background-type":"","background-media":"","overlay-type":"","overlay-color":"","overlay-opacity":"","overlay-gradient":""},"tablet":{"background-color":"","background-image":"","background-repeat":"repeat","background-position":"center center","background-size":"auto","background-attachment":"scroll","background-type":"","background-media":"","overlay-type":"","overlay-color":"","overlay-opacity":"","overlay-gradient":""},"mobile":{"background-color":"","background-image":"","background-repeat":"repeat","background-position":"center center","background-size":"auto","background-attachment":"scroll","background-type":"","background-media":"","overlay-type":"","overlay-color":"","overlay-opacity":"","overlay-gradient":""}},"ast-content-background-meta":{"desktop":{"background-color":"var(--ast-global-color-5)","background-image":"","background-repeat":"repeat","background-position":"center center","background-size":"auto","background-attachment":"scroll","background-type":"","background-media":"","overlay-type":"","overlay-color":"","overlay-opacity":"","overlay-gradient":""},"tablet":{"background-color":"var(--ast-global-color-5)","background-image":"","background-repeat":"repeat","background-position":"center center","background-size":"auto","background-attachment":"scroll","background-type":"","background-media":"","overlay-type":"","overlay-color":"","overlay-opacity":"","overlay-gradient":""},"mobile":{"background-color":"var(--ast-global-color-5)","background-image":"","background-repeat":"repeat","background-position":"center center","background-size":"auto","background-attachment":"scroll","background-type":"","background-media":"","overlay-type":"","overlay-color":"","overlay-opacity":"","overlay-gradient":""}}},"product_brand":[3338],"product_cat":[3508,3620,3467],"product_tag":[4233,3654,2238,4234,2240,4235],"class_list":{"0":"post-20339","1":"product","2":"type-product","3":"status-publish","4":"has-post-thumbnail","6":"product_brand-skate-tec","7":"product_cat-lame","8":"product_cat-lames-pour-piste-courte","9":"product_cat-patinage-de-vitesse","10":"product_tag-ferme","11":"product_tag-lame-courte-piste","12":"product_tag-m-wave","13":"product_tag-skate-tec-m-wave-ferme","14":"product_tag-skate-tec","15":"product_tag-skate-tec-m-wave-lame-ferme-pour-piste-courte","16":"desktop-align-left","17":"tablet-align-left","18":"mobile-align-left","20":"first","21":"instock","22":"sale","23":"taxable","24":"shipping-taxable","25":"purchasable","26":"product-type-simple"},"acf":[],"_links":{"self":[{"href":"https:\/\/ztsports.com\/fr\/wp-json\/wp\/v2\/product\/20339","targetHints":{"allow":["GET"]}}],"collection":[{"href":"https:\/\/ztsports.com\/fr\/wp-json\/wp\/v2\/product"}],"about":[{"href":"https:\/\/ztsports.com\/fr\/wp-json\/wp\/v2\/types\/product"}],"replies":[{"embeddable":true,"href":"https:\/\/ztsports.com\/fr\/wp-json\/wp\/v2\/comments?post=20339"}],"version-history":[{"count":1,"href":"https:\/\/ztsports.com\/fr\/wp-json\/wp\/v2\/product\/20339\/revisions"}],"predecessor-version":[{"id":20340,"href":"https:\/\/ztsports.com\/fr\/wp-json\/wp\/v2\/product\/20339\/revisions\/20340"}],"wp:featuredmedia":[{"embeddable":true,"href":"https:\/\/ztsports.com\/fr\/wp-json\/wp\/v2\/media\/20341"}],"wp:attachment":[{"href":"https:\/\/ztsports.com\/fr\/wp-json\/wp\/v2\/media?parent=20339"}],"wp:term":[{"taxonomy":"product_brand","embeddable":true,"href":"https:\/\/ztsports.com\/fr\/wp-json\/wp\/v2\/product_brand?post=20339"},{"taxonomy":"product_cat","embeddable":true,"href":"https:\/\/ztsports.com\/fr\/wp-json\/wp\/v2\/product_cat?post=20339"},{"taxonomy":"product_tag","embeddable":true,"href":"https:\/\/ztsports.com\/fr\/wp-json\/wp\/v2\/product_tag?post=20339"}],"curies":[{"name":"wp","href":"https:\/\/api.w.org\/{rel}","templated":true}]}}