{"id":20335,"date":"2024-02-27T13:22:50","date_gmt":"2024-02-27T13:22:50","guid":{"rendered":"https:\/\/ztsports.com\/?post_type=product&#038;p=20335"},"modified":"2026-01-23T17:05:23","modified_gmt":"2026-01-23T17:05:23","slug":"lame-bont-gta-short-track","status":"publish","type":"product","link":"https:\/\/ztsports.com\/fr\/store\/lame-bont-gta-short-track\/","title":{"rendered":"Lame Bont GTA Short Track"},"content":{"rendered":"<h2>Lame Bont GTA Short Track<\/h2>\n<p>Bont GTA is a high-performance <em>blade<\/em> is designed for short track speed skaters of all levels, and features a lightweight and aerodynamic design, as well as a durable.<\/p>\n<p>La lame ST est notre <em>lame<\/em> de milieu de gamme. Il combine un tube en aluminium 6061 de qualit\u00e9 avec de l&#8217;acier japonais de tr\u00e8s haute qualit\u00e9. En outre, l&#8217;acier est tremp\u00e9 \u00e0 58 Rockwell.<\/p>\n<p>En outre, les lames sont dot\u00e9es de la courbure machine brevet\u00e9e de Bonts, de sorte que vos lames ne perdront jamais leur courbure.<\/p>\n<p>BONT est une entreprise australienne qui fabrique des produits de patinage de vitesse. Ils proposent des produits de qualit\u00e9 qui se distinguent notamment par la qualit\u00e9 des mat\u00e9riaux utilis\u00e9s, comme le cuir de kangourou. En outre, BONT propose \u00e9galement une gamme compl\u00e8te de bottes Short Track, Long Track et Inline.<\/p>\n<p>Disponible en 14&#8243;, 15&#8243;, 15.5&#8243;.<\/p>\n<p><a href=\"https:\/\/ztsports.com\/product-category\/short-track\/blades\/\"><strong>Enfin, vous pouvez voir toutes nos lames Short Track ici.<\/strong><\/a><\/p>\n<p><a href=\"https:\/\/ztsports.com\/brand\/bont\/\"><strong>Vous pouvez trouver tous nos produits Bont ici.<\/strong><\/a><\/p>\n","protected":false},"excerpt":{"rendered":"<p>Lame Bont GTA Short Track Bont GTA is a high-performance blade is designed for short track speed skaters of all levels, and features a lightweight and aerodynamic design, as well as a durable. La lame ST est notre lame de milieu de gamme. Il combine un tube en aluminium 6061 de qualit\u00e9 avec de l&#8217;acier [&hellip;]<\/p>\n","protected":false},"featured_media":20337,"comment_status":"open","ping_status":"closed","template":"","meta":{"_acf_changed":false,"_monsterinsights_skip_tracking":false,"_monsterinsights_sitenote_active":false,"_monsterinsights_sitenote_note":"","_monsterinsights_sitenote_category":0,"_uf_show_specific_survey":0,"_uf_disable_surveys":false,"site-sidebar-layout":"default","site-content-layout":"","ast-site-content-layout":"default","site-content-style":"default","site-sidebar-style":"default","ast-global-header-display":"","ast-banner-title-visibility":"","ast-main-header-display":"","ast-hfb-above-header-display":"","ast-hfb-below-header-display":"","ast-hfb-mobile-header-display":"","site-post-title":"","ast-breadcrumbs-content":"","ast-featured-img":"","footer-sml-layout":"","ast-disable-related-posts":"","theme-transparent-header-meta":"","adv-header-id-meta":"","stick-header-meta":"","header-above-stick-meta":"","header-main-stick-meta":"","header-below-stick-meta":"","astra-migrate-meta-layouts":"default","ast-page-background-enabled":"default","ast-page-background-meta":{"desktop":{"background-color":"","background-image":"","background-repeat":"repeat","background-position":"center center","background-size":"auto","background-attachment":"scroll","background-type":"","background-media":"","overlay-type":"","overlay-color":"","overlay-opacity":"","overlay-gradient":""},"tablet":{"background-color":"","background-image":"","background-repeat":"repeat","background-position":"center center","background-size":"auto","background-attachment":"scroll","background-type":"","background-media":"","overlay-type":"","overlay-color":"","overlay-opacity":"","overlay-gradient":""},"mobile":{"background-color":"","background-image":"","background-repeat":"repeat","background-position":"center center","background-size":"auto","background-attachment":"scroll","background-type":"","background-media":"","overlay-type":"","overlay-color":"","overlay-opacity":"","overlay-gradient":""}},"ast-content-background-meta":{"desktop":{"background-color":"var(--ast-global-color-5)","background-image":"","background-repeat":"repeat","background-position":"center center","background-size":"auto","background-attachment":"scroll","background-type":"","background-media":"","overlay-type":"","overlay-color":"","overlay-opacity":"","overlay-gradient":""},"tablet":{"background-color":"var(--ast-global-color-5)","background-image":"","background-repeat":"repeat","background-position":"center center","background-size":"auto","background-attachment":"scroll","background-type":"","background-media":"","overlay-type":"","overlay-color":"","overlay-opacity":"","overlay-gradient":""},"mobile":{"background-color":"var(--ast-global-color-5)","background-image":"","background-repeat":"repeat","background-position":"center center","background-size":"auto","background-attachment":"scroll","background-type":"","background-media":"","overlay-type":"","overlay-color":"","overlay-opacity":"","overlay-gradient":""}}},"product_brand":[3285,3289],"product_cat":[3395,3508,3955,3620,3838,3489,3467,3626],"product_tag":[],"class_list":{"0":"post-20335","1":"product","2":"type-product","3":"status-publish","4":"has-post-thumbnail","6":"product_brand-bont","7":"product_brand-cadomotus","8":"product_cat-courte-piste","9":"product_cat-lame","10":"product_cat-lames-bont","11":"product_cat-lames-pour-piste-courte","12":"product_cat-offres-de-club","14":"product_cat-patinage-de-vitesse","15":"product_cat-super-vente","16":"desktop-align-left","17":"tablet-align-left","18":"mobile-align-left","20":"first","21":"instock","22":"sale","23":"taxable","24":"shipping-taxable","25":"purchasable","26":"product-type-simple"},"acf":[],"_links":{"self":[{"href":"https:\/\/ztsports.com\/fr\/wp-json\/wp\/v2\/product\/20335","targetHints":{"allow":["GET"]}}],"collection":[{"href":"https:\/\/ztsports.com\/fr\/wp-json\/wp\/v2\/product"}],"about":[{"href":"https:\/\/ztsports.com\/fr\/wp-json\/wp\/v2\/types\/product"}],"replies":[{"embeddable":true,"href":"https:\/\/ztsports.com\/fr\/wp-json\/wp\/v2\/comments?post=20335"}],"version-history":[{"count":1,"href":"https:\/\/ztsports.com\/fr\/wp-json\/wp\/v2\/product\/20335\/revisions"}],"predecessor-version":[{"id":20336,"href":"https:\/\/ztsports.com\/fr\/wp-json\/wp\/v2\/product\/20335\/revisions\/20336"}],"wp:featuredmedia":[{"embeddable":true,"href":"https:\/\/ztsports.com\/fr\/wp-json\/wp\/v2\/media\/20337"}],"wp:attachment":[{"href":"https:\/\/ztsports.com\/fr\/wp-json\/wp\/v2\/media?parent=20335"}],"wp:term":[{"taxonomy":"product_brand","embeddable":true,"href":"https:\/\/ztsports.com\/fr\/wp-json\/wp\/v2\/product_brand?post=20335"},{"taxonomy":"product_cat","embeddable":true,"href":"https:\/\/ztsports.com\/fr\/wp-json\/wp\/v2\/product_cat?post=20335"},{"taxonomy":"product_tag","embeddable":true,"href":"https:\/\/ztsports.com\/fr\/wp-json\/wp\/v2\/product_tag?post=20335"}],"curies":[{"name":"wp","href":"https:\/\/api.w.org\/{rel}","templated":true}]}}