{"id":20327,"date":"2024-02-15T16:24:51","date_gmt":"2024-02-15T16:24:51","guid":{"rendered":"https:\/\/ztsports.com\/?post_type=product&#038;p=20327"},"modified":"2026-04-14T20:04:31","modified_gmt":"2026-04-14T20:04:31","slug":"smiley-deluxe-soakers","status":"publish","type":"product","link":"https:\/\/ztsports.com\/fr\/store\/smiley-deluxe-soakers\/","title":{"rendered":"SMILEY DELUXE SOAKERS Extr\u00e9mit\u00e9s renforc\u00e9es Nouveau"},"content":{"rendered":"<p>Voici les SMILEY DELUXE SOAKERS &#8211; des housses pour lames qui combinent un ext\u00e9rieur en nylon de haute qualit\u00e9 et un int\u00e9rieur douillet en molleton de coton.<br \/>\nCon\u00e7ues pour d\u00e9gager un ton amical, ces housses offrent une excellente absorption et sont fabriqu\u00e9es avec un tissu r\u00e9sistant aux coupures \u00e0 chaque extr\u00e9mit\u00e9 afin d&#8217;\u00e9viter le per\u00e7age.<\/p>\n<p>Fi\u00e8rement fabriqu\u00e9es au Canada, elles peuvent s&#8217;adapter \u00e0 des lames d&#8217;une longueur allant jusqu&#8217;\u00e0 19.<\/p>\n<p>Voici les SMILEY DELUXE SOAKERS &#8211; nos couvertures de lames qui allient parfaitement style et fonctionnalit\u00e9.<\/p>\n<p>Fabriqu\u00e9es avec un ext\u00e9rieur en nylon durable et un int\u00e9rieur en molleton de coton doux, ces housses sont con\u00e7ues pour garder vos lames s\u00e8ches et prot\u00e9g\u00e9es.<\/p>\n<p>Gr\u00e2ce \u00e0 leur tissu super absorbant et r\u00e9sistant aux coupures \u00e0 chaque extr\u00e9mit\u00e9, vous pouvez \u00eatre s\u00fbr que vos lames resteront en s\u00e9curit\u00e9. Fi\u00e8rement fabriqu\u00e9es au Canada, ces housses peuvent accueillir des lames d&#8217;une longueur maximale de 19 pouces.<\/p>\n<p>Alors allez-y, donnez \u00e0 vos patins le traitement de luxe qu&#8217;ils m\u00e9ritent avec les SMILEY DELUXE SOAKERS.<\/p>\n<p>Super absorption<br \/>\nTissu r\u00e9sistant aux coupures \u00e0 chaque extr\u00e9mit\u00e9 pour \u00e9viter de percer<br \/>\nFabriqu\u00e9 au Canada<br \/>\nS&#8217;adapte aux lames jusqu&#8217;\u00e0 19&#8243;.<\/p>\n","protected":false},"excerpt":{"rendered":"<p>Voici les SMILEY DELUXE SOAKERS &#8211; des housses pour lames qui combinent un ext\u00e9rieur en nylon de haute qualit\u00e9 et un int\u00e9rieur douillet en molleton de coton. Con\u00e7ues pour d\u00e9gager un ton amical, ces housses offrent une excellente absorption et sont fabriqu\u00e9es avec un tissu r\u00e9sistant aux coupures \u00e0 chaque extr\u00e9mit\u00e9 afin d&#8217;\u00e9viter le per\u00e7age. [&hellip;]<\/p>\n","protected":false},"featured_media":20329,"comment_status":"open","ping_status":"closed","template":"","meta":{"_acf_changed":false,"_monsterinsights_skip_tracking":false,"_monsterinsights_sitenote_active":false,"_monsterinsights_sitenote_note":"","_monsterinsights_sitenote_category":0,"_uf_show_specific_survey":0,"_uf_disable_surveys":false,"site-sidebar-layout":"default","site-content-layout":"","ast-site-content-layout":"default","site-content-style":"default","site-sidebar-style":"default","ast-global-header-display":"","ast-banner-title-visibility":"","ast-main-header-display":"","ast-hfb-above-header-display":"","ast-hfb-below-header-display":"","ast-hfb-mobile-header-display":"","site-post-title":"","ast-breadcrumbs-content":"","ast-featured-img":"","footer-sml-layout":"","ast-disable-related-posts":"","theme-transparent-header-meta":"default","adv-header-id-meta":"","stick-header-meta":"","header-above-stick-meta":"","header-main-stick-meta":"","header-below-stick-meta":"","astra-migrate-meta-layouts":"set","ast-page-background-enabled":"default","ast-page-background-meta":{"desktop":{"background-color":"","background-image":"","background-repeat":"repeat","background-position":"center center","background-size":"auto","background-attachment":"scroll","background-type":"","background-media":"","overlay-type":"","overlay-color":"","overlay-opacity":"","overlay-gradient":""},"tablet":{"background-color":"","background-image":"","background-repeat":"repeat","background-position":"center center","background-size":"auto","background-attachment":"scroll","background-type":"","background-media":"","overlay-type":"","overlay-color":"","overlay-opacity":"","overlay-gradient":""},"mobile":{"background-color":"","background-image":"","background-repeat":"repeat","background-position":"center center","background-size":"auto","background-attachment":"scroll","background-type":"","background-media":"","overlay-type":"","overlay-color":"","overlay-opacity":"","overlay-gradient":""}},"ast-content-background-meta":{"desktop":{"background-color":"var(--ast-global-color-5)","background-image":"","background-repeat":"repeat","background-position":"center center","background-size":"auto","background-attachment":"scroll","background-type":"","background-media":"","overlay-type":"","overlay-color":"","overlay-opacity":"","overlay-gradient":""},"tablet":{"background-color":"var(--ast-global-color-5)","background-image":"","background-repeat":"repeat","background-position":"center center","background-size":"auto","background-attachment":"scroll","background-type":"","background-media":"","overlay-type":"","overlay-color":"","overlay-opacity":"","overlay-gradient":""},"mobile":{"background-color":"var(--ast-global-color-5)","background-image":"","background-repeat":"repeat","background-position":"center center","background-size":"auto","background-attachment":"scroll","background-type":"","background-media":"","overlay-type":"","overlay-color":"","overlay-opacity":"","overlay-gradient":""}}},"product_brand":[3358,3361,3360],"product_cat":[3479,3877,3503,3504],"product_tag":[4128,4096,2935,3512],"class_list":{"0":"post-20327","1":"product","2":"type-product","3":"status-publish","4":"has-post-thumbnail","6":"product_brand-x-series","7":"product_brand-x-series-xact","8":"product_brand-xact","9":"product_cat-accessoires-pour-le-short-track","10":"product_cat-protection-de-la-lame","11":"product_cat-protections-de-lames","12":"product_cat-soigneurs-de-lames","13":"product_tag-cadeau-patineur","14":"product_tag-protege-lame","15":"product_tag-smiley-deluxe-soakers","16":"product_tag-trempes-a-lames","17":"desktop-align-left","18":"tablet-align-left","19":"mobile-align-left","21":"first","22":"instock","23":"taxable","24":"shipping-taxable","25":"purchasable","26":"product-type-simple"},"acf":[],"_links":{"self":[{"href":"https:\/\/ztsports.com\/fr\/wp-json\/wp\/v2\/product\/20327","targetHints":{"allow":["GET"]}}],"collection":[{"href":"https:\/\/ztsports.com\/fr\/wp-json\/wp\/v2\/product"}],"about":[{"href":"https:\/\/ztsports.com\/fr\/wp-json\/wp\/v2\/types\/product"}],"replies":[{"embeddable":true,"href":"https:\/\/ztsports.com\/fr\/wp-json\/wp\/v2\/comments?post=20327"}],"version-history":[{"count":3,"href":"https:\/\/ztsports.com\/fr\/wp-json\/wp\/v2\/product\/20327\/revisions"}],"predecessor-version":[{"id":25469,"href":"https:\/\/ztsports.com\/fr\/wp-json\/wp\/v2\/product\/20327\/revisions\/25469"}],"wp:featuredmedia":[{"embeddable":true,"href":"https:\/\/ztsports.com\/fr\/wp-json\/wp\/v2\/media\/20329"}],"wp:attachment":[{"href":"https:\/\/ztsports.com\/fr\/wp-json\/wp\/v2\/media?parent=20327"}],"wp:term":[{"taxonomy":"product_brand","embeddable":true,"href":"https:\/\/ztsports.com\/fr\/wp-json\/wp\/v2\/product_brand?post=20327"},{"taxonomy":"product_cat","embeddable":true,"href":"https:\/\/ztsports.com\/fr\/wp-json\/wp\/v2\/product_cat?post=20327"},{"taxonomy":"product_tag","embeddable":true,"href":"https:\/\/ztsports.com\/fr\/wp-json\/wp\/v2\/product_tag?post=20327"}],"curies":[{"name":"wp","href":"https:\/\/api.w.org\/{rel}","templated":true}]}}