{"id":20318,"date":"2024-02-03T15:31:55","date_gmt":"2024-02-03T15:31:55","guid":{"rendered":"https:\/\/ztsports.com\/?post_type=product&#038;p=20318"},"modified":"2026-04-14T20:01:52","modified_gmt":"2026-04-14T20:01:52","slug":"bont-patriot-carbon-boa-ultrasprint-package-2","status":"publish","type":"product","link":"https:\/\/ztsports.com\/fr\/store\/bont-patriot-carbon-boa-ultrasprint-package-2\/","title":{"rendered":"BONT Patriot Carbon BOA Ultrasprint Package"},"content":{"rendered":"<h2 class=\"product_title entry-title\">BONT Patriot Carbon BOA Ultrasprint package<\/h2>\n<p>Le Patriot Carbon BOA Ultrasprint Package est <strong>une extension naturelle de votre corps<\/strong>.<\/p>\n<p>Plus rigide que la Patriot, la Patriot Carbon BOA offre plus de soutien aux patineurs qui cherchent \u00e0 atteindre des vitesses plus \u00e9lev\u00e9es et \u00e0 ajouter une molette BOA pour ajuster le serrage de la chaussure entre les s\u00e9ries.<\/p>\n<p><b>Caract\u00e9ristiques des bottes :<\/b><\/p>\n<ul>\n<li>Base en composite de carbone pos\u00e9e \u00e0 la main<\/li>\n<li>R\u00e9sine \u00e9poxy<\/li>\n<li>Languette Orifices d&#8217;a\u00e9ration<\/li>\n<li>Doublure en microfibre<\/li>\n<li>Un cadran Boa + une couverture en dentelle + une sangle velcro sup\u00e9rieure<\/li>\n<li>Construction monocoque faite \u00e0 la main<\/li>\n<li>Languette thermoformable<\/li>\n<li>Lacets cir\u00e9s<\/li>\n<\/ul>\n<div>\n<p>\u200b\u200b<b>Features<\/b><\/p>\n<div>\n<ul>\n<li><strong>Base :<\/strong> Base en composite de carbone pos\u00e9e \u00e0 la main<\/li>\n<li><strong>Rev\u00eatement ext\u00e9rieur :<\/strong> Microfibre \/ microfibre mate<\/li>\n<li><strong>Doublure :<\/strong> Microfibre<\/li>\n<li><strong>Innersole:<\/strong> Leather<\/li>\n<li><strong>Heat moldable:<\/strong> Fully heat moldable base utilizing epoxy thermoset resin<\/li>\n<li><strong>Padding:<\/strong> High density memory foam<\/li>\n<li><strong>Options de fermeture<\/strong>: Cadran BOA, cache-lacet et deux sangles velcro<\/li>\n<li><strong>Options d&#8217;ajustement :<\/strong> Standard<\/li>\n<li><strong>Monture : <\/strong>165mm<\/li>\n<\/ul>\n<\/div>\n<\/div>\n<p>La lame Ultrasprint a pour but d&#8217;affronter la concurrence et de l&#8217;am\u00e9liorer \u00e0 tous points de vue. Cela comprend l&#8217;utilisation d&#8217;un acier de meilleure qualit\u00e9, un polissage brillant, une courbure parfaite, une meilleure r\u00e9tention de la courbure et des graphiques impressionnants pour compl\u00e9ter le look. Le tout \u00e0 un prix incroyable.<\/p>\n<p><strong>Sp\u00e9cifications<\/strong><\/p>\n<ul>\n<li>Mat\u00e9riau du tube : 6061 T6<\/li>\n<li>Mat\u00e9riau de la coupelle : Aluminium 7075 T6<\/li>\n<li>Rayon : 8m<\/li>\n<li>Longueur : 12\u2033, 13\u2033, 14\u2033, 14.5\u2033, 15\u2033, 15.5\u2033, 16\u2033, 16.5\u2033, 17\u2033.<\/li>\n<li>\u00c9paisseur de la lame : 1,1 mm<\/li>\n<li>Hardness: 58 Rockwell<\/li>\n<li>Cintrage : Cintrage \u00e0 la machine<\/li>\n<\/ul>\n<p><strong>L&#8217;avantage BOA<\/strong><\/p>\n<ul>\n<li>Ajustement semblable \u00e0 un gant<\/li>\n<li>Le syst\u00e8me de fermeture Boa offre un confort personnalis\u00e9 avec une fermeture r\u00e9guli\u00e8re et sans points de pression.<\/li>\n<li>\u00c0 la vol\u00e9e<\/li>\n<li>Ajustement facile d&#8217;une seule main par un tour rapide de la molette Boa. Plus besoin de s&#8217;agenouiller sur de la glace mouill\u00e9e.<\/li>\n<li>Une fermeture efficace<\/li>\n<li>Une fois verrouill\u00e9s, les moulinets et lacets Boa restent en place. Les lacets de patins normaux s&#8217;\u00e9tirent de 7 \u00e0 10 %, c&#8217;est pourquoi vous devez resserrer vos lacets.<\/li>\n<li>Durable<\/li>\n<li>Fabriqu\u00e9s en acier inoxydable de qualit\u00e9 a\u00e9ronautique, les lacets Boa sont plus r\u00e9sistants au gramme qu&#8217;un blindage de char d&#8217;assaut.<\/li>\n<li>Micro-ajustement<\/li>\n<li>Les moulinets Boa offrent des possibilit\u00e9s de r\u00e9glage infinies.<\/li>\n<li>Lightweight<\/li>\n<li>Les fermetures Boa \u00e9vacuent l&#8217;eau et la glace, ce qui permet de gagner un poids pr\u00e9cieux.<\/li>\n<li>Rapide<\/li>\n<li>Rapidement. Rapidement. Le boa permet de gagner du temps lors de l&#8217;enfilage des patins.<\/li>\n<\/ul>\n<p><strong><em>LA LONGUEUR DE LA LAME PEUT \u00caTRE MODIFI\u00c9E, VEUILLEZ SP\u00c9CIFIER LA MODIFICATION DANS LA CASE COMMENTAIRE LORS DE VOTRE COMMANDE.<\/em><\/strong><\/p>\n<p>&nbsp;<\/p>\n","protected":false},"excerpt":{"rendered":"<p>BONT Patriot Carbon BOA Ultrasprint package Le Patriot Carbon BOA Ultrasprint Package est une extension naturelle de votre corps. Plus rigide que la Patriot, la Patriot Carbon BOA offre plus de soutien aux patineurs qui cherchent \u00e0 atteindre des vitesses plus \u00e9lev\u00e9es et \u00e0 ajouter une molette BOA pour ajuster le serrage de la chaussure [&hellip;]<\/p>\n","protected":false},"featured_media":20320,"comment_status":"open","ping_status":"closed","template":"","meta":{"_acf_changed":false,"_monsterinsights_skip_tracking":false,"_monsterinsights_sitenote_active":false,"_monsterinsights_sitenote_note":"","_monsterinsights_sitenote_category":0,"_uf_show_specific_survey":0,"_uf_disable_surveys":false,"site-sidebar-layout":"default","site-content-layout":"","ast-site-content-layout":"default","site-content-style":"default","site-sidebar-style":"default","ast-global-header-display":"","ast-banner-title-visibility":"","ast-main-header-display":"","ast-hfb-above-header-display":"","ast-hfb-below-header-display":"","ast-hfb-mobile-header-display":"","site-post-title":"","ast-breadcrumbs-content":"","ast-featured-img":"","footer-sml-layout":"","ast-disable-related-posts":"","theme-transparent-header-meta":"default","adv-header-id-meta":"","stick-header-meta":"","header-above-stick-meta":"","header-main-stick-meta":"","header-below-stick-meta":"","astra-migrate-meta-layouts":"set","ast-page-background-enabled":"default","ast-page-background-meta":{"desktop":{"background-color":"","background-image":"","background-repeat":"repeat","background-position":"center center","background-size":"auto","background-attachment":"scroll","background-type":"","background-media":"","overlay-type":"","overlay-color":"","overlay-opacity":"","overlay-gradient":""},"tablet":{"background-color":"","background-image":"","background-repeat":"repeat","background-position":"center center","background-size":"auto","background-attachment":"scroll","background-type":"","background-media":"","overlay-type":"","overlay-color":"","overlay-opacity":"","overlay-gradient":""},"mobile":{"background-color":"","background-image":"","background-repeat":"repeat","background-position":"center center","background-size":"auto","background-attachment":"scroll","background-type":"","background-media":"","overlay-type":"","overlay-color":"","overlay-opacity":"","overlay-gradient":""}},"ast-content-background-meta":{"desktop":{"background-color":"var(--ast-global-color-5)","background-image":"","background-repeat":"repeat","background-position":"center center","background-size":"auto","background-attachment":"scroll","background-type":"","background-media":"","overlay-type":"","overlay-color":"","overlay-opacity":"","overlay-gradient":""},"tablet":{"background-color":"var(--ast-global-color-5)","background-image":"","background-repeat":"repeat","background-position":"center center","background-size":"auto","background-attachment":"scroll","background-type":"","background-media":"","overlay-type":"","overlay-color":"","overlay-opacity":"","overlay-gradient":""},"mobile":{"background-color":"var(--ast-global-color-5)","background-image":"","background-repeat":"repeat","background-position":"center center","background-size":"auto","background-attachment":"scroll","background-type":"","background-media":"","overlay-type":"","overlay-color":"","overlay-opacity":"","overlay-gradient":""}}},"product_brand":[3285],"product_cat":[3395,3624,3627,3467,3625],"product_tag":[1765,2041,2933,4087,3634,2892],"class_list":{"0":"post-20318","1":"product","2":"type-product","3":"status-publish","4":"has-post-thumbnail","6":"product_brand-bont","7":"product_cat-courte-piste","8":"product_cat-forfait-courte-piste","9":"product_cat-packages","10":"product_cat-patinage-de-vitesse","11":"product_cat-patins-de-vitesse","12":"product_tag-bont-patriot","13":"product_tag-bont-patriot-carbon-boa","14":"product_tag-bont-patriotcarbon-boa","15":"product_tag-paquet-ultrasprint","16":"product_tag-patins-de-vitesse-sur-piste-courte","17":"product_tag-patriot-carbon-boa","18":"desktop-align-left","19":"tablet-align-left","20":"mobile-align-left","22":"first","23":"instock","24":"taxable","25":"shipping-taxable","26":"purchasable","27":"product-type-simple"},"acf":[],"_links":{"self":[{"href":"https:\/\/ztsports.com\/fr\/wp-json\/wp\/v2\/product\/20318","targetHints":{"allow":["GET"]}}],"collection":[{"href":"https:\/\/ztsports.com\/fr\/wp-json\/wp\/v2\/product"}],"about":[{"href":"https:\/\/ztsports.com\/fr\/wp-json\/wp\/v2\/types\/product"}],"replies":[{"embeddable":true,"href":"https:\/\/ztsports.com\/fr\/wp-json\/wp\/v2\/comments?post=20318"}],"version-history":[{"count":3,"href":"https:\/\/ztsports.com\/fr\/wp-json\/wp\/v2\/product\/20318\/revisions"}],"predecessor-version":[{"id":25466,"href":"https:\/\/ztsports.com\/fr\/wp-json\/wp\/v2\/product\/20318\/revisions\/25466"}],"wp:featuredmedia":[{"embeddable":true,"href":"https:\/\/ztsports.com\/fr\/wp-json\/wp\/v2\/media\/20320"}],"wp:attachment":[{"href":"https:\/\/ztsports.com\/fr\/wp-json\/wp\/v2\/media?parent=20318"}],"wp:term":[{"taxonomy":"product_brand","embeddable":true,"href":"https:\/\/ztsports.com\/fr\/wp-json\/wp\/v2\/product_brand?post=20318"},{"taxonomy":"product_cat","embeddable":true,"href":"https:\/\/ztsports.com\/fr\/wp-json\/wp\/v2\/product_cat?post=20318"},{"taxonomy":"product_tag","embeddable":true,"href":"https:\/\/ztsports.com\/fr\/wp-json\/wp\/v2\/product_tag?post=20318"}],"curies":[{"name":"wp","href":"https:\/\/api.w.org\/{rel}","templated":true}]}}