{"id":20307,"date":"2023-11-10T22:42:35","date_gmt":"2023-11-10T22:42:35","guid":{"rendered":"https:\/\/ztsports.com\/?post_type=product&#038;p=20307"},"modified":"2026-02-02T18:29:53","modified_gmt":"2026-02-02T18:29:53","slug":"chaussettes-de-patinage-coolmax","status":"publish","type":"product","link":"https:\/\/ztsports.com\/fr\/store\/chaussettes-de-patinage-coolmax\/","title":{"rendered":"Chaussettes de patinage PRO SKIN Coolmax"},"content":{"rendered":"<h1>Chaussettes de patinage COOLMAX\u00ae de Pro Skin<\/h1>\n<p>Les chaussettes de patinage Pro Skin CoolMax sont tout simplement les meilleures chaussettes de patinage ! Il s&#8217;agit de chaussettes \u00e0 hauteur de genou qui offrent le confort ultime, sans talon et avec une couture antifriction au niveau des orteils. De plus, elles sont con\u00e7ues avec le tissu COOLMAX\u00ae pour une gestion maximale de l&#8217;humidit\u00e9, ce qui est encore plus important, elles sont con\u00e7ues pour durer.<\/p>\n<p>&#8211; 60% Polyester \/ 10% Coolmax \/ 4% Lycra<\/p>\n<p>Voir toutes nos autres <a href=\"https:\/\/ztsports.com\/categorie-produit\/chaussettes\/?lang=fr\"><strong>chaussettes ici.<\/strong><\/a><\/p>\n<h2 id=\"h2_0\"> Chaussettes de patinage Pro Skin Coolmax Qu&#8217;est-ce que le tissu COOLMAX ?<\/h2>\n<p>COOLMAX est un type de polyester sp\u00e9cialement con\u00e7u et produit exclusivement par Invista, une entreprise textile am\u00e9ricaine. Ce tissu en polyester est compos\u00e9 de fibres soigneusement con\u00e7ues pour \u00e9vacuer l&#8217;humidit\u00e9 et permettre le passage de la chaleur. En outre, le tissu COOLMAX a une grande vari\u00e9t\u00e9 d&#8217;applications potentielles, et c&#8217;est un mat\u00e9riau populaire pour les chaussettes, les jeans et d&#8217;autres types de v\u00eatements. De m\u00eame, il existe d&#8217;autres tissus ayant des caract\u00e9ristiques similaires \u00e0 ce textile technique. COOLMAX est la seule marque d\u00e9pos\u00e9e d&#8217;Invista.<\/p>\n<h3 id=\"h3_0\">Historique de COOLMAX.<\/h3>\n<p>Invista \u00e9tait \u00e0 l&#8217;origine une filiale de la soci\u00e9t\u00e9 DuPont, qui est \u00e0 l&#8217;origine des perc\u00e9es les plus importantes dans le domaine de l&#8217;ing\u00e9nierie des textiles synth\u00e9tiques au cours du si\u00e8cle dernier. En outre, en 2003, le pr\u00e9d\u00e9cesseur direct d&#8217;Invista, DuPont Textiles &amp; Interiors, <a href=\"https:\/\/www.adhesivesmag.com\/articles\/84828-dupont-textiles-interiors-becomes-invista\" target=\"_blank\" rel=\"nofollow noopener\">s&#8217;est s\u00e9par\u00e9 de sa soci\u00e9t\u00e9 m\u00e8re<\/a> pour devenir une entreprise ind\u00e9pendante. Aujourd&#8217;hui, Invista est le seul d\u00e9tenteur de la marque COOLMAX,<\/p>\n<p>Pour en savoir plus sur Coolmax <a href=\"https:\/\/sewport.com\/fabrics-directory\/coolmax-fabric#:~:text=COOLMAX%20is%20a%20specially%20engineered,allow%20the%20passage%20of%20heat.\" target=\"_blank\" rel=\"noopener\">, cliquez ici !<\/a><\/p>\n","protected":false},"excerpt":{"rendered":"<p>Chaussettes de patinage COOLMAX\u00ae de Pro Skin Les chaussettes de patinage Pro Skin CoolMax sont tout simplement les meilleures chaussettes de patinage ! Il s&#8217;agit de chaussettes \u00e0 hauteur de genou qui offrent le confort ultime, sans talon et avec une couture antifriction au niveau des orteils. De plus, elles sont con\u00e7ues avec le tissu [&hellip;]<\/p>\n","protected":false},"featured_media":20309,"comment_status":"open","ping_status":"closed","template":"","meta":{"_acf_changed":false,"_monsterinsights_skip_tracking":false,"_monsterinsights_sitenote_active":false,"_monsterinsights_sitenote_note":"","_monsterinsights_sitenote_category":0,"_uf_show_specific_survey":0,"_uf_disable_surveys":false,"site-sidebar-layout":"default","site-content-layout":"","ast-site-content-layout":"default","site-content-style":"default","site-sidebar-style":"default","ast-global-header-display":"","ast-banner-title-visibility":"","ast-main-header-display":"","ast-hfb-above-header-display":"","ast-hfb-below-header-display":"","ast-hfb-mobile-header-display":"","site-post-title":"","ast-breadcrumbs-content":"","ast-featured-img":"","footer-sml-layout":"","ast-disable-related-posts":"","theme-transparent-header-meta":"default","adv-header-id-meta":"","stick-header-meta":"","header-above-stick-meta":"","header-main-stick-meta":"","header-below-stick-meta":"","astra-migrate-meta-layouts":"set","ast-page-background-enabled":"default","ast-page-background-meta":{"desktop":{"background-color":"","background-image":"","background-repeat":"repeat","background-position":"center center","background-size":"auto","background-attachment":"scroll","background-type":"","background-media":"","overlay-type":"","overlay-color":"","overlay-opacity":"","overlay-gradient":""},"tablet":{"background-color":"","background-image":"","background-repeat":"repeat","background-position":"center center","background-size":"auto","background-attachment":"scroll","background-type":"","background-media":"","overlay-type":"","overlay-color":"","overlay-opacity":"","overlay-gradient":""},"mobile":{"background-color":"","background-image":"","background-repeat":"repeat","background-position":"center center","background-size":"auto","background-attachment":"scroll","background-type":"","background-media":"","overlay-type":"","overlay-color":"","overlay-opacity":"","overlay-gradient":""}},"ast-content-background-meta":{"desktop":{"background-color":"var(--ast-global-color-5)","background-image":"","background-repeat":"repeat","background-position":"center center","background-size":"auto","background-attachment":"scroll","background-type":"","background-media":"","overlay-type":"","overlay-color":"","overlay-opacity":"","overlay-gradient":""},"tablet":{"background-color":"var(--ast-global-color-5)","background-image":"","background-repeat":"repeat","background-position":"center center","background-size":"auto","background-attachment":"scroll","background-type":"","background-media":"","overlay-type":"","overlay-color":"","overlay-opacity":"","overlay-gradient":""},"mobile":{"background-color":"var(--ast-global-color-5)","background-image":"","background-repeat":"repeat","background-position":"center center","background-size":"auto","background-attachment":"scroll","background-type":"","background-media":"","overlay-type":"","overlay-color":"","overlay-opacity":"","overlay-gradient":""}}},"product_brand":[3282,3283],"product_cat":[3422,3479,3433,3874,3417,3750,3467,3381,3408,3421,4226],"product_tag":[4227,3974,4228,4229,4230,4231,2927,3796],"class_list":{"0":"post-20307","1":"product","2":"type-product","3":"status-publish","4":"has-post-thumbnail","6":"product_brand-blue-sports","7":"product_brand-pro-skin","8":"product_cat-accessoires","9":"product_cat-accessoires-pour-le-short-track","10":"product_cat-accessories","12":"product_cat-chaussettes","13":"product_cat-equipement-de-protection-pour-le-patinage-de-vitesse","14":"product_cat-patinage-de-vitesse","15":"product_cat-patinage-de-vitesse-en-ligne","16":"product_cat-patins-a-roulettes","17":"product_cat-protection-bebe-inferieure","18":"product_cat-vetements","19":"product_tag-accessoires-pour-pistes-courtes","20":"product_tag-chaussette-coolmax","21":"product_tag-chaussettes-colorees-cool","22":"product_tag-chaussettes-de-patinage","23":"product_tag-chaussettes-de-patinage-coolmax","24":"product_tag-chaussettes-en-ligne","25":"product_tag-pro-skin","26":"product_tag-short-track","27":"desktop-align-left","28":"tablet-align-left","29":"mobile-align-left","31":"first","32":"instock","33":"sale","34":"taxable","35":"shipping-taxable","36":"purchasable","37":"product-type-simple"},"acf":[],"_links":{"self":[{"href":"https:\/\/ztsports.com\/fr\/wp-json\/wp\/v2\/product\/20307","targetHints":{"allow":["GET"]}}],"collection":[{"href":"https:\/\/ztsports.com\/fr\/wp-json\/wp\/v2\/product"}],"about":[{"href":"https:\/\/ztsports.com\/fr\/wp-json\/wp\/v2\/types\/product"}],"replies":[{"embeddable":true,"href":"https:\/\/ztsports.com\/fr\/wp-json\/wp\/v2\/comments?post=20307"}],"version-history":[{"count":1,"href":"https:\/\/ztsports.com\/fr\/wp-json\/wp\/v2\/product\/20307\/revisions"}],"predecessor-version":[{"id":20308,"href":"https:\/\/ztsports.com\/fr\/wp-json\/wp\/v2\/product\/20307\/revisions\/20308"}],"wp:featuredmedia":[{"embeddable":true,"href":"https:\/\/ztsports.com\/fr\/wp-json\/wp\/v2\/media\/20309"}],"wp:attachment":[{"href":"https:\/\/ztsports.com\/fr\/wp-json\/wp\/v2\/media?parent=20307"}],"wp:term":[{"taxonomy":"product_brand","embeddable":true,"href":"https:\/\/ztsports.com\/fr\/wp-json\/wp\/v2\/product_brand?post=20307"},{"taxonomy":"product_cat","embeddable":true,"href":"https:\/\/ztsports.com\/fr\/wp-json\/wp\/v2\/product_cat?post=20307"},{"taxonomy":"product_tag","embeddable":true,"href":"https:\/\/ztsports.com\/fr\/wp-json\/wp\/v2\/product_tag?post=20307"}],"curies":[{"name":"wp","href":"https:\/\/api.w.org\/{rel}","templated":true}]}}