{"id":20301,"date":"2023-11-14T23:52:16","date_gmt":"2023-11-14T23:52:16","guid":{"rendered":"https:\/\/ztsports.com\/?post_type=product&#038;p=20301"},"modified":"2026-03-04T04:28:52","modified_gmt":"2026-03-04T04:28:52","slug":"bont-patriot-r2-package-short-track","status":"publish","type":"product","link":"https:\/\/ztsports.com\/fr\/store\/bont-patriot-r2-package-short-track\/","title":{"rendered":"BONT Patriot R2 Package Short Track"},"content":{"rendered":"<h1>Ensemble BONT Patriot R2<\/h1>\n<p>L&#8217;ensemble Bont Patriot R2 pour le short track est un produit fait \u00e0 la main. Une botte en carbone composite fabriqu\u00e9e selon la c\u00e9l\u00e8bre m\u00e9thode de construction monobloc de Bont. En outre, la botte est fabriqu\u00e9e \u00e0 la main avec amour, de l&#8217;int\u00e9rieur vers l&#8217;ext\u00e9rieur, chaque couche \u00e9tant coll\u00e9e ou cousue \u00e0 la couche inf\u00e9rieure. En outre, la botte s&#8217;adapte comme un gant et offre des performances haut de gamme \u00e0 un prix d&#8217;entr\u00e9e de gamme. Le syst\u00e8me unique d&#8217;enveloppement par pression de Bont est si \u00e9tonnant qu&#8217;il \u00e9limine plus d&#8217;exc\u00e8s de r\u00e9sine que n&#8217;importe quelle autre technique de stratification du carbone.<\/p>\n<ul>\n<li><b>Caract\u00e9ristiques Base :<\/b> 100% composite de carbone pos\u00e9 \u00e0 la main<\/li>\n<li><strong>Rev\u00eatement ext\u00e9rieur : Microfibre mate<\/strong><\/li>\n<li><strong>Doublure :<\/strong> Microfibre<\/li>\n<li><strong>Innersole: Suede-like<\/strong><\/li>\n<li><strong>Heat moldable:<\/strong> Fully heat moldable base utilizing epoxy thermoset resin<\/li>\n<li><strong>Padding:<\/strong> High density memory foam<\/li>\n<li><strong>Options de fermeture<\/strong>: Lacets cir\u00e9s, cache-lacets et deux bandes velcro<\/li>\n<li><strong>Options d&#8217;ajustement :<\/strong> Standard<\/li>\n<li><strong>V\u00e9g\u00e9talien :<\/strong> Oui<\/li>\n<li><strong>Monture : <\/strong>165mm<\/li>\n<\/ul>\n<h2>Lame Ultrasprint dans le paquet R2<\/h2>\n<p>La lame Ultrasprint s&#8217;attaque \u00e0 la concurrence et la surpasse \u00e0 tous points de vue. Cela comprend l&#8217;utilisation d&#8217;un meilleur acier, un polissage brillant, une courbure super duper parfaite, en plus d&#8217;une meilleure r\u00e9tention de la courbure et de quelques graphiques impressionnants pour compl\u00e9ter le look. De plus, tout cela \u00e0 un prix incroyable.<\/p>\n<ul>\n<li><strong>Sp\u00e9cifications<\/strong><\/li>\n<li>Mat\u00e9riau du tube : 6061 T6<\/li>\n<li>Mat\u00e9riau de la coupelle : Aluminium 7075 T6<\/li>\n<li>Rayon : 8m<\/li>\n<li>Longueur : 12&#8243;, 13&#8243;, 14&#8243;, 14.5&#8243;, 15&#8243;, 15.5&#8243;, 16&#8243;, 16.5&#8243;, 17&#8243;.<\/li>\n<li>\u00c9paisseur de la lame : 1,1 mm<\/li>\n<li>Hardness: 58 Rockwell<\/li>\n<li>Cintrage : Cintrage \u00e0 la machine<\/li>\n<\/ul>\n<h5 class=\"tw-data-text tw-text-large tw-ta\" dir=\"ltr\" data-placeholder=\"Translation\">Maintenant une vid\u00e9o sur <a href=\"https:\/\/www.youtube.com\/watch?v=2AfKfzVSCWk\" target=\"_blank\" rel=\"noopener\"><strong>Le moulage \u00e0 chaud des bottes Bont. <\/strong><\/a><\/h5>\n<p>Enfin, vous pouvez consulter tous nos <a href=\"https:\/\/ztsports.com\/product-category\/short-track\/packages\/\">forfaits Short Track ici<\/a>.<\/p>\n<p><strong>Fin de s\u00e9rie pour les tailles en stock uniquement !<\/strong><\/p>\n","protected":false},"excerpt":{"rendered":"<p>Ensemble BONT Patriot R2 L&#8217;ensemble Bont Patriot R2 pour le short track est un produit fait \u00e0 la main. Une botte en carbone composite fabriqu\u00e9e selon la c\u00e9l\u00e8bre m\u00e9thode de construction monobloc de Bont. En outre, la botte est fabriqu\u00e9e \u00e0 la main avec amour, de l&#8217;int\u00e9rieur vers l&#8217;ext\u00e9rieur, chaque couche \u00e9tant coll\u00e9e ou cousue [&hellip;]<\/p>\n","protected":false},"featured_media":20303,"comment_status":"open","ping_status":"closed","template":"","meta":{"_acf_changed":false,"_monsterinsights_skip_tracking":false,"_monsterinsights_sitenote_active":false,"_monsterinsights_sitenote_note":"","_monsterinsights_sitenote_category":0,"_uf_show_specific_survey":0,"_uf_disable_surveys":false,"site-sidebar-layout":"default","site-content-layout":"","ast-site-content-layout":"default","site-content-style":"default","site-sidebar-style":"default","ast-global-header-display":"","ast-banner-title-visibility":"","ast-main-header-display":"","ast-hfb-above-header-display":"","ast-hfb-below-header-display":"","ast-hfb-mobile-header-display":"","site-post-title":"","ast-breadcrumbs-content":"","ast-featured-img":"","footer-sml-layout":"","ast-disable-related-posts":"","theme-transparent-header-meta":"default","adv-header-id-meta":"","stick-header-meta":"","header-above-stick-meta":"","header-main-stick-meta":"","header-below-stick-meta":"","astra-migrate-meta-layouts":"set","ast-page-background-enabled":"default","ast-page-background-meta":{"desktop":{"background-color":"","background-image":"","background-repeat":"repeat","background-position":"center center","background-size":"auto","background-attachment":"scroll","background-type":"","background-media":"","overlay-type":"","overlay-color":"","overlay-opacity":"","overlay-gradient":""},"tablet":{"background-color":"","background-image":"","background-repeat":"repeat","background-position":"center center","background-size":"auto","background-attachment":"scroll","background-type":"","background-media":"","overlay-type":"","overlay-color":"","overlay-opacity":"","overlay-gradient":""},"mobile":{"background-color":"","background-image":"","background-repeat":"repeat","background-position":"center center","background-size":"auto","background-attachment":"scroll","background-type":"","background-media":"","overlay-type":"","overlay-color":"","overlay-opacity":"","overlay-gradient":""}},"ast-content-background-meta":{"desktop":{"background-color":"var(--ast-global-color-5)","background-image":"","background-repeat":"repeat","background-position":"center center","background-size":"auto","background-attachment":"scroll","background-type":"","background-media":"","overlay-type":"","overlay-color":"","overlay-opacity":"","overlay-gradient":""},"tablet":{"background-color":"var(--ast-global-color-5)","background-image":"","background-repeat":"repeat","background-position":"center center","background-size":"auto","background-attachment":"scroll","background-type":"","background-media":"","overlay-type":"","overlay-color":"","overlay-opacity":"","overlay-gradient":""},"mobile":{"background-color":"var(--ast-global-color-5)","background-image":"","background-repeat":"repeat","background-position":"center center","background-size":"auto","background-attachment":"scroll","background-type":"","background-media":"","overlay-type":"","overlay-color":"","overlay-opacity":"","overlay-gradient":""}}},"product_brand":[3285],"product_cat":[3721,3395,3624,3489,3627,3467,3625],"product_tag":[2023,4223,4224,3630,4225],"class_list":{"0":"post-20301","1":"product","2":"type-product","3":"status-publish","4":"has-post-thumbnail","6":"product_brand-bont","7":"product_cat-bottes-de-patinage-de-vitesse","8":"product_cat-courte-piste","9":"product_cat-forfait-courte-piste","10":"product_cat-offres-de-club","11":"product_cat-packages","12":"product_cat-patinage-de-vitesse","13":"product_cat-patins-de-vitesse","14":"product_tag-closeout","15":"product_tag-ensemble-bont-patriot-r2","16":"product_tag-ensemble-patriot-r2","17":"product_tag-forfait-courte-piste","18":"product_tag-vente-patins-de-vitesse","19":"desktop-align-left","20":"tablet-align-left","21":"mobile-align-left","23":"first","24":"outofstock","25":"sale","26":"taxable","27":"shipping-taxable","28":"purchasable","29":"product-type-simple"},"acf":[],"_links":{"self":[{"href":"https:\/\/ztsports.com\/fr\/wp-json\/wp\/v2\/product\/20301","targetHints":{"allow":["GET"]}}],"collection":[{"href":"https:\/\/ztsports.com\/fr\/wp-json\/wp\/v2\/product"}],"about":[{"href":"https:\/\/ztsports.com\/fr\/wp-json\/wp\/v2\/types\/product"}],"replies":[{"embeddable":true,"href":"https:\/\/ztsports.com\/fr\/wp-json\/wp\/v2\/comments?post=20301"}],"version-history":[{"count":1,"href":"https:\/\/ztsports.com\/fr\/wp-json\/wp\/v2\/product\/20301\/revisions"}],"predecessor-version":[{"id":20302,"href":"https:\/\/ztsports.com\/fr\/wp-json\/wp\/v2\/product\/20301\/revisions\/20302"}],"wp:featuredmedia":[{"embeddable":true,"href":"https:\/\/ztsports.com\/fr\/wp-json\/wp\/v2\/media\/20303"}],"wp:attachment":[{"href":"https:\/\/ztsports.com\/fr\/wp-json\/wp\/v2\/media?parent=20301"}],"wp:term":[{"taxonomy":"product_brand","embeddable":true,"href":"https:\/\/ztsports.com\/fr\/wp-json\/wp\/v2\/product_brand?post=20301"},{"taxonomy":"product_cat","embeddable":true,"href":"https:\/\/ztsports.com\/fr\/wp-json\/wp\/v2\/product_cat?post=20301"},{"taxonomy":"product_tag","embeddable":true,"href":"https:\/\/ztsports.com\/fr\/wp-json\/wp\/v2\/product_tag?post=20301"}],"curies":[{"name":"wp","href":"https:\/\/api.w.org\/{rel}","templated":true}]}}