{"id":20295,"date":"2023-11-14T01:54:09","date_gmt":"2023-11-14T01:54:09","guid":{"rendered":"https:\/\/ztsports.com\/?post_type=product&#038;p=20295"},"modified":"2026-02-02T18:29:35","modified_gmt":"2026-02-02T18:29:35","slug":"speed-skater-medal-hanger-fr","status":"publish","type":"product","link":"https:\/\/ztsports.com\/fr\/store\/speed-skater-medal-hanger-fr\/","title":{"rendered":"Speed Skater Medal Hanger Patinage de Vitesse NEW"},"content":{"rendered":"<h1>Porte-m\u00e9dailles pour patineur de vitesse<\/h1>\n<p>Speed Skater Medal Hanger \/Porte-m\u00e9dailles pour patineur de vitesse<\/p>\n<p>Ce cintre m\u00e9tallique Speed Skater est fabriqu\u00e9 au Canada. D\u00e9corez la chambre de votre patineur avec ce porte-m\u00e9dailles unique dans son sport pr\u00e9f\u00e9r\u00e9. Accrochez vos m\u00e9dailles les plus pr\u00e9cieuses sur ce cintre.<\/p>\n<p>Se fixe au mur et peut contenir jusqu&#8217;\u00e0 8 m\u00e9dailles. Des barres suppl\u00e9mentaires peuvent \u00eatre ajout\u00e9es lorsque vous gagnez plus. M\u00e9tal avec finition chrom\u00e9e brillante. En outre, il est fabriqu\u00e9 au Canada dans les deux langues officielles.<\/p>\n<p>Enfin, d\u00e9couvrez tous nos<a href=\"https:\/\/ztsports.com\/product-category\/gifts-2\/\"><strong> nos articles cadeaux<\/strong><\/a> pour les patineurs de vitesse.<\/p>\n","protected":false},"excerpt":{"rendered":"<p>Porte-m\u00e9dailles pour patineur de vitesse Speed Skater Medal Hanger \/Porte-m\u00e9dailles pour patineur de vitesse Ce cintre m\u00e9tallique Speed Skater est fabriqu\u00e9 au Canada. D\u00e9corez la chambre de votre patineur avec ce porte-m\u00e9dailles unique dans son sport pr\u00e9f\u00e9r\u00e9. Accrochez vos m\u00e9dailles les plus pr\u00e9cieuses sur ce cintre. Se fixe au mur et peut contenir jusqu&#8217;\u00e0 8 [&hellip;]<\/p>\n","protected":false},"featured_media":20297,"comment_status":"open","ping_status":"closed","template":"","meta":{"_acf_changed":false,"_monsterinsights_skip_tracking":false,"_monsterinsights_sitenote_active":false,"_monsterinsights_sitenote_note":"","_monsterinsights_sitenote_category":0,"_uf_show_specific_survey":0,"_uf_disable_surveys":false,"site-sidebar-layout":"default","site-content-layout":"","ast-site-content-layout":"default","site-content-style":"default","site-sidebar-style":"default","ast-global-header-display":"","ast-banner-title-visibility":"","ast-main-header-display":"","ast-hfb-above-header-display":"","ast-hfb-below-header-display":"","ast-hfb-mobile-header-display":"","site-post-title":"","ast-breadcrumbs-content":"","ast-featured-img":"","footer-sml-layout":"","ast-disable-related-posts":"","theme-transparent-header-meta":"default","adv-header-id-meta":"","stick-header-meta":"","header-above-stick-meta":"","header-main-stick-meta":"","header-below-stick-meta":"","astra-migrate-meta-layouts":"set","ast-page-background-enabled":"default","ast-page-background-meta":{"desktop":{"background-color":"","background-image":"","background-repeat":"repeat","background-position":"center center","background-size":"auto","background-attachment":"scroll","background-type":"","background-media":"","overlay-type":"","overlay-color":"","overlay-opacity":"","overlay-gradient":""},"tablet":{"background-color":"","background-image":"","background-repeat":"repeat","background-position":"center center","background-size":"auto","background-attachment":"scroll","background-type":"","background-media":"","overlay-type":"","overlay-color":"","overlay-opacity":"","overlay-gradient":""},"mobile":{"background-color":"","background-image":"","background-repeat":"repeat","background-position":"center center","background-size":"auto","background-attachment":"scroll","background-type":"","background-media":"","overlay-type":"","overlay-color":"","overlay-opacity":"","overlay-gradient":""}},"ast-content-background-meta":{"desktop":{"background-color":"var(--ast-global-color-5)","background-image":"","background-repeat":"repeat","background-position":"center center","background-size":"auto","background-attachment":"scroll","background-type":"","background-media":"","overlay-type":"","overlay-color":"","overlay-opacity":"","overlay-gradient":""},"tablet":{"background-color":"var(--ast-global-color-5)","background-image":"","background-repeat":"repeat","background-position":"center center","background-size":"auto","background-attachment":"scroll","background-type":"","background-media":"","overlay-type":"","overlay-color":"","overlay-opacity":"","overlay-gradient":""},"mobile":{"background-color":"var(--ast-global-color-5)","background-image":"","background-repeat":"repeat","background-position":"center center","background-size":"auto","background-attachment":"scroll","background-type":"","background-media":"","overlay-type":"","overlay-color":"","overlay-opacity":"","overlay-gradient":""}}},"product_brand":[3273],"product_cat":[3422,3391,3479,3433,3874,3396,3775,4104,3878,3572,3395,3390,3467,3381,3408,4204,3776],"product_tag":[4220,4128,4221,4222],"class_list":{"0":"post-20295","1":"product","2":"type-product","3":"status-publish","4":"has-post-thumbnail","6":"product_brand-akro","7":"product_cat-accessoires","8":"product_cat-accessoires-pour-la-longue-piste","9":"product_cat-accessoires-pour-le-short-track","10":"product_cat-accessories","13":"product_cat-bijoux-de-sport","14":"product_cat-cadeaux","16":"product_cat-cadeaux-pour-patineurs","17":"product_cat-courte-piste","18":"product_cat-longue-piste","19":"product_cat-patinage-de-vitesse","20":"product_cat-patinage-de-vitesse-en-ligne","21":"product_cat-patins-a-roulettes","22":"product_cat-pendentifs-en-etain","23":"product_cat-pendentifs-sportifs","24":"product_tag-affichage-des-prix","25":"product_tag-cadeau-patineur","26":"product_tag-porte-medailles-pour-patineur-de-vitesse","27":"product_tag-suspension-de-la-medaille","28":"desktop-align-left","29":"tablet-align-left","30":"mobile-align-left","32":"first","33":"instock","34":"taxable","35":"shipping-taxable","36":"purchasable","37":"product-type-simple"},"acf":[],"_links":{"self":[{"href":"https:\/\/ztsports.com\/fr\/wp-json\/wp\/v2\/product\/20295","targetHints":{"allow":["GET"]}}],"collection":[{"href":"https:\/\/ztsports.com\/fr\/wp-json\/wp\/v2\/product"}],"about":[{"href":"https:\/\/ztsports.com\/fr\/wp-json\/wp\/v2\/types\/product"}],"replies":[{"embeddable":true,"href":"https:\/\/ztsports.com\/fr\/wp-json\/wp\/v2\/comments?post=20295"}],"version-history":[{"count":1,"href":"https:\/\/ztsports.com\/fr\/wp-json\/wp\/v2\/product\/20295\/revisions"}],"predecessor-version":[{"id":20296,"href":"https:\/\/ztsports.com\/fr\/wp-json\/wp\/v2\/product\/20295\/revisions\/20296"}],"wp:featuredmedia":[{"embeddable":true,"href":"https:\/\/ztsports.com\/fr\/wp-json\/wp\/v2\/media\/20297"}],"wp:attachment":[{"href":"https:\/\/ztsports.com\/fr\/wp-json\/wp\/v2\/media?parent=20295"}],"wp:term":[{"taxonomy":"product_brand","embeddable":true,"href":"https:\/\/ztsports.com\/fr\/wp-json\/wp\/v2\/product_brand?post=20295"},{"taxonomy":"product_cat","embeddable":true,"href":"https:\/\/ztsports.com\/fr\/wp-json\/wp\/v2\/product_cat?post=20295"},{"taxonomy":"product_tag","embeddable":true,"href":"https:\/\/ztsports.com\/fr\/wp-json\/wp\/v2\/product_tag?post=20295"}],"curies":[{"name":"wp","href":"https:\/\/api.w.org\/{rel}","templated":true}]}}