{"id":20290,"date":"2023-11-08T17:11:34","date_gmt":"2023-11-08T17:11:34","guid":{"rendered":"https:\/\/ztsports.com\/?post_type=product&#038;p=20290"},"modified":"2026-02-02T18:30:06","modified_gmt":"2026-02-02T18:30:06","slug":"gant-de-patinage-de-vitesse","status":"publish","type":"product","link":"https:\/\/ztsports.com\/fr\/store\/gant-de-patinage-de-vitesse\/","title":{"rendered":"Gant de patinage de vitesse de l&#8217;\u00e9quipe canadienne"},"content":{"rendered":"<h2><strong>Gant de patinage de vitesse de l&#8217;\u00e9quipe nationale canadienne Auclair<\/strong><\/h2>\n<p>La paume du gant de patinage de vitesse de l&#8217;\u00e9quipe canadienne est faite d&#8217;un Amara \u00e0 haute r\u00e9sistance tandis que le mat\u00e9riau de la coquille est un Polyester Spandex puis du Lycra. De plus, la doublure est en Kevlar Para-Aramid qui entoure toute la main d&#8217;une protection de niveau 5 contre les coupures.<\/p>\n<h5>Gant de patinage de vitesse de l&#8217;\u00e9quipe canadienne<\/h5>\n<p>Mat\u00e9riau de la paume : Paume Amara haute r\u00e9sistance<\/p>\n<p>Mat\u00e9riau de la coque : Polyester Spandex &amp; Lycra<\/p>\n<p>Doublure : Doublure Kevlar Para-Aramid entourant toute la main ; Niveau 5 de r\u00e9sistance aux coupures<\/p>\n<p>2L510 : Homme Manchette en n\u00e9opr\u00e8ne avec fermeture velcro<\/p>\n<p>Voir ces gants sur l&#8217;\u00e9quipe canadienne <a href=\"https:\/\/www.youtube.com\/watch?v=CZtxUAXypl0\" target=\"_blank\" rel=\"noopener\"><strong>Campion Mens final 1500 Sochi 2014<\/strong><\/a><\/p>\n<p>Enfin voir tous les gants <a href=\"https:\/\/ztsports.com\/product-category\/speed-skating-protection-equipment\/gloves\/\"><strong>gants de piste<\/strong><\/a> ici.<\/p>\n","protected":false},"excerpt":{"rendered":"<p>Gant de patinage de vitesse de l&#8217;\u00e9quipe nationale canadienne Auclair La paume du gant de patinage de vitesse de l&#8217;\u00e9quipe canadienne est faite d&#8217;un Amara \u00e0 haute r\u00e9sistance tandis que le mat\u00e9riau de la coquille est un Polyester Spandex puis du Lycra. De plus, la doublure est en Kevlar Para-Aramid qui entoure toute la main [&hellip;]<\/p>\n","protected":false},"featured_media":20292,"comment_status":"open","ping_status":"closed","template":"","meta":{"_acf_changed":false,"_monsterinsights_skip_tracking":false,"_monsterinsights_sitenote_active":false,"_monsterinsights_sitenote_note":"","_monsterinsights_sitenote_category":0,"_uf_show_specific_survey":0,"_uf_disable_surveys":false,"site-sidebar-layout":"default","site-content-layout":"","ast-site-content-layout":"default","site-content-style":"default","site-sidebar-style":"default","ast-global-header-display":"","ast-banner-title-visibility":"","ast-main-header-display":"","ast-hfb-above-header-display":"","ast-hfb-below-header-display":"","ast-hfb-mobile-header-display":"","site-post-title":"","ast-breadcrumbs-content":"","ast-featured-img":"","footer-sml-layout":"","ast-disable-related-posts":"","theme-transparent-header-meta":"default","adv-header-id-meta":"","stick-header-meta":"","header-above-stick-meta":"","header-main-stick-meta":"","header-below-stick-meta":"","astra-migrate-meta-layouts":"set","ast-page-background-enabled":"default","ast-page-background-meta":{"desktop":{"background-color":"","background-image":"","background-repeat":"repeat","background-position":"center center","background-size":"auto","background-attachment":"scroll","background-type":"","background-media":"","overlay-type":"","overlay-color":"","overlay-opacity":"","overlay-gradient":""},"tablet":{"background-color":"","background-image":"","background-repeat":"repeat","background-position":"center center","background-size":"auto","background-attachment":"scroll","background-type":"","background-media":"","overlay-type":"","overlay-color":"","overlay-opacity":"","overlay-gradient":""},"mobile":{"background-color":"","background-image":"","background-repeat":"repeat","background-position":"center center","background-size":"auto","background-attachment":"scroll","background-type":"","background-media":"","overlay-type":"","overlay-color":"","overlay-opacity":"","overlay-gradient":""}},"ast-content-background-meta":{"desktop":{"background-color":"var(--ast-global-color-5)","background-image":"","background-repeat":"repeat","background-position":"center center","background-size":"auto","background-attachment":"scroll","background-type":"","background-media":"","overlay-type":"","overlay-color":"","overlay-opacity":"","overlay-gradient":""},"tablet":{"background-color":"var(--ast-global-color-5)","background-image":"","background-repeat":"repeat","background-position":"center center","background-size":"auto","background-attachment":"scroll","background-type":"","background-media":"","overlay-type":"","overlay-color":"","overlay-opacity":"","overlay-gradient":""},"mobile":{"background-color":"var(--ast-global-color-5)","background-image":"","background-repeat":"repeat","background-position":"center center","background-size":"auto","background-attachment":"scroll","background-type":"","background-media":"","overlay-type":"","overlay-color":"","overlay-opacity":"","overlay-gradient":""}}},"product_brand":[3278],"product_cat":[3396,3395,3750,3483,3536,3481],"product_tag":[],"class_list":{"0":"post-20290","1":"product","2":"type-product","3":"status-publish","4":"has-post-thumbnail","6":"product_brand-auclair","7":"product_cat-accessories","8":"product_cat-courte-piste","9":"product_cat-equipement-de-protection-pour-le-patinage-de-vitesse","10":"product_cat-gants","11":"product_cat-gants-de-patinage-de-vitesse","12":"product_cat-gants-pour-short-track","13":"desktop-align-left","14":"tablet-align-left","15":"mobile-align-left","17":"first","18":"instock","19":"sale","20":"taxable","21":"shipping-taxable","22":"purchasable","23":"product-type-simple"},"acf":[],"_links":{"self":[{"href":"https:\/\/ztsports.com\/fr\/wp-json\/wp\/v2\/product\/20290","targetHints":{"allow":["GET"]}}],"collection":[{"href":"https:\/\/ztsports.com\/fr\/wp-json\/wp\/v2\/product"}],"about":[{"href":"https:\/\/ztsports.com\/fr\/wp-json\/wp\/v2\/types\/product"}],"replies":[{"embeddable":true,"href":"https:\/\/ztsports.com\/fr\/wp-json\/wp\/v2\/comments?post=20290"}],"version-history":[{"count":1,"href":"https:\/\/ztsports.com\/fr\/wp-json\/wp\/v2\/product\/20290\/revisions"}],"predecessor-version":[{"id":20291,"href":"https:\/\/ztsports.com\/fr\/wp-json\/wp\/v2\/product\/20290\/revisions\/20291"}],"wp:featuredmedia":[{"embeddable":true,"href":"https:\/\/ztsports.com\/fr\/wp-json\/wp\/v2\/media\/20292"}],"wp:attachment":[{"href":"https:\/\/ztsports.com\/fr\/wp-json\/wp\/v2\/media?parent=20290"}],"wp:term":[{"taxonomy":"product_brand","embeddable":true,"href":"https:\/\/ztsports.com\/fr\/wp-json\/wp\/v2\/product_brand?post=20290"},{"taxonomy":"product_cat","embeddable":true,"href":"https:\/\/ztsports.com\/fr\/wp-json\/wp\/v2\/product_cat?post=20290"},{"taxonomy":"product_tag","embeddable":true,"href":"https:\/\/ztsports.com\/fr\/wp-json\/wp\/v2\/product_tag?post=20290"}],"curies":[{"name":"wp","href":"https:\/\/api.w.org\/{rel}","templated":true}]}}