{"id":20286,"date":"2023-11-05T21:14:11","date_gmt":"2023-11-05T21:14:11","guid":{"rendered":"https:\/\/ztsports.com\/?post_type=product&#038;p=20286"},"modified":"2026-02-02T18:30:20","modified_gmt":"2026-02-02T18:30:20","slug":"gants-short-track-x-gloves","status":"publish","type":"product","link":"https:\/\/ztsports.com\/fr\/store\/gants-short-track-x-gloves\/","title":{"rendered":"Gants Short Track X-Gloves X Series Avec Manchette Velcro"},"content":{"rendered":"<h1>Gants Short Track X-Gloves X Series<\/h1>\n<p>Ce gant Short Track X-Gloves X Series est dot\u00e9 d&#8217;une manchette en velcro et constitue donc le gant le plus confortable et le plus r\u00e9sistant aux coupures. Ce gant offre plus de chaleur et est de niveau de coupe 4.<\/p>\n<p>&#8211; Cuir synth\u00e9tique<\/p>\n<p>&#8211; Micromesh<\/p>\n<p>&#8211; Spectra Cut niveau 4<\/p>\n<p>Nouveaux gants de protection pour short track de la s\u00e9rie Xact X<\/p>\n<p>Fabriqu\u00e9 en cuir synth\u00e9tique et en lycra<\/p>\n<p>Mat\u00e9riau Spectra de niveau 4 r\u00e9sistant aux coupures, tout aussi important, \u00e0 l&#8217;int\u00e9rieur.<\/p>\n<p>En outre, il <strong>est dot\u00e9 d&#8217;une manchette en velcro<\/strong>.<\/p>\n<p>Une paume plus longue et plus large<\/p>\n<p>Un ajustement incroyable.<\/p>\n<p><strong>Enfin, vous pouvez voir tous nos<a href=\"https:\/\/ztsports.com\/product-category\/protection\/gloves\/\"> gants Short Track<\/a> ici.<\/strong><\/p>\n","protected":false},"excerpt":{"rendered":"<p>Gants Short Track X-Gloves X Series Ce gant Short Track X-Gloves X Series est dot\u00e9 d&#8217;une manchette en velcro et constitue donc le gant le plus confortable et le plus r\u00e9sistant aux coupures. Ce gant offre plus de chaleur et est de niveau de coupe 4. &#8211; Cuir synth\u00e9tique &#8211; Micromesh &#8211; Spectra Cut niveau [&hellip;]<\/p>\n","protected":false},"featured_media":20288,"comment_status":"open","ping_status":"closed","template":"","meta":{"_acf_changed":false,"_monsterinsights_skip_tracking":false,"_monsterinsights_sitenote_active":false,"_monsterinsights_sitenote_note":"","_monsterinsights_sitenote_category":0,"_uf_show_specific_survey":0,"_uf_disable_surveys":false,"site-sidebar-layout":"default","site-content-layout":"","ast-site-content-layout":"default","site-content-style":"default","site-sidebar-style":"default","ast-global-header-display":"","ast-banner-title-visibility":"","ast-main-header-display":"","ast-hfb-above-header-display":"","ast-hfb-below-header-display":"","ast-hfb-mobile-header-display":"","site-post-title":"","ast-breadcrumbs-content":"","ast-featured-img":"","footer-sml-layout":"","ast-disable-related-posts":"","theme-transparent-header-meta":"default","adv-header-id-meta":"","stick-header-meta":"","header-above-stick-meta":"","header-main-stick-meta":"","header-below-stick-meta":"","astra-migrate-meta-layouts":"set","ast-page-background-enabled":"default","ast-page-background-meta":{"desktop":{"background-color":"","background-image":"","background-repeat":"repeat","background-position":"center center","background-size":"auto","background-attachment":"scroll","background-type":"","background-media":"","overlay-type":"","overlay-color":"","overlay-opacity":"","overlay-gradient":""},"tablet":{"background-color":"","background-image":"","background-repeat":"repeat","background-position":"center center","background-size":"auto","background-attachment":"scroll","background-type":"","background-media":"","overlay-type":"","overlay-color":"","overlay-opacity":"","overlay-gradient":""},"mobile":{"background-color":"","background-image":"","background-repeat":"repeat","background-position":"center center","background-size":"auto","background-attachment":"scroll","background-type":"","background-media":"","overlay-type":"","overlay-color":"","overlay-opacity":"","overlay-gradient":""}},"ast-content-background-meta":{"desktop":{"background-color":"var(--ast-global-color-5)","background-image":"","background-repeat":"repeat","background-position":"center center","background-size":"auto","background-attachment":"scroll","background-type":"","background-media":"","overlay-type":"","overlay-color":"","overlay-opacity":"","overlay-gradient":""},"tablet":{"background-color":"var(--ast-global-color-5)","background-image":"","background-repeat":"repeat","background-position":"center center","background-size":"auto","background-attachment":"scroll","background-type":"","background-media":"","overlay-type":"","overlay-color":"","overlay-opacity":"","overlay-gradient":""},"mobile":{"background-color":"var(--ast-global-color-5)","background-image":"","background-repeat":"repeat","background-position":"center center","background-size":"auto","background-attachment":"scroll","background-type":"","background-media":"","overlay-type":"","overlay-color":"","overlay-opacity":"","overlay-gradient":""}}},"product_brand":[3358,3361,3360],"product_cat":[3396,3395,3483,3481,3467],"product_tag":[3427,3749,3485,2156,4062],"class_list":{"0":"post-20286","1":"product","2":"type-product","3":"status-publish","4":"has-post-thumbnail","6":"product_brand-x-series","7":"product_brand-x-series-xact","8":"product_brand-xact","9":"product_cat-accessories","10":"product_cat-courte-piste","11":"product_cat-gants","12":"product_cat-gants-pour-short-track","13":"product_cat-patinage-de-vitesse","14":"product_tag-equipement-de-patinage-de-vitesse","15":"product_tag-gant-de-patinage-chaud","16":"product_tag-gant-de-patinage-de-vitesse","17":"product_tag-protection","18":"product_tag-serie-x","19":"desktop-align-left","20":"tablet-align-left","21":"mobile-align-left","23":"first","24":"instock","25":"sale","26":"taxable","27":"shipping-taxable","28":"purchasable","29":"product-type-simple"},"acf":[],"_links":{"self":[{"href":"https:\/\/ztsports.com\/fr\/wp-json\/wp\/v2\/product\/20286","targetHints":{"allow":["GET"]}}],"collection":[{"href":"https:\/\/ztsports.com\/fr\/wp-json\/wp\/v2\/product"}],"about":[{"href":"https:\/\/ztsports.com\/fr\/wp-json\/wp\/v2\/types\/product"}],"replies":[{"embeddable":true,"href":"https:\/\/ztsports.com\/fr\/wp-json\/wp\/v2\/comments?post=20286"}],"version-history":[{"count":1,"href":"https:\/\/ztsports.com\/fr\/wp-json\/wp\/v2\/product\/20286\/revisions"}],"predecessor-version":[{"id":20287,"href":"https:\/\/ztsports.com\/fr\/wp-json\/wp\/v2\/product\/20286\/revisions\/20287"}],"wp:featuredmedia":[{"embeddable":true,"href":"https:\/\/ztsports.com\/fr\/wp-json\/wp\/v2\/media\/20288"}],"wp:attachment":[{"href":"https:\/\/ztsports.com\/fr\/wp-json\/wp\/v2\/media?parent=20286"}],"wp:term":[{"taxonomy":"product_brand","embeddable":true,"href":"https:\/\/ztsports.com\/fr\/wp-json\/wp\/v2\/product_brand?post=20286"},{"taxonomy":"product_cat","embeddable":true,"href":"https:\/\/ztsports.com\/fr\/wp-json\/wp\/v2\/product_cat?post=20286"},{"taxonomy":"product_tag","embeddable":true,"href":"https:\/\/ztsports.com\/fr\/wp-json\/wp\/v2\/product_tag?post=20286"}],"curies":[{"name":"wp","href":"https:\/\/api.w.org\/{rel}","templated":true}]}}