{"id":20281,"date":"2023-11-05T20:53:43","date_gmt":"2023-11-05T20:53:43","guid":{"rendered":"https:\/\/ztsports.com\/?post_type=product&#038;p=20281"},"modified":"2026-02-02T18:30:36","modified_gmt":"2026-02-02T18:30:36","slug":"gants-short-track","status":"publish","type":"product","link":"https:\/\/ztsports.com\/fr\/store\/gants-short-track\/","title":{"rendered":"Gants Short Track X Series sans velcro"},"content":{"rendered":"<p>The<strong> Short Track Gloves X Series<\/strong> Le gant le plus confortable et le plus r\u00e9sistant aux coupures. Ce gant offre plus de chaleur et est de niveau de coupe 4.<\/p>\n<p>Le gant le plus confortable et le plus r\u00e9sistant aux coupures. Ce gant offre plus de chaleur et est de niveau de coupe 4.<\/p>\n<p>Ils sont disponibles en 2 versions : blanc\/noir et blanc\/blanc.<\/p>\n<p>&#8211; Elles sont fabriqu\u00e9es en cuir synth\u00e9tique et en micro-maille.<\/p>\n<p>&#8211; Le mat\u00e9riau r\u00e9sistant \u00e0 la coupure est le Spectra et le niveau de coupure est de 4. <\/p>\n<p>Durabilit\u00e9 et long\u00e9vit\u00e9<br \/>\nLes v\u00eatements fabriqu\u00e9s avec la fibre Spectra pr\u00e9sentent une excellente durabilit\u00e9 et ont une dur\u00e9e de vie plus longue que ceux fabriqu\u00e9s avec d&#8217;autres mat\u00e9riaux. <\/p>\n<p>Les propri\u00e9t\u00e9s exceptionnelles de r\u00e9sistance \u00e0 l&#8217;abrasion de la fibre Spectra, dont sont faits nos gants noirs X-Series Extreme, se traduisent par un v\u00eatement plus apte \u00e0 r\u00e9sister \u00e0 l&#8217;usure et aux d\u00e9chirures d&#8217;un usage intensif.<\/p>\n<p><strong> Features<\/strong><\/p>\n<p>&#8211; Cuir synth\u00e9tique<\/p>\n<p>&#8211; Micromesh<\/p>\n<p>&#8211; Spectra Cut niveau 4<\/p>\n<p>Nouveaux gants de protection pour short track de la s\u00e9rie Xact X<\/p>\n<p>Fabriqu\u00e9 en cuir synth\u00e9tique et en lycra<\/p>\n<p>Mat\u00e9riau Spectra de niveau 4 r\u00e9sistant aux coupures, tout aussi important, \u00e0 l&#8217;int\u00e9rieur.<\/p>\n<p>In addition <strong>No velcro cuff<\/strong><br \/>\nUne paume plus longue et plus large<br \/>\nUn ajustement incroyable.<\/p>\n<p><strong>Enfin, vous pouvez voir tous nos<a href=\"https:\/\/ztsports.com\/product-category\/protection\/gloves\/\"> gants Short Track<\/a> ici.<\/strong><\/p>\n","protected":false},"excerpt":{"rendered":"<p>The Short Track Gloves X Series Le gant le plus confortable et le plus r\u00e9sistant aux coupures. Ce gant offre plus de chaleur et est de niveau de coupe 4. Le gant le plus confortable et le plus r\u00e9sistant aux coupures. Ce gant offre plus de chaleur et est de niveau de coupe 4. Ils [&hellip;]<\/p>\n","protected":false},"featured_media":20283,"comment_status":"open","ping_status":"closed","template":"","meta":{"_acf_changed":false,"_monsterinsights_skip_tracking":false,"_monsterinsights_sitenote_active":false,"_monsterinsights_sitenote_note":"","_monsterinsights_sitenote_category":0,"_uf_show_specific_survey":0,"_uf_disable_surveys":false,"site-sidebar-layout":"default","site-content-layout":"","ast-site-content-layout":"default","site-content-style":"default","site-sidebar-style":"default","ast-global-header-display":"","ast-banner-title-visibility":"","ast-main-header-display":"","ast-hfb-above-header-display":"","ast-hfb-below-header-display":"","ast-hfb-mobile-header-display":"","site-post-title":"","ast-breadcrumbs-content":"","ast-featured-img":"","footer-sml-layout":"","ast-disable-related-posts":"","theme-transparent-header-meta":"default","adv-header-id-meta":"","stick-header-meta":"","header-above-stick-meta":"","header-main-stick-meta":"","header-below-stick-meta":"","astra-migrate-meta-layouts":"set","ast-page-background-enabled":"default","ast-page-background-meta":{"desktop":{"background-color":"","background-image":"","background-repeat":"repeat","background-position":"center center","background-size":"auto","background-attachment":"scroll","background-type":"","background-media":"","overlay-type":"","overlay-color":"","overlay-opacity":"","overlay-gradient":""},"tablet":{"background-color":"","background-image":"","background-repeat":"repeat","background-position":"center center","background-size":"auto","background-attachment":"scroll","background-type":"","background-media":"","overlay-type":"","overlay-color":"","overlay-opacity":"","overlay-gradient":""},"mobile":{"background-color":"","background-image":"","background-repeat":"repeat","background-position":"center center","background-size":"auto","background-attachment":"scroll","background-type":"","background-media":"","overlay-type":"","overlay-color":"","overlay-opacity":"","overlay-gradient":""}},"ast-content-background-meta":{"desktop":{"background-color":"var(--ast-global-color-5)","background-image":"","background-repeat":"repeat","background-position":"center center","background-size":"auto","background-attachment":"scroll","background-type":"","background-media":"","overlay-type":"","overlay-color":"","overlay-opacity":"","overlay-gradient":""},"tablet":{"background-color":"var(--ast-global-color-5)","background-image":"","background-repeat":"repeat","background-position":"center center","background-size":"auto","background-attachment":"scroll","background-type":"","background-media":"","overlay-type":"","overlay-color":"","overlay-opacity":"","overlay-gradient":""},"mobile":{"background-color":"var(--ast-global-color-5)","background-image":"","background-repeat":"repeat","background-position":"center center","background-size":"auto","background-attachment":"scroll","background-type":"","background-media":"","overlay-type":"","overlay-color":"","overlay-opacity":"","overlay-gradient":""}}},"product_brand":[3361,3358,3360],"product_cat":[3395,3483,3536,3467],"product_tag":[3427,3485,3533,3538,3539,2248,2156,4062],"class_list":{"0":"post-20281","1":"product","2":"type-product","3":"status-publish","4":"has-post-thumbnail","6":"product_brand-x-series-xact","7":"product_brand-x-series","8":"product_brand-xact","9":"product_cat-courte-piste","10":"product_cat-gants","11":"product_cat-gants-de-patinage-de-vitesse","12":"product_cat-patinage-de-vitesse","13":"product_tag-equipement-de-patinage-de-vitesse","14":"product_tag-gant-de-patinage-de-vitesse","15":"product_tag-gant-de-short-track","16":"product_tag-gants-de-maintien-de-la-coupe","17":"product_tag-gants-de-protection-pour-piste-courte","18":"product_tag-gants-pour-short-track","19":"product_tag-protection","20":"product_tag-serie-x","21":"desktop-align-left","22":"tablet-align-left","23":"mobile-align-left","25":"first","26":"instock","27":"sale","28":"taxable","29":"shipping-taxable","30":"purchasable","31":"product-type-simple"},"acf":[],"_links":{"self":[{"href":"https:\/\/ztsports.com\/fr\/wp-json\/wp\/v2\/product\/20281","targetHints":{"allow":["GET"]}}],"collection":[{"href":"https:\/\/ztsports.com\/fr\/wp-json\/wp\/v2\/product"}],"about":[{"href":"https:\/\/ztsports.com\/fr\/wp-json\/wp\/v2\/types\/product"}],"replies":[{"embeddable":true,"href":"https:\/\/ztsports.com\/fr\/wp-json\/wp\/v2\/comments?post=20281"}],"version-history":[{"count":1,"href":"https:\/\/ztsports.com\/fr\/wp-json\/wp\/v2\/product\/20281\/revisions"}],"predecessor-version":[{"id":20282,"href":"https:\/\/ztsports.com\/fr\/wp-json\/wp\/v2\/product\/20281\/revisions\/20282"}],"wp:featuredmedia":[{"embeddable":true,"href":"https:\/\/ztsports.com\/fr\/wp-json\/wp\/v2\/media\/20283"}],"wp:attachment":[{"href":"https:\/\/ztsports.com\/fr\/wp-json\/wp\/v2\/media?parent=20281"}],"wp:term":[{"taxonomy":"product_brand","embeddable":true,"href":"https:\/\/ztsports.com\/fr\/wp-json\/wp\/v2\/product_brand?post=20281"},{"taxonomy":"product_cat","embeddable":true,"href":"https:\/\/ztsports.com\/fr\/wp-json\/wp\/v2\/product_cat?post=20281"},{"taxonomy":"product_tag","embeddable":true,"href":"https:\/\/ztsports.com\/fr\/wp-json\/wp\/v2\/product_tag?post=20281"}],"curies":[{"name":"wp","href":"https:\/\/api.w.org\/{rel}","templated":true}]}}