{"id":20275,"date":"2023-11-04T22:44:57","date_gmt":"2023-11-04T22:44:57","guid":{"rendered":"https:\/\/ztsports.com\/?post_type=product&#038;p=20275"},"modified":"2026-02-02T18:31:09","modified_gmt":"2026-02-02T18:31:09","slug":"savons-a-lame-ehs-2","status":"publish","type":"product","link":"https:\/\/ztsports.com\/fr\/store\/savons-a-lame-ehs-2\/","title":{"rendered":"Savons \u00e0 lame EHS pour lames courtes et longues NOUVELLES"},"content":{"rendered":"<p>Savons \u00e0 lame EHS<\/p>\n<p>Gr\u00e2ce \u00e0 ces <strong>bains de lames E<\/strong> HS, vos lames ne rouilleront pas !<\/p>\n<p><span class=\"wixui-rich-text__text\">Les housses sont fabriqu\u00e9es dans un tissu doubl\u00e9 et r\u00e9sistant aux coupures, avec un int\u00e9rieur en tissu \u00e9ponge doux.<\/span><\/p>\n<p><span class=\"wixui-rich-text__text\"> Le tissu \u00e9ponge permet d&#8217;absorber l&#8217;humidit\u00e9 et d&#8217;offrir \u00e0 vos patins une protection optimale.<\/span><br class=\"wixui-rich-text__text\" \/><br class=\"wixui-rich-text__text\" \/>Dot\u00e9 d&#8217;un int\u00e9rieur en tissu \u00e9ponge tr\u00e8s absorbant, il prot\u00e8ge vos lames de la corrosion.<\/p>\n<p>De plus, une doublure en \u00e9ponge super \u00e9paisse, ainsi qu&#8217;un <strong>bout et une cicatrisation RENFORC\u00c9S<\/strong>. Ce qui leur conf\u00e8re une longue dur\u00e9e de vie dans la protection des lames.<\/p>\n<p><strong>Savons \u00e0 lame EHS<\/strong>\u00a0<strong><span class=\"wixui-rich-text__text\">Disponible en 2 tailles : <\/span><\/strong><\/p>\n<p><strong><span class=\"wixui-rich-text__text\">Petit\/Moyen : 13.0&#8221; &#8211; 15.5&#8221;. <\/span><\/strong><\/p>\n<p><strong><span class=\"wixui-rich-text__text\">Grand\/XLarge : 16.0&#8221; &#8211; 18.0&#8221;<\/span><\/strong><\/p>\n<p>TABLEAU DES TAILLES :<\/p>\n<table style=\"width: 76.937769%;\">\n<tbody>\n<tr>\n<td style=\"width: 100%;\"><strong>Taille<\/strong><\/td>\n<td style=\"width: 100%;\"><strong>A utiliser avec :<\/strong><\/td>\n<\/tr>\n<tr>\n<td style=\"width: 100%;\">Petit\/Moyen<\/td>\n<td style=\"width: 100%;\">13.0&#8243;-16.0&#8243;<\/td>\n<\/tr>\n<tr>\n<td style=\"width: 100%;\">Moyen\/Large<\/td>\n<td style=\"width: 100%;\">16.5&#8243;-18.0&#8243;<\/td>\n<\/tr>\n<\/tbody>\n<\/table>\n<p>Enfin, consultez tous nos produits de protection des lames ici. <a href=\"https:\/\/ztsports.com\/product-category\/accessories\/blade-protectors-guards\/\"><strong>produits de protection des lames ici.<\/strong><\/a><\/p>\n","protected":false},"excerpt":{"rendered":"<p>Savons \u00e0 lame EHS Gr\u00e2ce \u00e0 ces bains de lames E HS, vos lames ne rouilleront pas ! Les housses sont fabriqu\u00e9es dans un tissu doubl\u00e9 et r\u00e9sistant aux coupures, avec un int\u00e9rieur en tissu \u00e9ponge doux. Le tissu \u00e9ponge permet d&#8217;absorber l&#8217;humidit\u00e9 et d&#8217;offrir \u00e0 vos patins une protection optimale.Dot\u00e9 d&#8217;un int\u00e9rieur en tissu [&hellip;]<\/p>\n","protected":false},"featured_media":20277,"comment_status":"open","ping_status":"closed","template":"","meta":{"_acf_changed":false,"_monsterinsights_skip_tracking":false,"_monsterinsights_sitenote_active":false,"_monsterinsights_sitenote_note":"","_monsterinsights_sitenote_category":0,"_uf_show_specific_survey":0,"_uf_disable_surveys":false,"site-sidebar-layout":"default","site-content-layout":"","ast-site-content-layout":"default","site-content-style":"default","site-sidebar-style":"default","ast-global-header-display":"","ast-banner-title-visibility":"","ast-main-header-display":"","ast-hfb-above-header-display":"","ast-hfb-below-header-display":"","ast-hfb-mobile-header-display":"","site-post-title":"","ast-breadcrumbs-content":"","ast-featured-img":"","footer-sml-layout":"","ast-disable-related-posts":"","theme-transparent-header-meta":"default","adv-header-id-meta":"","stick-header-meta":"","header-above-stick-meta":"","header-main-stick-meta":"","header-below-stick-meta":"","astra-migrate-meta-layouts":"set","ast-page-background-enabled":"default","ast-page-background-meta":{"desktop":{"background-color":"","background-image":"","background-repeat":"repeat","background-position":"center center","background-size":"auto","background-attachment":"scroll","background-type":"","background-media":"","overlay-type":"","overlay-color":"","overlay-opacity":"","overlay-gradient":""},"tablet":{"background-color":"","background-image":"","background-repeat":"repeat","background-position":"center center","background-size":"auto","background-attachment":"scroll","background-type":"","background-media":"","overlay-type":"","overlay-color":"","overlay-opacity":"","overlay-gradient":""},"mobile":{"background-color":"","background-image":"","background-repeat":"repeat","background-position":"center center","background-size":"auto","background-attachment":"scroll","background-type":"","background-media":"","overlay-type":"","overlay-color":"","overlay-opacity":"","overlay-gradient":""}},"ast-content-background-meta":{"desktop":{"background-color":"var(--ast-global-color-5)","background-image":"","background-repeat":"repeat","background-position":"center center","background-size":"auto","background-attachment":"scroll","background-type":"","background-media":"","overlay-type":"","overlay-color":"","overlay-opacity":"","overlay-gradient":""},"tablet":{"background-color":"var(--ast-global-color-5)","background-image":"","background-repeat":"repeat","background-position":"center center","background-size":"auto","background-attachment":"scroll","background-type":"","background-media":"","overlay-type":"","overlay-color":"","overlay-opacity":"","overlay-gradient":""},"mobile":{"background-color":"var(--ast-global-color-5)","background-image":"","background-repeat":"repeat","background-position":"center center","background-size":"auto","background-attachment":"scroll","background-type":"","background-media":"","overlay-type":"","overlay-color":"","overlay-opacity":"","overlay-gradient":""}}},"product_brand":[3296],"product_cat":[3389,3391,3479,3392,3396,3455,3874,3395,3390,3876,3877,3503,4216,3777,3504],"product_tag":[2917,4217,4096,4218,4219,3512,2384],"class_list":{"0":"post-20275","1":"product","2":"type-product","3":"status-publish","4":"has-post-thumbnail","6":"product_brand-ehs-2","7":"product_cat-accessoires-longue-piste","8":"product_cat-accessoires-pour-la-longue-piste","9":"product_cat-accessoires-pour-le-short-track","10":"product_cat-accessoires-short-track","11":"product_cat-accessories","14":"product_cat-courte-piste","15":"product_cat-longue-piste","16":"product_cat-protecteurs-de-lames-et-gardes","17":"product_cat-protection-de-la-lame","18":"product_cat-protections-de-lames","19":"product_cat-protections-et-trempeurs-pour-patins","20":"product_cat-protections-pour-patins","21":"product_cat-soigneurs-de-lames","22":"product_tag-ehsbladesoakers","23":"product_tag-les-soleurs-de-lehs","24":"product_tag-protege-lame","25":"product_tag-savons-a-lame-ehs","26":"product_tag-trempes","27":"product_tag-trempes-a-lames","28":"product_tag-woofies","29":"desktop-align-left","30":"tablet-align-left","31":"mobile-align-left","33":"first","34":"instock","35":"taxable","36":"shipping-taxable","37":"purchasable","38":"product-type-simple"},"acf":[],"_links":{"self":[{"href":"https:\/\/ztsports.com\/fr\/wp-json\/wp\/v2\/product\/20275","targetHints":{"allow":["GET"]}}],"collection":[{"href":"https:\/\/ztsports.com\/fr\/wp-json\/wp\/v2\/product"}],"about":[{"href":"https:\/\/ztsports.com\/fr\/wp-json\/wp\/v2\/types\/product"}],"replies":[{"embeddable":true,"href":"https:\/\/ztsports.com\/fr\/wp-json\/wp\/v2\/comments?post=20275"}],"version-history":[{"count":1,"href":"https:\/\/ztsports.com\/fr\/wp-json\/wp\/v2\/product\/20275\/revisions"}],"predecessor-version":[{"id":20276,"href":"https:\/\/ztsports.com\/fr\/wp-json\/wp\/v2\/product\/20275\/revisions\/20276"}],"wp:featuredmedia":[{"embeddable":true,"href":"https:\/\/ztsports.com\/fr\/wp-json\/wp\/v2\/media\/20277"}],"wp:attachment":[{"href":"https:\/\/ztsports.com\/fr\/wp-json\/wp\/v2\/media?parent=20275"}],"wp:term":[{"taxonomy":"product_brand","embeddable":true,"href":"https:\/\/ztsports.com\/fr\/wp-json\/wp\/v2\/product_brand?post=20275"},{"taxonomy":"product_cat","embeddable":true,"href":"https:\/\/ztsports.com\/fr\/wp-json\/wp\/v2\/product_cat?post=20275"},{"taxonomy":"product_tag","embeddable":true,"href":"https:\/\/ztsports.com\/fr\/wp-json\/wp\/v2\/product_tag?post=20275"}],"curies":[{"name":"wp","href":"https:\/\/api.w.org\/{rel}","templated":true}]}}