{"id":20271,"date":"2023-11-04T23:27:27","date_gmt":"2023-11-04T23:27:27","guid":{"rendered":"https:\/\/ztsports.com\/?post_type=product&#038;p=20271"},"modified":"2026-02-02T18:30:56","modified_gmt":"2026-02-02T18:30:56","slug":"staybent-blade-soakers","status":"publish","type":"product","link":"https:\/\/ztsports.com\/fr\/store\/staybent-blade-soakers\/","title":{"rendered":"StayBent Blade Soakers\/Savons pour lames StayBent"},"content":{"rendered":"<h2>Bavettes StayBent pour lames courtes et longues<\/h2>\n<p>StayBent Blade Soakers<\/p>\n<p>Les brosses \u00e0 lame StayBent conviennent aussi bien aux lames courtes qu&#8217;aux lames longues.<\/p>\n<p>Il est tr\u00e8s important de garder vos lames exemptes de rouille et avec StayBent Soakers vous pouvez le faire ! Dot\u00e9 d&#8217;un int\u00e9rieur en tissu \u00e9ponge tr\u00e8s absorbant, il prot\u00e8ge vos lames de la corrosion et de la rouille. De plus, une doublure en \u00e9ponge super \u00e9paisse, ainsi qu&#8217;un <strong>bout et une cicatrisation RENFORC\u00c9S<\/strong>. Tous ces \u00e9l\u00e9ments conf\u00e8rent \u00e0 ces trempes une longue dur\u00e9e de vie en prot\u00e9geant vos lames.<\/p>\n<h4>StayBent Blade Soakers<\/h4>\n<p>Une fois que la lame (y compris le mat\u00e9riel de montage, pas seulement la partie tranchante) est aussi s\u00e8che que possible, mettez un trempoir. Ainsi, <b>si de l&#8217;humidit\u00e9 se condense sur la lame, le soquet l&#8217;\u00e9vacue et permet \u00e0 la lame de rester s\u00e8che<\/b>. Voici donc comment les patins \u00e0 glace doivent \u00eatre stock\u00e9s pour le transport apr\u00e8s le patinage.<\/p>\n<h4>Bavettes StayBent pour lames courtes et longues<br \/>\nDisponible en 2 tailles,<\/h4>\n<p>Petit\/Moyen Convient \u00e0 12&#8243;-16&#8243;.<\/p>\n<p>Moyen\/Large. Convient \u00e0 16.5&#8243;-18&#8243;<\/p>\n<p>Enfin, consultez tous nos produits de protection des lames ici. <a href=\"https:\/\/ztsports.com\/product-category\/accessories\/blade-protectors-guards\/\"><strong>produits de protection des lames ici.<\/strong><\/a><\/p>\n","protected":false},"excerpt":{"rendered":"<p>Bavettes StayBent pour lames courtes et longues StayBent Blade Soakers Les brosses \u00e0 lame StayBent conviennent aussi bien aux lames courtes qu&#8217;aux lames longues. Il est tr\u00e8s important de garder vos lames exemptes de rouille et avec StayBent Soakers vous pouvez le faire ! Dot\u00e9 d&#8217;un int\u00e9rieur en tissu \u00e9ponge tr\u00e8s absorbant, il prot\u00e8ge vos [&hellip;]<\/p>\n","protected":false},"featured_media":20273,"comment_status":"open","ping_status":"closed","template":"","meta":{"_acf_changed":false,"_monsterinsights_skip_tracking":false,"_monsterinsights_sitenote_active":false,"_monsterinsights_sitenote_note":"","_monsterinsights_sitenote_category":0,"_uf_show_specific_survey":0,"_uf_disable_surveys":false,"site-sidebar-layout":"default","site-content-layout":"","ast-site-content-layout":"default","site-content-style":"default","site-sidebar-style":"default","ast-global-header-display":"","ast-banner-title-visibility":"","ast-main-header-display":"","ast-hfb-above-header-display":"","ast-hfb-below-header-display":"","ast-hfb-mobile-header-display":"","site-post-title":"","ast-breadcrumbs-content":"","ast-featured-img":"","footer-sml-layout":"","ast-disable-related-posts":"","theme-transparent-header-meta":"default","adv-header-id-meta":"","stick-header-meta":"","header-above-stick-meta":"","header-main-stick-meta":"","header-below-stick-meta":"","astra-migrate-meta-layouts":"set","ast-page-background-enabled":"default","ast-page-background-meta":{"desktop":{"background-color":"","background-image":"","background-repeat":"repeat","background-position":"center center","background-size":"auto","background-attachment":"scroll","background-type":"","background-media":"","overlay-type":"","overlay-color":"","overlay-opacity":"","overlay-gradient":""},"tablet":{"background-color":"","background-image":"","background-repeat":"repeat","background-position":"center center","background-size":"auto","background-attachment":"scroll","background-type":"","background-media":"","overlay-type":"","overlay-color":"","overlay-opacity":"","overlay-gradient":""},"mobile":{"background-color":"","background-image":"","background-repeat":"repeat","background-position":"center center","background-size":"auto","background-attachment":"scroll","background-type":"","background-media":"","overlay-type":"","overlay-color":"","overlay-opacity":"","overlay-gradient":""}},"ast-content-background-meta":{"desktop":{"background-color":"var(--ast-global-color-5)","background-image":"","background-repeat":"repeat","background-position":"center center","background-size":"auto","background-attachment":"scroll","background-type":"","background-media":"","overlay-type":"","overlay-color":"","overlay-opacity":"","overlay-gradient":""},"tablet":{"background-color":"var(--ast-global-color-5)","background-image":"","background-repeat":"repeat","background-position":"center center","background-size":"auto","background-attachment":"scroll","background-type":"","background-media":"","overlay-type":"","overlay-color":"","overlay-opacity":"","overlay-gradient":""},"mobile":{"background-color":"var(--ast-global-color-5)","background-image":"","background-repeat":"repeat","background-position":"center center","background-size":"auto","background-attachment":"scroll","background-type":"","background-media":"","overlay-type":"","overlay-color":"","overlay-opacity":"","overlay-gradient":""}}},"product_brand":[3344,3346],"product_cat":[3389,3391,3392,3396,3874,3395,3390,3467,3876,3877,3502,3503,3504],"product_tag":[4096,4215,3512,3513],"class_list":{"0":"post-20271","1":"product","2":"type-product","3":"status-publish","4":"has-post-thumbnail","6":"product_brand-stay-bent","7":"product_brand-staybent-by-ehs","8":"product_cat-accessoires-longue-piste","9":"product_cat-accessoires-pour-la-longue-piste","10":"product_cat-accessoires-short-track","11":"product_cat-accessories","13":"product_cat-courte-piste","14":"product_cat-longue-piste","15":"product_cat-patinage-de-vitesse","16":"product_cat-protecteurs-de-lames-et-gardes","17":"product_cat-protection-de-la-lame","19":"product_cat-protections-de-lames","20":"product_cat-soigneurs-de-lames","21":"product_tag-protege-lame","22":"product_tag-savons-pour-lames-staybent","23":"product_tag-trempes-a-lames","24":"product_tag-trempeurs-de-lames-de-woofy","25":"desktop-align-left","26":"tablet-align-left","27":"mobile-align-left","29":"first","30":"instock","31":"taxable","32":"shipping-taxable","33":"purchasable","34":"product-type-simple"},"acf":[],"_links":{"self":[{"href":"https:\/\/ztsports.com\/fr\/wp-json\/wp\/v2\/product\/20271","targetHints":{"allow":["GET"]}}],"collection":[{"href":"https:\/\/ztsports.com\/fr\/wp-json\/wp\/v2\/product"}],"about":[{"href":"https:\/\/ztsports.com\/fr\/wp-json\/wp\/v2\/types\/product"}],"replies":[{"embeddable":true,"href":"https:\/\/ztsports.com\/fr\/wp-json\/wp\/v2\/comments?post=20271"}],"version-history":[{"count":1,"href":"https:\/\/ztsports.com\/fr\/wp-json\/wp\/v2\/product\/20271\/revisions"}],"predecessor-version":[{"id":20272,"href":"https:\/\/ztsports.com\/fr\/wp-json\/wp\/v2\/product\/20271\/revisions\/20272"}],"wp:featuredmedia":[{"embeddable":true,"href":"https:\/\/ztsports.com\/fr\/wp-json\/wp\/v2\/media\/20273"}],"wp:attachment":[{"href":"https:\/\/ztsports.com\/fr\/wp-json\/wp\/v2\/media?parent=20271"}],"wp:term":[{"taxonomy":"product_brand","embeddable":true,"href":"https:\/\/ztsports.com\/fr\/wp-json\/wp\/v2\/product_brand?post=20271"},{"taxonomy":"product_cat","embeddable":true,"href":"https:\/\/ztsports.com\/fr\/wp-json\/wp\/v2\/product_cat?post=20271"},{"taxonomy":"product_tag","embeddable":true,"href":"https:\/\/ztsports.com\/fr\/wp-json\/wp\/v2\/product_tag?post=20271"}],"curies":[{"name":"wp","href":"https:\/\/api.w.org\/{rel}","templated":true}]}}