{"id":20264,"date":"2023-11-04T15:09:59","date_gmt":"2023-11-04T15:09:59","guid":{"rendered":"https:\/\/ztsports.com\/?post_type=product&#038;p=20264"},"modified":"2026-02-02T18:35:46","modified_gmt":"2026-02-02T18:35:46","slug":"cbc-onyx-club-boot-for-short-track","status":"publish","type":"product","link":"https:\/\/ztsports.com\/fr\/store\/cbc-onyx-club-boot-for-short-track\/","title":{"rendered":"CBC ONYX Club Boot for Short Track NEW !"},"content":{"rendered":"<h1>CBC ONYX Club Boot for Short Track<\/h1>\n<p>La chaussure de club CBC ONYX pour le Short Track est ce que tous les clubs et les responsables de l&#8217;\u00e9quipement recherchaient.<\/p>\n<ul>\n<li>Ne fera pas pleurer votre patineur \u00e0 cause de l&#8217;inconfort. Ne pas se ruiner.<\/li>\n<li>WILL aide vos patineurs \u00e0 progresser plus rapidement dans le sport ?<\/li>\n<\/ul>\n<p>Nous avons la botte qu&#8217;il vous faut ! Voici la botte CBC ONYX pour la piste courte, qui r\u00e9pond \u00e0 la demande d&#8217;une botte CBC abordable et d&#8217;entr\u00e9e de gamme pour la piste courte, con\u00e7ue sp\u00e9cifiquement pour les march\u00e9s suivants :<\/p>\n<ul>\n<li>Des enfants en pleine croissance<\/li>\n<li>D\u00e9butants et\/ou patineurs r\u00e9cr\u00e9atifs portant une <strong>chaussure de taille 42 ou plus petite<\/strong>.<\/li>\n<\/ul>\n<p>Note : La botte CBC ONYX est moins rigide que nos bottes Element et Genesis et n&#8217;offre pas le m\u00eame niveau de soutien que nos mod\u00e8les Element et Genesis \u00e0 impact plus \u00e9lev\u00e9. Pour les patineurs plus comp\u00e9titifs qui s&#8217;entra\u00eenent 3 jours ou plus par semaine, veuillez consulter nos mod\u00e8les ELEMENT et GENESIS. Si vous portez une pointure de 43 ou plus, veuillez consulter nos mod\u00e8les ELEMENT et GENESIS.<\/p>\n<h3>POURQUOI L&#8217;ONYX ?<\/h3>\n<h4>Le meilleur ajustement au monde Dernier<\/h4>\n<p>Qu&#8217;est-ce qui diff\u00e9rencie les bottes ONYX des bottes \u00e9quivalentes des marques concurrentes ? Son aspect \u00e9l\u00e9gant et accrocheur, tout d&#8217;abord. Mais surtout, comme l&#8217;<a href=\"https:\/\/ztsports.com\/product\/cbc-element-st-boot\/\">ELEMENT<\/a> et le <a href=\"https:\/\/ztsports.com\/product\/cbc-genesis-st-boot\/\">GENESIS<\/a>, le CBC ONYX est fabriqu\u00e9 \u00e0 la main sur le <em>&#8220;CBC&#8217;s World&#8217;s Best Fitting Last&#8221;. <\/em>Qu&#8217;est-ce que cela signifie ?<\/p>\n<p>Les formes exclusives de CBC (la forme utilis\u00e9e pour construire la chaussure) ont \u00e9t\u00e9 cr\u00e9\u00e9es sur la base de donn\u00e9es recueillies pendant plus de 10 ans \u00e0 partir de scans de patins de vitesse personnalis\u00e9s.<\/p>\n<p>En plus d&#8217;offrir le meilleur ajustement possible, nos formes tiennent compte de certains des probl\u00e8mes les plus courants des pieds des patineurs de vitesse. Ainsi, les bottes CBC offrent de loin (sans jeu de mots) le meilleur ajustement moyen disponible sur le march\u00e9 aujourd&#8217;hui.<\/p>\n<h4>Coupe confortable<\/h4>\n<p>CBC propose deux types de <em>World&#8217;s Best Fitting Last<\/em> types : standard et &#8220;large&#8221;. D&#8217;une mani\u00e8re g\u00e9n\u00e9rale, nos bottes haute performance sont plus \u00e9troites que celles des marques concurrentes. Pourquoi ? Parce que des chaussures plus \u00e9troites permettent d&#8217;avoir plus d&#8217;espace dans les virages, c&#8217;est-\u00e0-dire qu&#8217;il y a moins de risque de contact avec la glace.<\/p>\n<p>Nous proposons une version &#8220;large&#8221; de notre botte pour ceux qui ont besoin d&#8217;espace suppl\u00e9mentaire et\/ou pour ceux qui recherchent plus de confort dans leur botte de haute performance. <em>TOUTES LES BOTTES ONYX SONT CONSTRUITES SUR UNE FORME LARGE <\/em><em>ET OFFRENT DONC UN AJUSTEMENT CONFORTABLE. <\/em><\/p>\n<h4>Leaders de l&#8217;industrie<\/h4>\n<p>Bien que, pour votre commodit\u00e9, nous soyons heureux de pouvoir proposer plusieurs autres produits CBC de haute qualit\u00e9 dans le cadre de notre collection, Carpenter Boot Company est avant tout un fabricant de bottes. En tant que leader dans ce segment de march\u00e9, c&#8217;est ce que nous faisons le mieux. Nous sommes ravis de vous pr\u00e9senter la botte de club CBC ONYX, qui offre l&#8217;esth\u00e9tique et la coupe que vous attendez d&#8217;une botte CBC \u00e0 un prix inf\u00e9rieur.<\/p>\n<h4>R\u00e9servez votre place d\u00e8s aujourd&#8217;hui<\/h4>\n<p>La botte de club CBC ONYX sera stock\u00e9e et disponible \u00e0 l&#8217;achat sur <a href=\"https:\/\/ztsports.com\/\">notre site Internet<\/a> et chez tous les revendeurs CBC agr\u00e9\u00e9s en ao\u00fbt\/septembre 2023. Nous acceptons d\u00e9sormais les pr\u00e9commandes &#8211; r\u00e9servez la v\u00f4tre d\u00e8s aujourd&#8217;hui !<\/p>\n<h3><a title=\"Consultez notre tutoriel sur YouTube pour savoir comment d\u00e9terminer votre pointure de bottes CBC !\" href=\"https:\/\/youtu.be\/KuKIfMC9NSY\" target=\"_blank\" rel=\"noopener noreferrer\" aria-describedby=\"a11y-new-window-external-message\">Pour les tailles, consultez d&#8217;abord notre tutoriel YouTube sur la fa\u00e7on de d\u00e9terminer votre pointure de bottes CBC ! <\/a><\/h3>\n<p>Deuxi\u00e8mement, cliquez sur le lien vers l&#8217;<a href=\"https:\/\/www.carpenterbootcompany.com\/pages\/fit\" target=\"_blank\" rel=\"noopener\">outil de dimensionnement des bottes de CBC.<\/a><\/p>\n<p>Troisi\u00e8mement Pour vous aider \u00e0 mesurer votre pied, tracez une <a href=\"https:\/\/www.printablerulers.net\/preview\/Ruler_30-cm_by_mm\" target=\"_blank\" rel=\"noopener\"><strong>r\u00e8gle imprimable de 30 cm par mm<\/strong><\/a>.<\/p>\n<p>Enfin, voir tous les produits de Carpenter Boot Company <a href=\"https:\/\/ztsports.com\/brand\/cbc\/\"><strong>(CBC) Produits.<\/strong><\/a><\/p>\n","protected":false},"excerpt":{"rendered":"<p>CBC ONYX Club Boot for Short Track La chaussure de club CBC ONYX pour le Short Track est ce que tous les clubs et les responsables de l&#8217;\u00e9quipement recherchaient. Ne fera pas pleurer votre patineur \u00e0 cause de l&#8217;inconfort. Ne pas se ruiner. WILL aide vos patineurs \u00e0 progresser plus rapidement dans le sport ? [&hellip;]<\/p>\n","protected":false},"featured_media":20266,"comment_status":"open","ping_status":"closed","template":"","meta":{"_acf_changed":false,"_monsterinsights_skip_tracking":false,"_monsterinsights_sitenote_active":false,"_monsterinsights_sitenote_note":"","_monsterinsights_sitenote_category":0,"_uf_show_specific_survey":0,"_uf_disable_surveys":false,"site-sidebar-layout":"default","site-content-layout":"","ast-site-content-layout":"default","site-content-style":"default","site-sidebar-style":"default","ast-global-header-display":"","ast-banner-title-visibility":"","ast-main-header-display":"","ast-hfb-above-header-display":"","ast-hfb-below-header-display":"","ast-hfb-mobile-header-display":"","site-post-title":"","ast-breadcrumbs-content":"","ast-featured-img":"","footer-sml-layout":"","ast-disable-related-posts":"","theme-transparent-header-meta":"default","adv-header-id-meta":"","stick-header-meta":"","header-above-stick-meta":"","header-main-stick-meta":"","header-below-stick-meta":"","astra-migrate-meta-layouts":"set","ast-page-background-enabled":"default","ast-page-background-meta":{"desktop":{"background-color":"","background-image":"","background-repeat":"repeat","background-position":"center center","background-size":"auto","background-attachment":"scroll","background-type":"","background-media":"","overlay-type":"","overlay-color":"","overlay-opacity":"","overlay-gradient":""},"tablet":{"background-color":"","background-image":"","background-repeat":"repeat","background-position":"center center","background-size":"auto","background-attachment":"scroll","background-type":"","background-media":"","overlay-type":"","overlay-color":"","overlay-opacity":"","overlay-gradient":""},"mobile":{"background-color":"","background-image":"","background-repeat":"repeat","background-position":"center center","background-size":"auto","background-attachment":"scroll","background-type":"","background-media":"","overlay-type":"","overlay-color":"","overlay-opacity":"","overlay-gradient":""}},"ast-content-background-meta":{"desktop":{"background-color":"var(--ast-global-color-5)","background-image":"","background-repeat":"repeat","background-position":"center center","background-size":"auto","background-attachment":"scroll","background-type":"","background-media":"","overlay-type":"","overlay-color":"","overlay-opacity":"","overlay-gradient":""},"tablet":{"background-color":"var(--ast-global-color-5)","background-image":"","background-repeat":"repeat","background-position":"center center","background-size":"auto","background-attachment":"scroll","background-type":"","background-media":"","overlay-type":"","overlay-color":"","overlay-opacity":"","overlay-gradient":""},"mobile":{"background-color":"var(--ast-global-color-5)","background-image":"","background-repeat":"repeat","background-position":"center center","background-size":"auto","background-attachment":"scroll","background-type":"","background-media":"","overlay-type":"","overlay-color":"","overlay-opacity":"","overlay-gradient":""}}},"product_brand":[3290],"product_cat":[3786,3395,3489,3467],"product_tag":[2913],"class_list":{"0":"post-20264","1":"product","2":"type-product","3":"status-publish","4":"has-post-thumbnail","6":"product_brand-cbc","7":"product_cat-bottes","8":"product_cat-courte-piste","9":"product_cat-offres-de-club","10":"product_cat-patinage-de-vitesse","11":"product_tag-cbc-onyx","12":"desktop-align-left","13":"tablet-align-left","14":"mobile-align-left","16":"first","17":"instock","18":"taxable","19":"shipping-taxable","20":"purchasable","21":"product-type-simple"},"acf":[],"_links":{"self":[{"href":"https:\/\/ztsports.com\/fr\/wp-json\/wp\/v2\/product\/20264","targetHints":{"allow":["GET"]}}],"collection":[{"href":"https:\/\/ztsports.com\/fr\/wp-json\/wp\/v2\/product"}],"about":[{"href":"https:\/\/ztsports.com\/fr\/wp-json\/wp\/v2\/types\/product"}],"replies":[{"embeddable":true,"href":"https:\/\/ztsports.com\/fr\/wp-json\/wp\/v2\/comments?post=20264"}],"version-history":[{"count":1,"href":"https:\/\/ztsports.com\/fr\/wp-json\/wp\/v2\/product\/20264\/revisions"}],"predecessor-version":[{"id":20265,"href":"https:\/\/ztsports.com\/fr\/wp-json\/wp\/v2\/product\/20264\/revisions\/20265"}],"wp:featuredmedia":[{"embeddable":true,"href":"https:\/\/ztsports.com\/fr\/wp-json\/wp\/v2\/media\/20266"}],"wp:attachment":[{"href":"https:\/\/ztsports.com\/fr\/wp-json\/wp\/v2\/media?parent=20264"}],"wp:term":[{"taxonomy":"product_brand","embeddable":true,"href":"https:\/\/ztsports.com\/fr\/wp-json\/wp\/v2\/product_brand?post=20264"},{"taxonomy":"product_cat","embeddable":true,"href":"https:\/\/ztsports.com\/fr\/wp-json\/wp\/v2\/product_cat?post=20264"},{"taxonomy":"product_tag","embeddable":true,"href":"https:\/\/ztsports.com\/fr\/wp-json\/wp\/v2\/product_tag?post=20264"}],"curies":[{"name":"wp","href":"https:\/\/api.w.org\/{rel}","templated":true}]}}