{"id":20261,"date":"2021-12-30T10:45:29","date_gmt":"2021-12-30T10:45:29","guid":{"rendered":"https:\/\/ztsports.com\/?post_type=product&#038;p=20261"},"modified":"2026-02-02T19:21:05","modified_gmt":"2026-02-02T19:21:05","slug":"protege-cou-en-croute","status":"publish","type":"product","link":"https:\/\/ztsports.com\/fr\/store\/protege-cou-en-croute\/","title":{"rendered":"Prot\u00e8ge-cou en cro\u00fbte pour le short track et le hockey"},"content":{"rendered":"<p>Le <strong>prot\u00e8ge-cou Crouch<\/strong> est tr\u00e8s populaire pour le short track et le hockey. Fabriqu\u00e9 et fabriqu\u00e9 au Canada. Les colliers im Crouch sont fabriqu\u00e9s en nylon balistique pour une protection maximale contre les lac\u00e9rations du cou, et renforc\u00e9s par une fine couche de mousse absorbant les chocs au niveau de la bande de cou. Doux au toucher et flexible par rapport aux mod\u00e8les rigides que l&#8217;on trouve souvent chez les concurrents. Ce mod\u00e8le &#8220;Soft Combo&#8221; comporte une bavette pour une protection accrue sous le cou et un confort suppl\u00e9mentaire. Nous recommandons vivement ce mod\u00e8le de bavette plut\u00f4t que les simples prot\u00e8ge-cou de type &#8220;bandeau&#8221; qui n&#8217;offrent qu&#8217;une petite bande de protection sur le cou du joueur, laissant une grande partie du cou expos\u00e9e. Le prot\u00e8ge-cou l\u00e9ger et lavable offre un confort et un ajustement sup\u00e9rieurs. Les colliers Kim Crouch sont certifi\u00e9s BNQ. Conforme aux exigences de Hockey Canada pour le hockey mineur. Tableau des tailles (tour de cou) <\/p>\n<ul>\n<li>Moyen 12-14&#8243;<\/li>\n<li>Grand 13.5 15.5&#8243;<\/li>\n<\/ul>\n<p> Fabriqu\u00e9 au Canada <\/p>\n<h2><a href=\"https:\/\/www.cbc.ca\/news\/investigates\/hockey-neck-guard-debate-kim-crouch-1.7044908\" target=\"_blank\" rel=\"noopener\"><strong><span class=\"detail-link-label sclt-storySectionLink\">CBC Investigates<\/span><\/strong><\/a><\/h2>\n<h3 class=\"detailHeadline\" lang=\"en\" data-cy=\"detailHeadline\">Des d\u00e9cennies apr\u00e8s avoir fr\u00f4l\u00e9 la mort, un joueur de hockey demande pourquoi les prot\u00e8ge-cou ne sont toujours pas obligatoires.<\/h3>\n<p> A <b>prot\u00e8ge-cou<\/b> (\u00e9galement appel\u00e9 <b>Kim Crouch collar<\/b>) est une pi\u00e8ce d&#8217;\u00e9quipement de protection port\u00e9e par les joueurs au niveau du cou, en particulier (mais pas exclusivement) par les joueurs de <a title=\"Hockey sur glace\" href=\"https:\/\/en.wikipedia.org\/wiki\/Ice_hockey\" target=\"_blank\" rel=\"noopener\">hockey sur<\/a> glace, de <a title=\"Bandy\" href=\"https:\/\/en.wikipedia.org\/wiki\/Bandy\" target=\"_blank\" rel=\"noopener\">bandy<\/a>, de <a title=\"Ringuette\" href=\"https:\/\/en.wikipedia.org\/wiki\/Ringette\" target=\"_blank\" rel=\"noopener\">ringuette<\/a> et de <a title=\"Rink bandy\" href=\"https:\/\/en.wikipedia.org\/wiki\/Rink_bandy#Rinkball\" target=\"_blank\" rel=\"noopener\">rinkball<\/a>, sports d&#8217;\u00e9quipe de patinage sur glace. Le protecteur est con\u00e7u pour \u00e9viter les blessures au cou caus\u00e9es par les <a class=\"mw-redirect\" title=\"Palet (hockey sur glace)\" href=\"https:\/\/en.wikipedia.org\/wiki\/Puck_(ice_hockey)\" target=\"_blank\" rel=\"noopener\">palets de hockey sur glace<\/a>, les <a title=\"Ringuette\" href=\"https:\/\/en.wikipedia.org\/wiki\/Ringette#Equipment\" target=\"_blank\" rel=\"noopener\">anneaux de ringuette<\/a>, les <a title=\"La balle au pied\" href=\"https:\/\/en.wikipedia.org\/wiki\/Bandy_ball\" target=\"_blank\" rel=\"noopener\">balles de bandy<\/a>, les lames m\u00e9talliques des <a class=\"mw-redirect\" title=\"Patins \u00e0 glace\" href=\"https:\/\/en.wikipedia.org\/wiki\/Ice_skates\" target=\"_blank\" rel=\"noopener\">patins \u00e0 glace<\/a> et divers types de b\u00e2tons, notamment les <a title=\"Crosse de hockey sur glace\" href=\"https:\/\/en.wikipedia.org\/wiki\/Ice_hockey_stick\" target=\"_blank\" rel=\"noopener\">b\u00e2tons de hockey sur glace<\/a>. Cette pi\u00e8ce est particuli\u00e8rement importante pour les gardiens de but, notamment les <a class=\"mw-redirect\" title=\"Gardien de but (hockey sur glace)\" href=\"https:\/\/en.wikipedia.org\/wiki\/Goaltender_(ice_hockey)\" target=\"_blank\" rel=\"noopener\">gardiens de hockey sur glace<\/a>, qui sont plus susceptibles de se blesser dans cette zone. <strong>Grand seulementPlusieurs<\/strong><strong>autres <a href=\"https:\/\/ztsports.com\/product-category\/protection\/neck-guards\/\">prot\u00e8ge-cou<\/a> ici.<\/strong><\/p>\n","protected":false},"excerpt":{"rendered":"<p>Le prot\u00e8ge-cou Crouch est tr\u00e8s populaire pour le short track et le hockey. Fabriqu\u00e9 et fabriqu\u00e9 au Canada. Les colliers im Crouch sont fabriqu\u00e9s en nylon balistique pour une protection maximale contre les lac\u00e9rations du cou, et renforc\u00e9s par une fine couche de mousse absorbant les chocs au niveau de la bande de cou. Doux [&hellip;]<\/p>\n","protected":false},"featured_media":20263,"comment_status":"open","ping_status":"closed","template":"","meta":{"_acf_changed":false,"_monsterinsights_skip_tracking":false,"_monsterinsights_sitenote_active":false,"_monsterinsights_sitenote_note":"","_monsterinsights_sitenote_category":0,"_uf_show_specific_survey":0,"_uf_disable_surveys":false,"site-sidebar-layout":"default","site-content-layout":"","ast-site-content-layout":"default","site-content-style":"default","site-sidebar-style":"default","ast-global-header-display":"","ast-banner-title-visibility":"","ast-main-header-display":"","ast-hfb-above-header-display":"","ast-hfb-below-header-display":"","ast-hfb-mobile-header-display":"","site-post-title":"","ast-breadcrumbs-content":"","ast-featured-img":"","footer-sml-layout":"","ast-disable-related-posts":"","theme-transparent-header-meta":"default","adv-header-id-meta":"","stick-header-meta":"","header-above-stick-meta":"","header-main-stick-meta":"","header-below-stick-meta":"","astra-migrate-meta-layouts":"set","ast-page-background-enabled":"default","ast-page-background-meta":{"desktop":{"background-color":"","background-image":"","background-repeat":"repeat","background-position":"center center","background-size":"auto","background-attachment":"scroll","background-type":"","background-media":"","overlay-type":"","overlay-color":"","overlay-opacity":"","overlay-gradient":""},"tablet":{"background-color":"","background-image":"","background-repeat":"repeat","background-position":"center center","background-size":"auto","background-attachment":"scroll","background-type":"","background-media":"","overlay-type":"","overlay-color":"","overlay-opacity":"","overlay-gradient":""},"mobile":{"background-color":"","background-image":"","background-repeat":"repeat","background-position":"center center","background-size":"auto","background-attachment":"scroll","background-type":"","background-media":"","overlay-type":"","overlay-color":"","overlay-opacity":"","overlay-gradient":""}},"ast-content-background-meta":{"desktop":{"background-color":"var(--ast-global-color-5)","background-image":"","background-repeat":"repeat","background-position":"center center","background-size":"auto","background-attachment":"scroll","background-type":"","background-media":"","overlay-type":"","overlay-color":"","overlay-opacity":"","overlay-gradient":""},"tablet":{"background-color":"var(--ast-global-color-5)","background-image":"","background-repeat":"repeat","background-position":"center center","background-size":"auto","background-attachment":"scroll","background-type":"","background-media":"","overlay-type":"","overlay-color":"","overlay-opacity":"","overlay-gradient":""},"mobile":{"background-color":"var(--ast-global-color-5)","background-image":"","background-repeat":"repeat","background-position":"center center","background-size":"auto","background-attachment":"scroll","background-type":"","background-media":"","overlay-type":"","overlay-color":"","overlay-opacity":"","overlay-gradient":""}}},"product_brand":[3293],"product_cat":[3392,3396,3467,3482,3981,3980],"product_tag":[2632,4214,3994],"class_list":{"0":"post-20261","1":"product","2":"type-product","3":"status-publish","4":"has-post-thumbnail","6":"product_brand-crouch","7":"product_cat-accessoires-short-track","8":"product_cat-accessories","9":"product_cat-patinage-de-vitesse","10":"product_cat-protection-contre-les-coupures","11":"product_cat-protege-cou","12":"product_cat-protege-cou-short-track","13":"product_tag-crouch","14":"product_tag-protege-cou-crouch","15":"product_tag-protege-cou-souple-et-protecteur","16":"desktop-align-left","17":"tablet-align-left","18":"mobile-align-left","20":"first","21":"instock","22":"taxable","23":"shipping-taxable","24":"purchasable","25":"product-type-simple"},"acf":[],"_links":{"self":[{"href":"https:\/\/ztsports.com\/fr\/wp-json\/wp\/v2\/product\/20261","targetHints":{"allow":["GET"]}}],"collection":[{"href":"https:\/\/ztsports.com\/fr\/wp-json\/wp\/v2\/product"}],"about":[{"href":"https:\/\/ztsports.com\/fr\/wp-json\/wp\/v2\/types\/product"}],"replies":[{"embeddable":true,"href":"https:\/\/ztsports.com\/fr\/wp-json\/wp\/v2\/comments?post=20261"}],"version-history":[{"count":1,"href":"https:\/\/ztsports.com\/fr\/wp-json\/wp\/v2\/product\/20261\/revisions"}],"predecessor-version":[{"id":20262,"href":"https:\/\/ztsports.com\/fr\/wp-json\/wp\/v2\/product\/20261\/revisions\/20262"}],"wp:featuredmedia":[{"embeddable":true,"href":"https:\/\/ztsports.com\/fr\/wp-json\/wp\/v2\/media\/20263"}],"wp:attachment":[{"href":"https:\/\/ztsports.com\/fr\/wp-json\/wp\/v2\/media?parent=20261"}],"wp:term":[{"taxonomy":"product_brand","embeddable":true,"href":"https:\/\/ztsports.com\/fr\/wp-json\/wp\/v2\/product_brand?post=20261"},{"taxonomy":"product_cat","embeddable":true,"href":"https:\/\/ztsports.com\/fr\/wp-json\/wp\/v2\/product_cat?post=20261"},{"taxonomy":"product_tag","embeddable":true,"href":"https:\/\/ztsports.com\/fr\/wp-json\/wp\/v2\/product_tag?post=20261"}],"curies":[{"name":"wp","href":"https:\/\/api.w.org\/{rel}","templated":true}]}}