{"id":20255,"date":"2023-11-04T03:12:31","date_gmt":"2023-11-04T03:12:31","guid":{"rendered":"https:\/\/ztsports.com\/?post_type=product&#038;p=20255"},"modified":"2026-02-02T18:36:27","modified_gmt":"2026-02-02T18:36:27","slug":"kit-de-lunettes-de-sport-pour-la-police","status":"publish","type":"product","link":"https:\/\/ztsports.com\/fr\/store\/kit-de-lunettes-de-sport-pour-la-police\/","title":{"rendered":"Kit de lunettes de sport pour la police"},"content":{"rendered":"<h1 class=\"page-title\"><span class=\"base\" data-ui-id=\"page-title-wrapper\">Kit de lunettes de sport pour la police<\/span><\/h1>\n<p>Le kit de lunettes de sport de la police est id\u00e9al pour les sports de glace et de route. Capacit\u00e9 \u00e0 faire face \u00e0 la lumi\u00e8re du soleil et \u00e0 toutes les conditions m\u00e9t\u00e9orologiques. Ceci gr\u00e2ce \u00e0 3 objectifs interchangeables. En outre, chaque lentille de ce kit de police est conforme aux normes militaires am\u00e9ricaines en mati\u00e8re d&#8217;indices balistiques. Personnalisez l&#8217;ajustement \u00e0 votre visage gr\u00e2ce au pont de nez et aux tiges en polym\u00e8re TPR r\u00e9glables. De plus, un <strong>adaptateur de prescription est inclus, ainsi qu&#8217;un \u00e9tui souple <\/strong>pour prot\u00e9ger vos lunettes et vos lentilles.<br \/>\nNos lunettes en nylon Grilamid TR-90 sont l\u00e9g\u00e8res et comp\u00e9titives. Elles sont livr\u00e9es avec<strong> 3 lentilles balistiques<\/strong> qui ont \u00e9t\u00e9 test\u00e9es. Il n&#8217;y a pas mieux en termes de qualit\u00e9. Un adaptateur RX pour les verres correcteurs est \u00e9galement inclus.<\/p>\n<section><b>Ajustement :<\/b><br \/>\nAjustement standard<br \/>\n<b>Caract\u00e9ristiques :<\/b><br \/>\nMonture en polym\u00e8re<br \/>\nForme de la lentille N3, PC, base 7,5 (courbe r\u00e9elle)<br \/>\nPont de nez et tiges r\u00e9glables en polym\u00e8re TPR<br \/>\nNylon Grilamid TR-90 sans monture<br \/>\nANSI Z87.1 : 150 ft\/sec<br \/>\nMIL-PRF 32432A : 700-725 ft\/sec<br \/>\n3<strong>lentilles interchangeables class\u00e9es par niveau de protection : fum\u00e9e \/ jaune \/ claire <span style=\"font-size: 14px;\">Plus Adaptateur de prescription inclus.<\/span><\/strong>lentilles balistiques test\u00e9es par la norme militaire am\u00e9ricaine<br \/>\nANSI Z87.1 : 150ft\/sec, MIL-PRF 32432A : 700-725 ft\/sec<\/section>\n<section>Couleur : NOIR<\/section>\n<section>\n<dl data-test=\"item-details\">\n<dt>\n<div><strong><span class=\"Y2IQFc\" lang=\"en\">FPVQ ET <a href=\"https:\/\/www.ontariospeedskating.ca\/safety-equipment\" target=\"_blank\" rel=\"noopener\">OSSA : Accessoire obligatoire<\/a> en comp\u00e9tition.<\/span><\/strong><\/div>\n<div><\/div>\n<div>Enfin, voir tous nos <a href=\"https:\/\/ztsports.com\/product-category\/speed-skating-protection-equipment\/glasses\/\"><strong>Lunettes de protection pour le sport<\/strong><\/a> ici.<\/div>\n<\/dt>\n<\/dl>\n<\/section>\n","protected":false},"excerpt":{"rendered":"<p>Kit de lunettes de sport pour la police Le kit de lunettes de sport de la police est id\u00e9al pour les sports de glace et de route. Capacit\u00e9 \u00e0 faire face \u00e0 la lumi\u00e8re du soleil et \u00e0 toutes les conditions m\u00e9t\u00e9orologiques. Ceci gr\u00e2ce \u00e0 3 objectifs interchangeables. En outre, chaque lentille de ce kit [&hellip;]<\/p>\n","protected":false},"featured_media":20257,"comment_status":"open","ping_status":"closed","template":"","meta":{"_acf_changed":false,"_monsterinsights_skip_tracking":false,"_monsterinsights_sitenote_active":false,"_monsterinsights_sitenote_note":"","_monsterinsights_sitenote_category":0,"_uf_show_specific_survey":0,"_uf_disable_surveys":false,"site-sidebar-layout":"default","site-content-layout":"","ast-site-content-layout":"default","site-content-style":"default","site-sidebar-style":"default","ast-global-header-display":"","ast-banner-title-visibility":"","ast-main-header-display":"","ast-hfb-above-header-display":"","ast-hfb-below-header-display":"","ast-hfb-mobile-header-display":"","site-post-title":"","ast-breadcrumbs-content":"","ast-featured-img":"","footer-sml-layout":"","ast-disable-related-posts":"","theme-transparent-header-meta":"default","adv-header-id-meta":"","stick-header-meta":"","header-above-stick-meta":"","header-main-stick-meta":"","header-below-stick-meta":"","astra-migrate-meta-layouts":"set","ast-page-background-enabled":"default","ast-page-background-meta":{"desktop":{"background-color":"","background-image":"","background-repeat":"repeat","background-position":"center center","background-size":"auto","background-attachment":"scroll","background-type":"","background-media":"","overlay-type":"","overlay-color":"","overlay-opacity":"","overlay-gradient":""},"tablet":{"background-color":"","background-image":"","background-repeat":"repeat","background-position":"center center","background-size":"auto","background-attachment":"scroll","background-type":"","background-media":"","overlay-type":"","overlay-color":"","overlay-opacity":"","overlay-gradient":""},"mobile":{"background-color":"","background-image":"","background-repeat":"repeat","background-position":"center center","background-size":"auto","background-attachment":"scroll","background-type":"","background-media":"","overlay-type":"","overlay-color":"","overlay-opacity":"","overlay-gradient":""}},"ast-content-background-meta":{"desktop":{"background-color":"var(--ast-global-color-5)","background-image":"","background-repeat":"repeat","background-position":"center center","background-size":"auto","background-attachment":"scroll","background-type":"","background-media":"","overlay-type":"","overlay-color":"","overlay-opacity":"","overlay-gradient":""},"tablet":{"background-color":"var(--ast-global-color-5)","background-image":"","background-repeat":"repeat","background-position":"center center","background-size":"auto","background-attachment":"scroll","background-type":"","background-media":"","overlay-type":"","overlay-color":"","overlay-opacity":"","overlay-gradient":""},"mobile":{"background-color":"var(--ast-global-color-5)","background-image":"","background-repeat":"repeat","background-position":"center center","background-size":"auto","background-attachment":"scroll","background-type":"","background-media":"","overlay-type":"","overlay-color":"","overlay-opacity":"","overlay-gradient":""}}},"product_brand":[3302],"product_cat":[3389,3479,3392,3396,3433,3395,3390,3587,3825,4155,3467],"product_tag":[4210,4211,4212,4213,3979,2156,2835],"class_list":{"0":"post-20255","1":"product","2":"type-product","3":"status-publish","4":"has-post-thumbnail","6":"product_brand-garneau","7":"product_cat-accessoires-longue-piste","8":"product_cat-accessoires-pour-le-short-track","9":"product_cat-accessoires-short-track","10":"product_cat-accessories","12":"product_cat-courte-piste","13":"product_cat-longue-piste","14":"product_cat-lunettes","15":"product_cat-lunettes-de-protection","16":"product_cat-lunettes-short-track","17":"product_cat-patinage-de-vitesse","18":"product_tag-3-lentilles","19":"product_tag-kit-de-lunettes-de-sport-pour-la-police","20":"product_tag-kit-lunettes","21":"product_tag-kit-lunettes-de-sport","22":"product_tag-lunettes-short-track","23":"product_tag-protection","24":"product_tag-sport-glasses","25":"desktop-align-left","26":"tablet-align-left","27":"mobile-align-left","29":"first","30":"instock","31":"taxable","32":"shipping-taxable","33":"purchasable","34":"product-type-simple"},"acf":[],"_links":{"self":[{"href":"https:\/\/ztsports.com\/fr\/wp-json\/wp\/v2\/product\/20255","targetHints":{"allow":["GET"]}}],"collection":[{"href":"https:\/\/ztsports.com\/fr\/wp-json\/wp\/v2\/product"}],"about":[{"href":"https:\/\/ztsports.com\/fr\/wp-json\/wp\/v2\/types\/product"}],"replies":[{"embeddable":true,"href":"https:\/\/ztsports.com\/fr\/wp-json\/wp\/v2\/comments?post=20255"}],"version-history":[{"count":1,"href":"https:\/\/ztsports.com\/fr\/wp-json\/wp\/v2\/product\/20255\/revisions"}],"predecessor-version":[{"id":20256,"href":"https:\/\/ztsports.com\/fr\/wp-json\/wp\/v2\/product\/20255\/revisions\/20256"}],"wp:featuredmedia":[{"embeddable":true,"href":"https:\/\/ztsports.com\/fr\/wp-json\/wp\/v2\/media\/20257"}],"wp:attachment":[{"href":"https:\/\/ztsports.com\/fr\/wp-json\/wp\/v2\/media?parent=20255"}],"wp:term":[{"taxonomy":"product_brand","embeddable":true,"href":"https:\/\/ztsports.com\/fr\/wp-json\/wp\/v2\/product_brand?post=20255"},{"taxonomy":"product_cat","embeddable":true,"href":"https:\/\/ztsports.com\/fr\/wp-json\/wp\/v2\/product_cat?post=20255"},{"taxonomy":"product_tag","embeddable":true,"href":"https:\/\/ztsports.com\/fr\/wp-json\/wp\/v2\/product_tag?post=20255"}],"curies":[{"name":"wp","href":"https:\/\/api.w.org\/{rel}","templated":true}]}}