{"id":20251,"date":"2023-11-03T18:13:41","date_gmt":"2023-11-03T18:13:41","guid":{"rendered":"https:\/\/ztsports.com\/?post_type=product&#038;p=20251"},"modified":"2026-02-02T18:36:45","modified_gmt":"2026-02-02T18:36:45","slug":"lunettes-de-protection-adultes","status":"publish","type":"product","link":"https:\/\/ztsports.com\/fr\/store\/lunettes-de-protection-adultes\/","title":{"rendered":"Lunettes de protection ADULTES pour le Short Track"},"content":{"rendered":"<h1 class=\"product_title entry-title\">Lunettes de protection ADULTES pour le Short Track<\/h1>\n<p>Ces lunettes de protection pour adultes ont une monture en nylon. R\u00e9pond aux normes de r\u00e9sistance aux chocs ASTM F803. Lentilles en polycarbonate garanties incassables ! Convenant aux 13 ans et plus, ces protections oculaires offrent une protection contre les UV 400. Comprend une monture enveloppante en nylon bleu et des plaquettes nasales confortables en TPR. Test\u00e9 et pass\u00e9 avec succ\u00e8s les sp\u00e9cifications de l&#8217;ASTM F803.<\/p>\n<h5>Lunettes de protection ADULTES<\/h5>\n<p>En outre, ces lunettes de s\u00e9curit\u00e9 ont une <strong>monture de taille<\/strong> standard qui s&#8217;adapte \u00e0 la taille du visage d&#8217;un jeune adulte. Sangle de verre incluse.<\/p>\n<p><a href=\"https:\/\/ztsports.com\/product\/kids-protective-glasses\/\">L<strong>a taille des enfants est situ\u00e9e<\/strong> ici.<\/a><\/p>\n<p><strong><span class=\"Y2IQFc\" lang=\"en\">FPVQ ET <a href=\"https:\/\/www.ontariospeedskating.ca\/safety-equipment\" target=\"_blank\" rel=\"noopener\">OSSA : Accessoire obligatoire<\/a> en comp\u00e9tition.<\/span><\/strong><\/p>\n<pre id=\"tw-target-text\" class=\"tw-data-text tw-text-large tw-ta\" dir=\"ltr\" data-placeholder=\"Translation\"><span class=\"Y2IQFc\" lang=\"en\"><strong>Lastly you can view a large selection of <a href=\"https:\/\/ztsports.com\/product-category\/speed-skating-protection-equipment\/glasses\/\">Speed Skating Glasses<\/a> here.<\/strong><\/span><\/pre>\n","protected":false},"excerpt":{"rendered":"<p>Lunettes de protection ADULTES pour le Short Track Ces lunettes de protection pour adultes ont une monture en nylon. R\u00e9pond aux normes de r\u00e9sistance aux chocs ASTM F803. Lentilles en polycarbonate garanties incassables ! Convenant aux 13 ans et plus, ces protections oculaires offrent une protection contre les UV 400. Comprend une monture enveloppante en [&hellip;]<\/p>\n","protected":false},"featured_media":20253,"comment_status":"open","ping_status":"closed","template":"","meta":{"_acf_changed":false,"_monsterinsights_skip_tracking":false,"_monsterinsights_sitenote_active":false,"_monsterinsights_sitenote_note":"","_monsterinsights_sitenote_category":0,"_uf_show_specific_survey":0,"_uf_disable_surveys":false,"site-sidebar-layout":"default","site-content-layout":"","ast-site-content-layout":"default","site-content-style":"default","site-sidebar-style":"default","ast-global-header-display":"","ast-banner-title-visibility":"","ast-main-header-display":"","ast-hfb-above-header-display":"","ast-hfb-below-header-display":"","ast-hfb-mobile-header-display":"","site-post-title":"","ast-breadcrumbs-content":"","ast-featured-img":"","footer-sml-layout":"","ast-disable-related-posts":"","theme-transparent-header-meta":"default","adv-header-id-meta":"","stick-header-meta":"","header-above-stick-meta":"","header-main-stick-meta":"","header-below-stick-meta":"","astra-migrate-meta-layouts":"set","ast-page-background-enabled":"default","ast-page-background-meta":{"desktop":{"background-color":"","background-image":"","background-repeat":"repeat","background-position":"center center","background-size":"auto","background-attachment":"scroll","background-type":"","background-media":"","overlay-type":"","overlay-color":"","overlay-opacity":"","overlay-gradient":""},"tablet":{"background-color":"","background-image":"","background-repeat":"repeat","background-position":"center center","background-size":"auto","background-attachment":"scroll","background-type":"","background-media":"","overlay-type":"","overlay-color":"","overlay-opacity":"","overlay-gradient":""},"mobile":{"background-color":"","background-image":"","background-repeat":"repeat","background-position":"center center","background-size":"auto","background-attachment":"scroll","background-type":"","background-media":"","overlay-type":"","overlay-color":"","overlay-opacity":"","overlay-gradient":""}},"ast-content-background-meta":{"desktop":{"background-color":"var(--ast-global-color-5)","background-image":"","background-repeat":"repeat","background-position":"center center","background-size":"auto","background-attachment":"scroll","background-type":"","background-media":"","overlay-type":"","overlay-color":"","overlay-opacity":"","overlay-gradient":""},"tablet":{"background-color":"var(--ast-global-color-5)","background-image":"","background-repeat":"repeat","background-position":"center center","background-size":"auto","background-attachment":"scroll","background-type":"","background-media":"","overlay-type":"","overlay-color":"","overlay-opacity":"","overlay-gradient":""},"mobile":{"background-color":"var(--ast-global-color-5)","background-image":"","background-repeat":"repeat","background-position":"center center","background-size":"auto","background-attachment":"scroll","background-type":"","background-media":"","overlay-type":"","overlay-color":"","overlay-opacity":"","overlay-gradient":""}}},"product_brand":[3316,3315],"product_cat":[3389,3479,3392,3396,3395,3587,3825,4209,3467],"product_tag":[1794,2835],"class_list":{"0":"post-20251","1":"product","2":"type-product","3":"status-publish","4":"has-post-thumbnail","6":"product_brand-20-20","7":"product_brand-leader","8":"product_cat-accessoires-longue-piste","9":"product_cat-accessoires-pour-le-short-track","10":"product_cat-accessoires-short-track","11":"product_cat-accessories","12":"product_cat-courte-piste","13":"product_cat-lunettes","14":"product_cat-lunettes-de-protection","15":"product_cat-lunettes-de-protection-short-track","16":"product_cat-patinage-de-vitesse","17":"product_tag-speed-skating","18":"product_tag-sport-glasses","19":"desktop-align-left","20":"tablet-align-left","21":"mobile-align-left","23":"first","24":"instock","25":"sale","26":"taxable","27":"shipping-taxable","28":"purchasable","29":"product-type-simple"},"acf":[],"_links":{"self":[{"href":"https:\/\/ztsports.com\/fr\/wp-json\/wp\/v2\/product\/20251","targetHints":{"allow":["GET"]}}],"collection":[{"href":"https:\/\/ztsports.com\/fr\/wp-json\/wp\/v2\/product"}],"about":[{"href":"https:\/\/ztsports.com\/fr\/wp-json\/wp\/v2\/types\/product"}],"replies":[{"embeddable":true,"href":"https:\/\/ztsports.com\/fr\/wp-json\/wp\/v2\/comments?post=20251"}],"version-history":[{"count":1,"href":"https:\/\/ztsports.com\/fr\/wp-json\/wp\/v2\/product\/20251\/revisions"}],"predecessor-version":[{"id":20252,"href":"https:\/\/ztsports.com\/fr\/wp-json\/wp\/v2\/product\/20251\/revisions\/20252"}],"wp:featuredmedia":[{"embeddable":true,"href":"https:\/\/ztsports.com\/fr\/wp-json\/wp\/v2\/media\/20253"}],"wp:attachment":[{"href":"https:\/\/ztsports.com\/fr\/wp-json\/wp\/v2\/media?parent=20251"}],"wp:term":[{"taxonomy":"product_brand","embeddable":true,"href":"https:\/\/ztsports.com\/fr\/wp-json\/wp\/v2\/product_brand?post=20251"},{"taxonomy":"product_cat","embeddable":true,"href":"https:\/\/ztsports.com\/fr\/wp-json\/wp\/v2\/product_cat?post=20251"},{"taxonomy":"product_tag","embeddable":true,"href":"https:\/\/ztsports.com\/fr\/wp-json\/wp\/v2\/product_tag?post=20251"}],"curies":[{"name":"wp","href":"https:\/\/api.w.org\/{rel}","templated":true}]}}