{"id":20239,"date":"2023-10-15T03:12:51","date_gmt":"2023-10-15T03:12:51","guid":{"rendered":"https:\/\/ztsports.com\/?post_type=product&#038;p=20239"},"modified":"2026-02-02T18:36:58","modified_gmt":"2026-02-02T18:36:58","slug":"pendentifs-sportifs-en-etain","status":"publish","type":"product","link":"https:\/\/ztsports.com\/fr\/store\/pendentifs-sportifs-en-etain\/","title":{"rendered":"Pendentifs Sportifs en \u00e9tain fabriqu\u00e9s au Canada"},"content":{"rendered":"<h1>Pendentifs sportifs<\/h1>\n<p>Les Pendentifs Sportifs en \u00e9tain\u00a0 sont fabriqu\u00e9s en \u00e9tain \u00e0 partir d&#8217;un moule fait \u00e0 la main. ils mesurent un peu moins de 2,5 cm.<\/p>\n<p>Noircies, polies et finies avec soin, elles sont suspendues \u00e0 un cordon en coton noir avec des poign\u00e9es r\u00e9glables.<\/p>\n<p>Voir finement tous nos autres <a href=\"https:\/\/ztsports.com\/product-category\/sports-jewelry\/\"><strong>bijoux de sport ici.<\/strong><\/a><\/p>\n<p>En outre, il y a d&#8217;autres <a href=\"https:\/\/ztsports.com\/product-category\/skater-gifts\/\"><strong>Skater Gifts ici.<\/strong><\/a><\/p>\n<p>Enfin, voir la gamme compl\u00e8te de pendentifs en \u00e9tain ici. <a href=\"https:\/\/ztsports.com\/product-category\/pewter-pendants\/\"><strong>pendentifs en \u00e9tain ici.<\/strong><\/a><\/p>\n<p>Vid\u00e9o de <a href=\"https:\/\/www.youtube.com\/watch?v=6DEfwUM0ths\" target=\"_blank\" rel=\"noopener\"><strong>Coul\u00e9e de m\u00e9tal avec de l&#8217;\u00e9tain<\/strong><\/a>.<\/p>\n<p>Fabriqu\u00e9 au Canada<\/p>\n","protected":false},"excerpt":{"rendered":"<p>Pendentifs sportifs Les Pendentifs Sportifs en \u00e9tain\u00a0 sont fabriqu\u00e9s en \u00e9tain \u00e0 partir d&#8217;un moule fait \u00e0 la main. ils mesurent un peu moins de 2,5 cm. Noircies, polies et finies avec soin, elles sont suspendues \u00e0 un cordon en coton noir avec des poign\u00e9es r\u00e9glables. Voir finement tous nos autres bijoux de sport ici. [&hellip;]<\/p>\n","protected":false},"featured_media":20241,"comment_status":"open","ping_status":"closed","template":"","meta":{"_acf_changed":false,"_monsterinsights_skip_tracking":false,"_monsterinsights_sitenote_active":false,"_monsterinsights_sitenote_note":"","_monsterinsights_sitenote_category":0,"_uf_show_specific_survey":0,"_uf_disable_surveys":false,"site-sidebar-layout":"default","site-content-layout":"","ast-site-content-layout":"default","site-content-style":"default","site-sidebar-style":"default","ast-global-header-display":"","ast-banner-title-visibility":"","ast-main-header-display":"","ast-hfb-above-header-display":"","ast-hfb-below-header-display":"","ast-hfb-mobile-header-display":"","site-post-title":"","ast-breadcrumbs-content":"","ast-featured-img":"","footer-sml-layout":"","ast-disable-related-posts":"","theme-transparent-header-meta":"default","adv-header-id-meta":"","stick-header-meta":"","header-above-stick-meta":"","header-main-stick-meta":"","header-below-stick-meta":"","astra-migrate-meta-layouts":"set","ast-page-background-enabled":"default","ast-page-background-meta":{"desktop":{"background-color":"","background-image":"","background-repeat":"repeat","background-position":"center center","background-size":"auto","background-attachment":"scroll","background-type":"","background-media":"","overlay-type":"","overlay-color":"","overlay-opacity":"","overlay-gradient":""},"tablet":{"background-color":"","background-image":"","background-repeat":"repeat","background-position":"center center","background-size":"auto","background-attachment":"scroll","background-type":"","background-media":"","overlay-type":"","overlay-color":"","overlay-opacity":"","overlay-gradient":""},"mobile":{"background-color":"","background-image":"","background-repeat":"repeat","background-position":"center center","background-size":"auto","background-attachment":"scroll","background-type":"","background-media":"","overlay-type":"","overlay-color":"","overlay-opacity":"","overlay-gradient":""}},"ast-content-background-meta":{"desktop":{"background-color":"var(--ast-global-color-5)","background-image":"","background-repeat":"repeat","background-position":"center center","background-size":"auto","background-attachment":"scroll","background-type":"","background-media":"","overlay-type":"","overlay-color":"","overlay-opacity":"","overlay-gradient":""},"tablet":{"background-color":"var(--ast-global-color-5)","background-image":"","background-repeat":"repeat","background-position":"center center","background-size":"auto","background-attachment":"scroll","background-type":"","background-media":"","overlay-type":"","overlay-color":"","overlay-opacity":"","overlay-gradient":""},"mobile":{"background-color":"var(--ast-global-color-5)","background-image":"","background-repeat":"repeat","background-position":"center center","background-size":"auto","background-attachment":"scroll","background-type":"","background-media":"","overlay-type":"","overlay-color":"","overlay-opacity":"","overlay-gradient":""}}},"product_brand":[3324],"product_cat":[3775,3878,4104,3572,4204,3776],"product_tag":[4105,4205,4107,4206,4207,4208],"class_list":{"0":"post-20239","1":"product","2":"type-product","3":"status-publish","4":"has-post-thumbnail","6":"product_brand-metalice","7":"product_cat-bijoux-de-sport","8":"product_cat-cadeaux","10":"product_cat-cadeaux-pour-patineurs","11":"product_cat-pendentifs-en-etain","12":"product_cat-pendentifs-sportifs","13":"product_tag-bijoux-de-sport","14":"product_tag-pendentif-en-etain-patineur-de-vitesse","15":"product_tag-pendentif-patineur-de-vitesse","16":"product_tag-pendentifs-en-etain","17":"product_tag-pendentifs-en-metal-ice","18":"product_tag-pendentifs-sportifs-en-etain","19":"desktop-align-left","20":"tablet-align-left","21":"mobile-align-left","23":"first","24":"instock","25":"taxable","26":"shipping-taxable","27":"purchasable","28":"product-type-simple"},"acf":[],"_links":{"self":[{"href":"https:\/\/ztsports.com\/fr\/wp-json\/wp\/v2\/product\/20239","targetHints":{"allow":["GET"]}}],"collection":[{"href":"https:\/\/ztsports.com\/fr\/wp-json\/wp\/v2\/product"}],"about":[{"href":"https:\/\/ztsports.com\/fr\/wp-json\/wp\/v2\/types\/product"}],"replies":[{"embeddable":true,"href":"https:\/\/ztsports.com\/fr\/wp-json\/wp\/v2\/comments?post=20239"}],"version-history":[{"count":1,"href":"https:\/\/ztsports.com\/fr\/wp-json\/wp\/v2\/product\/20239\/revisions"}],"predecessor-version":[{"id":20240,"href":"https:\/\/ztsports.com\/fr\/wp-json\/wp\/v2\/product\/20239\/revisions\/20240"}],"wp:featuredmedia":[{"embeddable":true,"href":"https:\/\/ztsports.com\/fr\/wp-json\/wp\/v2\/media\/20241"}],"wp:attachment":[{"href":"https:\/\/ztsports.com\/fr\/wp-json\/wp\/v2\/media?parent=20239"}],"wp:term":[{"taxonomy":"product_brand","embeddable":true,"href":"https:\/\/ztsports.com\/fr\/wp-json\/wp\/v2\/product_brand?post=20239"},{"taxonomy":"product_cat","embeddable":true,"href":"https:\/\/ztsports.com\/fr\/wp-json\/wp\/v2\/product_cat?post=20239"},{"taxonomy":"product_tag","embeddable":true,"href":"https:\/\/ztsports.com\/fr\/wp-json\/wp\/v2\/product_tag?post=20239"}],"curies":[{"name":"wp","href":"https:\/\/api.w.org\/{rel}","templated":true}]}}