{"id":20225,"date":"2023-10-02T23:36:11","date_gmt":"2023-10-02T23:36:11","guid":{"rendered":"https:\/\/ztsports.com\/?post_type=product&#038;p=20225"},"modified":"2026-02-02T18:37:29","modified_gmt":"2026-02-02T18:37:29","slug":"gabarit-daffutage-ehs","status":"publish","type":"product","link":"https:\/\/ztsports.com\/fr\/store\/gabarit-daffutage-ehs\/","title":{"rendered":"GABARIT D&#8217;AFF\u00dbTAGE EHS\/EHS SHARPENING JIG pour patins de vitesse"},"content":{"rendered":"<h1 class=\"tw-data-text tw-text-large tw-ta\" dir=\"ltr\" data-placeholder=\"Translation\"><span class=\"Y2IQFc\" lang=\"en\"><strong><a href=\"https:\/\/www.youtube.com\/watch?v=y2DcA6zPqSc\" target=\"_blank\" rel=\"noopener\">GABARIT D&#8217;AFF\u00dbTAGE EHS<\/a><\/strong><\/span><\/h1>\n<p class=\"tw-data-text tw-text-large tw-ta\" dir=\"ltr\" data-placeholder=\"Translation\"><span class=\"Y2IQFc\" lang=\"en\"><strong><a href=\"https:\/\/www.youtube.com\/watch?v=y2DcA6zPqSc\" target=\"_blank\" rel=\"noopener\">Le gabarit d&#8217;aff\u00fbtage EHS<\/a><\/strong> est le meilleur rapport qualit\u00e9\/prix pour un gabarit \u00e0 usage g\u00e9n\u00e9ral. Suitable for both long track and short track skates. Les faces de serrage finement usin\u00e9es maintiennent les lames courbes et droites avec un haut degr\u00e9 de r\u00e9p\u00e9tabilit\u00e9. <\/span><\/p>\n<p class=\"tw-data-text tw-text-large tw-ta\" dir=\"ltr\" data-placeholder=\"Translation\"><span class=\"Y2IQFc\" lang=\"en\">Construction solide en m\u00e9tal billett\u00e9 CNC, pinces de charni\u00e8re de pr\u00e9cision tr\u00e8s r\u00e9sistantes. Gros boutons confortables pour le serrage. En outre, EHS a usin\u00e9 des barres transversales doubles, y compris des dispositifs de r\u00e9glage de la hauteur, maintenant avec une lame anti-retour. <\/span><\/p>\n<p class=\"tw-data-text tw-text-large tw-ta\" dir=\"ltr\" data-placeholder=\"Translation\"><span class=\"Y2IQFc\" lang=\"en\">Un bond en avant dans l&#8217;am\u00e9lioration de la pr\u00e9cision par rapport aux conceptions de supports en plusieurs parties Un meilleur achat. Gabarit abordable et performant But\u00e9e arri\u00e8re et barre de torsion. <\/span><\/p>\n<p class=\"tw-data-text tw-text-large tw-ta\" dir=\"ltr\" data-placeholder=\"Translation\"><span class=\"Y2IQFc\" lang=\"en\">Excellente qualit\u00e9 de construction et de conception aux Pays-Bas. Deux poutres de soutien pour une excellente rigidit\u00e9 et un r\u00e9glage pr\u00e9cis de la hauteur Haute qualit\u00e9.<\/span><\/p>\n<p class=\"tw-data-text tw-text-large tw-ta\" dir=\"ltr\" data-placeholder=\"Translation\"><span class=\"Y2IQFc\" lang=\"en\"> <a href=\"https:\/\/ztsports.com\/product-category\/sharpening\/jigs\/\"><strong>Vous pouvez voir tous nos gabarits et kits ici.<\/strong><\/a><\/span><\/p>\n<h4 id=\"tw-target-text\" class=\"tw-data-text tw-text-large tw-ta\" dir=\"ltr\" data-placeholder=\"Translation\"><a href=\"https:\/\/www.youtube.com\/watch?v=6mu5w7rdrL0\" target=\"_blank\" rel=\"noopener\"><span class=\"Y2IQFc\" lang=\"en\"><strong>Tutoriel d&#8217;aff\u00fbtage.<\/strong> <\/span><\/a><\/h4>\n","protected":false},"excerpt":{"rendered":"<p>GABARIT D&#8217;AFF\u00dbTAGE EHS Le gabarit d&#8217;aff\u00fbtage EHS est le meilleur rapport qualit\u00e9\/prix pour un gabarit \u00e0 usage g\u00e9n\u00e9ral. Suitable for both long track and short track skates. Les faces de serrage finement usin\u00e9es maintiennent les lames courbes et droites avec un haut degr\u00e9 de r\u00e9p\u00e9tabilit\u00e9. Construction solide en m\u00e9tal billett\u00e9 CNC, pinces de charni\u00e8re de [&hellip;]<\/p>\n","protected":false},"featured_media":20227,"comment_status":"open","ping_status":"closed","template":"","meta":{"_acf_changed":false,"_monsterinsights_skip_tracking":false,"_monsterinsights_sitenote_active":false,"_monsterinsights_sitenote_note":"","_monsterinsights_sitenote_category":0,"_uf_show_specific_survey":0,"_uf_disable_surveys":false,"site-sidebar-layout":"default","site-content-layout":"","ast-site-content-layout":"default","site-content-style":"default","site-sidebar-style":"default","ast-global-header-display":"","ast-banner-title-visibility":"","ast-main-header-display":"","ast-hfb-above-header-display":"","ast-hfb-below-header-display":"","ast-hfb-mobile-header-display":"","site-post-title":"","ast-breadcrumbs-content":"","ast-featured-img":"","footer-sml-layout":"","ast-disable-related-posts":"","theme-transparent-header-meta":"default","adv-header-id-meta":"","stick-header-meta":"","header-above-stick-meta":"","header-main-stick-meta":"","header-below-stick-meta":"","astra-migrate-meta-layouts":"set","ast-page-background-enabled":"default","ast-page-background-meta":{"desktop":{"background-color":"","background-image":"","background-repeat":"repeat","background-position":"center center","background-size":"auto","background-attachment":"scroll","background-type":"","background-media":"","overlay-type":"","overlay-color":"","overlay-opacity":"","overlay-gradient":""},"tablet":{"background-color":"","background-image":"","background-repeat":"repeat","background-position":"center center","background-size":"auto","background-attachment":"scroll","background-type":"","background-media":"","overlay-type":"","overlay-color":"","overlay-opacity":"","overlay-gradient":""},"mobile":{"background-color":"","background-image":"","background-repeat":"repeat","background-position":"center center","background-size":"auto","background-attachment":"scroll","background-type":"","background-media":"","overlay-type":"","overlay-color":"","overlay-opacity":"","overlay-gradient":""}},"ast-content-background-meta":{"desktop":{"background-color":"var(--ast-global-color-5)","background-image":"","background-repeat":"repeat","background-position":"center center","background-size":"auto","background-attachment":"scroll","background-type":"","background-media":"","overlay-type":"","overlay-color":"","overlay-opacity":"","overlay-gradient":""},"tablet":{"background-color":"var(--ast-global-color-5)","background-image":"","background-repeat":"repeat","background-position":"center center","background-size":"auto","background-attachment":"scroll","background-type":"","background-media":"","overlay-type":"","overlay-color":"","overlay-opacity":"","overlay-gradient":""},"mobile":{"background-color":"var(--ast-global-color-5)","background-image":"","background-repeat":"repeat","background-position":"center center","background-size":"auto","background-attachment":"scroll","background-type":"","background-media":"","overlay-type":"","overlay-color":"","overlay-opacity":"","overlay-gradient":""}}},"product_brand":[3296],"product_cat":[3389,3392,3393,3395,3514,3772,3390,3467,3397],"product_tag":[3611,3602,1752],"class_list":{"0":"post-20225","1":"product","2":"type-product","3":"status-publish","4":"has-post-thumbnail","6":"product_brand-ehs-2","7":"product_cat-accessoires-longue-piste","8":"product_cat-accessoires-short-track","9":"product_cat-aiguisage","10":"product_cat-courte-piste","11":"product_cat-entretien-des-lames","12":"product_cat-gabarits-daffutage","13":"product_cat-longue-piste","14":"product_cat-patinage-de-vitesse","15":"product_cat-support","16":"product_tag-gabarit-daffutage","17":"product_tag-lame-matinence","18":"product_tag-speed-skating-equipment","19":"desktop-align-left","20":"tablet-align-left","21":"mobile-align-left","23":"first","24":"instock","25":"sale","26":"featured","27":"taxable","28":"shipping-taxable","29":"purchasable","30":"product-type-simple"},"acf":[],"_links":{"self":[{"href":"https:\/\/ztsports.com\/fr\/wp-json\/wp\/v2\/product\/20225","targetHints":{"allow":["GET"]}}],"collection":[{"href":"https:\/\/ztsports.com\/fr\/wp-json\/wp\/v2\/product"}],"about":[{"href":"https:\/\/ztsports.com\/fr\/wp-json\/wp\/v2\/types\/product"}],"replies":[{"embeddable":true,"href":"https:\/\/ztsports.com\/fr\/wp-json\/wp\/v2\/comments?post=20225"}],"version-history":[{"count":1,"href":"https:\/\/ztsports.com\/fr\/wp-json\/wp\/v2\/product\/20225\/revisions"}],"predecessor-version":[{"id":20226,"href":"https:\/\/ztsports.com\/fr\/wp-json\/wp\/v2\/product\/20225\/revisions\/20226"}],"wp:featuredmedia":[{"embeddable":true,"href":"https:\/\/ztsports.com\/fr\/wp-json\/wp\/v2\/media\/20227"}],"wp:attachment":[{"href":"https:\/\/ztsports.com\/fr\/wp-json\/wp\/v2\/media?parent=20225"}],"wp:term":[{"taxonomy":"product_brand","embeddable":true,"href":"https:\/\/ztsports.com\/fr\/wp-json\/wp\/v2\/product_brand?post=20225"},{"taxonomy":"product_cat","embeddable":true,"href":"https:\/\/ztsports.com\/fr\/wp-json\/wp\/v2\/product_cat?post=20225"},{"taxonomy":"product_tag","embeddable":true,"href":"https:\/\/ztsports.com\/fr\/wp-json\/wp\/v2\/product_tag?post=20225"}],"curies":[{"name":"wp","href":"https:\/\/api.w.org\/{rel}","templated":true}]}}