{"id":20220,"date":"2023-09-29T18:20:05","date_gmt":"2023-09-29T18:20:05","guid":{"rendered":"https:\/\/ztsports.com\/?post_type=product&#038;p=20220"},"modified":"2026-02-02T18:39:41","modified_gmt":"2026-02-02T18:39:41","slug":"bont-patriot-carbon-evo-kryptonllage","status":"publish","type":"product","link":"https:\/\/ztsports.com\/fr\/store\/bont-patriot-carbon-evo-kryptonllage\/","title":{"rendered":"BONT Patriot Carbon\/EVO Krypton 12c27 package Super Sale"},"content":{"rendered":"<h2 class=\"product_title entry-title\">BONT Patriot Carbon EVO Krypton 12c27 package Super Sale<\/h2>\n<p>Cet ensemble Bont Patriot Carbon EVO Krypton 12c27 permet aux patineurs sur piste courte de se sentir indestructibles. C&#8217;est une attitude qui leur permet de repousser toutes les limites. Voici la botte en carbone Patriot pour les pistes courtes. Regardez de pr\u00e8s. \u00c9coutez. En outre, il n&#8217;est pas difficile de retrouver notre riche tradition de lignes \u00e9pur\u00e9es et d&#8217;attitude franche dans notre dernier mod\u00e8le de piste courte. Nous sommes une marque qui continue \u00e0 refuser les id\u00e9es re\u00e7ues tout en poussant nos propres mod\u00e8les classiques au moins un peu plus loin \u00e0 chaque fois. La Patriot est une chaussure qui devrait co\u00fbter plus de 1000 dollars, avec des fibres de carbone pos\u00e9es \u00e0 la main et le syst\u00e8me unique d&#8217;enveloppement par pression de Bonts qui \u00e9limine plus d&#8217;exc\u00e8s de r\u00e9sine que n&#8217;importe quelle autre technique de pose de carbone.<\/p>\n<div>\n<p><b>Caract\u00e9ristiques de l&#8217;ensemble Patriot Carbon Pink Krypton<\/b><\/p>\n<div>\n<ul>\n<li><strong>Base :<\/strong> Base en composite de carbone pos\u00e9e \u00e0 la main<\/li>\n<li><strong>Rev\u00eatement ext\u00e9rieur :<\/strong> Microfibre \/ microfibre mate<\/li>\n<li><strong>Doublure :<\/strong> Microfibre<\/li>\n<li><strong>Innersole:<\/strong> Leather<\/li>\n<li><strong>Heat moldable:<\/strong> Fully heat moldable base utilizing epoxy thermoset resin<\/li>\n<li><strong>Padding:<\/strong> High density memory foam<\/li>\n<li><strong>Options de fermeture<\/strong>: Lacets cir\u00e9s, cache-lacets et deux bandes velcro<\/li>\n<li><strong>Monture : <\/strong>165mm<\/li>\n<li>La Patriot est une chaussure qui devrait co\u00fbter plus de 1000 dollars, avec en plus des fibres de carbone pos\u00e9es \u00e0 la main et le syst\u00e8me unique d&#8217;enveloppement par pression de Bonts qui \u00e9limine plus d&#8217;exc\u00e8s de r\u00e9sine que n&#8217;importe quelle autre technique de pose de carbone.<\/li>\n<\/ul>\n<\/div>\n<\/div>\n<p>Patriot Carbon Pink avec lames Krypton<\/p>\n<p>Con\u00e7ue comme une lame agile, r\u00e9active et durable<\/p>\n<p>Un produit de grande valeur offrant une excellente qualit\u00e9 \u00e0 un prix plus abordable<\/p>\n<p>Technologie du tube Krypton int\u00e9gr\u00e9e au mod\u00e8le 12C27<\/p>\n<p>The 12C27 is durable steel, which maintains excellent edge quality and sharpness.<\/p>\n<p>Le 12C27 est fabriqu\u00e9 selon les m\u00eames sp\u00e9cifications et tol\u00e9rances que nos patins PM et bi-m\u00e9tal.<\/p>\n<p>Designed in Canada and engineered in Holland<\/p>\n<p>Aluminium et acier 12C27 de premi\u00e8re qualit\u00e9 d&#8217;origine n\u00e9erlandaise<\/p>\n<p>Pr\u00e9-coude<\/p>\n<p>Le syst\u00e8me de coupelles innovant d&#8217;Evo offre une interface de montage solide avec une mise en place et un r\u00e9glage simples et efficaces.<\/p>\n<p>Des coupelles plus hautes de + 5 mm sont \u00e9galement disponibles sur demande sp\u00e9ciale.<\/p>\n<p><strong>Consultez tous nos <a href=\"https:\/\/ztsports.com\/categorie-produit\/courte-piste\/packages\/?lang=fr\">forfaits<\/a> ici.<\/strong><\/p>\n<h5 class=\"tw-data-text tw-text-large tw-ta\" dir=\"ltr\" data-placeholder=\"Translation\">Maintenant une vid\u00e9o sur <a href=\"https:\/\/www.youtube.com\/watch?v=2AfKfzVSCWk\" target=\"_blank\" rel=\"noopener\"><strong>Le moulage \u00e0 chaud des bottes Bont.<\/strong><\/a><\/h5>\n<p><a href=\"https:\/\/ztsports.com\/brand\/bont\/\"><strong>Voir tous les produits Bont ici.<\/strong><\/a><\/p>\n<h4>N&#8217;oubliez pas d&#8217;ajouter la <strong><a href=\"https:\/\/ztsports.com\/produit\/preparation-des-lames-pour-la-piste-courte\/?lang=fr\">Pr\u00e9paration de la lame.<\/a><\/strong><\/h4>\n","protected":false},"excerpt":{"rendered":"<p>BONT Patriot Carbon EVO Krypton 12c27 package Super Sale Cet ensemble Bont Patriot Carbon EVO Krypton 12c27 permet aux patineurs sur piste courte de se sentir indestructibles. C&#8217;est une attitude qui leur permet de repousser toutes les limites. Voici la botte en carbone Patriot pour les pistes courtes. Regardez de pr\u00e8s. \u00c9coutez. En outre, il [&hellip;]<\/p>\n","protected":false},"featured_media":20222,"comment_status":"open","ping_status":"closed","template":"","meta":{"_acf_changed":false,"_monsterinsights_skip_tracking":false,"_monsterinsights_sitenote_active":false,"_monsterinsights_sitenote_note":"","_monsterinsights_sitenote_category":0,"_uf_show_specific_survey":0,"_uf_disable_surveys":false,"site-sidebar-layout":"default","site-content-layout":"","ast-site-content-layout":"default","site-content-style":"default","site-sidebar-style":"default","ast-global-header-display":"","ast-banner-title-visibility":"","ast-main-header-display":"","ast-hfb-above-header-display":"","ast-hfb-below-header-display":"","ast-hfb-mobile-header-display":"","site-post-title":"","ast-breadcrumbs-content":"","ast-featured-img":"","footer-sml-layout":"","ast-disable-related-posts":"","theme-transparent-header-meta":"default","adv-header-id-meta":"","stick-header-meta":"","header-above-stick-meta":"","header-main-stick-meta":"","header-below-stick-meta":"","astra-migrate-meta-layouts":"set","ast-page-background-enabled":"default","ast-page-background-meta":{"desktop":{"background-color":"","background-image":"","background-repeat":"repeat","background-position":"center center","background-size":"auto","background-attachment":"scroll","background-type":"","background-media":"","overlay-type":"","overlay-color":"","overlay-opacity":"","overlay-gradient":""},"tablet":{"background-color":"","background-image":"","background-repeat":"repeat","background-position":"center center","background-size":"auto","background-attachment":"scroll","background-type":"","background-media":"","overlay-type":"","overlay-color":"","overlay-opacity":"","overlay-gradient":""},"mobile":{"background-color":"","background-image":"","background-repeat":"repeat","background-position":"center center","background-size":"auto","background-attachment":"scroll","background-type":"","background-media":"","overlay-type":"","overlay-color":"","overlay-opacity":"","overlay-gradient":""}},"ast-content-background-meta":{"desktop":{"background-color":"var(--ast-global-color-5)","background-image":"","background-repeat":"repeat","background-position":"center center","background-size":"auto","background-attachment":"scroll","background-type":"","background-media":"","overlay-type":"","overlay-color":"","overlay-opacity":"","overlay-gradient":""},"tablet":{"background-color":"var(--ast-global-color-5)","background-image":"","background-repeat":"repeat","background-position":"center center","background-size":"auto","background-attachment":"scroll","background-type":"","background-media":"","overlay-type":"","overlay-color":"","overlay-opacity":"","overlay-gradient":""},"mobile":{"background-color":"var(--ast-global-color-5)","background-image":"","background-repeat":"repeat","background-position":"center center","background-size":"auto","background-attachment":"scroll","background-type":"","background-media":"","overlay-type":"","overlay-color":"","overlay-opacity":"","overlay-gradient":""}}},"product_brand":[3285,3297,3342],"product_cat":[3395,3624,3627,3467,3625,3626],"product_tag":[1879,2292,2897,1882,4203,3634],"class_list":{"0":"post-20220","1":"product","2":"type-product","3":"status-publish","4":"has-post-thumbnail","6":"product_brand-bont","7":"product_brand-evo","8":"product_brand-spring-cleaning","9":"product_cat-courte-piste","10":"product_cat-forfait-courte-piste","11":"product_cat-packages","12":"product_cat-patinage-de-vitesse","13":"product_cat-patins-de-vitesse","14":"product_cat-super-vente","15":"product_tag-12c27","16":"product_tag-bont-patriot-carbon","17":"product_tag-bont-patriot-carbon-evo-krypton-12c27-package","18":"product_tag-evo-krypton","19":"product_tag-paquet-de-carbone-krypton-krypton","20":"product_tag-patins-de-vitesse-sur-piste-courte","21":"desktop-align-left","22":"tablet-align-left","23":"mobile-align-left","25":"first","26":"instock","27":"sale","28":"taxable","29":"shipping-taxable","30":"purchasable","31":"product-type-simple"},"acf":[],"_links":{"self":[{"href":"https:\/\/ztsports.com\/fr\/wp-json\/wp\/v2\/product\/20220","targetHints":{"allow":["GET"]}}],"collection":[{"href":"https:\/\/ztsports.com\/fr\/wp-json\/wp\/v2\/product"}],"about":[{"href":"https:\/\/ztsports.com\/fr\/wp-json\/wp\/v2\/types\/product"}],"replies":[{"embeddable":true,"href":"https:\/\/ztsports.com\/fr\/wp-json\/wp\/v2\/comments?post=20220"}],"version-history":[{"count":1,"href":"https:\/\/ztsports.com\/fr\/wp-json\/wp\/v2\/product\/20220\/revisions"}],"predecessor-version":[{"id":20221,"href":"https:\/\/ztsports.com\/fr\/wp-json\/wp\/v2\/product\/20220\/revisions\/20221"}],"wp:featuredmedia":[{"embeddable":true,"href":"https:\/\/ztsports.com\/fr\/wp-json\/wp\/v2\/media\/20222"}],"wp:attachment":[{"href":"https:\/\/ztsports.com\/fr\/wp-json\/wp\/v2\/media?parent=20220"}],"wp:term":[{"taxonomy":"product_brand","embeddable":true,"href":"https:\/\/ztsports.com\/fr\/wp-json\/wp\/v2\/product_brand?post=20220"},{"taxonomy":"product_cat","embeddable":true,"href":"https:\/\/ztsports.com\/fr\/wp-json\/wp\/v2\/product_cat?post=20220"},{"taxonomy":"product_tag","embeddable":true,"href":"https:\/\/ztsports.com\/fr\/wp-json\/wp\/v2\/product_tag?post=20220"}],"curies":[{"name":"wp","href":"https:\/\/api.w.org\/{rel}","templated":true}]}}