{"id":20198,"date":"2023-09-04T15:38:06","date_gmt":"2023-09-04T15:38:06","guid":{"rendered":"https:\/\/ztsports.com\/?post_type=product&#038;p=20198"},"modified":"2026-02-02T18:43:20","modified_gmt":"2026-02-02T18:43:20","slug":"patriot-carbon-boa-ultrasprint","status":"publish","type":"product","link":"https:\/\/ztsports.com\/fr\/store\/patriot-carbon-boa-ultrasprint\/","title":{"rendered":"Patriot Carbon BOA Ultrasprint Package"},"content":{"rendered":"<h1>Patriot Carbon BOA Ultrasprint Package<\/h1>\n<p>Le Patriot Carbon BOA Ultrasprint Package, plus rigide que le Patriot, le Patriot Carbon Boa offre plus de soutien aux patineurs qui cherchent \u00e0 atteindre des vitesses plus \u00e9lev\u00e9es. Ajoutez un cadran Boa pour r\u00e9gler avec pr\u00e9cision le serrage de votre chaussure entre les s\u00e9ries.<\/p>\n<p>Carbon boa white Ultrasprint <strong>Une extension naturelle de votre corps<\/strong> Plus rigide que la Patriot, la Patriot Carbon Boa offre plus de soutien aux patineurs qui cherchent \u00e0 atteindre des vitesses plus \u00e9lev\u00e9es. Ajoutez un cadran Boa pour ajuster le serrage de votre chaussure entre les s\u00e9ries.<\/p>\n<h4>Patriot Carbon BOA Ultrasprint Package<\/h4>\n<p><b>Caract\u00e9ristiques des bottes :<\/b><\/p>\n<ul>\n<li>Base en composite de carbone pos\u00e9e \u00e0 la main<\/li>\n<li>R\u00e9sine \u00e9poxy<\/li>\n<li>Languette Orifices d&#8217;a\u00e9ration<\/li>\n<li>Doublure en microfibre<\/li>\n<li>Un cadran Boa + une couverture en dentelle + une sangle velcro sup\u00e9rieure<\/li>\n<li>Construction monocoque faite \u00e0 la main<\/li>\n<li>Languette thermoformable<\/li>\n<li>Lacets cir\u00e9s<\/li>\n<\/ul>\n<div>\n<p><strong>Patriot Carbon BOA Ultrasprint Package<\/strong> <b>Caract\u00e9ristiques<\/b><\/p>\n<div>\n<div>\n<ul>\n<li><strong>Base :<\/strong> Base en composite de carbone pos\u00e9e \u00e0 la main<\/li>\n<li><strong>Rev\u00eatement ext\u00e9rieur :<\/strong> Microfibre \/ microfibre mate<\/li>\n<li><strong>Doublure :<\/strong> Microfibre<\/li>\n<li><strong>Innersole:<\/strong> Leather<\/li>\n<li><strong>Heat moldable:<\/strong> Fully heat moldable base utilizing epoxy thermoset resin<\/li>\n<li><strong>Padding:<\/strong> High density memory foam<\/li>\n<li><strong>Options de fermeture<\/strong>: Cadran BOA, cache-lacet et deux sangles velcro<\/li>\n<li><strong>Options d&#8217;ajustement :<\/strong> Standard, \u00e9troite et large<\/li>\n<li><strong>Monture : <\/strong>165mm<\/li>\n<\/ul>\n<\/div>\n<\/div>\n<\/div>\n<p>Fit Options Standard, Narrow (+$50), Wide (+$50) <strong>Carbon boa white Ultrasprint<\/strong> La lame Ultrasprint cherche \u00e0 prendre la concurrence et \u00e0 la surpasser dans tous les domaines. Cela comprend l&#8217;utilisation d&#8217;un acier de meilleure qualit\u00e9, un polissage brillant, une courbure parfaite, une meilleure r\u00e9tention de la courbure et des graphiques impressionnants pour compl\u00e9ter le look. Le tout \u00e0 un prix incroyable. <strong>Sp\u00e9cifications<\/strong><\/p>\n<ul>\n<li><strong><em>Mat\u00e9riau du tube : 6061 T6<\/em><\/strong><\/li>\n<li>Mat\u00e9riau de la coupelle : Aluminium 7075 T6<\/li>\n<li>Rayon : 8m<\/li>\n<li>Longueur : 12\u2033, 13\u2033, 14\u2033, 14.5\u2033, 15\u2033, 15.5\u2033, 16\u2033, 16.5\u2033, 17\u2033.<\/li>\n<li>\u00c9paisseur de la lame : 1,1 mm<\/li>\n<li>Hardness: 58 Rockwell<\/li>\n<li>Cintrage : Cintrage \u00e0 la machine<\/li>\n<\/ul>\n<p><strong>L&#8217;avantage Boa<\/strong><\/p>\n<ul>\n<li>Ajustement semblable \u00e0 un gant<\/li>\n<li>Le syst\u00e8me de fermeture Boa offre un confort personnalis\u00e9 avec une fermeture r\u00e9guli\u00e8re et sans points de pression.<\/li>\n<li>\u00c0 la vol\u00e9e<\/li>\n<li>Ajustement facile d&#8217;une seule main par un tour rapide de la molette Boa. Plus besoin de s&#8217;agenouiller sur de la glace mouill\u00e9e.<\/li>\n<li>Une fermeture efficace<\/li>\n<li>Une fois verrouill\u00e9s, les moulinets et lacets Boa restent en place. Les lacets de patins normaux s&#8217;\u00e9tirent de 7 \u00e0 10 %, c&#8217;est pourquoi vous devez resserrer vos lacets.<\/li>\n<li>Durable<\/li>\n<li>Fabriqu\u00e9s en acier inoxydable de qualit\u00e9 a\u00e9ronautique, les lacets Boa sont plus r\u00e9sistants au gramme qu&#8217;un blindage de char d&#8217;assaut.<\/li>\n<li>Micro-ajustement<\/li>\n<li>Les moulinets Boa offrent des possibilit\u00e9s de r\u00e9glage infinies.<\/li>\n<li>Lightweight<\/li>\n<li>Les fermetures Boa \u00e9vacuent l&#8217;eau et la glace, ce qui permet de gagner un poids pr\u00e9cieux.<\/li>\n<li>Rapide<\/li>\n<li>Rapidement. Rapidement. Le boa permet de gagner du temps lors de l&#8217;enfilage des patins.<\/li>\n<\/ul>\n<p><strong><em>LA LONGUEUR DE LA LAME PEUT \u00caTRE CHANG\u00c9E, VEUILLEZ SP\u00c9CIFIER LE CHANGEMENT DANS LA BO\u00ceTE DE COMMENTAIRES LORSQUE VOUS PASSEZ VOTRE COMMANDE<\/em><\/strong> N&#8217;OUBLIEZ PAS de faire ROCKERED\/BEND :<\/p>\n<p>Si vous avez besoin de r\u00e9parer votre Boa, <a href=\"https:\/\/www.boafit.com\/repair\" target=\"_blank\" rel=\"noopener\">veuillez consulter cette page<\/a>:<\/p>\n<p>Carbon boa white Ultrasprint<\/p>\n<p><strong>Consultez tous nos <a href=\"https:\/\/ztsports.com\/product-category\/short-track\/packages\/\">forfaits<\/a> ici.<\/strong><\/p>\n<p><a href=\"https:\/\/ztsports.com\/brand\/bont\/\"><strong>D\u00e9couvrez tous les produits Bont ici.<\/strong><\/a><\/p>\n","protected":false},"excerpt":{"rendered":"<p>Patriot Carbon BOA Ultrasprint Package Le Patriot Carbon BOA Ultrasprint Package, plus rigide que le Patriot, le Patriot Carbon Boa offre plus de soutien aux patineurs qui cherchent \u00e0 atteindre des vitesses plus \u00e9lev\u00e9es. Ajoutez un cadran Boa pour r\u00e9gler avec pr\u00e9cision le serrage de votre chaussure entre les s\u00e9ries. Carbon boa white Ultrasprint Une [&hellip;]<\/p>\n","protected":false},"featured_media":20200,"comment_status":"open","ping_status":"closed","template":"","meta":{"_acf_changed":false,"_monsterinsights_skip_tracking":false,"_monsterinsights_sitenote_active":false,"_monsterinsights_sitenote_note":"","_monsterinsights_sitenote_category":0,"_uf_show_specific_survey":0,"_uf_disable_surveys":false,"site-sidebar-layout":"default","site-content-layout":"","ast-site-content-layout":"default","site-content-style":"default","site-sidebar-style":"default","ast-global-header-display":"","ast-banner-title-visibility":"","ast-main-header-display":"","ast-hfb-above-header-display":"","ast-hfb-below-header-display":"","ast-hfb-mobile-header-display":"","site-post-title":"","ast-breadcrumbs-content":"","ast-featured-img":"","footer-sml-layout":"","ast-disable-related-posts":"","theme-transparent-header-meta":"default","adv-header-id-meta":"","stick-header-meta":"","header-above-stick-meta":"","header-main-stick-meta":"","header-below-stick-meta":"","astra-migrate-meta-layouts":"set","ast-page-background-enabled":"default","ast-page-background-meta":{"desktop":{"background-color":"","background-image":"","background-repeat":"repeat","background-position":"center center","background-size":"auto","background-attachment":"scroll","background-type":"","background-media":"","overlay-type":"","overlay-color":"","overlay-opacity":"","overlay-gradient":""},"tablet":{"background-color":"","background-image":"","background-repeat":"repeat","background-position":"center center","background-size":"auto","background-attachment":"scroll","background-type":"","background-media":"","overlay-type":"","overlay-color":"","overlay-opacity":"","overlay-gradient":""},"mobile":{"background-color":"","background-image":"","background-repeat":"repeat","background-position":"center center","background-size":"auto","background-attachment":"scroll","background-type":"","background-media":"","overlay-type":"","overlay-color":"","overlay-opacity":"","overlay-gradient":""}},"ast-content-background-meta":{"desktop":{"background-color":"var(--ast-global-color-5)","background-image":"","background-repeat":"repeat","background-position":"center center","background-size":"auto","background-attachment":"scroll","background-type":"","background-media":"","overlay-type":"","overlay-color":"","overlay-opacity":"","overlay-gradient":""},"tablet":{"background-color":"var(--ast-global-color-5)","background-image":"","background-repeat":"repeat","background-position":"center center","background-size":"auto","background-attachment":"scroll","background-type":"","background-media":"","overlay-type":"","overlay-color":"","overlay-opacity":"","overlay-gradient":""},"mobile":{"background-color":"var(--ast-global-color-5)","background-image":"","background-repeat":"repeat","background-position":"center center","background-size":"auto","background-attachment":"scroll","background-type":"","background-media":"","overlay-type":"","overlay-color":"","overlay-opacity":"","overlay-gradient":""}}},"product_brand":[3285],"product_cat":[3624,3467,3625],"product_tag":[3630,4087,2892],"class_list":{"0":"post-20198","1":"product","2":"type-product","3":"status-publish","4":"has-post-thumbnail","6":"product_brand-bont","7":"product_cat-forfait-courte-piste","8":"product_cat-patinage-de-vitesse","9":"product_cat-patins-de-vitesse","10":"product_tag-forfait-courte-piste","11":"product_tag-paquet-ultrasprint","12":"product_tag-patriot-carbon-boa","13":"desktop-align-left","14":"tablet-align-left","15":"mobile-align-left","17":"first","18":"instock","19":"taxable","20":"shipping-taxable","21":"purchasable","22":"product-type-simple"},"acf":[],"_links":{"self":[{"href":"https:\/\/ztsports.com\/fr\/wp-json\/wp\/v2\/product\/20198","targetHints":{"allow":["GET"]}}],"collection":[{"href":"https:\/\/ztsports.com\/fr\/wp-json\/wp\/v2\/product"}],"about":[{"href":"https:\/\/ztsports.com\/fr\/wp-json\/wp\/v2\/types\/product"}],"replies":[{"embeddable":true,"href":"https:\/\/ztsports.com\/fr\/wp-json\/wp\/v2\/comments?post=20198"}],"version-history":[{"count":1,"href":"https:\/\/ztsports.com\/fr\/wp-json\/wp\/v2\/product\/20198\/revisions"}],"predecessor-version":[{"id":20199,"href":"https:\/\/ztsports.com\/fr\/wp-json\/wp\/v2\/product\/20198\/revisions\/20199"}],"wp:featuredmedia":[{"embeddable":true,"href":"https:\/\/ztsports.com\/fr\/wp-json\/wp\/v2\/media\/20200"}],"wp:attachment":[{"href":"https:\/\/ztsports.com\/fr\/wp-json\/wp\/v2\/media?parent=20198"}],"wp:term":[{"taxonomy":"product_brand","embeddable":true,"href":"https:\/\/ztsports.com\/fr\/wp-json\/wp\/v2\/product_brand?post=20198"},{"taxonomy":"product_cat","embeddable":true,"href":"https:\/\/ztsports.com\/fr\/wp-json\/wp\/v2\/product_cat?post=20198"},{"taxonomy":"product_tag","embeddable":true,"href":"https:\/\/ztsports.com\/fr\/wp-json\/wp\/v2\/product_tag?post=20198"}],"curies":[{"name":"wp","href":"https:\/\/api.w.org\/{rel}","templated":true}]}}