{"id":20186,"date":"2023-08-31T17:01:40","date_gmt":"2023-08-31T17:01:40","guid":{"rendered":"https:\/\/ztsports.com\/?post_type=product&#038;p=20186"},"modified":"2026-02-02T18:43:49","modified_gmt":"2026-02-02T18:43:49","slug":"bnt-boa-platinum-emballage-par-bont","status":"publish","type":"product","link":"https:\/\/ztsports.com\/fr\/store\/bnt-boa-platinum-emballage-par-bont\/","title":{"rendered":"BNT BOA Platinum Package By Bont"},"content":{"rendered":"<h1>BNT BOA Platinum Package By Bont<\/h1>\n<p>L&#8217;ensemble BNT BOA Platinum. La botte de short track BNT est un cran au-dessus de la Z. Contrairement \u00e0 la Z qui est construite avec du carbone et de la fibre de verre, la BNT est fabriqu\u00e9e avec 100% de carbone, ce qui la rend plus rigide que la Z.<\/p>\n<p>La peau ext\u00e9rieure est \u00e9galement faite d&#8217;un mat\u00e9riau de meilleure qualit\u00e9 que la Z. Le rembourrage en mousse est plus fin et plus dur que la Z et il n&#8217;y a pas de thermoplastique dans la botte, ce qui la rend un peu moins thermoformable mais plus l\u00e9g\u00e8re. La botte est encore thermoformable \u00e0 partir de la r\u00e9sine.<\/p>\n<h4>BNT BOA Platine<\/h4>\n<p>L&#8217;ensemble BNT Boa Platinum a \u00e9tabli une nouvelle r\u00e9f\u00e9rence dans le monde du patinage en ligne et nous esp\u00e9rons qu&#8217;il en sera de m\u00eame pour le short track. Les meilleurs patineurs en ligne ont d\u00e9clar\u00e9 qu&#8217;il s&#8217;agissait de la chaussure la mieux ajust\u00e9e qu&#8217;ils aient jamais port\u00e9e.<\/p>\n<p>Nous avons \u00e9galement une \u00e9dition BOA qui ajoute un cadran BOA pour obtenir vos patins rapidement. La BNT est l&#8217;une des bottes les plus l\u00e9g\u00e8res que nous ayons jamais fabriqu\u00e9es, si l\u00e9g\u00e8re que vous ne vous en rendrez presque pas compte.<\/p>\n<ul>\n<li><strong>Features<\/strong>\n<ul>\n<li><strong>Base :<\/strong> 100 % carbone avec finition mate<\/li>\n<li><strong>Rev\u00eatement ext\u00e9rieur :<\/strong> Durolite<\/li>\n<li><strong>Doublure :<\/strong> Daim-L<\/li>\n<li><strong>Semelle int\u00e9rieure :<\/strong> EVA thermo-moulable<\/li>\n<li><strong>Heat moldable:<\/strong> Fully heat moldable base utilizing epoxy thermoset resin<\/li>\n<li><strong>Rembourrage :<\/strong> N\u00e9opr\u00e8ne 2mm<\/li>\n<li><strong>Options d&#8217;ajustement :<\/strong> Standard, \u00e9troit (+50$), large (+50$), double large (+50$) (les options \u00e9troit, large ou double large peuvent prendre jusqu&#8217;\u00e0 4-6 semaines pour \u00eatre livr\u00e9es).<\/li>\n<li><strong>Protection :<\/strong> aucune<\/li>\n<li><strong>V\u00e9g\u00e9talien : Oui<\/strong><\/li>\n<\/ul>\n<\/li>\n<\/ul>\n<p>Bont est l&#8217;une des seules marques \u00e0 avoir la licence officielle pour utiliser les cadrans Boa authentiques fabriqu\u00e9s aux Etats-Unis.<\/p>\n<p>Le cadran Boa remplace les lacets traditionnels, les cliquets, les bandes Velcro ou tout autre m\u00e9canisme de fermeture. Il utilise un lacet en acier, des guides en nylon et un enrouleur m\u00e9canique pour maintenir la chaussure bien en place.<\/p>\n<p>Les cadrans Boa vous permettent de serrer et de desserrer facilement vos patins en tournant le cadran.<\/p>\n<p>Si vous devez r\u00e9parer votre cadran Boa, <a href=\"https:\/\/www.boafit.com\/repair\" target=\"_blank\" rel=\"noopener\">veuillez consulter cette page<\/a>:<\/p>\n<p>La lame l\u00e9gendaire du Bont Platinum est fabriqu\u00e9e avec de l&#8217;acier \u00e0 outils B\u00f6hler K390 \u00e0 base de poudre m\u00e9tallique, qui est aff\u00fbt\u00e9 lentement pour produire une pi\u00e8ce d&#8217;acier parfaitement droite.<\/p>\n<p>La structure de la poudre m\u00e9tallique est tr\u00e8s fine, ce qui lui conf\u00e8re des propri\u00e9t\u00e9s de glissement exceptionnelles. Capable de conserver son tranchant jusqu&#8217;\u00e0 8 fois plus longtemps que les lames en acier normales.<\/p>\n<ul>\n<li><strong>Sp\u00e9cifications Mat\u00e9riau de la coupelle :<\/strong> Aluminium 7075 T6<\/li>\n<li><strong>Rayon :<\/strong> 9m<\/li>\n<li><strong>Longueur :<\/strong> 15.5\u2033,16\u2033,16.5\u2033,17\u2033, 17.5\u2033, 18\u2033.<\/li>\n<li><strong>\u00c9paisseur de la lame :<\/strong> 1,1 mm<\/li>\n<li><strong>Duret\u00e9 :<\/strong> 64 Rockwell<\/li>\n<li><strong>Cintrage :<\/strong> Cintrage \u00e0 la machine<\/li>\n<li><strong>Hauteur de la coupe :<\/strong> 25 mm pour 15,5\u2033, 28 mm (+3 mm) pour 16,0\u2033 et 30 mm (+5 mm) pour 16,5\u2033.<\/li>\n<\/ul>\n<p>The Bont Platinum K390 is regarded by many short track skaters as the best short track blade ever made.<\/p>\n<h5 class=\"tw-data-text tw-text-large tw-ta\" dir=\"ltr\" data-placeholder=\"Translation\">Maintenant une vid\u00e9o sur <a href=\"https:\/\/www.youtube.com\/watch?v=2AfKfzVSCWk\" target=\"_blank\" rel=\"noopener\"><strong>Le moulage \u00e0 chaud de vos bottes Bont. <\/strong><\/a> <\/h5>\n<p>Enfin, voyez tous nos <a href=\"https:\/\/ztsports.com\/categorie-produit\/courte-piste\/packages\/?lang=fr\">Cliquez ici pour obtenir des forfaits de courte dur\u00e9e.<\/a><\/p>\n","protected":false},"excerpt":{"rendered":"<p>BNT BOA Platinum Package By Bont L&#8217;ensemble BNT BOA Platinum. La botte de short track BNT est un cran au-dessus de la Z. Contrairement \u00e0 la Z qui est construite avec du carbone et de la fibre de verre, la BNT est fabriqu\u00e9e avec 100% de carbone, ce qui la rend plus rigide que la [&hellip;]<\/p>\n","protected":false},"featured_media":20188,"comment_status":"open","ping_status":"closed","template":"","meta":{"_acf_changed":false,"_monsterinsights_skip_tracking":false,"_monsterinsights_sitenote_active":false,"_monsterinsights_sitenote_note":"","_monsterinsights_sitenote_category":0,"_uf_show_specific_survey":0,"_uf_disable_surveys":false,"site-sidebar-layout":"default","site-content-layout":"","ast-site-content-layout":"default","site-content-style":"default","site-sidebar-style":"default","ast-global-header-display":"","ast-banner-title-visibility":"","ast-main-header-display":"","ast-hfb-above-header-display":"","ast-hfb-below-header-display":"","ast-hfb-mobile-header-display":"","site-post-title":"","ast-breadcrumbs-content":"","ast-featured-img":"","footer-sml-layout":"","ast-disable-related-posts":"","theme-transparent-header-meta":"default","adv-header-id-meta":"","stick-header-meta":"","header-above-stick-meta":"","header-main-stick-meta":"","header-below-stick-meta":"","astra-migrate-meta-layouts":"set","ast-page-background-enabled":"default","ast-page-background-meta":{"desktop":{"background-color":"","background-image":"","background-repeat":"repeat","background-position":"center center","background-size":"auto","background-attachment":"scroll","background-type":"","background-media":"","overlay-type":"","overlay-color":"","overlay-opacity":"","overlay-gradient":""},"tablet":{"background-color":"","background-image":"","background-repeat":"repeat","background-position":"center center","background-size":"auto","background-attachment":"scroll","background-type":"","background-media":"","overlay-type":"","overlay-color":"","overlay-opacity":"","overlay-gradient":""},"mobile":{"background-color":"","background-image":"","background-repeat":"repeat","background-position":"center center","background-size":"auto","background-attachment":"scroll","background-type":"","background-media":"","overlay-type":"","overlay-color":"","overlay-opacity":"","overlay-gradient":""}},"ast-content-background-meta":{"desktop":{"background-color":"var(--ast-global-color-5)","background-image":"","background-repeat":"repeat","background-position":"center center","background-size":"auto","background-attachment":"scroll","background-type":"","background-media":"","overlay-type":"","overlay-color":"","overlay-opacity":"","overlay-gradient":""},"tablet":{"background-color":"var(--ast-global-color-5)","background-image":"","background-repeat":"repeat","background-position":"center center","background-size":"auto","background-attachment":"scroll","background-type":"","background-media":"","overlay-type":"","overlay-color":"","overlay-opacity":"","overlay-gradient":""},"mobile":{"background-color":"var(--ast-global-color-5)","background-image":"","background-repeat":"repeat","background-position":"center center","background-size":"auto","background-attachment":"scroll","background-type":"","background-media":"","overlay-type":"","overlay-color":"","overlay-opacity":"","overlay-gradient":""}}},"product_brand":[3285],"product_cat":[3395,3624,3627,3467],"product_tag":[2884,2888,2039,2889,3630,3632,4202],"class_list":{"0":"post-20186","1":"product","2":"type-product","3":"status-publish","4":"has-post-thumbnail","6":"product_brand-bont","7":"product_cat-courte-piste","8":"product_cat-forfait-courte-piste","9":"product_cat-packages","10":"product_cat-patinage-de-vitesse","11":"product_tag-bnt","12":"product_tag-bnt-boa-platinum-package","13":"product_tag-boa","14":"product_tag-boa-platinum-package","15":"product_tag-forfait-courte-piste","16":"product_tag-patins-de-vitesse","17":"product_tag-platine","18":"desktop-align-left","19":"tablet-align-left","20":"mobile-align-left","22":"first","23":"instock","24":"taxable","25":"shipping-taxable","26":"purchasable","27":"product-type-simple"},"acf":[],"_links":{"self":[{"href":"https:\/\/ztsports.com\/fr\/wp-json\/wp\/v2\/product\/20186","targetHints":{"allow":["GET"]}}],"collection":[{"href":"https:\/\/ztsports.com\/fr\/wp-json\/wp\/v2\/product"}],"about":[{"href":"https:\/\/ztsports.com\/fr\/wp-json\/wp\/v2\/types\/product"}],"replies":[{"embeddable":true,"href":"https:\/\/ztsports.com\/fr\/wp-json\/wp\/v2\/comments?post=20186"}],"version-history":[{"count":1,"href":"https:\/\/ztsports.com\/fr\/wp-json\/wp\/v2\/product\/20186\/revisions"}],"predecessor-version":[{"id":20187,"href":"https:\/\/ztsports.com\/fr\/wp-json\/wp\/v2\/product\/20186\/revisions\/20187"}],"wp:featuredmedia":[{"embeddable":true,"href":"https:\/\/ztsports.com\/fr\/wp-json\/wp\/v2\/media\/20188"}],"wp:attachment":[{"href":"https:\/\/ztsports.com\/fr\/wp-json\/wp\/v2\/media?parent=20186"}],"wp:term":[{"taxonomy":"product_brand","embeddable":true,"href":"https:\/\/ztsports.com\/fr\/wp-json\/wp\/v2\/product_brand?post=20186"},{"taxonomy":"product_cat","embeddable":true,"href":"https:\/\/ztsports.com\/fr\/wp-json\/wp\/v2\/product_cat?post=20186"},{"taxonomy":"product_tag","embeddable":true,"href":"https:\/\/ztsports.com\/fr\/wp-json\/wp\/v2\/product_tag?post=20186"}],"curies":[{"name":"wp","href":"https:\/\/api.w.org\/{rel}","templated":true}]}}