{"id":20172,"date":"2023-08-26T22:19:35","date_gmt":"2023-08-26T22:19:35","guid":{"rendered":"https:\/\/ztsports.com\/?post_type=product&#038;p=20172"},"modified":"2026-02-02T18:44:14","modified_gmt":"2026-02-02T18:44:14","slug":"etude-de-lame-skate-tec","status":"publish","type":"product","link":"https:\/\/ztsports.com\/fr\/store\/etude-de-lame-skate-tec\/","title":{"rendered":"ETUDE DE LAME SKATE TEC pour la courte et la longue piste"},"content":{"rendered":"<h1 class=\"product-single__title\">\u00c9TUI \u00c0 LAMES SKATE TEC<\/h1>\n<p>Le Skate Tec Blade Case est une bo\u00eete \u00e0 lames souple pour vos lames longue piste ou courte piste.<\/p>\n<p>Prot\u00e9gez vos lames lorsque vous voyagez, id\u00e9al pour transporter vos lames de secours, c&#8217;est un article indispensable pour un patineur d&#8217;\u00e9lite.<\/p>\n<p>\u00c9tui de transport souple pour les lames.<\/p>\n<p>2 lames : Taille maximale : 17&#8243; et moins, sans les coupes<\/p>\n<p>4 lames : Taille maximale : 18&#8243; et moins, sans les coupes<\/p>\n<p>Convient \u00e9galement pour les lames \u00e0 longue voie, sans le &#8220;pont&#8221;.<\/p>\n<p>Pour 1 paire de lames jusqu&#8217;\u00e0 17,00&#8243;.<\/p>\n<div class=\"page\" title=\"Page 14\">\n<div class=\"section\">\n<div class=\"layoutArea\">\n<div class=\"column\">\n<p>\u00c9tui de transport souple pour les lames.<\/p>\n<p>Deux mod\u00e8les disponibles :<\/p>\n<p>2 lames (1 paire) : Taille maximale : 17&#8243; et moins, sans les coupelles<\/p>\n<p>4 lames (2 paires) : Taille maximale : 18&#8243; et moins, sans les coupelles<\/p>\n<p>Convient \u00e9galement pour les lames \u00e0 longue piste, sans le &#8220;pont&#8221;.<\/p>\n<p>Enfin, vous pouvez voir tous les mod\u00e8les de la gamme. <a href=\"https:\/\/ztsports.com\/categorie-produit\/accessories\/protecteurs-de-lames-et-gardes\/?lang=fr\"><br \/>\n  <strong>\u00e9tuis de protection pour lames ici<\/strong><br \/>\n<\/a>.<\/p>\n<\/div>\n<\/div>\n<\/div>\n<\/div>\n","protected":false},"excerpt":{"rendered":"<p>\u00c9TUI \u00c0 LAMES SKATE TEC Le Skate Tec Blade Case est une bo\u00eete \u00e0 lames souple pour vos lames longue piste ou courte piste. Prot\u00e9gez vos lames lorsque vous voyagez, id\u00e9al pour transporter vos lames de secours, c&#8217;est un article indispensable pour un patineur d&#8217;\u00e9lite. \u00c9tui de transport souple pour les lames. 2 lames : [&hellip;]<\/p>\n","protected":false},"featured_media":20174,"comment_status":"open","ping_status":"closed","template":"","meta":{"_acf_changed":false,"_monsterinsights_skip_tracking":false,"_monsterinsights_sitenote_active":false,"_monsterinsights_sitenote_note":"","_monsterinsights_sitenote_category":0,"_uf_show_specific_survey":0,"_uf_disable_surveys":false,"site-sidebar-layout":"default","site-content-layout":"","ast-site-content-layout":"default","site-content-style":"default","site-sidebar-style":"default","ast-global-header-display":"","ast-banner-title-visibility":"","ast-main-header-display":"","ast-hfb-above-header-display":"","ast-hfb-below-header-display":"","ast-hfb-mobile-header-display":"","site-post-title":"","ast-breadcrumbs-content":"","ast-featured-img":"","footer-sml-layout":"","ast-disable-related-posts":"","theme-transparent-header-meta":"default","adv-header-id-meta":"","stick-header-meta":"","header-above-stick-meta":"","header-main-stick-meta":"","header-below-stick-meta":"","astra-migrate-meta-layouts":"set","ast-page-background-enabled":"default","ast-page-background-meta":{"desktop":{"background-color":"","background-image":"","background-repeat":"repeat","background-position":"center center","background-size":"auto","background-attachment":"scroll","background-type":"","background-media":"","overlay-type":"","overlay-color":"","overlay-opacity":"","overlay-gradient":""},"tablet":{"background-color":"","background-image":"","background-repeat":"repeat","background-position":"center center","background-size":"auto","background-attachment":"scroll","background-type":"","background-media":"","overlay-type":"","overlay-color":"","overlay-opacity":"","overlay-gradient":""},"mobile":{"background-color":"","background-image":"","background-repeat":"repeat","background-position":"center center","background-size":"auto","background-attachment":"scroll","background-type":"","background-media":"","overlay-type":"","overlay-color":"","overlay-opacity":"","overlay-gradient":""}},"ast-content-background-meta":{"desktop":{"background-color":"var(--ast-global-color-5)","background-image":"","background-repeat":"repeat","background-position":"center center","background-size":"auto","background-attachment":"scroll","background-type":"","background-media":"","overlay-type":"","overlay-color":"","overlay-opacity":"","overlay-gradient":""},"tablet":{"background-color":"var(--ast-global-color-5)","background-image":"","background-repeat":"repeat","background-position":"center center","background-size":"auto","background-attachment":"scroll","background-type":"","background-media":"","overlay-type":"","overlay-color":"","overlay-opacity":"","overlay-gradient":""},"mobile":{"background-color":"var(--ast-global-color-5)","background-image":"","background-repeat":"repeat","background-position":"center center","background-size":"auto","background-attachment":"scroll","background-type":"","background-media":"","overlay-type":"","overlay-color":"","overlay-opacity":"","overlay-gradient":""}}},"product_brand":[3338],"product_cat":[3389,3392,3455,3395,3390,3876,3501,3502,3877],"product_tag":[3578,2240],"class_list":{"0":"post-20172","1":"product","2":"type-product","3":"status-publish","4":"has-post-thumbnail","6":"product_brand-skate-tec","7":"product_cat-accessoires-longue-piste","8":"product_cat-accessoires-short-track","9":"product_cat-accessories","10":"product_cat-courte-piste","11":"product_cat-longue-piste","12":"product_cat-protecteurs-de-lames-et-gardes","13":"product_cat-protection-de-la-lame","16":"product_tag-etui-a-lames","17":"product_tag-skate-tec","18":"desktop-align-left","19":"tablet-align-left","20":"mobile-align-left","22":"first","23":"instock","24":"taxable","25":"shipping-taxable","26":"purchasable","27":"product-type-simple"},"acf":[],"_links":{"self":[{"href":"https:\/\/ztsports.com\/fr\/wp-json\/wp\/v2\/product\/20172","targetHints":{"allow":["GET"]}}],"collection":[{"href":"https:\/\/ztsports.com\/fr\/wp-json\/wp\/v2\/product"}],"about":[{"href":"https:\/\/ztsports.com\/fr\/wp-json\/wp\/v2\/types\/product"}],"replies":[{"embeddable":true,"href":"https:\/\/ztsports.com\/fr\/wp-json\/wp\/v2\/comments?post=20172"}],"version-history":[{"count":1,"href":"https:\/\/ztsports.com\/fr\/wp-json\/wp\/v2\/product\/20172\/revisions"}],"predecessor-version":[{"id":20173,"href":"https:\/\/ztsports.com\/fr\/wp-json\/wp\/v2\/product\/20172\/revisions\/20173"}],"wp:featuredmedia":[{"embeddable":true,"href":"https:\/\/ztsports.com\/fr\/wp-json\/wp\/v2\/media\/20174"}],"wp:attachment":[{"href":"https:\/\/ztsports.com\/fr\/wp-json\/wp\/v2\/media?parent=20172"}],"wp:term":[{"taxonomy":"product_brand","embeddable":true,"href":"https:\/\/ztsports.com\/fr\/wp-json\/wp\/v2\/product_brand?post=20172"},{"taxonomy":"product_cat","embeddable":true,"href":"https:\/\/ztsports.com\/fr\/wp-json\/wp\/v2\/product_cat?post=20172"},{"taxonomy":"product_tag","embeddable":true,"href":"https:\/\/ztsports.com\/fr\/wp-json\/wp\/v2\/product_tag?post=20172"}],"curies":[{"name":"wp","href":"https:\/\/api.w.org\/{rel}","templated":true}]}}