{"id":20164,"date":"2023-08-10T17:04:22","date_gmt":"2023-08-10T17:04:22","guid":{"rendered":"https:\/\/ztsports.com\/?post_type=product&#038;p=20164"},"modified":"2026-02-02T18:44:33","modified_gmt":"2026-02-02T18:44:33","slug":"cbc-onyx-st-boot-entry-level","status":"publish","type":"product","link":"https:\/\/ztsports.com\/fr\/store\/cbc-onyx-st-boot-entry-level\/","title":{"rendered":"CBC ONYX ST Boot pour les d\u00e9butants et les loisirs"},"content":{"rendered":"<h1 class=\"product-single__title wow fadeInUp\" data-wow-delay=\"0.5s\">CBC ONYX ST Boot Entry-Level<\/h1>\n<p>La botte CBC Onyx ST r\u00e9pond \u00e0 la demande d&#8217;une botte d&#8217;entr\u00e9e de gamme abordable pour le short track, con\u00e7ue sp\u00e9cifiquement pour les march\u00e9s suivants :<\/p>\n<div class=\"page\" title=\"Page 6\">\n<div class=\"section\">\n<div class=\"layoutArea\">\n<ol start=\"0\">\n<li style=\"list-style-type: none;\">\n<ul>\n<li><strong>Des enfants en pleine croissance<\/strong><\/li>\n<li><strong>D\u00e9butants et\/ou patineurs r\u00e9cr\u00e9atifs portant une chaussure de taille 42 ou plus petite.<\/strong><\/li>\n<\/ul>\n<\/li>\n<\/ol>\n<\/div>\n<p class=\"layoutArea\">Si vous d\u00e9butez dans le sport, ou si vous \u00eates parent d&#8217;un enfant en pleine croissance \u00e0 la recherche d&#8217;une chaussure de piste courte qui. a) ne fera pas pleurer votre enfant \u00e0 cause de l&#8217;inconfort, b) ne pas se ruiner et c) aidera votre enfant \u00e0 progresser plus rapidement dans le sport, alors l&#8217;ONYX est fait pour vous.<\/p>\n<p>Remarque : la botte CBC Onyx ST est moins rigide que nos bottes Element et Genesis et n&#8217;offre pas le m\u00eame niveau de soutien que nos mod\u00e8les Element et Genesis \u00e0 impact plus \u00e9lev\u00e9.<\/p>\n<div class=\"layoutArea\">\n<p class=\"column\"><strong>Si vous \u00eates un patineur de comp\u00e9tition et que vous vous entra\u00eenez 3 jours ou plus par semaine, veuillez consulter notre rubrique <\/strong><a href=\"https:\/\/ztsports.com\/product\/cbc-element-st-boot\/\">ELEMENT<\/a><strong> et <\/strong><a href=\"https:\/\/ztsports.com\/product\/cbc-genesis-st-boot\/\">GENESIS<\/a><strong>. Si vous portez des bottes de taille 43 ou plus, veuillez consulter notre rubrique <\/strong><a href=\"https:\/\/ztsports.com\/product\/cbc-element-st-boot\/\">\u00c9L\u00c9MENT<\/a><strong> et <\/strong><a href=\"https:\/\/ztsports.com\/product\/cbc-genesis-st-boot\/\">GENESIS<\/a><strong> et GENIS.<\/strong><\/p>\n<h4>CBC Onyx ST Boot Le nouveau mod\u00e8le de bottes de course de CBC : L&#8217;ONYX.<\/h4>\n<p class=\"column\">CBC propose deux types de Last World&#8217;s Best Fitting : standard et &#8220;large&#8221;. D&#8217;une mani\u00e8re g\u00e9n\u00e9rale, nos bottes haute performance sont plus \u00e9troites que celles des marques concurrentes. Pourquoi ? Parce que des chaussures plus \u00e9troites permettent d&#8217;avoir plus d&#8217;espace dans les virages, c&#8217;est-\u00e0-dire qu&#8217;il y a moins de risque de contact avec la glace. Nous proposons une version &#8220;large&#8221; de notre chaussure pour ceux qui ont besoin d&#8217;espace suppl\u00e9mentaire et\/ou pour ceux qui recherchent plus de confort dans leur chaussure de haute performance. <strong>TOUTES LES BOTTES ONYX SONT CONSTRUITES SUR UNE FORME LARGE ET OFFRENT DONC UN AJUSTEMENT CONFORTABLE.<\/strong><\/p>\n<p class=\"column\">Qu&#8217;est-ce qui diff\u00e9rencie les bottes CBC Onyx ST des bottes \u00e9quivalentes des marques concurrentes ? Son aspect \u00e9l\u00e9gant et accrocheur, tout d&#8217;abord. Mais surtout, comme l&#8217;ELEMENT et le GENESIS, l&#8217;ONYX est fabriqu\u00e9 \u00e0 la main sur le &#8220;CBC&#8217;s World&#8217;s Best Fitting Last&#8221;. Qu&#8217;est-ce que cela signifie ? Les formes exclusives de CBC (la forme utilis\u00e9e pour construire la chaussure) ont \u00e9t\u00e9 cr\u00e9\u00e9es sur la base de donn\u00e9es recueillies pendant plus de 10 ans \u00e0 partir de scans de patins de vitesse personnalis\u00e9s. En plus d&#8217;offrir le meilleur ajustement possible, nos formes tiennent compte de certains des probl\u00e8mes les plus courants des pieds des patineurs de vitesse. Ainsi, les bottes de CBC offrent, de loin (sans jeu de mots), le meilleur ajustement moyen disponible sur le march\u00e9 aujourd&#8217;hui.<\/p>\n<h3><a title=\"Consultez notre tutoriel sur YouTube pour savoir comment d\u00e9terminer votre pointure de bottes CBC !\" href=\"https:\/\/youtu.be\/KuKIfMC9NSY\" target=\"_blank\" rel=\"noopener noreferrer\" aria-describedby=\"a11y-new-window-external-message\">Consultez d&#8217;abord notre tutoriel YouTube sur la fa\u00e7on de d\u00e9terminer votre pointure de bottes CBC ! <\/a><\/h3>\n<p>Lien vers l&#8217;<a href=\"https:\/\/www.carpenterbootcompany.com\/pages\/fit\" target=\"_blank\" rel=\"noopener\">outil de dimensionnement des bottes CBC<\/a>.<\/p>\n<p>Troisi\u00e8mement Pour vous aider \u00e0 mesurer votre pied, tracez une <a href=\"https:\/\/www.printablerulers.net\/preview\/Ruler_30-cm_by_mm\" target=\"_blank\" rel=\"noopener\"><strong>r\u00e8gle imprimable de 30 cm par mm<\/strong><\/a>.<\/p>\n<p>Enfin, voir tous les produits de Carpenter Boot Company <a href=\"https:\/\/ztsports.com\/brand\/cbc\/\"><strong>(CBC) Produits.<\/strong><\/a><\/p>\n<\/div>\n<\/div>\n<\/div>\n","protected":false},"excerpt":{"rendered":"<p>Qu&#8217;est-ce qui diff\u00e9rencie les bottes CBC Onyx ST des bottes \u00e9quivalentes des marques concurrentes ? Son aspect \u00e9l\u00e9gant et accrocheur, tout d&#8217;abord. Mais surtout, comme le ELEMENT et le GENESIS, l&#8217;ONYX est fabriqu\u00e9 \u00e0 la main sur le &#8220;World&#8217;s Best Fitting Last&#8221; de CBC.<\/p>\n","protected":false},"featured_media":20166,"comment_status":"open","ping_status":"closed","template":"","meta":{"_acf_changed":false,"_monsterinsights_skip_tracking":false,"_monsterinsights_sitenote_active":false,"_monsterinsights_sitenote_note":"","_monsterinsights_sitenote_category":0,"_uf_show_specific_survey":0,"_uf_disable_surveys":false,"site-sidebar-layout":"default","site-content-layout":"","ast-site-content-layout":"default","site-content-style":"default","site-sidebar-style":"default","ast-global-header-display":"","ast-banner-title-visibility":"","ast-main-header-display":"","ast-hfb-above-header-display":"","ast-hfb-below-header-display":"","ast-hfb-mobile-header-display":"","site-post-title":"","ast-breadcrumbs-content":"","ast-featured-img":"","footer-sml-layout":"","ast-disable-related-posts":"","theme-transparent-header-meta":"default","adv-header-id-meta":"","stick-header-meta":"","header-above-stick-meta":"","header-main-stick-meta":"","header-below-stick-meta":"","astra-migrate-meta-layouts":"set","ast-page-background-enabled":"default","ast-page-background-meta":{"desktop":{"background-color":"","background-image":"","background-repeat":"repeat","background-position":"center center","background-size":"auto","background-attachment":"scroll","background-type":"","background-media":"","overlay-type":"","overlay-color":"","overlay-opacity":"","overlay-gradient":""},"tablet":{"background-color":"","background-image":"","background-repeat":"repeat","background-position":"center center","background-size":"auto","background-attachment":"scroll","background-type":"","background-media":"","overlay-type":"","overlay-color":"","overlay-opacity":"","overlay-gradient":""},"mobile":{"background-color":"","background-image":"","background-repeat":"repeat","background-position":"center center","background-size":"auto","background-attachment":"scroll","background-type":"","background-media":"","overlay-type":"","overlay-color":"","overlay-opacity":"","overlay-gradient":""}},"ast-content-background-meta":{"desktop":{"background-color":"var(--ast-global-color-5)","background-image":"","background-repeat":"repeat","background-position":"center center","background-size":"auto","background-attachment":"scroll","background-type":"","background-media":"","overlay-type":"","overlay-color":"","overlay-opacity":"","overlay-gradient":""},"tablet":{"background-color":"var(--ast-global-color-5)","background-image":"","background-repeat":"repeat","background-position":"center center","background-size":"auto","background-attachment":"scroll","background-type":"","background-media":"","overlay-type":"","overlay-color":"","overlay-opacity":"","overlay-gradient":""},"mobile":{"background-color":"var(--ast-global-color-5)","background-image":"","background-repeat":"repeat","background-position":"center center","background-size":"auto","background-attachment":"scroll","background-type":"","background-media":"","overlay-type":"","overlay-color":"","overlay-opacity":"","overlay-gradient":""}}},"product_brand":[3290],"product_cat":[3786,3721,3395,3489,3467],"product_tag":[],"class_list":{"0":"post-20164","1":"product","2":"type-product","3":"status-publish","4":"has-post-thumbnail","6":"product_brand-cbc","7":"product_cat-bottes","8":"product_cat-bottes-de-patinage-de-vitesse","9":"product_cat-courte-piste","10":"product_cat-offres-de-club","11":"product_cat-patinage-de-vitesse","12":"desktop-align-left","13":"tablet-align-left","14":"mobile-align-left","16":"first","17":"instock","18":"taxable","19":"shipping-taxable","20":"purchasable","21":"product-type-simple"},"acf":[],"_links":{"self":[{"href":"https:\/\/ztsports.com\/fr\/wp-json\/wp\/v2\/product\/20164","targetHints":{"allow":["GET"]}}],"collection":[{"href":"https:\/\/ztsports.com\/fr\/wp-json\/wp\/v2\/product"}],"about":[{"href":"https:\/\/ztsports.com\/fr\/wp-json\/wp\/v2\/types\/product"}],"replies":[{"embeddable":true,"href":"https:\/\/ztsports.com\/fr\/wp-json\/wp\/v2\/comments?post=20164"}],"version-history":[{"count":1,"href":"https:\/\/ztsports.com\/fr\/wp-json\/wp\/v2\/product\/20164\/revisions"}],"predecessor-version":[{"id":20165,"href":"https:\/\/ztsports.com\/fr\/wp-json\/wp\/v2\/product\/20164\/revisions\/20165"}],"wp:featuredmedia":[{"embeddable":true,"href":"https:\/\/ztsports.com\/fr\/wp-json\/wp\/v2\/media\/20166"}],"wp:attachment":[{"href":"https:\/\/ztsports.com\/fr\/wp-json\/wp\/v2\/media?parent=20164"}],"wp:term":[{"taxonomy":"product_brand","embeddable":true,"href":"https:\/\/ztsports.com\/fr\/wp-json\/wp\/v2\/product_brand?post=20164"},{"taxonomy":"product_cat","embeddable":true,"href":"https:\/\/ztsports.com\/fr\/wp-json\/wp\/v2\/product_cat?post=20164"},{"taxonomy":"product_tag","embeddable":true,"href":"https:\/\/ztsports.com\/fr\/wp-json\/wp\/v2\/product_tag?post=20164"}],"curies":[{"name":"wp","href":"https:\/\/api.w.org\/{rel}","templated":true}]}}