{"id":20158,"date":"2021-12-30T07:29:18","date_gmt":"2021-12-30T07:29:18","guid":{"rendered":"https:\/\/ztsports.com\/?post_type=product&#038;p=20158"},"modified":"2026-02-02T19:22:06","modified_gmt":"2026-02-02T19:22:06","slug":"skate-tec-527-lt","status":"publish","type":"product","link":"https:\/\/ztsports.com\/fr\/store\/skate-tec-527-lt\/","title":{"rendered":"Lames SKATE-TEC 527 LT"},"content":{"rendered":"<h1 class=\"product_title entry-title\">Lames SKATE-TEC 527 LT<\/h1>\n<div>Skate-Tec LT 527<\/div>\n<div class=\"title-small title-font\">Nos lames 527 sont sur le march\u00e9 depuis un certain temps et ont remport\u00e9 des succ\u00e8s en Coupe du monde et lors de marathons.<\/div>\n<div><\/div>\n<div>\n<p>Skate-Tec LT 527<\/p>\n<p>Patinage de vitesse longue piste meilleures lames<\/p>\n<p>Nos lames Skate-Tec LT 527 sont sur le march\u00e9 depuis un certain temps et ont remport\u00e9 des succ\u00e8s en Coupe du monde et lors de marathons. En raison de ses caract\u00e9ristiques plus souples, il convient g\u00e9n\u00e9ralement aux patineurs plus l\u00e9gers ou aux applications de patinage o\u00f9 les forces de pointe sont moindres. Le 527 vous donnera confiance dans vos coups de patin en vous guidant doucement dans la pouss\u00e9e, ce qui vous permettra d&#8217;adopter une technique un peu plus passive. Les gains de direction et de contr\u00f4le de cette lame s&#8217;accompagnent d&#8217;une sensation de spritz et de l\u00e9g\u00e8ret\u00e9 aux pieds.<\/p>\n<h2 class=\"has-text-centered\">Tube d&#8217;acier form\u00e9 de pr\u00e9cision<\/h2>\n<p>Nos tubes sont le r\u00e9sultat de pr\u00e8s de deux d\u00e9cennies d&#8217;exp\u00e9rimentation et de perfectionnement. Nous sommes la seule entreprise de patinage \u00e0 proposer des profils de tubes qui ne sont pas simplement courb\u00e9s, mais qui comportent des caract\u00e9ristiques telles que des points plats et des ar\u00eates pour am\u00e9liorer leurs performances. Les caract\u00e9ristiques de nos tubes sont strat\u00e9giquement incluses pour influencer la fa\u00e7on dont le tube se plie sous la pression d&#8217;une course et pour am\u00e9liorer les performances. Nous avons valid\u00e9 la conception de nos tubes \u00e0 l&#8217;aide d&#8217;une mod\u00e9lisation math\u00e9matique afin d&#8217;obtenir des performances sur glace tr\u00e8s pr\u00e9cises pour chacun de nos tubes.<\/p>\n<p>Syst\u00e8me de montage des ressorts<\/p>\n<p>Toutes nos lames longtrack sont dot\u00e9es d&#8217;un syst\u00e8me de montage \u00e0 ressort unique. Tous les rouages sont dissimul\u00e9s \u00e0 l&#8217;int\u00e9rieur du patin, ce qui lui conf\u00e8re une allure \u00e9l\u00e9gante tout en \u00e9tant facilement rempla\u00e7able. Ce syst\u00e8me pr\u00e9sente l&#8217;avantage suppl\u00e9mentaire de permettre au patineur de se pencher plus pr\u00e8s de la glace sans craindre de la racler, ce qui est utile lorsque le patinage de vitesse devient de plus en plus rapide.<\/p>\n<div class=\"columns\">\n<div class=\"column formedtips\">\n<h2 class=\"has-text-centered\">Pointes form\u00e9es sym\u00e9triques<\/h2>\n<p>Tous les embouts M-Style sont form\u00e9s pour obtenir une extr\u00e9mit\u00e9 parfaitement lisse. Gr\u00e2ce \u00e0 notre technique de production exclusive d\u00e9velopp\u00e9e en interne, nous pouvons garantir que toutes les pointes sont form\u00e9es de la m\u00eame mani\u00e8re. Cette op\u00e9ration est essentielle pour la qualit\u00e9 des lames, car elle garantit que le tube reste droit apr\u00e8s la formation de la pointe, sans tensions ind\u00e9sirables. Il ajoute \u00e9galement de la rigidit\u00e9 aux extr\u00e9mit\u00e9s du tube, am\u00e9liorant ainsi le contr\u00f4le. Tous les tubes sont fabriqu\u00e9s selon ce proc\u00e9d\u00e9, \u00e0 l&#8217;exception du 527 qui adopte une m\u00e9thode plus souple.<\/p>\n<p>Rigidit\u00e9 : Souple<br \/>\nTournant : Haute<br \/>\nSensation : Moyenne<br \/>\nPression : Haute<br \/>\nLame : Bi-M\u00e9tal<br \/>\nType de chevalet : Aluminium\/Carbone<br \/>\nTaille du pont : 34\/35 36\/37 38\/39 40\/41 42\/43 44\/45<br \/>\nTaille de la lame : 15,00&#8243; 15,50&#8243; 16,00&#8243; 16,50&#8243; 17,00&#8243; 17,50&#8243; 18,00&#8243;<\/p>\n<p>Pour en savoir plus sur Skate-Tec <a href=\"https:\/\/skate-tec.com\/about.html\" target=\"_blank\" rel=\"noopener\">, cliquez ici<\/a><\/p>\n<\/div>\n<\/div>\n<\/div>\n<div class=\"columns\">\n<div class=\"column formedtips\">\n<p>Rigidit\u00e9 : Souple<br \/>\nTournant : Haute<br \/>\nSensation : Moyenne<br \/>\nPression : Haute<br \/>\nLame : Bi-M\u00e9tal<br \/>\nType de chevalet : Aluminium\/Carbone<br \/>\nTaille du pont : 34\/35 36\/37 38\/39 40\/41 42\/43 44\/45<br \/>\nTaille de la lame : 15,00&#8243; 15,50&#8243; 16,00&#8243; 16,50&#8243; 17,00&#8243; 17,50&#8243; 18,00&#8243;<\/p>\n<\/div>\n<\/div>\n<p><strong>Enfin, vous pouvez voir toutes nos <a href=\"https:\/\/ztsports.com\/categorie-produit\/longue-piste\/blades-fr\/?lang=fr\">lames de clap longue piste<\/a> ici.<\/strong><\/p>\n","protected":false},"excerpt":{"rendered":"<p>Lames SKATE-TEC 527 LT Skate-Tec LT 527 Nos lames 527 sont sur le march\u00e9 depuis un certain temps et ont remport\u00e9 des succ\u00e8s en Coupe du monde et lors de marathons. Skate-Tec LT 527 Patinage de vitesse longue piste meilleures lames Nos lames Skate-Tec LT 527 sont sur le march\u00e9 depuis un certain temps et [&hellip;]<\/p>\n","protected":false},"featured_media":20160,"comment_status":"open","ping_status":"closed","template":"","meta":{"_acf_changed":false,"_monsterinsights_skip_tracking":false,"_monsterinsights_sitenote_active":false,"_monsterinsights_sitenote_note":"","_monsterinsights_sitenote_category":0,"_uf_show_specific_survey":0,"_uf_disable_surveys":false,"site-sidebar-layout":"default","site-content-layout":"","ast-site-content-layout":"default","site-content-style":"default","site-sidebar-style":"default","ast-global-header-display":"","ast-banner-title-visibility":"","ast-main-header-display":"","ast-hfb-above-header-display":"","ast-hfb-below-header-display":"","ast-hfb-mobile-header-display":"","site-post-title":"","ast-breadcrumbs-content":"","ast-featured-img":"","footer-sml-layout":"","ast-disable-related-posts":"","theme-transparent-header-meta":"default","adv-header-id-meta":"","stick-header-meta":"","header-above-stick-meta":"","header-main-stick-meta":"","header-below-stick-meta":"","astra-migrate-meta-layouts":"set","ast-page-background-enabled":"default","ast-page-background-meta":{"desktop":{"background-color":"","background-image":"","background-repeat":"repeat","background-position":"center center","background-size":"auto","background-attachment":"scroll","background-type":"","background-media":"","overlay-type":"","overlay-color":"","overlay-opacity":"","overlay-gradient":""},"tablet":{"background-color":"","background-image":"","background-repeat":"repeat","background-position":"center center","background-size":"auto","background-attachment":"scroll","background-type":"","background-media":"","overlay-type":"","overlay-color":"","overlay-opacity":"","overlay-gradient":""},"mobile":{"background-color":"","background-image":"","background-repeat":"repeat","background-position":"center center","background-size":"auto","background-attachment":"scroll","background-type":"","background-media":"","overlay-type":"","overlay-color":"","overlay-opacity":"","overlay-gradient":""}},"ast-content-background-meta":{"desktop":{"background-color":"var(--ast-global-color-5)","background-image":"","background-repeat":"repeat","background-position":"center center","background-size":"auto","background-attachment":"scroll","background-type":"","background-media":"","overlay-type":"","overlay-color":"","overlay-opacity":"","overlay-gradient":""},"tablet":{"background-color":"var(--ast-global-color-5)","background-image":"","background-repeat":"repeat","background-position":"center center","background-size":"auto","background-attachment":"scroll","background-type":"","background-media":"","overlay-type":"","overlay-color":"","overlay-opacity":"","overlay-gradient":""},"mobile":{"background-color":"var(--ast-global-color-5)","background-image":"","background-repeat":"repeat","background-position":"center center","background-size":"auto","background-attachment":"scroll","background-type":"","background-media":"","overlay-type":"","overlay-color":"","overlay-opacity":"","overlay-gradient":""}}},"product_brand":[3297,3338],"product_cat":[3526,3523,3390],"product_tag":[2616,3427,4199,4200,3618,2240,2624],"class_list":{"0":"post-20158","1":"product","2":"type-product","3":"status-publish","4":"has-post-thumbnail","6":"product_brand-evo","7":"product_brand-skate-tec","8":"product_cat-blades","9":"product_cat-lames-a-longue-voie","10":"product_cat-longue-piste","11":"product_tag-clapskate","12":"product_tag-equipement-de-patinage-de-vitesse","13":"product_tag-lames-lt","14":"product_tag-piste-de-skate-de-vitesse-piste-dathletisme","15":"product_tag-piste-longue","16":"product_tag-skate-tec","17":"product_tag-skate-tec-527","18":"desktop-align-left","19":"tablet-align-left","20":"mobile-align-left","22":"first","23":"instock","24":"taxable","25":"shipping-taxable","26":"purchasable","27":"product-type-simple"},"acf":[],"_links":{"self":[{"href":"https:\/\/ztsports.com\/fr\/wp-json\/wp\/v2\/product\/20158","targetHints":{"allow":["GET"]}}],"collection":[{"href":"https:\/\/ztsports.com\/fr\/wp-json\/wp\/v2\/product"}],"about":[{"href":"https:\/\/ztsports.com\/fr\/wp-json\/wp\/v2\/types\/product"}],"replies":[{"embeddable":true,"href":"https:\/\/ztsports.com\/fr\/wp-json\/wp\/v2\/comments?post=20158"}],"version-history":[{"count":1,"href":"https:\/\/ztsports.com\/fr\/wp-json\/wp\/v2\/product\/20158\/revisions"}],"predecessor-version":[{"id":20159,"href":"https:\/\/ztsports.com\/fr\/wp-json\/wp\/v2\/product\/20158\/revisions\/20159"}],"wp:featuredmedia":[{"embeddable":true,"href":"https:\/\/ztsports.com\/fr\/wp-json\/wp\/v2\/media\/20160"}],"wp:attachment":[{"href":"https:\/\/ztsports.com\/fr\/wp-json\/wp\/v2\/media?parent=20158"}],"wp:term":[{"taxonomy":"product_brand","embeddable":true,"href":"https:\/\/ztsports.com\/fr\/wp-json\/wp\/v2\/product_brand?post=20158"},{"taxonomy":"product_cat","embeddable":true,"href":"https:\/\/ztsports.com\/fr\/wp-json\/wp\/v2\/product_cat?post=20158"},{"taxonomy":"product_tag","embeddable":true,"href":"https:\/\/ztsports.com\/fr\/wp-json\/wp\/v2\/product_tag?post=20158"}],"curies":[{"name":"wp","href":"https:\/\/api.w.org\/{rel}","templated":true}]}}