{"id":20147,"date":"2023-08-02T04:26:14","date_gmt":"2023-08-02T04:26:14","guid":{"rendered":"https:\/\/ztsports.com\/?post_type=product&#038;p=20147"},"modified":"2026-02-02T18:45:00","modified_gmt":"2026-02-02T18:45:00","slug":"bont-bnt-boa-short-track-boot","status":"publish","type":"product","link":"https:\/\/ztsports.com\/fr\/store\/bont-bnt-boa-short-track-boot\/","title":{"rendered":"BONT BNT BOA Short Track Boot"},"content":{"rendered":"<h1 class=\"product_title entry-title\">BONT BNT BOA Short Track Boot<\/h1>\n<p>La chaussure de short track Bont BNT BOA est un cran au-dessus de la Z. Contrairement \u00e0 la Z qui est construite avec du carbone et de la fibre de verre, la BNT est fabriqu\u00e9e avec 100% de carbone, ce qui la rend plus rigide que la Z.<\/p>\n<p><strong> <\/strong>La botte de short track BNT est un cran au-dessus de la Z. Contrairement \u00e0 la Z qui est construite avec du carbone et de la fibre de verre, la BNT est fabriqu\u00e9e avec 100% de carbone, ce qui la rend plus rigide que la Z.<\/p>\n<p>La peau ext\u00e9rieure est \u00e9galement faite d&#8217;un mat\u00e9riau de meilleure qualit\u00e9 que la Z. Le rembourrage en mousse est plus fin et plus dur que la Z et il n&#8217;y a pas de thermoplastique dans la botte, ce qui la rend un peu moins thermoformable mais plus l\u00e9g\u00e8re. La botte est encore thermoformable \u00e0 partir de la r\u00e9sine.<\/p>\n<p>Le BNT a \u00e9tabli une nouvelle r\u00e9f\u00e9rence dans le monde du patinage en ligne et nous esp\u00e9rons qu&#8217;il en sera de m\u00eame pour le short track. Les meilleurs patineurs en ligne ont d\u00e9clar\u00e9 qu&#8217;il s&#8217;agissait de la chaussure la mieux ajust\u00e9e qu&#8217;ils aient jamais port\u00e9e. Nous avons \u00e9galement une \u00e9dition BOA qui ajoute un cadran BOA pour obtenir vos patins rapidement. La BNT est l&#8217;une des bottes les plus l\u00e9g\u00e8res que nous ayons jamais fabriqu\u00e9es, si l\u00e9g\u00e8re que vous ne vous en rendrez presque pas compte.<\/p>\n<ul>\n<li><strong>Features<\/strong>\n<ul>\n<li><strong>Base :<\/strong> 100 % carbone avec finition mate<\/li>\n<li><strong>Rev\u00eatement ext\u00e9rieur :<\/strong> Durolite<\/li>\n<li><strong>Doublure :<\/strong> Daim-L<\/li>\n<li><strong>Semelle int\u00e9rieure :<\/strong> EVA thermo-moulable<\/li>\n<li><strong>Heat moldable:<\/strong> Fully heat moldable base utilizing epoxy thermoset resin<\/li>\n<li><strong>Rembourrage :<\/strong> N\u00e9opr\u00e8ne 2mm<\/li>\n<li><strong>Protection :<\/strong> aucune<\/li>\n<li><strong>V\u00e9g\u00e9talien : Oui<\/strong><\/li>\n<\/ul>\n<\/li>\n<\/ul>\n<p>Bont est l&#8217;une des seules marques \u00e0 avoir la licence officielle pour utiliser les cadrans Boa authentiques fabriqu\u00e9s aux Etats-Unis. Le cadran Boa remplace les lacets traditionnels, les cliquets, les bandes Velcro ou tout autre m\u00e9canisme de fermeture. Il utilise un lacet en acier, des guides en nylon et un enrouleur m\u00e9canique pour maintenir la chaussure bien en place. Les cadrans Boa vous permettent de serrer et de desserrer facilement vos patins en tournant le cadran.<\/p>\n<p>Si vous devez r\u00e9parer votre cadran Boa, <a href=\"https:\/\/www.boafit.com\/repair\" target=\"_blank\" rel=\"noopener\"><strong>veuillez consulter cette page<\/strong><\/a>:<\/p>\n<h5 class=\"tw-data-text tw-text-large tw-ta\" dir=\"ltr\" data-placeholder=\"Translation\">Maintenant une vid\u00e9o sur <a href=\"https:\/\/www.youtube.com\/watch?v=2AfKfzVSCWk\" target=\"_blank\" rel=\"noopener\"><strong>Le moulage \u00e0 chaud de vos bottes Bont. <\/strong><\/a> <\/h5>\n<p><a href=\"https:\/\/www.youtube.com\/watch?v=ap-RUcV2cOs\" target=\"_blank\" rel=\"noopener\"><strong>Comment serrer et desserrer les cadrans Boa + 3 astuces<\/strong><\/a><\/p>\n<p>Enfin, d\u00e9couvrez toutes nos <a href=\"https:\/\/ztsports.com\/categorie-produit\/bottes\/?lang=fr\"><strong>Bottes Short Track ici<\/strong><\/a>.<\/p>\n","protected":false},"excerpt":{"rendered":"<p>BONT BNT BOA Short Track Boot La chaussure de short track Bont BNT BOA est un cran au-dessus de la Z. Contrairement \u00e0 la Z qui est construite avec du carbone et de la fibre de verre, la BNT est fabriqu\u00e9e avec 100% de carbone, ce qui la rend plus rigide que la Z. La [&hellip;]<\/p>\n","protected":false},"featured_media":20149,"comment_status":"open","ping_status":"closed","template":"","meta":{"_acf_changed":false,"_monsterinsights_skip_tracking":false,"_monsterinsights_sitenote_active":false,"_monsterinsights_sitenote_note":"","_monsterinsights_sitenote_category":0,"_uf_show_specific_survey":0,"_uf_disable_surveys":false,"site-sidebar-layout":"default","site-content-layout":"","ast-site-content-layout":"default","site-content-style":"default","site-sidebar-style":"default","ast-global-header-display":"","ast-banner-title-visibility":"","ast-main-header-display":"","ast-hfb-above-header-display":"","ast-hfb-below-header-display":"","ast-hfb-mobile-header-display":"","site-post-title":"","ast-breadcrumbs-content":"","ast-featured-img":"","footer-sml-layout":"","ast-disable-related-posts":"","theme-transparent-header-meta":"default","adv-header-id-meta":"","stick-header-meta":"","header-above-stick-meta":"","header-main-stick-meta":"","header-below-stick-meta":"","astra-migrate-meta-layouts":"set","ast-page-background-enabled":"default","ast-page-background-meta":{"desktop":{"background-color":"","background-image":"","background-repeat":"repeat","background-position":"center center","background-size":"auto","background-attachment":"scroll","background-type":"","background-media":"","overlay-type":"","overlay-color":"","overlay-opacity":"","overlay-gradient":""},"tablet":{"background-color":"","background-image":"","background-repeat":"repeat","background-position":"center center","background-size":"auto","background-attachment":"scroll","background-type":"","background-media":"","overlay-type":"","overlay-color":"","overlay-opacity":"","overlay-gradient":""},"mobile":{"background-color":"","background-image":"","background-repeat":"repeat","background-position":"center center","background-size":"auto","background-attachment":"scroll","background-type":"","background-media":"","overlay-type":"","overlay-color":"","overlay-opacity":"","overlay-gradient":""}},"ast-content-background-meta":{"desktop":{"background-color":"var(--ast-global-color-5)","background-image":"","background-repeat":"repeat","background-position":"center center","background-size":"auto","background-attachment":"scroll","background-type":"","background-media":"","overlay-type":"","overlay-color":"","overlay-opacity":"","overlay-gradient":""},"tablet":{"background-color":"var(--ast-global-color-5)","background-image":"","background-repeat":"repeat","background-position":"center center","background-size":"auto","background-attachment":"scroll","background-type":"","background-media":"","overlay-type":"","overlay-color":"","overlay-opacity":"","overlay-gradient":""},"mobile":{"background-color":"var(--ast-global-color-5)","background-image":"","background-repeat":"repeat","background-position":"center center","background-size":"auto","background-attachment":"scroll","background-type":"","background-media":"","overlay-type":"","overlay-color":"","overlay-opacity":"","overlay-gradient":""}}},"product_brand":[3285],"product_cat":[3786,3395,3467],"product_tag":[2882,2039,2883,2755,2756,2757,2758,2689,2419,2759,2425,2484,2760,2761,2762],"class_list":{"0":"post-20147","1":"product","2":"type-product","3":"status-publish","4":"has-post-thumbnail","6":"product_brand-bont","7":"product_cat-bottes","8":"product_cat-courte-piste","9":"product_cat-patinage-de-vitesse","10":"product_tag-bnt-boa","11":"product_tag-boa","12":"product_tag-bont-bnt-boa","13":"product_tag-bottines","14":"product_tag-bottines-de-courte-piste","15":"product_tag-bottines-de-patin-de-vitesse","16":"product_tag-bottines-vegan","17":"product_tag-carbon-boot","18":"product_tag-courte-piste","19":"product_tag-heat-moldable","20":"product_tag-patin-de-vitesse","21":"product_tag-short-track-boots","22":"product_tag-speed-skating-boots","23":"product_tag-speed-skating-tags-bont","24":"product_tag-vegan-boot","25":"desktop-align-left","26":"tablet-align-left","27":"mobile-align-left","29":"first","30":"instock","31":"taxable","32":"shipping-taxable","33":"purchasable","34":"product-type-simple"},"acf":[],"_links":{"self":[{"href":"https:\/\/ztsports.com\/fr\/wp-json\/wp\/v2\/product\/20147","targetHints":{"allow":["GET"]}}],"collection":[{"href":"https:\/\/ztsports.com\/fr\/wp-json\/wp\/v2\/product"}],"about":[{"href":"https:\/\/ztsports.com\/fr\/wp-json\/wp\/v2\/types\/product"}],"replies":[{"embeddable":true,"href":"https:\/\/ztsports.com\/fr\/wp-json\/wp\/v2\/comments?post=20147"}],"version-history":[{"count":1,"href":"https:\/\/ztsports.com\/fr\/wp-json\/wp\/v2\/product\/20147\/revisions"}],"predecessor-version":[{"id":20148,"href":"https:\/\/ztsports.com\/fr\/wp-json\/wp\/v2\/product\/20147\/revisions\/20148"}],"wp:featuredmedia":[{"embeddable":true,"href":"https:\/\/ztsports.com\/fr\/wp-json\/wp\/v2\/media\/20149"}],"wp:attachment":[{"href":"https:\/\/ztsports.com\/fr\/wp-json\/wp\/v2\/media?parent=20147"}],"wp:term":[{"taxonomy":"product_brand","embeddable":true,"href":"https:\/\/ztsports.com\/fr\/wp-json\/wp\/v2\/product_brand?post=20147"},{"taxonomy":"product_cat","embeddable":true,"href":"https:\/\/ztsports.com\/fr\/wp-json\/wp\/v2\/product_cat?post=20147"},{"taxonomy":"product_tag","embeddable":true,"href":"https:\/\/ztsports.com\/fr\/wp-json\/wp\/v2\/product_tag?post=20147"}],"curies":[{"name":"wp","href":"https:\/\/api.w.org\/{rel}","templated":true}]}}