{"id":20141,"date":"2023-08-02T03:47:13","date_gmt":"2023-08-02T03:47:13","guid":{"rendered":"https:\/\/ztsports.com\/?post_type=product&#038;p=20141"},"modified":"2026-02-02T18:45:02","modified_gmt":"2026-02-02T18:45:02","slug":"ensemble-maple-mpl1-gold-inline","status":"publish","type":"product","link":"https:\/\/ztsports.com\/fr\/store\/ensemble-maple-mpl1-gold-inline\/","title":{"rendered":"Erable MPL1 Gold Inline Package 4&#215;110"},"content":{"rendered":"<h1>Erable MPL1 Gold Inline Package 4&#215;110<\/h1>\n<p>Le Maple MPL1 Gold Inline Package 4&#215;110 est un v\u00e9ritable chef-d&#8217;\u0153uvre de Maple ! Lib\u00e9rez le d\u00e9mon de la vitesse qui sommeille en vous ! &#8211; D\u00e9couvrez la chaussure de patinage en ligne ultime avec nos caract\u00e9ristiques haut de gamme.<\/p>\n<p>Il comprend une coque en thermoplastique 100 pour une durabilit\u00e9 in\u00e9gal\u00e9e, un rembourrage extra confortable au niveau de la cheville pour des heures de patinage sans douleur, et une coque enti\u00e8rement en carbone pour un transfert de puissance maximal \u00e0 chaque foul\u00e9e.<\/p>\n<p>Cette chaussure offre tout ce que l&#8217;on peut attendre d&#8217;une chaussure de roller du segment sup\u00e9rieur, \u00e0 savoir.. :<br \/>\n&#8211; Coque 100% thermoplastique<br \/>\n&#8211; Rembourrage extra confortable de la cheville<br \/>\n&#8211; Coque enti\u00e8rement en carbone<br \/>\n&#8211; Technologie de fond MS<br \/>\n&#8211; Elastique de rembourrage du talon d&#8217;Achille au dos<\/p>\n<p>En outre, le cadre <a href=\"https:\/\/ztsports.com\/product\/maplez-gold-next-generation-4x110-inline-frame\/\"><strong>cadre Gold-NG<\/strong><\/a> est l&#8217;une des meilleures montures du moment.<br \/>\nLa technologie Rigid Bridge de By Maple est le cadre extra-rigide qui assure un contr\u00f4le optimal, m\u00eame \u00e0 grande vitesse.<\/p>\n<p>De plus, le cadre est ultra l\u00e9ger et offre de la place pour une configuration de roues 4x 110mm. L&#8217;ensemble est livr\u00e9 avec des roues Kopp de 110 mm.<\/p>\n<p>Enfin, consultez tous nos <a href=\"https:\/\/ztsports.com\/product-category\/inline-speed-skating\/packages2\/\"><strong>forfaits en ligne<\/strong><\/a> ici.<\/p>\n","protected":false},"excerpt":{"rendered":"<p>Erable MPL1 Gold Inline Package 4&#215;110 Le Maple MPL1 Gold Inline Package 4&#215;110 est un v\u00e9ritable chef-d&#8217;\u0153uvre de Maple ! Lib\u00e9rez le d\u00e9mon de la vitesse qui sommeille en vous ! &#8211; D\u00e9couvrez la chaussure de patinage en ligne ultime avec nos caract\u00e9ristiques haut de gamme. Il comprend une coque en thermoplastique 100 pour une [&hellip;]<\/p>\n","protected":false},"featured_media":20143,"comment_status":"open","ping_status":"closed","template":"","meta":{"_acf_changed":false,"_monsterinsights_skip_tracking":false,"_monsterinsights_sitenote_active":false,"_monsterinsights_sitenote_note":"","_monsterinsights_sitenote_category":0,"_uf_show_specific_survey":0,"_uf_disable_surveys":false,"site-sidebar-layout":"default","site-content-layout":"","ast-site-content-layout":"default","site-content-style":"default","site-sidebar-style":"default","ast-global-header-display":"","ast-banner-title-visibility":"","ast-main-header-display":"","ast-hfb-above-header-display":"","ast-hfb-below-header-display":"","ast-hfb-mobile-header-display":"","site-post-title":"","ast-breadcrumbs-content":"","ast-featured-img":"","footer-sml-layout":"","ast-disable-related-posts":"","theme-transparent-header-meta":"default","adv-header-id-meta":"","stick-header-meta":"","header-above-stick-meta":"","header-main-stick-meta":"","header-below-stick-meta":"","astra-migrate-meta-layouts":"set","ast-page-background-enabled":"default","ast-page-background-meta":{"desktop":{"background-color":"","background-image":"","background-repeat":"repeat","background-position":"center center","background-size":"auto","background-attachment":"scroll","background-type":"","background-media":"","overlay-type":"","overlay-color":"","overlay-opacity":"","overlay-gradient":""},"tablet":{"background-color":"","background-image":"","background-repeat":"repeat","background-position":"center center","background-size":"auto","background-attachment":"scroll","background-type":"","background-media":"","overlay-type":"","overlay-color":"","overlay-opacity":"","overlay-gradient":""},"mobile":{"background-color":"","background-image":"","background-repeat":"repeat","background-position":"center center","background-size":"auto","background-attachment":"scroll","background-type":"","background-media":"","overlay-type":"","overlay-color":"","overlay-opacity":"","overlay-gradient":""}},"ast-content-background-meta":{"desktop":{"background-color":"var(--ast-global-color-5)","background-image":"","background-repeat":"repeat","background-position":"center center","background-size":"auto","background-attachment":"scroll","background-type":"","background-media":"","overlay-type":"","overlay-color":"","overlay-opacity":"","overlay-gradient":""},"tablet":{"background-color":"var(--ast-global-color-5)","background-image":"","background-repeat":"repeat","background-position":"center center","background-size":"auto","background-attachment":"scroll","background-type":"","background-media":"","overlay-type":"","overlay-color":"","overlay-opacity":"","overlay-gradient":""},"mobile":{"background-color":"var(--ast-global-color-5)","background-image":"","background-repeat":"repeat","background-position":"center center","background-size":"auto","background-attachment":"scroll","background-type":"","background-media":"","overlay-type":"","overlay-color":"","overlay-opacity":"","overlay-gradient":""}}},"product_brand":[3318,3319],"product_cat":[3425,3434,3402,3467,3381],"product_tag":[4197,4198,3660],"class_list":{"0":"post-20141","1":"product","2":"type-product","3":"status-publish","4":"has-post-thumbnail","6":"product_brand-maple","7":"product_brand-maplez","8":"product_cat-bottes","9":"product_cat-cadres","10":"product_cat-en-ligne","11":"product_cat-patinage-de-vitesse","12":"product_cat-patinage-de-vitesse-en-ligne","13":"product_tag-ensemble-maple-mpl1-gold-inline","14":"product_tag-erable-mpl1-gold-inline-package-4x110","15":"product_tag-or-en-erable","16":"desktop-align-left","17":"tablet-align-left","18":"mobile-align-left","20":"first","21":"instock","22":"sale","23":"taxable","24":"shipping-taxable","25":"purchasable","26":"product-type-simple"},"acf":[],"_links":{"self":[{"href":"https:\/\/ztsports.com\/fr\/wp-json\/wp\/v2\/product\/20141","targetHints":{"allow":["GET"]}}],"collection":[{"href":"https:\/\/ztsports.com\/fr\/wp-json\/wp\/v2\/product"}],"about":[{"href":"https:\/\/ztsports.com\/fr\/wp-json\/wp\/v2\/types\/product"}],"replies":[{"embeddable":true,"href":"https:\/\/ztsports.com\/fr\/wp-json\/wp\/v2\/comments?post=20141"}],"version-history":[{"count":2,"href":"https:\/\/ztsports.com\/fr\/wp-json\/wp\/v2\/product\/20141\/revisions"}],"predecessor-version":[{"id":21381,"href":"https:\/\/ztsports.com\/fr\/wp-json\/wp\/v2\/product\/20141\/revisions\/21381"}],"wp:featuredmedia":[{"embeddable":true,"href":"https:\/\/ztsports.com\/fr\/wp-json\/wp\/v2\/media\/20143"}],"wp:attachment":[{"href":"https:\/\/ztsports.com\/fr\/wp-json\/wp\/v2\/media?parent=20141"}],"wp:term":[{"taxonomy":"product_brand","embeddable":true,"href":"https:\/\/ztsports.com\/fr\/wp-json\/wp\/v2\/product_brand?post=20141"},{"taxonomy":"product_cat","embeddable":true,"href":"https:\/\/ztsports.com\/fr\/wp-json\/wp\/v2\/product_cat?post=20141"},{"taxonomy":"product_tag","embeddable":true,"href":"https:\/\/ztsports.com\/fr\/wp-json\/wp\/v2\/product_tag?post=20141"}],"curies":[{"name":"wp","href":"https:\/\/api.w.org\/{rel}","templated":true}]}}