{"id":20138,"date":"2023-07-31T22:26:18","date_gmt":"2023-07-31T22:26:18","guid":{"rendered":"https:\/\/ztsports.com\/?post_type=product&#038;p=20138"},"modified":"2026-02-02T18:47:31","modified_gmt":"2026-02-02T18:47:31","slug":"sac-a-dos-transpack-edge-skate","status":"publish","type":"product","link":"https:\/\/ztsports.com\/fr\/store\/sac-a-dos-transpack-edge-skate\/","title":{"rendered":"Sac \u00e0 dos Transpack Edge Skate Backpack Water Resistant"},"content":{"rendered":"<h1>Sac \u00e0 dos Transpack Edge Skate<\/h1>\n<p>Le sac \u00e0 dos Transpack Edge Skate est peut-\u00eatre le mod\u00e8le le plus populaire de Transpack avec un design l\u00e9ger et robuste. De plus, le Edge offre une construction durable et r\u00e9sistante \u00e0 l&#8217;eau qui permettra \u00e0 votre \u00e9quipement de patinage de se rendre \u00e0 la patinoire ou \u00e0 l&#8217;anneau par tous les temps. Pr\u00e9parez-vous \u00e0 toutes les aventures gr\u00e2ce au tissu durable et r\u00e9sistant \u00e0 l&#8217;eau du syst\u00e8me de rangement Isosceles, qui garantit que votre mat\u00e9riel reste en s\u00e9curit\u00e9 et au sec.<\/p>\n<h4>Le gardien de l&#8217;\u00e9quipement ultime !<\/h4>\n<p>Le sac \u00e0 dos Transpack Edge Skate est dot\u00e9 du syst\u00e8me de rangement r\u00e9volutionnaire Isosceles. Garantir une exp\u00e9rience d&#8217;emballage v\u00e9ritablement organis\u00e9e et efficace. Avec des compartiments d\u00e9sign\u00e9s pour vos patins, votre casque et votre \u00e9quipement, vous n&#8217;aurez plus jamais \u00e0 vous d\u00e9mener pour trouver l&#8217;essentiel. De plus, son tissu durable et r\u00e9sistant garantit une utilisation durable, quelles que soient les difficult\u00e9s rencontr\u00e9es lors de vos d\u00e9placements vers les patinoires. Gardez une longueur d&#8217;avance avec le Transpack Edge, le gardien ultime de votre \u00e9quipement !<\/p>\n<p>Sac \u00e0 dos Transpack Edge Skate<\/p>\n<p><span class=\"product__description--title\">Description du produit<\/span><\/p>\n<div>\n<ul data-rte-list=\"default\">\n<li>\n<p class=\"\">Isosceles Storage System\u2122 permet de transporter toutes vos bottes, votre casque et votre \u00e9quipement.<\/p>\n<\/li>\n<li>\n<p class=\"\">Durable et r\u00e9sistant, polyester 600 deniers enduit r\u00e9sistant \u00e0 l&#8217;eau<\/p>\n<\/li>\n<li>\n<p class=\"\">Poches lat\u00e9rales pour bottes avec \u0153illets de drainage air\/eau<\/p>\n<\/li>\n<li>\n<p class=\"\">Compartiment central imperm\u00e9able et enduit pour le mat\u00e9riel<\/p>\n<\/li>\n<li>\n<p class=\"\">Fond en b\u00e2che r\u00e9sistant \u00e0 l&#8217;eau<\/p>\n<\/li>\n<li>\n<p class=\"\">Dos rembourr\u00e9 en mousse \u00e0 cellules ferm\u00e9es Bretelles r\u00e9glables rembourr\u00e9es en n\u00e9opr\u00e8ne<\/p>\n<\/li>\n<li>\n<p class=\"\">Poche int\u00e9rieure zipp\u00e9e pour les objets personnels<\/p>\n<\/li>\n<li>\n<p class=\"\">Poches lat\u00e9rales en filet avec fermeture \u00e0 glissi\u00e8re et pochette sur le couvercle<\/p>\n<\/li>\n<li>\n<p class=\"\">Fermetures \u00e0 glissi\u00e8re en nylon doublement verrouill\u00e9es et autor\u00e9parables<\/p>\n<\/li>\n<\/ul>\n<\/div>\n<h4>Enfin, de nombreux sacs \u00e0 dos et sacs \u00e0 dos pour le patinage sont disponibles ici. <a href=\"https:\/\/ztsports.com\/product-category\/accessories\/backpacks-bags\/\"><strong>sacs \u00e0 dos et sacs de patinage ici<\/strong><\/a>.<\/h4>\n","protected":false},"excerpt":{"rendered":"<p>Sac \u00e0 dos Transpack Edge Skate Le sac \u00e0 dos Transpack Edge Skate est peut-\u00eatre le mod\u00e8le le plus populaire de Transpack avec un design l\u00e9ger et robuste. De plus, le Edge offre une construction durable et r\u00e9sistante \u00e0 l&#8217;eau qui permettra \u00e0 votre \u00e9quipement de patinage de se rendre \u00e0 la patinoire ou \u00e0 [&hellip;]<\/p>\n","protected":false},"featured_media":20140,"comment_status":"open","ping_status":"closed","template":"","meta":{"_acf_changed":false,"_monsterinsights_skip_tracking":false,"_monsterinsights_sitenote_active":false,"_monsterinsights_sitenote_note":"","_monsterinsights_sitenote_category":0,"_uf_show_specific_survey":0,"_uf_disable_surveys":false,"site-sidebar-layout":"default","site-content-layout":"","ast-site-content-layout":"default","site-content-style":"default","site-sidebar-style":"default","ast-global-header-display":"","ast-banner-title-visibility":"","ast-main-header-display":"","ast-hfb-above-header-display":"","ast-hfb-below-header-display":"","ast-hfb-mobile-header-display":"","site-post-title":"","ast-breadcrumbs-content":"","ast-featured-img":"","footer-sml-layout":"","ast-disable-related-posts":"","theme-transparent-header-meta":"default","adv-header-id-meta":"","stick-header-meta":"","header-above-stick-meta":"","header-main-stick-meta":"","header-below-stick-meta":"","astra-migrate-meta-layouts":"set","ast-page-background-enabled":"default","ast-page-background-meta":{"desktop":{"background-color":"","background-image":"","background-repeat":"repeat","background-position":"center center","background-size":"auto","background-attachment":"scroll","background-type":"","background-media":"","overlay-type":"","overlay-color":"","overlay-opacity":"","overlay-gradient":""},"tablet":{"background-color":"","background-image":"","background-repeat":"repeat","background-position":"center center","background-size":"auto","background-attachment":"scroll","background-type":"","background-media":"","overlay-type":"","overlay-color":"","overlay-opacity":"","overlay-gradient":""},"mobile":{"background-color":"","background-image":"","background-repeat":"repeat","background-position":"center center","background-size":"auto","background-attachment":"scroll","background-type":"","background-media":"","overlay-type":"","overlay-color":"","overlay-opacity":"","overlay-gradient":""}},"ast-content-background-meta":{"desktop":{"background-color":"var(--ast-global-color-5)","background-image":"","background-repeat":"repeat","background-position":"center center","background-size":"auto","background-attachment":"scroll","background-type":"","background-media":"","overlay-type":"","overlay-color":"","overlay-opacity":"","overlay-gradient":""},"tablet":{"background-color":"var(--ast-global-color-5)","background-image":"","background-repeat":"repeat","background-position":"center center","background-size":"auto","background-attachment":"scroll","background-type":"","background-media":"","overlay-type":"","overlay-color":"","overlay-opacity":"","overlay-gradient":""},"mobile":{"background-color":"var(--ast-global-color-5)","background-image":"","background-repeat":"repeat","background-position":"center center","background-size":"auto","background-attachment":"scroll","background-type":"","background-media":"","overlay-type":"","overlay-color":"","overlay-opacity":"","overlay-gradient":""}}},"product_brand":[3350],"product_cat":[3422,3433,3880],"product_tag":[4194,4195,3760,3616,4196,2873,2874],"class_list":{"0":"post-20138","1":"product","2":"type-product","3":"status-publish","4":"has-post-thumbnail","6":"product_brand-transpack","7":"product_cat-accessoires","8":"product_cat-accessories","9":"product_cat-sacs-a-dos-et-sacs","10":"product_tag-sac-a-dos-de-patinage-de-vitesse","11":"product_tag-sac-a-dos-de-ski","12":"product_tag-sac-a-dos-resistant-a-leau","13":"product_tag-sac-a-dos-skate","14":"product_tag-systeme-de-stockage-isocele","15":"product_tag-transpack","16":"product_tag-transpack-edge","17":"desktop-align-left","18":"tablet-align-left","19":"mobile-align-left","21":"first","22":"instock","23":"sale","24":"taxable","25":"shipping-taxable","26":"purchasable","27":"product-type-simple"},"acf":[],"_links":{"self":[{"href":"https:\/\/ztsports.com\/fr\/wp-json\/wp\/v2\/product\/20138","targetHints":{"allow":["GET"]}}],"collection":[{"href":"https:\/\/ztsports.com\/fr\/wp-json\/wp\/v2\/product"}],"about":[{"href":"https:\/\/ztsports.com\/fr\/wp-json\/wp\/v2\/types\/product"}],"replies":[{"embeddable":true,"href":"https:\/\/ztsports.com\/fr\/wp-json\/wp\/v2\/comments?post=20138"}],"version-history":[{"count":1,"href":"https:\/\/ztsports.com\/fr\/wp-json\/wp\/v2\/product\/20138\/revisions"}],"predecessor-version":[{"id":20139,"href":"https:\/\/ztsports.com\/fr\/wp-json\/wp\/v2\/product\/20138\/revisions\/20139"}],"wp:featuredmedia":[{"embeddable":true,"href":"https:\/\/ztsports.com\/fr\/wp-json\/wp\/v2\/media\/20140"}],"wp:attachment":[{"href":"https:\/\/ztsports.com\/fr\/wp-json\/wp\/v2\/media?parent=20138"}],"wp:term":[{"taxonomy":"product_brand","embeddable":true,"href":"https:\/\/ztsports.com\/fr\/wp-json\/wp\/v2\/product_brand?post=20138"},{"taxonomy":"product_cat","embeddable":true,"href":"https:\/\/ztsports.com\/fr\/wp-json\/wp\/v2\/product_cat?post=20138"},{"taxonomy":"product_tag","embeddable":true,"href":"https:\/\/ztsports.com\/fr\/wp-json\/wp\/v2\/product_tag?post=20138"}],"curies":[{"name":"wp","href":"https:\/\/api.w.org\/{rel}","templated":true}]}}