{"id":20132,"date":"2023-08-01T03:18:26","date_gmt":"2023-08-01T03:18:26","guid":{"rendered":"https:\/\/ztsports.com\/?post_type=product&#038;p=20132"},"modified":"2026-02-02T18:45:29","modified_gmt":"2026-02-02T18:45:29","slug":"evo-krypton-special-edition-blades","status":"publish","type":"product","link":"https:\/\/ztsports.com\/fr\/store\/evo-krypton-special-edition-blades\/","title":{"rendered":"Lames EVO Krypton Special Edition"},"content":{"rendered":"<h1>Lames EVO Krypton Special Edition<\/h1>\n<p>Les lames EVO Krypton Special Edition sont con\u00e7ues pour \u00eatre agiles, r\u00e9actives et durables. De plus, le design sp\u00e9cial est tr\u00e8s cool. Les lames EVO Krypton Special Edition sont con\u00e7ues pour \u00eatre agiles, r\u00e9actives et durables.<\/p>\n<p>Les lames Evo Krypton SE Short Track Skate sont \u00e9galement agiles, r\u00e9actives et durables. Offrir une excellente qualit\u00e9 \u00e0 un prix plus abordable.<\/p>\n<p>Les lames Evo Krypton SE utilisent la m\u00eame technologie de tube que le mod\u00e8le 12C27. L&#8217;acier 12C27 est durable et conserve un bord tranchant.<\/p>\n<p>Il est tout aussi important qu&#8217;il soit fabriqu\u00e9 selon les m\u00eames sp\u00e9cifications que nos patins PM et bi-m\u00e9tal.<\/p>\n<p>Les lames sont con\u00e7ues au Canada et fabriqu\u00e9es aux Pays-Bas. D&#8217;un design exclusif, ils sont fabriqu\u00e9s avec de l&#8217;aluminium n\u00e9erlandais de premi\u00e8re qualit\u00e9 et de l&#8217;acier 12C27.<\/p>\n<p><strong>Enfin, cette lame est con\u00e7ue pour les patineurs interm\u00e9diaires<\/strong><\/p>\n<p>Tailles : 14.0\u2033, 14.5\u2033, 15.0\u2033, 15.5\u2033, 16.0\u2033, 16.5\u2033, 17.0\u2033, 17.5\u2033.<\/p>\n<p dir=\"ltr\" data-placeholder=\"Translation\">Enfin, consultez tous nos <a href=\"https:\/\/ztsports.com\/product-category\/short-track\/blades\/\"><strong>Lames Short Track<\/strong><\/a>ici.<\/p>\n","protected":false},"excerpt":{"rendered":"<p>Lames EVO Krypton Special Edition Les lames EVO Krypton Special Edition sont con\u00e7ues pour \u00eatre agiles, r\u00e9actives et durables. De plus, le design sp\u00e9cial est tr\u00e8s cool. Les lames EVO Krypton Special Edition sont con\u00e7ues pour \u00eatre agiles, r\u00e9actives et durables. Les lames Evo Krypton SE Short Track Skate sont \u00e9galement agiles, r\u00e9actives et durables. [&hellip;]<\/p>\n","protected":false},"featured_media":20134,"comment_status":"open","ping_status":"closed","template":"","meta":{"_acf_changed":false,"_monsterinsights_skip_tracking":false,"_monsterinsights_sitenote_active":false,"_monsterinsights_sitenote_note":"","_monsterinsights_sitenote_category":0,"_uf_show_specific_survey":0,"_uf_disable_surveys":false,"site-sidebar-layout":"default","site-content-layout":"","ast-site-content-layout":"default","site-content-style":"default","site-sidebar-style":"default","ast-global-header-display":"","ast-banner-title-visibility":"","ast-main-header-display":"","ast-hfb-above-header-display":"","ast-hfb-below-header-display":"","ast-hfb-mobile-header-display":"","site-post-title":"","ast-breadcrumbs-content":"","ast-featured-img":"","footer-sml-layout":"","ast-disable-related-posts":"","theme-transparent-header-meta":"default","adv-header-id-meta":"","stick-header-meta":"","header-above-stick-meta":"","header-main-stick-meta":"","header-below-stick-meta":"","astra-migrate-meta-layouts":"set","ast-page-background-enabled":"default","ast-page-background-meta":{"desktop":{"background-color":"","background-image":"","background-repeat":"repeat","background-position":"center center","background-size":"auto","background-attachment":"scroll","background-type":"","background-media":"","overlay-type":"","overlay-color":"","overlay-opacity":"","overlay-gradient":""},"tablet":{"background-color":"","background-image":"","background-repeat":"repeat","background-position":"center center","background-size":"auto","background-attachment":"scroll","background-type":"","background-media":"","overlay-type":"","overlay-color":"","overlay-opacity":"","overlay-gradient":""},"mobile":{"background-color":"","background-image":"","background-repeat":"repeat","background-position":"center center","background-size":"auto","background-attachment":"scroll","background-type":"","background-media":"","overlay-type":"","overlay-color":"","overlay-opacity":"","overlay-gradient":""}},"ast-content-background-meta":{"desktop":{"background-color":"var(--ast-global-color-5)","background-image":"","background-repeat":"repeat","background-position":"center center","background-size":"auto","background-attachment":"scroll","background-type":"","background-media":"","overlay-type":"","overlay-color":"","overlay-opacity":"","overlay-gradient":""},"tablet":{"background-color":"var(--ast-global-color-5)","background-image":"","background-repeat":"repeat","background-position":"center center","background-size":"auto","background-attachment":"scroll","background-type":"","background-media":"","overlay-type":"","overlay-color":"","overlay-opacity":"","overlay-gradient":""},"mobile":{"background-color":"var(--ast-global-color-5)","background-image":"","background-repeat":"repeat","background-position":"center center","background-size":"auto","background-attachment":"scroll","background-type":"","background-media":"","overlay-type":"","overlay-color":"","overlay-opacity":"","overlay-gradient":""}}},"product_brand":[3297,3338],"product_cat":[3801,3508,3620,3489,3467],"product_tag":[1879,1881,1882,2875,3654,4193,2240],"class_list":{"0":"post-20132","1":"product","2":"type-product","3":"status-publish","4":"has-post-thumbnail","6":"product_brand-evo","7":"product_brand-skate-tec","8":"product_cat-lame","10":"product_cat-lames-pour-piste-courte","11":"product_cat-offres-de-club","12":"product_cat-patinage-de-vitesse","13":"product_tag-12c27","14":"product_tag-evo","15":"product_tag-evo-krypton","16":"product_tag-evo-krypton-special-edition","17":"product_tag-lame-courte-piste","18":"product_tag-lames-evo-krypton-special-edition","19":"product_tag-skate-tec","20":"desktop-align-left","21":"tablet-align-left","22":"mobile-align-left","24":"first","25":"instock","26":"taxable","27":"shipping-taxable","28":"purchasable","29":"product-type-simple"},"acf":[],"_links":{"self":[{"href":"https:\/\/ztsports.com\/fr\/wp-json\/wp\/v2\/product\/20132","targetHints":{"allow":["GET"]}}],"collection":[{"href":"https:\/\/ztsports.com\/fr\/wp-json\/wp\/v2\/product"}],"about":[{"href":"https:\/\/ztsports.com\/fr\/wp-json\/wp\/v2\/types\/product"}],"replies":[{"embeddable":true,"href":"https:\/\/ztsports.com\/fr\/wp-json\/wp\/v2\/comments?post=20132"}],"version-history":[{"count":1,"href":"https:\/\/ztsports.com\/fr\/wp-json\/wp\/v2\/product\/20132\/revisions"}],"predecessor-version":[{"id":20133,"href":"https:\/\/ztsports.com\/fr\/wp-json\/wp\/v2\/product\/20132\/revisions\/20133"}],"wp:featuredmedia":[{"embeddable":true,"href":"https:\/\/ztsports.com\/fr\/wp-json\/wp\/v2\/media\/20134"}],"wp:attachment":[{"href":"https:\/\/ztsports.com\/fr\/wp-json\/wp\/v2\/media?parent=20132"}],"wp:term":[{"taxonomy":"product_brand","embeddable":true,"href":"https:\/\/ztsports.com\/fr\/wp-json\/wp\/v2\/product_brand?post=20132"},{"taxonomy":"product_cat","embeddable":true,"href":"https:\/\/ztsports.com\/fr\/wp-json\/wp\/v2\/product_cat?post=20132"},{"taxonomy":"product_tag","embeddable":true,"href":"https:\/\/ztsports.com\/fr\/wp-json\/wp\/v2\/product_tag?post=20132"}],"curies":[{"name":"wp","href":"https:\/\/api.w.org\/{rel}","templated":true}]}}