{"id":20129,"date":"2023-08-01T04:01:43","date_gmt":"2023-08-01T04:01:43","guid":{"rendered":"https:\/\/ztsports.com\/?post_type=product&#038;p=20129"},"modified":"2026-02-02T18:45:31","modified_gmt":"2026-02-02T18:45:31","slug":"mpc-black-track-wheels","status":"publish","type":"product","link":"https:\/\/ztsports.com\/fr\/store\/mpc-black-track-wheels\/","title":{"rendered":"MPC Black Track Wheels EX Firm"},"content":{"rendered":"<h1 data-rm-block-id=\"block-1\">Roues de piste noires MPC<\/h1>\n<p data-rm-block-id=\"block-2\">Ces roues de piste noires MPC fonctionnent bien sur les pistes glissantes ou sur l&#8217;asphalte tr\u00e8s lisse. Ils offrent une excellente adh\u00e9rence et collent \u00e0 presque toutes les surfaces. Roues de piste noires Bonne adh\u00e9rence dans les virages.<\/p>\n<p data-rm-block-id=\"block-3\">Prise tr\u00e8s fiable. Ils sont dot\u00e9s d&#8217;un double compos\u00e9 brevet\u00e9. En outre, un mat\u00e9riau ext\u00e9rieur durable est coul\u00e9 sur un mat\u00e9riau int\u00e9rieur \u00e0 haut rebond et \u00e0 retour d&#8217;\u00e9nergie. Les roues Black Track ont le plus d&#8217;adh\u00e9rence par rapport aux autres compos\u00e9s sur le march\u00e9.<\/p>\n<p data-rm-block-id=\"block-4\">Les <em>roues<\/em> <em>MPC Black<\/em> Magic sont tout simplement la meilleure formulation de <em>MPC<\/em> \u00e0 ce jour, qui offre d&#8217;excellentes caract\u00e9ristiques d&#8217;adh\u00e9rence, de roulement et d&#8217;usure dans un moyeu <em>Black<\/em> Turbo plus rigide.<\/p>\n<p data-rm-block-id=\"block-5\">Populaire aupr\u00e8s des sprinters. Mais ils conviennent \u00e9galement pour les longues distances et les marathons. Bon pour les jeunes et les vieux patineurs. De plus, sur des surfaces mouill\u00e9es, sur route ou sur piste, vous aurez besoin de ces roues.<\/p>\n<p data-rm-block-id=\"block-6\">Cette roue a fait ses preuves pour la premi\u00e8re fois lors des Championnats du monde de patinage de vitesse en ligne \u00e0 Ostende, en Belgique, en 2013, en battant le record du monde du 300 m et en passant sous la barre des 24 secondes pour la premi\u00e8re fois de l&#8217;histoire, prouvant ainsi qu&#8217;une roue plus rapide d&#8217;une demi-seconde par tour que la concurrence vous permet de monter sur la plus haute marche du podium. Depuis, la roue Black Magic a remport\u00e9 d&#8217;innombrables championnats du monde et podiums, et est la roue la plus performante dans ce sport. <\/p>\n<p data-rm-block-id=\"block-7\">Lors des Championnats du monde de patinage de vitesse en ligne 2018 \u00e0 Heerde, aux Pays-Bas, elle a remport\u00e9 plus de places sur le podium que toutes les autres roues r\u00e9unies.<\/p>\n<p data-rm-block-id=\"block-8\">Black Magic est synonyme de performance et d&#8217;innovation. Nos ing\u00e9nieurs ont soigneusement \u00e9tudi\u00e9 chaque aspect de la conception, de la rigidit\u00e9 et de la taille du moyeu \u00e0 l&#8217;anneau int\u00e9rieur Mtech\u00ae pris en sandwich \u00e0 l&#8217;int\u00e9rieur de l&#8217;ur\u00e9thane Magic \u00e0 la pointe de la technologie. Mtech\u00ae Soft Heart, Hard Body\u2122 est l&#8217;essence m\u00eame de notre technologie brevet\u00e9e et imm\u00e9diatement reconnaissable qui associe une bague int\u00e9rieure souple \u00e0 un ur\u00e9thane ext\u00e9rieur plus dur. Cette combinaison ing\u00e9nieuse permet la flexion de la roue pour l&#8217;adh\u00e9rence, ainsi que des roues durables qui durent plus longtemps et roulent mieux. En savoir plus sur MTech\u00ae.    <\/p>\n<p data-rm-block-id=\"block-9\">Avec une tol\u00e9rance z\u00e9ro pour les d\u00e9fauts et une exigence d&#8217;excellence, vous pouvez compter sur les roues MPC Black Magic Inline Speed Skating pour une performance constante, un outil parfait pour n&#8217;importe quelle course dans laquelle vous vous trouvez.<\/p>\n<p data-rm-block-id=\"block-10\">Si vous ne pouviez choisir qu&#8217;une seule roue, ce serait les roues MPC Black Track.<\/p>\n<h2 data-rm-block-id=\"block-11\">Vendu par lot de 8. 100mm EX FIRM <\/h2>\n<h4 data-rm-block-id=\"block-12\"><strong>Voyez toutes nos <\/strong><a href=\"https:\/\/ztsports.com\/categorie-produit\/patinage-de-vitesse-en-ligne\/roues\/?lang=fr\">roues de vitesse en ligne ici<\/a><strong>.<\/strong><\/h4>\n","protected":false},"excerpt":{"rendered":"<p>Roues de piste noires MPC Ces roues de piste noires MPC fonctionnent bien sur les pistes glissantes ou sur l&#8217;asphalte tr\u00e8s lisse. Ils offrent une excellente adh\u00e9rence et collent \u00e0 presque toutes les surfaces. Roues de piste noires Bonne adh\u00e9rence dans les virages. Prise tr\u00e8s fiable. Ils sont dot\u00e9s d&#8217;un double compos\u00e9 brevet\u00e9. En outre, [&hellip;]<\/p>\n","protected":false},"featured_media":20131,"comment_status":"open","ping_status":"closed","template":"","meta":{"_acf_changed":false,"_monsterinsights_skip_tracking":false,"_monsterinsights_sitenote_active":false,"_monsterinsights_sitenote_note":"","_monsterinsights_sitenote_category":0,"_uf_show_specific_survey":0,"_uf_disable_surveys":false,"site-sidebar-layout":"default","site-content-layout":"","ast-site-content-layout":"default","site-content-style":"default","site-sidebar-style":"default","ast-global-header-display":"","ast-banner-title-visibility":"","ast-main-header-display":"","ast-hfb-above-header-display":"","ast-hfb-below-header-display":"","ast-hfb-mobile-header-display":"","site-post-title":"","ast-breadcrumbs-content":"","ast-featured-img":"","footer-sml-layout":"","ast-disable-related-posts":"","theme-transparent-header-meta":"default","adv-header-id-meta":"","stick-header-meta":"","header-above-stick-meta":"","header-main-stick-meta":"","header-below-stick-meta":"","astra-migrate-meta-layouts":"set","ast-page-background-enabled":"default","ast-page-background-meta":{"desktop":{"background-color":"","background-image":"","background-repeat":"repeat","background-position":"center center","background-size":"auto","background-attachment":"scroll","background-type":"","background-media":"","overlay-type":"","overlay-color":"","overlay-opacity":"","overlay-gradient":""},"tablet":{"background-color":"","background-image":"","background-repeat":"repeat","background-position":"center center","background-size":"auto","background-attachment":"scroll","background-type":"","background-media":"","overlay-type":"","overlay-color":"","overlay-opacity":"","overlay-gradient":""},"mobile":{"background-color":"","background-image":"","background-repeat":"repeat","background-position":"center center","background-size":"auto","background-attachment":"scroll","background-type":"","background-media":"","overlay-type":"","overlay-color":"","overlay-opacity":"","overlay-gradient":""}},"ast-content-background-meta":{"desktop":{"background-color":"var(--ast-global-color-5)","background-image":"","background-repeat":"repeat","background-position":"center center","background-size":"auto","background-attachment":"scroll","background-type":"","background-media":"","overlay-type":"","overlay-color":"","overlay-opacity":"","overlay-gradient":""},"tablet":{"background-color":"var(--ast-global-color-5)","background-image":"","background-repeat":"repeat","background-position":"center center","background-size":"auto","background-attachment":"scroll","background-type":"","background-media":"","overlay-type":"","overlay-color":"","overlay-opacity":"","overlay-gradient":""},"mobile":{"background-color":"var(--ast-global-color-5)","background-image":"","background-repeat":"repeat","background-position":"center center","background-size":"auto","background-attachment":"scroll","background-type":"","background-media":"","overlay-type":"","overlay-color":"","overlay-opacity":"","overlay-gradient":""}}},"product_brand":[3325],"product_cat":[3402,3467,3381,3382,3403],"product_tag":[2565,4190,2878,2804,4191,4192],"class_list":{"0":"post-20129","1":"product","2":"type-product","3":"status-publish","4":"has-post-thumbnail","6":"product_brand-mpc","7":"product_cat-en-ligne","8":"product_cat-patinage-de-vitesse","9":"product_cat-patinage-de-vitesse-en-ligne","10":"product_cat-roues","11":"product_cat-wheels","12":"product_tag-100mm","13":"product_tag-ex-firm","14":"product_tag-inl","15":"product_tag-mpc","16":"product_tag-piste-noire","17":"product_tag-roues-de-vitesse-en-ligne","18":"desktop-align-left","19":"tablet-align-left","20":"mobile-align-left","22":"first","23":"instock","24":"taxable","25":"shipping-taxable","26":"purchasable","27":"product-type-simple"},"acf":[],"_links":{"self":[{"href":"https:\/\/ztsports.com\/fr\/wp-json\/wp\/v2\/product\/20129","targetHints":{"allow":["GET"]}}],"collection":[{"href":"https:\/\/ztsports.com\/fr\/wp-json\/wp\/v2\/product"}],"about":[{"href":"https:\/\/ztsports.com\/fr\/wp-json\/wp\/v2\/types\/product"}],"replies":[{"embeddable":true,"href":"https:\/\/ztsports.com\/fr\/wp-json\/wp\/v2\/comments?post=20129"}],"version-history":[{"count":1,"href":"https:\/\/ztsports.com\/fr\/wp-json\/wp\/v2\/product\/20129\/revisions"}],"predecessor-version":[{"id":20130,"href":"https:\/\/ztsports.com\/fr\/wp-json\/wp\/v2\/product\/20129\/revisions\/20130"}],"wp:featuredmedia":[{"embeddable":true,"href":"https:\/\/ztsports.com\/fr\/wp-json\/wp\/v2\/media\/20131"}],"wp:attachment":[{"href":"https:\/\/ztsports.com\/fr\/wp-json\/wp\/v2\/media?parent=20129"}],"wp:term":[{"taxonomy":"product_brand","embeddable":true,"href":"https:\/\/ztsports.com\/fr\/wp-json\/wp\/v2\/product_brand?post=20129"},{"taxonomy":"product_cat","embeddable":true,"href":"https:\/\/ztsports.com\/fr\/wp-json\/wp\/v2\/product_cat?post=20129"},{"taxonomy":"product_tag","embeddable":true,"href":"https:\/\/ztsports.com\/fr\/wp-json\/wp\/v2\/product_tag?post=20129"}],"curies":[{"name":"wp","href":"https:\/\/api.w.org\/{rel}","templated":true}]}}